{"id":97154,"date":"2025-09-01T11:26:54","date_gmt":"2025-09-01T09:26:54","guid":{"rendered":"https:\/\/york.biz.pl\/?post_type=product&#038;p=97154"},"modified":"2025-09-15T08:19:22","modified_gmt":"2025-09-15T06:19:22","slug":"tkanina-dakar-240-g-m2","status":"publish","type":"product","link":"https:\/\/york.biz.pl\/en\/product\/tkanina-dakar-240-g-m2\/","title":{"rendered":"Tkanina DAKAR 240 g\/m2"},"content":{"rendered":"<p>Tkanina stworzona z my\u015bl\u0105 o pracownikach ochrony i wszelkich s\u0142u\u017cb mundurowych pracuj\u0105cych wewn\u0105trz jak i na zewn\u0105trz pomieszcze\u0144. Cechuje si\u0119 wyj\u0105tkow\u0105 jednolito\u015bci\u0105 i trwa\u0142o\u015bci\u0105 koloru. Sk\u0142ad oraz mi\u0119kkie wyko\u0144czenie sprawia, ze ka\u017cdy ubi\u00f3r zachowuje elegancki wygl\u0105d \u015bwie\u017co odprasowanej odzie\u017cy.<\/p>\n<p>Charakterystyka tkaniny:<\/p>\n<ul>\n<li>Durability against friction and mechanical damage<\/li>\n<li>Low shrinkage in water washing at 60\u00b0C<\/li>\n<li>Color Fastness<\/li>\n<li>comfort of use<\/li>\n<\/ul>","protected":false},"excerpt":{"rendered":"<p>Tkanina stworzona z my\u015bl\u0105 o pracownikach ochrony i wszelkich s\u0142u\u017cb mundurowych pracuj\u0105cych wewn\u0105trz jak i na zewn\u0105trz pomieszcze\u0144. Cechuje si\u0119 wyj\u0105tkow\u0105 jednolito\u015bci\u0105 i trwa\u0142o\u015bci\u0105 koloru. Sk\u0142ad oraz mi\u0119kkie wyko\u0144czenie sprawia, ze ka\u017cdy ubi\u00f3r zachowuje elegancki wygl\u0105d \u015bwie\u017co odprasowanej odzie\u017cy. Charakterystyka tkaniny: wytrzyma\u0142o\u015b\u0107 na tarcie i uszkodzenia mechaniczne, niska kurczliwo\u015b\u0107 w praniu wodnym o temperaturze 60\u00b0C,&hellip;<\/p>","protected":false},"featured_media":97158,"template":"","meta":{"_acf_changed":false},"product_cat":[296,298],"product_tag":[],"class_list":{"0":"post-97154","1":"product","2":"type-product","3":"status-publish","4":"has-post-thumbnail","6":"product_cat-tkaniny-na-odziez-robocza","7":"product_cat-bawelna-poliester-tkaniny-na-odziez-robocza","8":"description-off","10":"first","11":"instock","12":"shipping-taxable","13":"product-type-simple"},"acf":[],"yoast_head":"<!-- This site is optimized with the Yoast SEO Premium plugin v23.9 (Yoast SEO v23.9) - https:\/\/yoast.com\/wordpress\/plugins\/seo\/ -->\n<title>Tkanina DAKAR 240 g\/m2 - YORK<\/title>\n<meta name=\"robots\" content=\"index, follow, max-snippet:-1, max-image-preview:large, max-video-preview:-1\" \/>\n<link rel=\"canonical\" href=\"https:\/\/york.biz.pl\/en\/product\/tkanina-dakar-240-g-m2\/\" \/>\n<meta property=\"og:locale\" content=\"en_US\" \/>\n<meta property=\"og:type\" content=\"article\" \/>\n<meta property=\"og:title\" content=\"Tkanina DAKAR 240 g\/m2\" \/>\n<meta property=\"og:description\" content=\"Tkanina stworzona z my\u015bl\u0105 o pracownikach ochrony i wszelkich s\u0142u\u017cb mundurowych pracuj\u0105cych wewn\u0105trz jak i na zewn\u0105trz pomieszcze\u0144. Cechuje si\u0119 wyj\u0105tkow\u0105 jednolito\u015bci\u0105 i trwa\u0142o\u015bci\u0105 koloru. Sk\u0142ad oraz mi\u0119kkie wyko\u0144czenie sprawia, ze ka\u017cdy ubi\u00f3r zachowuje elegancki wygl\u0105d \u015bwie\u017co odprasowanej odzie\u017cy. Charakterystyka tkaniny: wytrzyma\u0142o\u015b\u0107 na tarcie i uszkodzenia mechaniczne, niska kurczliwo\u015b\u0107 w praniu wodnym o temperaturze 60\u00b0C,&hellip;\" \/>\n<meta property=\"og:url\" content=\"https:\/\/york.biz.pl\/en\/product\/tkanina-dakar-240-g-m2\/\" \/>\n<meta property=\"og:site_name\" content=\"YORK\" \/>\n<meta property=\"article:modified_time\" content=\"2025-09-15T06:19:22+00:00\" \/>\n<meta property=\"og:image\" content=\"https:\/\/york.biz.pl\/wp-content\/uploads\/2025\/09\/1.jpg\" \/>\n\t<meta property=\"og:image:width\" content=\"1727\" \/>\n\t<meta property=\"og:image:height\" content=\"1727\" \/>\n\t<meta property=\"og:image:type\" content=\"image\/jpeg\" \/>\n<meta name=\"twitter:card\" content=\"summary_large_image\" \/>\n<meta name=\"twitter:label1\" content=\"Est. reading time\" \/>\n\t<meta name=\"twitter:data1\" content=\"1 minute\" \/>\n<script type=\"application\/ld+json\" class=\"yoast-schema-graph\">{\"@context\":\"https:\/\/schema.org\",\"@graph\":[{\"@type\":\"WebPage\",\"@id\":\"https:\/\/york.biz.pl\/produkt\/tkanina-dakar-240-g-m2\/\",\"url\":\"https:\/\/york.biz.pl\/produkt\/tkanina-dakar-240-g-m2\/\",\"name\":\"Tkanina DAKAR 240 g\/m2 - YORK\",\"isPartOf\":{\"@id\":\"https:\/\/york.biz.pl\/#website\"},\"primaryImageOfPage\":{\"@id\":\"https:\/\/york.biz.pl\/produkt\/tkanina-dakar-240-g-m2\/#primaryimage\"},\"image\":{\"@id\":\"https:\/\/york.biz.pl\/produkt\/tkanina-dakar-240-g-m2\/#primaryimage\"},\"thumbnailUrl\":\"https:\/\/york.biz.pl\/wp-content\/uploads\/2025\/09\/1.jpg\",\"datePublished\":\"2025-09-01T09:26:54+00:00\",\"dateModified\":\"2025-09-15T06:19:22+00:00\",\"breadcrumb\":{\"@id\":\"https:\/\/york.biz.pl\/produkt\/tkanina-dakar-240-g-m2\/#breadcrumb\"},\"inLanguage\":\"en-US\",\"potentialAction\":[{\"@type\":\"ReadAction\",\"target\":[\"https:\/\/york.biz.pl\/produkt\/tkanina-dakar-240-g-m2\/\"]}]},{\"@type\":\"ImageObject\",\"inLanguage\":\"en-US\",\"@id\":\"https:\/\/york.biz.pl\/produkt\/tkanina-dakar-240-g-m2\/#primaryimage\",\"url\":\"https:\/\/york.biz.pl\/wp-content\/uploads\/2025\/09\/1.jpg\",\"contentUrl\":\"https:\/\/york.biz.pl\/wp-content\/uploads\/2025\/09\/1.jpg\",\"width\":1727,\"height\":1727,\"caption\":\"Tkanina DAKAR 240 g\/m2 1\"},{\"@type\":\"BreadcrumbList\",\"@id\":\"https:\/\/york.biz.pl\/produkt\/tkanina-dakar-240-g-m2\/#breadcrumb\",\"itemListElement\":[{\"@type\":\"ListItem\",\"position\":1,\"name\":\"Strona g\u0142\u00f3wna\",\"item\":\"https:\/\/york.biz.pl\/\"},{\"@type\":\"ListItem\",\"position\":2,\"name\":\"Pe\u0142na oferta\",\"item\":\"https:\/\/york.biz.pl\/pelna-oferta\/\"},{\"@type\":\"ListItem\",\"position\":3,\"name\":\"Tkanina DAKAR 240 g\/m2\"}]},{\"@type\":\"WebSite\",\"@id\":\"https:\/\/york.biz.pl\/#website\",\"url\":\"https:\/\/york.biz.pl\/\",\"name\":\"YORK\",\"description\":\"Hurtownia tkanin na odzie\u017c robocz\u0105 - tkaniny robocze\",\"publisher\":{\"@id\":\"https:\/\/york.biz.pl\/#organization\"},\"potentialAction\":[{\"@type\":\"SearchAction\",\"target\":{\"@type\":\"EntryPoint\",\"urlTemplate\":\"https:\/\/york.biz.pl\/?s={search_term_string}\"},\"query-input\":{\"@type\":\"PropertyValueSpecification\",\"valueRequired\":true,\"valueName\":\"search_term_string\"}}],\"inLanguage\":\"en-US\"},{\"@type\":\"Organization\",\"@id\":\"https:\/\/york.biz.pl\/#organization\",\"name\":\"YORK\",\"url\":\"https:\/\/york.biz.pl\/\",\"logo\":{\"@type\":\"ImageObject\",\"inLanguage\":\"en-US\",\"@id\":\"https:\/\/york.biz.pl\/#\/schema\/logo\/image\/\",\"url\":\"\",\"contentUrl\":\"\",\"caption\":\"YORK\"},\"image\":{\"@id\":\"https:\/\/york.biz.pl\/#\/schema\/logo\/image\/\"}}]}<\/script>\n<!-- \/ Yoast SEO Premium plugin. -->","yoast_head_json":{"title":"Tkanina DAKAR 240 g\/m2 - YORK","robots":{"index":"index","follow":"follow","max-snippet":"max-snippet:-1","max-image-preview":"max-image-preview:large","max-video-preview":"max-video-preview:-1"},"canonical":"https:\/\/york.biz.pl\/en\/product\/tkanina-dakar-240-g-m2\/","og_locale":"en_US","og_type":"article","og_title":"Tkanina DAKAR 240 g\/m2","og_description":"Tkanina stworzona z my\u015bl\u0105 o pracownikach ochrony i wszelkich s\u0142u\u017cb mundurowych pracuj\u0105cych wewn\u0105trz jak i na zewn\u0105trz pomieszcze\u0144. Cechuje si\u0119 wyj\u0105tkow\u0105 jednolito\u015bci\u0105 i trwa\u0142o\u015bci\u0105 koloru. Sk\u0142ad oraz mi\u0119kkie wyko\u0144czenie sprawia, ze ka\u017cdy ubi\u00f3r zachowuje elegancki wygl\u0105d \u015bwie\u017co odprasowanej odzie\u017cy. Charakterystyka tkaniny: wytrzyma\u0142o\u015b\u0107 na tarcie i uszkodzenia mechaniczne, niska kurczliwo\u015b\u0107 w praniu wodnym o temperaturze 60\u00b0C,&hellip;","og_url":"https:\/\/york.biz.pl\/en\/product\/tkanina-dakar-240-g-m2\/","og_site_name":"YORK","article_modified_time":"2025-09-15T06:19:22+00:00","og_image":[{"width":1727,"height":1727,"url":"https:\/\/york.biz.pl\/wp-content\/uploads\/2025\/09\/1.jpg","type":"image\/jpeg"}],"twitter_card":"summary_large_image","twitter_misc":{"Est. reading time":"1 minute"},"schema":{"@context":"https:\/\/schema.org","@graph":[{"@type":"WebPage","@id":"https:\/\/york.biz.pl\/produkt\/tkanina-dakar-240-g-m2\/","url":"https:\/\/york.biz.pl\/produkt\/tkanina-dakar-240-g-m2\/","name":"Tkanina DAKAR 240 g\/m2 - YORK","isPartOf":{"@id":"https:\/\/york.biz.pl\/#website"},"primaryImageOfPage":{"@id":"https:\/\/york.biz.pl\/produkt\/tkanina-dakar-240-g-m2\/#primaryimage"},"image":{"@id":"https:\/\/york.biz.pl\/produkt\/tkanina-dakar-240-g-m2\/#primaryimage"},"thumbnailUrl":"https:\/\/york.biz.pl\/wp-content\/uploads\/2025\/09\/1.jpg","datePublished":"2025-09-01T09:26:54+00:00","dateModified":"2025-09-15T06:19:22+00:00","breadcrumb":{"@id":"https:\/\/york.biz.pl\/produkt\/tkanina-dakar-240-g-m2\/#breadcrumb"},"inLanguage":"en-US","potentialAction":[{"@type":"ReadAction","target":["https:\/\/york.biz.pl\/produkt\/tkanina-dakar-240-g-m2\/"]}]},{"@type":"ImageObject","inLanguage":"en-US","@id":"https:\/\/york.biz.pl\/produkt\/tkanina-dakar-240-g-m2\/#primaryimage","url":"https:\/\/york.biz.pl\/wp-content\/uploads\/2025\/09\/1.jpg","contentUrl":"https:\/\/york.biz.pl\/wp-content\/uploads\/2025\/09\/1.jpg","width":1727,"height":1727,"caption":"Tkanina DAKAR 240 g\/m2 1"},{"@type":"BreadcrumbList","@id":"https:\/\/york.biz.pl\/produkt\/tkanina-dakar-240-g-m2\/#breadcrumb","itemListElement":[{"@type":"ListItem","position":1,"name":"Strona g\u0142\u00f3wna","item":"https:\/\/york.biz.pl\/"},{"@type":"ListItem","position":2,"name":"Pe\u0142na oferta","item":"https:\/\/york.biz.pl\/pelna-oferta\/"},{"@type":"ListItem","position":3,"name":"Tkanina DAKAR 240 g\/m2"}]},{"@type":"WebSite","@id":"https:\/\/york.biz.pl\/#website","url":"https:\/\/york.biz.pl\/","name":"YORK","description":"Hurtownia tkanin na odzie\u017c robocz\u0105 - tkaniny robocze","publisher":{"@id":"https:\/\/york.biz.pl\/#organization"},"potentialAction":[{"@type":"SearchAction","target":{"@type":"EntryPoint","urlTemplate":"https:\/\/york.biz.pl\/?s={search_term_string}"},"query-input":{"@type":"PropertyValueSpecification","valueRequired":true,"valueName":"search_term_string"}}],"inLanguage":"en-US"},{"@type":"Organization","@id":"https:\/\/york.biz.pl\/#organization","name":"YORK","url":"https:\/\/york.biz.pl\/","logo":{"@type":"ImageObject","inLanguage":"en-US","@id":"https:\/\/york.biz.pl\/#\/schema\/logo\/image\/","url":"","contentUrl":"","caption":"YORK"},"image":{"@id":"https:\/\/york.biz.pl\/#\/schema\/logo\/image\/"}}]}},"_links":{"self":[{"href":"https:\/\/york.biz.pl\/en\/wp-json\/wp\/v2\/product\/97154"}],"collection":[{"href":"https:\/\/york.biz.pl\/en\/wp-json\/wp\/v2\/product"}],"about":[{"href":"https:\/\/york.biz.pl\/en\/wp-json\/wp\/v2\/types\/product"}],"version-history":[{"count":1,"href":"https:\/\/york.biz.pl\/en\/wp-json\/wp\/v2\/product\/97154\/revisions"}],"predecessor-version":[{"id":97159,"href":"https:\/\/york.biz.pl\/en\/wp-json\/wp\/v2\/product\/97154\/revisions\/97159"}],"wp:featuredmedia":[{"embeddable":true,"href":"https:\/\/york.biz.pl\/en\/wp-json\/wp\/v2\/media\/97158"}],"wp:attachment":[{"href":"https:\/\/york.biz.pl\/en\/wp-json\/wp\/v2\/media?parent=97154"}],"wp:term":[{"taxonomy":"product_cat","embeddable":true,"href":"https:\/\/york.biz.pl\/en\/wp-json\/wp\/v2\/product_cat?post=97154"},{"taxonomy":"product_tag","embeddable":true,"href":"https:\/\/york.biz.pl\/en\/wp-json\/wp\/v2\/product_tag?post=97154"}],"curies":[{"name":"wp","href":"https:\/\/api.w.org\/{rel}","templated":true}]}}