{"id":97031,"date":"2025-02-07T11:29:37","date_gmt":"2025-02-07T10:29:37","guid":{"rendered":"https:\/\/york.biz.pl\/?post_type=product&#038;p=97031"},"modified":"2025-02-14T22:29:42","modified_gmt":"2025-02-14T21:29:42","slug":"tkanina-mokka-165-g-m2","status":"publish","type":"product","link":"https:\/\/york.biz.pl\/en\/product\/tkanina-mokka-165-g-m2\/","title":{"rendered":"Tkanina MOKKA 165 g\/m2"},"content":{"rendered":"<h2>Cotton-polyester fabric with an admixture of elastane.<\/h2>\n<p>The main purpose of this fabric is clothing in the medical, hotel, catering and cosmetics sectors. It is characterized by elasticity, strength and durability of colors in use. The fabric makes clothes made of it comfortable to wear and easy to maintain.<\/p>\n<p>The basic qualities of the fabric are determined by:<\/p>\n<ul>\n<li>Durability against friction and mechanical damage<\/li>\n<li>Low shrinkage in water washing at 60\u00b0C<\/li>\n<li>Color Fastness<\/li>\n<li>The ability to combine colors without fear of color change<\/li>\n<li>comfort of use<\/li>\n<\/ul>","protected":false},"excerpt":{"rendered":"<p>Tkanina bawe\u0142niano-poliestrowa z domieszk\u0105 Elastanu. G\u0142\u00f3wne przeznaczenie tej tkaniny to odzie\u017c w sektorze medycznym, hotelarskim, gastronomicznym czy kosmetycznym. Charakteryzuje si\u0119 elastyczno\u015bci\u0105, wytrzyma\u0142o\u015bci\u0105 oraz trwa\u0142o\u015bci\u0105 kolor\u00f3w w u\u017cytkowaniu. Tkanina sprawia, \u017ce ubrania z niej wykonane s\u0105 wygodne w noszeniu oraz \u0142atwe w utrzymaniu. Podstawowe walory tkaniny okre\u015blaj\u0105: wytrzyma\u0142o\u015b\u0107 na tarcie i uszkodzenia mechaniczne, niska kurczliwo\u015b\u0107 w&hellip;<\/p>","protected":false},"featured_media":97033,"template":"","meta":{"_acf_changed":false},"product_cat":[295],"product_tag":[],"class_list":{"0":"post-97031","1":"product","2":"type-product","3":"status-publish","4":"has-post-thumbnail","6":"product_cat-bawelna-poliester-elastan","7":"description-off","9":"first","10":"instock","11":"shipping-taxable","12":"product-type-simple"},"acf":[],"yoast_head":"<!-- This site is optimized with the Yoast SEO Premium plugin v23.9 (Yoast SEO v23.9) - https:\/\/yoast.com\/wordpress\/plugins\/seo\/ -->\n<title>Tkanina MOKKA 165 g\/m2 - YORK<\/title>\n<meta name=\"robots\" content=\"index, follow, max-snippet:-1, max-image-preview:large, max-video-preview:-1\" \/>\n<link rel=\"canonical\" href=\"https:\/\/york.biz.pl\/en\/product\/tkanina-mokka-165-g-m2\/\" \/>\n<meta property=\"og:locale\" content=\"en_US\" \/>\n<meta property=\"og:type\" content=\"article\" \/>\n<meta property=\"og:title\" content=\"Tkanina MOKKA 165 g\/m2\" \/>\n<meta property=\"og:description\" content=\"Tkanina bawe\u0142niano-poliestrowa z domieszk\u0105 Elastanu. G\u0142\u00f3wne przeznaczenie tej tkaniny to odzie\u017c w sektorze medycznym, hotelarskim, gastronomicznym czy kosmetycznym. Charakteryzuje si\u0119 elastyczno\u015bci\u0105, wytrzyma\u0142o\u015bci\u0105 oraz trwa\u0142o\u015bci\u0105 kolor\u00f3w w u\u017cytkowaniu. Tkanina sprawia, \u017ce ubrania z niej wykonane s\u0105 wygodne w noszeniu oraz \u0142atwe w utrzymaniu. Podstawowe walory tkaniny okre\u015blaj\u0105: wytrzyma\u0142o\u015b\u0107 na tarcie i uszkodzenia mechaniczne, niska kurczliwo\u015b\u0107 w&hellip;\" \/>\n<meta property=\"og:url\" content=\"https:\/\/york.biz.pl\/en\/product\/tkanina-mokka-165-g-m2\/\" \/>\n<meta property=\"og:site_name\" content=\"YORK\" \/>\n<meta property=\"article:modified_time\" content=\"2025-02-14T21:29:42+00:00\" \/>\n<meta property=\"og:image\" content=\"https:\/\/york.biz.pl\/wp-content\/uploads\/2025\/02\/mokka.jpg\" \/>\n\t<meta property=\"og:image:width\" content=\"638\" \/>\n\t<meta property=\"og:image:height\" content=\"600\" \/>\n\t<meta property=\"og:image:type\" content=\"image\/jpeg\" \/>\n<meta name=\"twitter:card\" content=\"summary_large_image\" \/>\n<meta name=\"twitter:label1\" content=\"Est. reading time\" \/>\n\t<meta name=\"twitter:data1\" content=\"1 minute\" \/>\n<script type=\"application\/ld+json\" class=\"yoast-schema-graph\">{\"@context\":\"https:\/\/schema.org\",\"@graph\":[{\"@type\":\"WebPage\",\"@id\":\"https:\/\/york.biz.pl\/produkt\/tkanina-mokka-165-g-m2\/\",\"url\":\"https:\/\/york.biz.pl\/produkt\/tkanina-mokka-165-g-m2\/\",\"name\":\"Tkanina MOKKA 165 g\/m2 - YORK\",\"isPartOf\":{\"@id\":\"https:\/\/york.biz.pl\/#website\"},\"primaryImageOfPage\":{\"@id\":\"https:\/\/york.biz.pl\/produkt\/tkanina-mokka-165-g-m2\/#primaryimage\"},\"image\":{\"@id\":\"https:\/\/york.biz.pl\/produkt\/tkanina-mokka-165-g-m2\/#primaryimage\"},\"thumbnailUrl\":\"https:\/\/york.biz.pl\/wp-content\/uploads\/2025\/02\/mokka.jpg\",\"datePublished\":\"2025-02-07T10:29:37+00:00\",\"dateModified\":\"2025-02-14T21:29:42+00:00\",\"breadcrumb\":{\"@id\":\"https:\/\/york.biz.pl\/produkt\/tkanina-mokka-165-g-m2\/#breadcrumb\"},\"inLanguage\":\"en-US\",\"potentialAction\":[{\"@type\":\"ReadAction\",\"target\":[\"https:\/\/york.biz.pl\/produkt\/tkanina-mokka-165-g-m2\/\"]}]},{\"@type\":\"ImageObject\",\"inLanguage\":\"en-US\",\"@id\":\"https:\/\/york.biz.pl\/produkt\/tkanina-mokka-165-g-m2\/#primaryimage\",\"url\":\"https:\/\/york.biz.pl\/wp-content\/uploads\/2025\/02\/mokka.jpg\",\"contentUrl\":\"https:\/\/york.biz.pl\/wp-content\/uploads\/2025\/02\/mokka.jpg\",\"width\":638,\"height\":600},{\"@type\":\"BreadcrumbList\",\"@id\":\"https:\/\/york.biz.pl\/produkt\/tkanina-mokka-165-g-m2\/#breadcrumb\",\"itemListElement\":[{\"@type\":\"ListItem\",\"position\":1,\"name\":\"Strona g\u0142\u00f3wna\",\"item\":\"https:\/\/york.biz.pl\/\"},{\"@type\":\"ListItem\",\"position\":2,\"name\":\"Pe\u0142na oferta\",\"item\":\"https:\/\/york.biz.pl\/pelna-oferta\/\"},{\"@type\":\"ListItem\",\"position\":3,\"name\":\"Tkanina MOKKA 165 g\/m2\"}]},{\"@type\":\"WebSite\",\"@id\":\"https:\/\/york.biz.pl\/#website\",\"url\":\"https:\/\/york.biz.pl\/\",\"name\":\"YORK\",\"description\":\"Hurtownia tkanin na odzie\u017c robocz\u0105 - tkaniny robocze\",\"publisher\":{\"@id\":\"https:\/\/york.biz.pl\/#organization\"},\"potentialAction\":[{\"@type\":\"SearchAction\",\"target\":{\"@type\":\"EntryPoint\",\"urlTemplate\":\"https:\/\/york.biz.pl\/?s={search_term_string}\"},\"query-input\":{\"@type\":\"PropertyValueSpecification\",\"valueRequired\":true,\"valueName\":\"search_term_string\"}}],\"inLanguage\":\"en-US\"},{\"@type\":\"Organization\",\"@id\":\"https:\/\/york.biz.pl\/#organization\",\"name\":\"YORK\",\"url\":\"https:\/\/york.biz.pl\/\",\"logo\":{\"@type\":\"ImageObject\",\"inLanguage\":\"en-US\",\"@id\":\"https:\/\/york.biz.pl\/#\/schema\/logo\/image\/\",\"url\":\"\",\"contentUrl\":\"\",\"caption\":\"YORK\"},\"image\":{\"@id\":\"https:\/\/york.biz.pl\/#\/schema\/logo\/image\/\"}}]}<\/script>\n<!-- \/ Yoast SEO Premium plugin. -->","yoast_head_json":{"title":"Tkanina MOKKA 165 g\/m2 - YORK","robots":{"index":"index","follow":"follow","max-snippet":"max-snippet:-1","max-image-preview":"max-image-preview:large","max-video-preview":"max-video-preview:-1"},"canonical":"https:\/\/york.biz.pl\/en\/product\/tkanina-mokka-165-g-m2\/","og_locale":"en_US","og_type":"article","og_title":"Tkanina MOKKA 165 g\/m2","og_description":"Tkanina bawe\u0142niano-poliestrowa z domieszk\u0105 Elastanu. G\u0142\u00f3wne przeznaczenie tej tkaniny to odzie\u017c w sektorze medycznym, hotelarskim, gastronomicznym czy kosmetycznym. Charakteryzuje si\u0119 elastyczno\u015bci\u0105, wytrzyma\u0142o\u015bci\u0105 oraz trwa\u0142o\u015bci\u0105 kolor\u00f3w w u\u017cytkowaniu. Tkanina sprawia, \u017ce ubrania z niej wykonane s\u0105 wygodne w noszeniu oraz \u0142atwe w utrzymaniu. Podstawowe walory tkaniny okre\u015blaj\u0105: wytrzyma\u0142o\u015b\u0107 na tarcie i uszkodzenia mechaniczne, niska kurczliwo\u015b\u0107 w&hellip;","og_url":"https:\/\/york.biz.pl\/en\/product\/tkanina-mokka-165-g-m2\/","og_site_name":"YORK","article_modified_time":"2025-02-14T21:29:42+00:00","og_image":[{"width":638,"height":600,"url":"https:\/\/york.biz.pl\/wp-content\/uploads\/2025\/02\/mokka.jpg","type":"image\/jpeg"}],"twitter_card":"summary_large_image","twitter_misc":{"Est. reading time":"1 minute"},"schema":{"@context":"https:\/\/schema.org","@graph":[{"@type":"WebPage","@id":"https:\/\/york.biz.pl\/produkt\/tkanina-mokka-165-g-m2\/","url":"https:\/\/york.biz.pl\/produkt\/tkanina-mokka-165-g-m2\/","name":"Tkanina MOKKA 165 g\/m2 - YORK","isPartOf":{"@id":"https:\/\/york.biz.pl\/#website"},"primaryImageOfPage":{"@id":"https:\/\/york.biz.pl\/produkt\/tkanina-mokka-165-g-m2\/#primaryimage"},"image":{"@id":"https:\/\/york.biz.pl\/produkt\/tkanina-mokka-165-g-m2\/#primaryimage"},"thumbnailUrl":"https:\/\/york.biz.pl\/wp-content\/uploads\/2025\/02\/mokka.jpg","datePublished":"2025-02-07T10:29:37+00:00","dateModified":"2025-02-14T21:29:42+00:00","breadcrumb":{"@id":"https:\/\/york.biz.pl\/produkt\/tkanina-mokka-165-g-m2\/#breadcrumb"},"inLanguage":"en-US","potentialAction":[{"@type":"ReadAction","target":["https:\/\/york.biz.pl\/produkt\/tkanina-mokka-165-g-m2\/"]}]},{"@type":"ImageObject","inLanguage":"en-US","@id":"https:\/\/york.biz.pl\/produkt\/tkanina-mokka-165-g-m2\/#primaryimage","url":"https:\/\/york.biz.pl\/wp-content\/uploads\/2025\/02\/mokka.jpg","contentUrl":"https:\/\/york.biz.pl\/wp-content\/uploads\/2025\/02\/mokka.jpg","width":638,"height":600},{"@type":"BreadcrumbList","@id":"https:\/\/york.biz.pl\/produkt\/tkanina-mokka-165-g-m2\/#breadcrumb","itemListElement":[{"@type":"ListItem","position":1,"name":"Strona g\u0142\u00f3wna","item":"https:\/\/york.biz.pl\/"},{"@type":"ListItem","position":2,"name":"Pe\u0142na oferta","item":"https:\/\/york.biz.pl\/pelna-oferta\/"},{"@type":"ListItem","position":3,"name":"Tkanina MOKKA 165 g\/m2"}]},{"@type":"WebSite","@id":"https:\/\/york.biz.pl\/#website","url":"https:\/\/york.biz.pl\/","name":"YORK","description":"Hurtownia tkanin na odzie\u017c robocz\u0105 - tkaniny robocze","publisher":{"@id":"https:\/\/york.biz.pl\/#organization"},"potentialAction":[{"@type":"SearchAction","target":{"@type":"EntryPoint","urlTemplate":"https:\/\/york.biz.pl\/?s={search_term_string}"},"query-input":{"@type":"PropertyValueSpecification","valueRequired":true,"valueName":"search_term_string"}}],"inLanguage":"en-US"},{"@type":"Organization","@id":"https:\/\/york.biz.pl\/#organization","name":"YORK","url":"https:\/\/york.biz.pl\/","logo":{"@type":"ImageObject","inLanguage":"en-US","@id":"https:\/\/york.biz.pl\/#\/schema\/logo\/image\/","url":"","contentUrl":"","caption":"YORK"},"image":{"@id":"https:\/\/york.biz.pl\/#\/schema\/logo\/image\/"}}]}},"_links":{"self":[{"href":"https:\/\/york.biz.pl\/en\/wp-json\/wp\/v2\/product\/97031"}],"collection":[{"href":"https:\/\/york.biz.pl\/en\/wp-json\/wp\/v2\/product"}],"about":[{"href":"https:\/\/york.biz.pl\/en\/wp-json\/wp\/v2\/types\/product"}],"version-history":[{"count":3,"href":"https:\/\/york.biz.pl\/en\/wp-json\/wp\/v2\/product\/97031\/revisions"}],"predecessor-version":[{"id":97046,"href":"https:\/\/york.biz.pl\/en\/wp-json\/wp\/v2\/product\/97031\/revisions\/97046"}],"wp:featuredmedia":[{"embeddable":true,"href":"https:\/\/york.biz.pl\/en\/wp-json\/wp\/v2\/media\/97033"}],"wp:attachment":[{"href":"https:\/\/york.biz.pl\/en\/wp-json\/wp\/v2\/media?parent=97031"}],"wp:term":[{"taxonomy":"product_cat","embeddable":true,"href":"https:\/\/york.biz.pl\/en\/wp-json\/wp\/v2\/product_cat?post=97031"},{"taxonomy":"product_tag","embeddable":true,"href":"https:\/\/york.biz.pl\/en\/wp-json\/wp\/v2\/product_tag?post=97031"}],"curies":[{"name":"wp","href":"https:\/\/api.w.org\/{rel}","templated":true}]}}