{"id":95263,"date":"2024-05-07T19:34:16","date_gmt":"2024-05-07T17:34:16","guid":{"rendered":"https:\/\/york.biz.pl\/nowa\/?post_type=product&#038;p=95263"},"modified":"2024-09-02T07:27:33","modified_gmt":"2024-09-02T05:27:33","slug":"tkanina-sublima-205-g-m2","status":"publish","type":"product","link":"https:\/\/york.biz.pl\/en\/product\/tkanina-sublima-205-g-m2\/","title":{"rendered":"SUBLIMA Fabric 205 g\/m2"},"content":{"rendered":"<h2>Strength and durability for your advertising needs<\/h2>\n<p>SUBLIMA 205 g\/m\u00b2 fabric is specially designed for advertising and promotional applications, combining advanced sublimation technology with exceptional durability. Thanks to the use of this printing method, the print maintains its quality even after repeated washing, making it an ideal material for sports bags, backpacks, and other advertising products.<\/p>\n<h3>Kluczowe cechy Tkaniny SUBLIMA 205 g\/m\u00b2:<\/h3>\n<ul>\n<li><strong>Resilience:<\/strong> The material is resistant to friction and mechanical damage, which ensures long-term use.<\/li>\n<li><strong>Low shrinkage:<\/strong> The fabric maintains its dimensions and shape after water washing at 40\u00b0C.<\/li>\n<li><strong>Color Fastness<\/strong> \u2013 the colors remain vibrant and resistant to fading, ensuring an aesthetic appearance of the clothing for a long time.<\/li>\n<li><strong>Possibility of Combining Colors<\/strong> -No risk of changing shades, allowing for unlimited creative design.<\/li>\n<li><strong>Comfort of use<\/strong> - the material is soft and skin-friendly, which increases wearing comfort.<\/li>\n<\/ul>\n<h3>Compliance with standards:<\/h3>\n<p>The fabric meets international standards in accordance with <strong>PN-EN ISO 13688 standard<\/strong>, which confirms its quality and safety of use.<\/p>\n<p>By investing in SUBLIMA 205 g\/m\u00b2 Fabric, you are choosing a product that will meet the expectations of even the most demanding customers in the advertising industry, guaranteeing excellent presentation and durability of advertisements.<\/p>","protected":false},"excerpt":{"rendered":"<p>Wytrzyma\u0142o\u015b\u0107 i trwa\u0142o\u015b\u0107 dla Twoich potrzeb reklamowych Tkanina SUBLIMA 205 g\/m\u00b2 jest specjalnie zaprojektowana do zastosowa\u0144 reklamowych i promocyjnych, \u0142\u0105cz\u0105c zaawansowan\u0105 technologi\u0119 sublimacji z wyj\u0105tkow\u0105 trwa\u0142o\u015bci\u0105. Dzi\u0119ki zastosowaniu tej metody drukowania, nadruk zachowuje swoj\u0105 jako\u015b\u0107 nawet po wielokrotnym praniu, co czyni j\u0105 idealnym materia\u0142em na torby sportowe, plecaki, oraz inne produkty reklamowe. Kluczowe cechy Tkaniny&hellip;<\/p>","protected":false},"featured_media":95259,"template":"","meta":{"_acf_changed":false},"product_cat":[312],"product_tag":[],"class_list":{"0":"post-95263","1":"product","2":"type-product","3":"status-publish","4":"has-post-thumbnail","6":"product_cat-tkaniny-do-sublimacji","7":"description-off","9":"first","10":"instock","11":"shipping-taxable","12":"product-type-simple"},"acf":[],"yoast_head":"<!-- This site is optimized with the Yoast SEO Premium plugin v23.9 (Yoast SEO v23.9) - https:\/\/yoast.com\/wordpress\/plugins\/seo\/ -->\n<title>Tkanina SUBLIMA 205 g\/m2 - YORK<\/title>\n<meta name=\"robots\" content=\"index, follow, max-snippet:-1, max-image-preview:large, max-video-preview:-1\" \/>\n<link rel=\"canonical\" href=\"https:\/\/york.biz.pl\/en\/product\/tkanina-sublima-205-g-m2\/\" \/>\n<meta property=\"og:locale\" content=\"en_US\" \/>\n<meta property=\"og:type\" content=\"article\" \/>\n<meta property=\"og:title\" content=\"Tkanina SUBLIMA 205 g\/m2\" \/>\n<meta property=\"og:description\" content=\"Wytrzyma\u0142o\u015b\u0107 i trwa\u0142o\u015b\u0107 dla Twoich potrzeb reklamowych Tkanina SUBLIMA 205 g\/m\u00b2 jest specjalnie zaprojektowana do zastosowa\u0144 reklamowych i promocyjnych, \u0142\u0105cz\u0105c zaawansowan\u0105 technologi\u0119 sublimacji z wyj\u0105tkow\u0105 trwa\u0142o\u015bci\u0105. Dzi\u0119ki zastosowaniu tej metody drukowania, nadruk zachowuje swoj\u0105 jako\u015b\u0107 nawet po wielokrotnym praniu, co czyni j\u0105 idealnym materia\u0142em na torby sportowe, plecaki, oraz inne produkty reklamowe. Kluczowe cechy Tkaniny&hellip;\" \/>\n<meta property=\"og:url\" content=\"https:\/\/york.biz.pl\/en\/product\/tkanina-sublima-205-g-m2\/\" \/>\n<meta property=\"og:site_name\" content=\"YORK\" \/>\n<meta property=\"article:modified_time\" content=\"2024-09-02T05:27:33+00:00\" \/>\n<meta property=\"og:image\" content=\"https:\/\/york.biz.pl\/wp-content\/uploads\/2024\/05\/hybryda.jpg\" \/>\n\t<meta property=\"og:image:width\" content=\"638\" \/>\n\t<meta property=\"og:image:height\" content=\"600\" \/>\n\t<meta property=\"og:image:type\" content=\"image\/jpeg\" \/>\n<meta name=\"twitter:card\" content=\"summary_large_image\" \/>\n<meta name=\"twitter:label1\" content=\"Est. reading time\" \/>\n\t<meta name=\"twitter:data1\" content=\"1 minute\" \/>\n<script type=\"application\/ld+json\" class=\"yoast-schema-graph\">{\"@context\":\"https:\/\/schema.org\",\"@graph\":[{\"@type\":\"WebPage\",\"@id\":\"https:\/\/york.biz.pl\/produkt\/tkanina-sublima-205-g-m2\/\",\"url\":\"https:\/\/york.biz.pl\/produkt\/tkanina-sublima-205-g-m2\/\",\"name\":\"Tkanina SUBLIMA 205 g\/m2 - YORK\",\"isPartOf\":{\"@id\":\"https:\/\/york.biz.pl\/#website\"},\"primaryImageOfPage\":{\"@id\":\"https:\/\/york.biz.pl\/produkt\/tkanina-sublima-205-g-m2\/#primaryimage\"},\"image\":{\"@id\":\"https:\/\/york.biz.pl\/produkt\/tkanina-sublima-205-g-m2\/#primaryimage\"},\"thumbnailUrl\":\"https:\/\/york.biz.pl\/wp-content\/uploads\/2024\/05\/hybryda.jpg\",\"datePublished\":\"2024-05-07T17:34:16+00:00\",\"dateModified\":\"2024-09-02T05:27:33+00:00\",\"breadcrumb\":{\"@id\":\"https:\/\/york.biz.pl\/produkt\/tkanina-sublima-205-g-m2\/#breadcrumb\"},\"inLanguage\":\"en-US\",\"potentialAction\":[{\"@type\":\"ReadAction\",\"target\":[\"https:\/\/york.biz.pl\/produkt\/tkanina-sublima-205-g-m2\/\"]}]},{\"@type\":\"ImageObject\",\"inLanguage\":\"en-US\",\"@id\":\"https:\/\/york.biz.pl\/produkt\/tkanina-sublima-205-g-m2\/#primaryimage\",\"url\":\"https:\/\/york.biz.pl\/wp-content\/uploads\/2024\/05\/hybryda.jpg\",\"contentUrl\":\"https:\/\/york.biz.pl\/wp-content\/uploads\/2024\/05\/hybryda.jpg\",\"width\":638,\"height\":600,\"caption\":\"120 g\/m2 SUBLIMA\"},{\"@type\":\"BreadcrumbList\",\"@id\":\"https:\/\/york.biz.pl\/produkt\/tkanina-sublima-205-g-m2\/#breadcrumb\",\"itemListElement\":[{\"@type\":\"ListItem\",\"position\":1,\"name\":\"Strona g\u0142\u00f3wna\",\"item\":\"https:\/\/york.biz.pl\/\"},{\"@type\":\"ListItem\",\"position\":2,\"name\":\"Pe\u0142na oferta\",\"item\":\"https:\/\/york.biz.pl\/pelna-oferta\/\"},{\"@type\":\"ListItem\",\"position\":3,\"name\":\"Tkanina SUBLIMA 205 g\/m2\"}]},{\"@type\":\"WebSite\",\"@id\":\"https:\/\/york.biz.pl\/#website\",\"url\":\"https:\/\/york.biz.pl\/\",\"name\":\"YORK\",\"description\":\"Hurtownia tkanin na odzie\u017c robocz\u0105 - tkaniny robocze\",\"publisher\":{\"@id\":\"https:\/\/york.biz.pl\/#organization\"},\"potentialAction\":[{\"@type\":\"SearchAction\",\"target\":{\"@type\":\"EntryPoint\",\"urlTemplate\":\"https:\/\/york.biz.pl\/?s={search_term_string}\"},\"query-input\":{\"@type\":\"PropertyValueSpecification\",\"valueRequired\":true,\"valueName\":\"search_term_string\"}}],\"inLanguage\":\"en-US\"},{\"@type\":\"Organization\",\"@id\":\"https:\/\/york.biz.pl\/#organization\",\"name\":\"YORK\",\"url\":\"https:\/\/york.biz.pl\/\",\"logo\":{\"@type\":\"ImageObject\",\"inLanguage\":\"en-US\",\"@id\":\"https:\/\/york.biz.pl\/#\/schema\/logo\/image\/\",\"url\":\"\",\"contentUrl\":\"\",\"caption\":\"YORK\"},\"image\":{\"@id\":\"https:\/\/york.biz.pl\/#\/schema\/logo\/image\/\"}}]}<\/script>\n<!-- \/ Yoast SEO Premium plugin. -->","yoast_head_json":{"title":"Tkanina SUBLIMA 205 g\/m2 - YORK","robots":{"index":"index","follow":"follow","max-snippet":"max-snippet:-1","max-image-preview":"max-image-preview:large","max-video-preview":"max-video-preview:-1"},"canonical":"https:\/\/york.biz.pl\/en\/product\/tkanina-sublima-205-g-m2\/","og_locale":"en_US","og_type":"article","og_title":"Tkanina SUBLIMA 205 g\/m2","og_description":"Wytrzyma\u0142o\u015b\u0107 i trwa\u0142o\u015b\u0107 dla Twoich potrzeb reklamowych Tkanina SUBLIMA 205 g\/m\u00b2 jest specjalnie zaprojektowana do zastosowa\u0144 reklamowych i promocyjnych, \u0142\u0105cz\u0105c zaawansowan\u0105 technologi\u0119 sublimacji z wyj\u0105tkow\u0105 trwa\u0142o\u015bci\u0105. Dzi\u0119ki zastosowaniu tej metody drukowania, nadruk zachowuje swoj\u0105 jako\u015b\u0107 nawet po wielokrotnym praniu, co czyni j\u0105 idealnym materia\u0142em na torby sportowe, plecaki, oraz inne produkty reklamowe. Kluczowe cechy Tkaniny&hellip;","og_url":"https:\/\/york.biz.pl\/en\/product\/tkanina-sublima-205-g-m2\/","og_site_name":"YORK","article_modified_time":"2024-09-02T05:27:33+00:00","og_image":[{"width":638,"height":600,"url":"https:\/\/york.biz.pl\/wp-content\/uploads\/2024\/05\/hybryda.jpg","type":"image\/jpeg"}],"twitter_card":"summary_large_image","twitter_misc":{"Est. reading time":"1 minute"},"schema":{"@context":"https:\/\/schema.org","@graph":[{"@type":"WebPage","@id":"https:\/\/york.biz.pl\/produkt\/tkanina-sublima-205-g-m2\/","url":"https:\/\/york.biz.pl\/produkt\/tkanina-sublima-205-g-m2\/","name":"Tkanina SUBLIMA 205 g\/m2 - YORK","isPartOf":{"@id":"https:\/\/york.biz.pl\/#website"},"primaryImageOfPage":{"@id":"https:\/\/york.biz.pl\/produkt\/tkanina-sublima-205-g-m2\/#primaryimage"},"image":{"@id":"https:\/\/york.biz.pl\/produkt\/tkanina-sublima-205-g-m2\/#primaryimage"},"thumbnailUrl":"https:\/\/york.biz.pl\/wp-content\/uploads\/2024\/05\/hybryda.jpg","datePublished":"2024-05-07T17:34:16+00:00","dateModified":"2024-09-02T05:27:33+00:00","breadcrumb":{"@id":"https:\/\/york.biz.pl\/produkt\/tkanina-sublima-205-g-m2\/#breadcrumb"},"inLanguage":"en-US","potentialAction":[{"@type":"ReadAction","target":["https:\/\/york.biz.pl\/produkt\/tkanina-sublima-205-g-m2\/"]}]},{"@type":"ImageObject","inLanguage":"en-US","@id":"https:\/\/york.biz.pl\/produkt\/tkanina-sublima-205-g-m2\/#primaryimage","url":"https:\/\/york.biz.pl\/wp-content\/uploads\/2024\/05\/hybryda.jpg","contentUrl":"https:\/\/york.biz.pl\/wp-content\/uploads\/2024\/05\/hybryda.jpg","width":638,"height":600,"caption":"120 g\/m2 SUBLIMA"},{"@type":"BreadcrumbList","@id":"https:\/\/york.biz.pl\/produkt\/tkanina-sublima-205-g-m2\/#breadcrumb","itemListElement":[{"@type":"ListItem","position":1,"name":"Strona g\u0142\u00f3wna","item":"https:\/\/york.biz.pl\/"},{"@type":"ListItem","position":2,"name":"Pe\u0142na oferta","item":"https:\/\/york.biz.pl\/pelna-oferta\/"},{"@type":"ListItem","position":3,"name":"Tkanina SUBLIMA 205 g\/m2"}]},{"@type":"WebSite","@id":"https:\/\/york.biz.pl\/#website","url":"https:\/\/york.biz.pl\/","name":"YORK","description":"Hurtownia tkanin na odzie\u017c robocz\u0105 - tkaniny robocze","publisher":{"@id":"https:\/\/york.biz.pl\/#organization"},"potentialAction":[{"@type":"SearchAction","target":{"@type":"EntryPoint","urlTemplate":"https:\/\/york.biz.pl\/?s={search_term_string}"},"query-input":{"@type":"PropertyValueSpecification","valueRequired":true,"valueName":"search_term_string"}}],"inLanguage":"en-US"},{"@type":"Organization","@id":"https:\/\/york.biz.pl\/#organization","name":"YORK","url":"https:\/\/york.biz.pl\/","logo":{"@type":"ImageObject","inLanguage":"en-US","@id":"https:\/\/york.biz.pl\/#\/schema\/logo\/image\/","url":"","contentUrl":"","caption":"YORK"},"image":{"@id":"https:\/\/york.biz.pl\/#\/schema\/logo\/image\/"}}]}},"_links":{"self":[{"href":"https:\/\/york.biz.pl\/en\/wp-json\/wp\/v2\/product\/95263"}],"collection":[{"href":"https:\/\/york.biz.pl\/en\/wp-json\/wp\/v2\/product"}],"about":[{"href":"https:\/\/york.biz.pl\/en\/wp-json\/wp\/v2\/types\/product"}],"version-history":[{"count":2,"href":"https:\/\/york.biz.pl\/en\/wp-json\/wp\/v2\/product\/95263\/revisions"}],"predecessor-version":[{"id":96573,"href":"https:\/\/york.biz.pl\/en\/wp-json\/wp\/v2\/product\/95263\/revisions\/96573"}],"wp:featuredmedia":[{"embeddable":true,"href":"https:\/\/york.biz.pl\/en\/wp-json\/wp\/v2\/media\/95259"}],"wp:attachment":[{"href":"https:\/\/york.biz.pl\/en\/wp-json\/wp\/v2\/media?parent=95263"}],"wp:term":[{"taxonomy":"product_cat","embeddable":true,"href":"https:\/\/york.biz.pl\/en\/wp-json\/wp\/v2\/product_cat?post=95263"},{"taxonomy":"product_tag","embeddable":true,"href":"https:\/\/york.biz.pl\/en\/wp-json\/wp\/v2\/product_tag?post=95263"}],"curies":[{"name":"wp","href":"https:\/\/api.w.org\/{rel}","templated":true}]}}