{"id":95258,"date":"2024-05-07T19:33:37","date_gmt":"2024-05-07T17:33:37","guid":{"rendered":"https:\/\/york.biz.pl\/nowa\/?post_type=product&#038;p=95258"},"modified":"2024-09-02T07:30:46","modified_gmt":"2024-09-02T05:30:46","slug":"tkanina-sublima-120-g-m2","status":"publish","type":"product","link":"https:\/\/york.biz.pl\/en\/product\/tkanina-sublima-120-g-m2\/","title":{"rendered":"SUBLIMA Fabric 120 g\/m2"},"content":{"rendered":"<h2>Light and durable fabric for modern advertising projects<\/h2>\n<p>SUBLIMA 120 g\/m\u00b2 fabric was created with sublimation in mind, offering unparalleled durability of prints that remain clear and intact even after many washes. Thanks to its lightness and durability, it is an ideal solution for the production of various advertising products, such as sports bags, backpacks and other promotional gadgets.<\/p>\n<h3>Key advantages of SUBLIMA 120 g\/m\u00b2 fabric:<\/h3>\n<ul>\n<li><strong>Durability against friction and mechanical damage<\/strong> \u2013 ensures durability and longevity of products.<\/li>\n<li><strong>Low Shrinkage<\/strong> \u2013 the fabric retains its dimensions and shape after washing at temperatures up to 40\u00b0C.<\/li>\n<li><strong>Color Fastness<\/strong> \u2013 prints remain intense and fade-resistant, ensuring long-lasting aesthetics.<\/li>\n<li><strong>Possibility of Combining Colors<\/strong> \u2013 without the risk of changing shades, which allows for free design.<\/li>\n<li><strong>Comfort of use<\/strong> \u2013 the fabric is exceptionally light, comfortable and pleasant to the touch, which increases the comfort of wearing.<\/li>\n<\/ul>\n<h3>Compliance with standards:<\/h3>\n<p>SUBLIMA 120 g\/m\u00b2 fabric meets all required standards:<\/p>\n<ul>\n<li><strong>PN-EN ISO 13688<\/strong> \u2013 ensures compliance with international standards for protective clothing.<\/li>\n<\/ul>\n<p>By choosing SUBLIMA 120 g\/m\u00b2 fabric, you gain a light and durable material that will work perfectly in any advertising project, guaranteeing the highest quality and aesthetics.<\/p>","protected":false},"excerpt":{"rendered":"<p>Lekka i trwa\u0142a tkanina dla nowoczesnych projekt\u00f3w reklamowych Tkanina SUBLIMA 120 g\/m\u00b2 zosta\u0142a stworzona z my\u015bl\u0105 o sublimacji, oferuj\u0105c niezr\u00f3wnan\u0105 trwa\u0142o\u015b\u0107 nadruk\u00f3w, kt\u00f3re pozostaj\u0105 wyraziste i nienaruszone nawet po wielu praniach. Dzi\u0119ki swojej lekko\u015bci i wytrzyma\u0142o\u015bci, jest idealnym rozwi\u0105zaniem do produkcji r\u00f3\u017cnorodnych produkt\u00f3w reklamowych, takich jak torby sportowe, plecaki oraz inne gad\u017cety promocyjne. Kluczowe zalety&hellip;<\/p>","protected":false},"featured_media":95259,"template":"","meta":{"_acf_changed":false},"product_cat":[312],"product_tag":[],"class_list":{"0":"post-95258","1":"product","2":"type-product","3":"status-publish","4":"has-post-thumbnail","6":"product_cat-tkaniny-do-sublimacji","7":"description-off","9":"first","10":"instock","11":"shipping-taxable","12":"product-type-simple"},"acf":[],"yoast_head":"<!-- This site is optimized with the Yoast SEO Premium plugin v23.9 (Yoast SEO v23.9) - https:\/\/yoast.com\/wordpress\/plugins\/seo\/ -->\n<title>Tkanina SUBLIMA 120 g\/m2 - YORK<\/title>\n<meta name=\"robots\" content=\"index, follow, max-snippet:-1, max-image-preview:large, max-video-preview:-1\" \/>\n<link rel=\"canonical\" href=\"https:\/\/york.biz.pl\/en\/product\/tkanina-sublima-120-g-m2\/\" \/>\n<meta property=\"og:locale\" content=\"en_US\" \/>\n<meta property=\"og:type\" content=\"article\" \/>\n<meta property=\"og:title\" content=\"Tkanina SUBLIMA 120 g\/m2\" \/>\n<meta property=\"og:description\" content=\"Lekka i trwa\u0142a tkanina dla nowoczesnych projekt\u00f3w reklamowych Tkanina SUBLIMA 120 g\/m\u00b2 zosta\u0142a stworzona z my\u015bl\u0105 o sublimacji, oferuj\u0105c niezr\u00f3wnan\u0105 trwa\u0142o\u015b\u0107 nadruk\u00f3w, kt\u00f3re pozostaj\u0105 wyraziste i nienaruszone nawet po wielu praniach. Dzi\u0119ki swojej lekko\u015bci i wytrzyma\u0142o\u015bci, jest idealnym rozwi\u0105zaniem do produkcji r\u00f3\u017cnorodnych produkt\u00f3w reklamowych, takich jak torby sportowe, plecaki oraz inne gad\u017cety promocyjne. Kluczowe zalety&hellip;\" \/>\n<meta property=\"og:url\" content=\"https:\/\/york.biz.pl\/en\/product\/tkanina-sublima-120-g-m2\/\" \/>\n<meta property=\"og:site_name\" content=\"YORK\" \/>\n<meta property=\"article:modified_time\" content=\"2024-09-02T05:30:46+00:00\" \/>\n<meta property=\"og:image\" content=\"https:\/\/york.biz.pl\/wp-content\/uploads\/2024\/05\/hybryda.jpg\" \/>\n\t<meta property=\"og:image:width\" content=\"638\" \/>\n\t<meta property=\"og:image:height\" content=\"600\" \/>\n\t<meta property=\"og:image:type\" content=\"image\/jpeg\" \/>\n<meta name=\"twitter:card\" content=\"summary_large_image\" \/>\n<meta name=\"twitter:label1\" content=\"Est. reading time\" \/>\n\t<meta name=\"twitter:data1\" content=\"1 minute\" \/>\n<script type=\"application\/ld+json\" class=\"yoast-schema-graph\">{\"@context\":\"https:\/\/schema.org\",\"@graph\":[{\"@type\":\"WebPage\",\"@id\":\"https:\/\/york.biz.pl\/produkt\/tkanina-sublima-120-g-m2\/\",\"url\":\"https:\/\/york.biz.pl\/produkt\/tkanina-sublima-120-g-m2\/\",\"name\":\"Tkanina SUBLIMA 120 g\/m2 - YORK\",\"isPartOf\":{\"@id\":\"https:\/\/york.biz.pl\/#website\"},\"primaryImageOfPage\":{\"@id\":\"https:\/\/york.biz.pl\/produkt\/tkanina-sublima-120-g-m2\/#primaryimage\"},\"image\":{\"@id\":\"https:\/\/york.biz.pl\/produkt\/tkanina-sublima-120-g-m2\/#primaryimage\"},\"thumbnailUrl\":\"https:\/\/york.biz.pl\/wp-content\/uploads\/2024\/05\/hybryda.jpg\",\"datePublished\":\"2024-05-07T17:33:37+00:00\",\"dateModified\":\"2024-09-02T05:30:46+00:00\",\"breadcrumb\":{\"@id\":\"https:\/\/york.biz.pl\/produkt\/tkanina-sublima-120-g-m2\/#breadcrumb\"},\"inLanguage\":\"en-US\",\"potentialAction\":[{\"@type\":\"ReadAction\",\"target\":[\"https:\/\/york.biz.pl\/produkt\/tkanina-sublima-120-g-m2\/\"]}]},{\"@type\":\"ImageObject\",\"inLanguage\":\"en-US\",\"@id\":\"https:\/\/york.biz.pl\/produkt\/tkanina-sublima-120-g-m2\/#primaryimage\",\"url\":\"https:\/\/york.biz.pl\/wp-content\/uploads\/2024\/05\/hybryda.jpg\",\"contentUrl\":\"https:\/\/york.biz.pl\/wp-content\/uploads\/2024\/05\/hybryda.jpg\",\"width\":638,\"height\":600,\"caption\":\"120 g\/m2 SUBLIMA\"},{\"@type\":\"BreadcrumbList\",\"@id\":\"https:\/\/york.biz.pl\/produkt\/tkanina-sublima-120-g-m2\/#breadcrumb\",\"itemListElement\":[{\"@type\":\"ListItem\",\"position\":1,\"name\":\"Strona g\u0142\u00f3wna\",\"item\":\"https:\/\/york.biz.pl\/\"},{\"@type\":\"ListItem\",\"position\":2,\"name\":\"Pe\u0142na oferta\",\"item\":\"https:\/\/york.biz.pl\/pelna-oferta\/\"},{\"@type\":\"ListItem\",\"position\":3,\"name\":\"Tkanina SUBLIMA 120 g\/m2\"}]},{\"@type\":\"WebSite\",\"@id\":\"https:\/\/york.biz.pl\/#website\",\"url\":\"https:\/\/york.biz.pl\/\",\"name\":\"YORK\",\"description\":\"Hurtownia tkanin na odzie\u017c robocz\u0105 - tkaniny robocze\",\"publisher\":{\"@id\":\"https:\/\/york.biz.pl\/#organization\"},\"potentialAction\":[{\"@type\":\"SearchAction\",\"target\":{\"@type\":\"EntryPoint\",\"urlTemplate\":\"https:\/\/york.biz.pl\/?s={search_term_string}\"},\"query-input\":{\"@type\":\"PropertyValueSpecification\",\"valueRequired\":true,\"valueName\":\"search_term_string\"}}],\"inLanguage\":\"en-US\"},{\"@type\":\"Organization\",\"@id\":\"https:\/\/york.biz.pl\/#organization\",\"name\":\"YORK\",\"url\":\"https:\/\/york.biz.pl\/\",\"logo\":{\"@type\":\"ImageObject\",\"inLanguage\":\"en-US\",\"@id\":\"https:\/\/york.biz.pl\/#\/schema\/logo\/image\/\",\"url\":\"\",\"contentUrl\":\"\",\"caption\":\"YORK\"},\"image\":{\"@id\":\"https:\/\/york.biz.pl\/#\/schema\/logo\/image\/\"}}]}<\/script>\n<!-- \/ Yoast SEO Premium plugin. -->","yoast_head_json":{"title":"Tkanina SUBLIMA 120 g\/m2 - YORK","robots":{"index":"index","follow":"follow","max-snippet":"max-snippet:-1","max-image-preview":"max-image-preview:large","max-video-preview":"max-video-preview:-1"},"canonical":"https:\/\/york.biz.pl\/en\/product\/tkanina-sublima-120-g-m2\/","og_locale":"en_US","og_type":"article","og_title":"Tkanina SUBLIMA 120 g\/m2","og_description":"Lekka i trwa\u0142a tkanina dla nowoczesnych projekt\u00f3w reklamowych Tkanina SUBLIMA 120 g\/m\u00b2 zosta\u0142a stworzona z my\u015bl\u0105 o sublimacji, oferuj\u0105c niezr\u00f3wnan\u0105 trwa\u0142o\u015b\u0107 nadruk\u00f3w, kt\u00f3re pozostaj\u0105 wyraziste i nienaruszone nawet po wielu praniach. Dzi\u0119ki swojej lekko\u015bci i wytrzyma\u0142o\u015bci, jest idealnym rozwi\u0105zaniem do produkcji r\u00f3\u017cnorodnych produkt\u00f3w reklamowych, takich jak torby sportowe, plecaki oraz inne gad\u017cety promocyjne. Kluczowe zalety&hellip;","og_url":"https:\/\/york.biz.pl\/en\/product\/tkanina-sublima-120-g-m2\/","og_site_name":"YORK","article_modified_time":"2024-09-02T05:30:46+00:00","og_image":[{"width":638,"height":600,"url":"https:\/\/york.biz.pl\/wp-content\/uploads\/2024\/05\/hybryda.jpg","type":"image\/jpeg"}],"twitter_card":"summary_large_image","twitter_misc":{"Est. reading time":"1 minute"},"schema":{"@context":"https:\/\/schema.org","@graph":[{"@type":"WebPage","@id":"https:\/\/york.biz.pl\/produkt\/tkanina-sublima-120-g-m2\/","url":"https:\/\/york.biz.pl\/produkt\/tkanina-sublima-120-g-m2\/","name":"Tkanina SUBLIMA 120 g\/m2 - YORK","isPartOf":{"@id":"https:\/\/york.biz.pl\/#website"},"primaryImageOfPage":{"@id":"https:\/\/york.biz.pl\/produkt\/tkanina-sublima-120-g-m2\/#primaryimage"},"image":{"@id":"https:\/\/york.biz.pl\/produkt\/tkanina-sublima-120-g-m2\/#primaryimage"},"thumbnailUrl":"https:\/\/york.biz.pl\/wp-content\/uploads\/2024\/05\/hybryda.jpg","datePublished":"2024-05-07T17:33:37+00:00","dateModified":"2024-09-02T05:30:46+00:00","breadcrumb":{"@id":"https:\/\/york.biz.pl\/produkt\/tkanina-sublima-120-g-m2\/#breadcrumb"},"inLanguage":"en-US","potentialAction":[{"@type":"ReadAction","target":["https:\/\/york.biz.pl\/produkt\/tkanina-sublima-120-g-m2\/"]}]},{"@type":"ImageObject","inLanguage":"en-US","@id":"https:\/\/york.biz.pl\/produkt\/tkanina-sublima-120-g-m2\/#primaryimage","url":"https:\/\/york.biz.pl\/wp-content\/uploads\/2024\/05\/hybryda.jpg","contentUrl":"https:\/\/york.biz.pl\/wp-content\/uploads\/2024\/05\/hybryda.jpg","width":638,"height":600,"caption":"120 g\/m2 SUBLIMA"},{"@type":"BreadcrumbList","@id":"https:\/\/york.biz.pl\/produkt\/tkanina-sublima-120-g-m2\/#breadcrumb","itemListElement":[{"@type":"ListItem","position":1,"name":"Strona g\u0142\u00f3wna","item":"https:\/\/york.biz.pl\/"},{"@type":"ListItem","position":2,"name":"Pe\u0142na oferta","item":"https:\/\/york.biz.pl\/pelna-oferta\/"},{"@type":"ListItem","position":3,"name":"Tkanina SUBLIMA 120 g\/m2"}]},{"@type":"WebSite","@id":"https:\/\/york.biz.pl\/#website","url":"https:\/\/york.biz.pl\/","name":"YORK","description":"Hurtownia tkanin na odzie\u017c robocz\u0105 - tkaniny robocze","publisher":{"@id":"https:\/\/york.biz.pl\/#organization"},"potentialAction":[{"@type":"SearchAction","target":{"@type":"EntryPoint","urlTemplate":"https:\/\/york.biz.pl\/?s={search_term_string}"},"query-input":{"@type":"PropertyValueSpecification","valueRequired":true,"valueName":"search_term_string"}}],"inLanguage":"en-US"},{"@type":"Organization","@id":"https:\/\/york.biz.pl\/#organization","name":"YORK","url":"https:\/\/york.biz.pl\/","logo":{"@type":"ImageObject","inLanguage":"en-US","@id":"https:\/\/york.biz.pl\/#\/schema\/logo\/image\/","url":"","contentUrl":"","caption":"YORK"},"image":{"@id":"https:\/\/york.biz.pl\/#\/schema\/logo\/image\/"}}]}},"_links":{"self":[{"href":"https:\/\/york.biz.pl\/en\/wp-json\/wp\/v2\/product\/95258"}],"collection":[{"href":"https:\/\/york.biz.pl\/en\/wp-json\/wp\/v2\/product"}],"about":[{"href":"https:\/\/york.biz.pl\/en\/wp-json\/wp\/v2\/types\/product"}],"version-history":[{"count":3,"href":"https:\/\/york.biz.pl\/en\/wp-json\/wp\/v2\/product\/95258\/revisions"}],"predecessor-version":[{"id":96577,"href":"https:\/\/york.biz.pl\/en\/wp-json\/wp\/v2\/product\/95258\/revisions\/96577"}],"wp:featuredmedia":[{"embeddable":true,"href":"https:\/\/york.biz.pl\/en\/wp-json\/wp\/v2\/media\/95259"}],"wp:attachment":[{"href":"https:\/\/york.biz.pl\/en\/wp-json\/wp\/v2\/media?parent=95258"}],"wp:term":[{"taxonomy":"product_cat","embeddable":true,"href":"https:\/\/york.biz.pl\/en\/wp-json\/wp\/v2\/product_cat?post=95258"},{"taxonomy":"product_tag","embeddable":true,"href":"https:\/\/york.biz.pl\/en\/wp-json\/wp\/v2\/product_tag?post=95258"}],"curies":[{"name":"wp","href":"https:\/\/api.w.org\/{rel}","templated":true}]}}