{"id":95255,"date":"2024-05-07T19:30:12","date_gmt":"2024-05-07T17:30:12","guid":{"rendered":"https:\/\/york.biz.pl\/nowa\/?post_type=product&#038;p=95255"},"modified":"2024-09-16T16:27:19","modified_gmt":"2024-09-16T14:27:19","slug":"tkanina-mikrofibra-pluszowa-360-g-m2","status":"publish","type":"product","link":"https:\/\/york.biz.pl\/en\/product\/tkanina-mikrofibra-pluszowa-360-g-m2\/","title":{"rendered":"PLUSH MICROFIBER Fabric 360 g\/m2"},"content":{"rendered":"<h2>Reliable and versatile towel fabric<\/h2>\n<p>Plush microfiber weighing 360 g\/m\u00b2 is a unique material that absorbs up to 7 times more water than its own weight. Thanks to these properties, it is an ideal choice for the production of towels that will prove useful in the gym, during aerobics or in the swimming pool. Microfiber is characterized by quick moisture absorption and equally quick drying, which makes it an extremely practical and functional material.<\/p>\n<p>In addition, plush microfiber is perfect for sublimation, thanks to which the prints on the towels are durable and maintain high quality. Products made of this fabric are distinguished by their longevity, low shrinkage and intense colors that remain vivid even after many washes.<\/p>\n<h3>Key advantages of the MICROFIBRE PLUSH 360 g\/m\u00b2 fabric:<\/h3>\n<ul>\n<li><strong>Exceptional absorbency<\/strong> \u2013 absorbs up to 7 times more water than its own weight, ensuring maximum efficiency.<\/li>\n<li><strong>Quick drying<\/strong> \u2013 ideal for towels that need to be ready for reuse at short notice.<\/li>\n<li><strong>Durability of prints<\/strong> \u2013 responds perfectly to sublimation, guaranteeing expressive and durable patterns.<\/li>\n<li><strong>Low Shrinkage<\/strong> \u2013 the material retains its dimensions and shape even after repeated washing.<\/li>\n<li><strong>High color durability<\/strong> \u2013 colours remain vibrant and fade-resistant, ensuring longevity of workwear.<\/li>\n<\/ul>\n<h3>Compliance with standards:<\/h3>\n<p>MICROFIBRE PLUSH fabric 360 g\/m\u00b2 meets the highest quality standards:<\/p>\n<ul>\n<li><strong>PN-EN 14697<\/strong> \u2013 compliance with standards for textile materials.<\/li>\n<li><strong>PN-EN ISO 13688<\/strong> \u2013 compliance with international standards for protective clothing.<\/li>\n<li><strong>Oeko Tex Standard 100<\/strong> \u2013 guarantee that the material is free from substances harmful to health.<\/li>\n<\/ul>\n<p>By choosing the MICROFIBRE PLUSH 360 g\/m\u00b2 fabric, you are investing in a material that combines exceptional absorbency, durability and aesthetics, ideal for the production of functional and attractive towels.<\/p>","protected":false},"excerpt":{"rendered":"<p>Niezawodna i wszechstronna tkanina r\u0119cznikowa Mikrofibra pluszowa o gramaturze 360 g\/m\u00b2 to wyj\u0105tkowy materia\u0142, kt\u00f3ry wch\u0142ania a\u017c do 7 razy wi\u0119cej wody ni\u017c wynosi jego w\u0142asna waga. Dzi\u0119ki tym w\u0142a\u015bciwo\u015bciom jest idealnym wyborem do produkcji r\u0119cznik\u00f3w, kt\u00f3re sprawdz\u0105 si\u0119 na si\u0142owni, podczas aerobiku czy na basenie. Mikrofibra charakteryzuje si\u0119 szybkim wch\u0142anianiem wilgoci i r\u00f3wnie szybkim&hellip;<\/p>","protected":false},"featured_media":95256,"template":"","meta":{"_acf_changed":false},"product_cat":[311],"product_tag":[],"class_list":{"0":"post-95255","1":"product","2":"type-product","3":"status-publish","4":"has-post-thumbnail","6":"product_cat-tkaniny-recznikowe","7":"description-off","9":"first","10":"instock","11":"shipping-taxable","12":"product-type-simple"},"acf":[],"yoast_head":"<!-- This site is optimized with the Yoast SEO Premium plugin v23.9 (Yoast SEO v23.9) - https:\/\/yoast.com\/wordpress\/plugins\/seo\/ -->\n<title>Tkanina MIKROFIBRA PLUSZOWA 360 g\/m2 - YORK<\/title>\n<meta name=\"robots\" content=\"index, follow, max-snippet:-1, max-image-preview:large, max-video-preview:-1\" \/>\n<link rel=\"canonical\" href=\"https:\/\/york.biz.pl\/en\/product\/tkanina-mikrofibra-pluszowa-360-g-m2\/\" \/>\n<meta property=\"og:locale\" content=\"en_US\" \/>\n<meta property=\"og:type\" content=\"article\" \/>\n<meta property=\"og:title\" content=\"Tkanina MIKROFIBRA PLUSZOWA 360 g\/m2\" \/>\n<meta property=\"og:description\" content=\"Niezawodna i wszechstronna tkanina r\u0119cznikowa Mikrofibra pluszowa o gramaturze 360 g\/m\u00b2 to wyj\u0105tkowy materia\u0142, kt\u00f3ry wch\u0142ania a\u017c do 7 razy wi\u0119cej wody ni\u017c wynosi jego w\u0142asna waga. Dzi\u0119ki tym w\u0142a\u015bciwo\u015bciom jest idealnym wyborem do produkcji r\u0119cznik\u00f3w, kt\u00f3re sprawdz\u0105 si\u0119 na si\u0142owni, podczas aerobiku czy na basenie. Mikrofibra charakteryzuje si\u0119 szybkim wch\u0142anianiem wilgoci i r\u00f3wnie szybkim&hellip;\" \/>\n<meta property=\"og:url\" content=\"https:\/\/york.biz.pl\/en\/product\/tkanina-mikrofibra-pluszowa-360-g-m2\/\" \/>\n<meta property=\"og:site_name\" content=\"YORK\" \/>\n<meta property=\"article:modified_time\" content=\"2024-09-16T14:27:19+00:00\" \/>\n<meta property=\"og:image\" content=\"https:\/\/york.biz.pl\/wp-content\/uploads\/2024\/05\/mpetelkowa-1.jpg\" \/>\n\t<meta property=\"og:image:width\" content=\"638\" \/>\n\t<meta property=\"og:image:height\" content=\"600\" \/>\n\t<meta property=\"og:image:type\" content=\"image\/jpeg\" \/>\n<meta name=\"twitter:card\" content=\"summary_large_image\" \/>\n<meta name=\"twitter:label1\" content=\"Est. reading time\" \/>\n\t<meta name=\"twitter:data1\" content=\"2 minutes\" \/>\n<script type=\"application\/ld+json\" class=\"yoast-schema-graph\">{\"@context\":\"https:\/\/schema.org\",\"@graph\":[{\"@type\":\"WebPage\",\"@id\":\"https:\/\/york.biz.pl\/produkt\/tkanina-mikrofibra-pluszowa-360-g-m2\/\",\"url\":\"https:\/\/york.biz.pl\/produkt\/tkanina-mikrofibra-pluszowa-360-g-m2\/\",\"name\":\"Tkanina MIKROFIBRA PLUSZOWA 360 g\/m2 - YORK\",\"isPartOf\":{\"@id\":\"https:\/\/york.biz.pl\/#website\"},\"primaryImageOfPage\":{\"@id\":\"https:\/\/york.biz.pl\/produkt\/tkanina-mikrofibra-pluszowa-360-g-m2\/#primaryimage\"},\"image\":{\"@id\":\"https:\/\/york.biz.pl\/produkt\/tkanina-mikrofibra-pluszowa-360-g-m2\/#primaryimage\"},\"thumbnailUrl\":\"https:\/\/york.biz.pl\/wp-content\/uploads\/2024\/05\/mpetelkowa-1.jpg\",\"datePublished\":\"2024-05-07T17:30:12+00:00\",\"dateModified\":\"2024-09-16T14:27:19+00:00\",\"breadcrumb\":{\"@id\":\"https:\/\/york.biz.pl\/produkt\/tkanina-mikrofibra-pluszowa-360-g-m2\/#breadcrumb\"},\"inLanguage\":\"en-US\",\"potentialAction\":[{\"@type\":\"ReadAction\",\"target\":[\"https:\/\/york.biz.pl\/produkt\/tkanina-mikrofibra-pluszowa-360-g-m2\/\"]}]},{\"@type\":\"ImageObject\",\"inLanguage\":\"en-US\",\"@id\":\"https:\/\/york.biz.pl\/produkt\/tkanina-mikrofibra-pluszowa-360-g-m2\/#primaryimage\",\"url\":\"https:\/\/york.biz.pl\/wp-content\/uploads\/2024\/05\/mpetelkowa-1.jpg\",\"contentUrl\":\"https:\/\/york.biz.pl\/wp-content\/uploads\/2024\/05\/mpetelkowa-1.jpg\",\"width\":638,\"height\":600,\"caption\":\"MIKROFIBRA PLUSZOWA\"},{\"@type\":\"BreadcrumbList\",\"@id\":\"https:\/\/york.biz.pl\/produkt\/tkanina-mikrofibra-pluszowa-360-g-m2\/#breadcrumb\",\"itemListElement\":[{\"@type\":\"ListItem\",\"position\":1,\"name\":\"Strona g\u0142\u00f3wna\",\"item\":\"https:\/\/york.biz.pl\/\"},{\"@type\":\"ListItem\",\"position\":2,\"name\":\"Pe\u0142na oferta\",\"item\":\"https:\/\/york.biz.pl\/pelna-oferta\/\"},{\"@type\":\"ListItem\",\"position\":3,\"name\":\"Tkanina MIKROFIBRA PLUSZOWA 360 g\/m2\"}]},{\"@type\":\"WebSite\",\"@id\":\"https:\/\/york.biz.pl\/#website\",\"url\":\"https:\/\/york.biz.pl\/\",\"name\":\"YORK\",\"description\":\"Hurtownia tkanin na odzie\u017c robocz\u0105 - tkaniny robocze\",\"publisher\":{\"@id\":\"https:\/\/york.biz.pl\/#organization\"},\"potentialAction\":[{\"@type\":\"SearchAction\",\"target\":{\"@type\":\"EntryPoint\",\"urlTemplate\":\"https:\/\/york.biz.pl\/?s={search_term_string}\"},\"query-input\":{\"@type\":\"PropertyValueSpecification\",\"valueRequired\":true,\"valueName\":\"search_term_string\"}}],\"inLanguage\":\"en-US\"},{\"@type\":\"Organization\",\"@id\":\"https:\/\/york.biz.pl\/#organization\",\"name\":\"YORK\",\"url\":\"https:\/\/york.biz.pl\/\",\"logo\":{\"@type\":\"ImageObject\",\"inLanguage\":\"en-US\",\"@id\":\"https:\/\/york.biz.pl\/#\/schema\/logo\/image\/\",\"url\":\"\",\"contentUrl\":\"\",\"caption\":\"YORK\"},\"image\":{\"@id\":\"https:\/\/york.biz.pl\/#\/schema\/logo\/image\/\"}}]}<\/script>\n<!-- \/ Yoast SEO Premium plugin. -->","yoast_head_json":{"title":"Tkanina MIKROFIBRA PLUSZOWA 360 g\/m2 - YORK","robots":{"index":"index","follow":"follow","max-snippet":"max-snippet:-1","max-image-preview":"max-image-preview:large","max-video-preview":"max-video-preview:-1"},"canonical":"https:\/\/york.biz.pl\/en\/product\/tkanina-mikrofibra-pluszowa-360-g-m2\/","og_locale":"en_US","og_type":"article","og_title":"Tkanina MIKROFIBRA PLUSZOWA 360 g\/m2","og_description":"Niezawodna i wszechstronna tkanina r\u0119cznikowa Mikrofibra pluszowa o gramaturze 360 g\/m\u00b2 to wyj\u0105tkowy materia\u0142, kt\u00f3ry wch\u0142ania a\u017c do 7 razy wi\u0119cej wody ni\u017c wynosi jego w\u0142asna waga. Dzi\u0119ki tym w\u0142a\u015bciwo\u015bciom jest idealnym wyborem do produkcji r\u0119cznik\u00f3w, kt\u00f3re sprawdz\u0105 si\u0119 na si\u0142owni, podczas aerobiku czy na basenie. Mikrofibra charakteryzuje si\u0119 szybkim wch\u0142anianiem wilgoci i r\u00f3wnie szybkim&hellip;","og_url":"https:\/\/york.biz.pl\/en\/product\/tkanina-mikrofibra-pluszowa-360-g-m2\/","og_site_name":"YORK","article_modified_time":"2024-09-16T14:27:19+00:00","og_image":[{"width":638,"height":600,"url":"https:\/\/york.biz.pl\/wp-content\/uploads\/2024\/05\/mpetelkowa-1.jpg","type":"image\/jpeg"}],"twitter_card":"summary_large_image","twitter_misc":{"Est. reading time":"2 minutes"},"schema":{"@context":"https:\/\/schema.org","@graph":[{"@type":"WebPage","@id":"https:\/\/york.biz.pl\/produkt\/tkanina-mikrofibra-pluszowa-360-g-m2\/","url":"https:\/\/york.biz.pl\/produkt\/tkanina-mikrofibra-pluszowa-360-g-m2\/","name":"Tkanina MIKROFIBRA PLUSZOWA 360 g\/m2 - YORK","isPartOf":{"@id":"https:\/\/york.biz.pl\/#website"},"primaryImageOfPage":{"@id":"https:\/\/york.biz.pl\/produkt\/tkanina-mikrofibra-pluszowa-360-g-m2\/#primaryimage"},"image":{"@id":"https:\/\/york.biz.pl\/produkt\/tkanina-mikrofibra-pluszowa-360-g-m2\/#primaryimage"},"thumbnailUrl":"https:\/\/york.biz.pl\/wp-content\/uploads\/2024\/05\/mpetelkowa-1.jpg","datePublished":"2024-05-07T17:30:12+00:00","dateModified":"2024-09-16T14:27:19+00:00","breadcrumb":{"@id":"https:\/\/york.biz.pl\/produkt\/tkanina-mikrofibra-pluszowa-360-g-m2\/#breadcrumb"},"inLanguage":"en-US","potentialAction":[{"@type":"ReadAction","target":["https:\/\/york.biz.pl\/produkt\/tkanina-mikrofibra-pluszowa-360-g-m2\/"]}]},{"@type":"ImageObject","inLanguage":"en-US","@id":"https:\/\/york.biz.pl\/produkt\/tkanina-mikrofibra-pluszowa-360-g-m2\/#primaryimage","url":"https:\/\/york.biz.pl\/wp-content\/uploads\/2024\/05\/mpetelkowa-1.jpg","contentUrl":"https:\/\/york.biz.pl\/wp-content\/uploads\/2024\/05\/mpetelkowa-1.jpg","width":638,"height":600,"caption":"MIKROFIBRA PLUSZOWA"},{"@type":"BreadcrumbList","@id":"https:\/\/york.biz.pl\/produkt\/tkanina-mikrofibra-pluszowa-360-g-m2\/#breadcrumb","itemListElement":[{"@type":"ListItem","position":1,"name":"Strona g\u0142\u00f3wna","item":"https:\/\/york.biz.pl\/"},{"@type":"ListItem","position":2,"name":"Pe\u0142na oferta","item":"https:\/\/york.biz.pl\/pelna-oferta\/"},{"@type":"ListItem","position":3,"name":"Tkanina MIKROFIBRA PLUSZOWA 360 g\/m2"}]},{"@type":"WebSite","@id":"https:\/\/york.biz.pl\/#website","url":"https:\/\/york.biz.pl\/","name":"YORK","description":"Hurtownia tkanin na odzie\u017c robocz\u0105 - tkaniny robocze","publisher":{"@id":"https:\/\/york.biz.pl\/#organization"},"potentialAction":[{"@type":"SearchAction","target":{"@type":"EntryPoint","urlTemplate":"https:\/\/york.biz.pl\/?s={search_term_string}"},"query-input":{"@type":"PropertyValueSpecification","valueRequired":true,"valueName":"search_term_string"}}],"inLanguage":"en-US"},{"@type":"Organization","@id":"https:\/\/york.biz.pl\/#organization","name":"YORK","url":"https:\/\/york.biz.pl\/","logo":{"@type":"ImageObject","inLanguage":"en-US","@id":"https:\/\/york.biz.pl\/#\/schema\/logo\/image\/","url":"","contentUrl":"","caption":"YORK"},"image":{"@id":"https:\/\/york.biz.pl\/#\/schema\/logo\/image\/"}}]}},"_links":{"self":[{"href":"https:\/\/york.biz.pl\/en\/wp-json\/wp\/v2\/product\/95255"}],"collection":[{"href":"https:\/\/york.biz.pl\/en\/wp-json\/wp\/v2\/product"}],"about":[{"href":"https:\/\/york.biz.pl\/en\/wp-json\/wp\/v2\/types\/product"}],"version-history":[{"count":4,"href":"https:\/\/york.biz.pl\/en\/wp-json\/wp\/v2\/product\/95255\/revisions"}],"predecessor-version":[{"id":96773,"href":"https:\/\/york.biz.pl\/en\/wp-json\/wp\/v2\/product\/95255\/revisions\/96773"}],"wp:featuredmedia":[{"embeddable":true,"href":"https:\/\/york.biz.pl\/en\/wp-json\/wp\/v2\/media\/95256"}],"wp:attachment":[{"href":"https:\/\/york.biz.pl\/en\/wp-json\/wp\/v2\/media?parent=95255"}],"wp:term":[{"taxonomy":"product_cat","embeddable":true,"href":"https:\/\/york.biz.pl\/en\/wp-json\/wp\/v2\/product_cat?post=95255"},{"taxonomy":"product_tag","embeddable":true,"href":"https:\/\/york.biz.pl\/en\/wp-json\/wp\/v2\/product_tag?post=95255"}],"curies":[{"name":"wp","href":"https:\/\/api.w.org\/{rel}","templated":true}]}}