{"id":95252,"date":"2024-05-07T19:29:02","date_gmt":"2024-05-07T17:29:02","guid":{"rendered":"https:\/\/york.biz.pl\/nowa\/?post_type=product&#038;p=95252"},"modified":"2024-09-16T16:28:02","modified_gmt":"2024-09-16T14:28:02","slug":"tkanina-mikrofibra-petelkowa-300-g-m2","status":"publish","type":"product","link":"https:\/\/york.biz.pl\/en\/product\/tkanina-mikrofibra-petelkowa-300-g-m2\/","title":{"rendered":"LOOPED MICROFIBER Fabric 300 g\/m2"},"content":{"rendered":"<h2>Versatile towel material with exceptional absorbency<\/h2>\n<p>Loop microfiber with a weight of 300 g\/m\u00b2 is a material that is perfect for the production of towels, both for the gym, aerobics and the pool. This microfiber is distinguished by its ability to absorb up to 7 times more water than its own weight, which makes it an extremely effective towel material. Thanks to its loop structure, this fabric quickly absorbs moisture and dries quickly, making it an ideal choice for active people.<\/p>\n<p>The 300 g\/m\u00b2 MICROFIBRE LOOP fabric is also perfect for sublimation, which allows you to create durable and high-quality prints on advertising towels. Products made of this microfibre are characterized by low shrinkage and exceptional color durability, which remain intense even after many washes.<\/p>\n<h3>Key advantages of the 300 g\/m\u00b2 LOOP MICROFIBRE fabric:<\/h3>\n<ul>\n<li><strong>Exceptional absorbency<\/strong> \u2013 absorbs up to 7 times more water than its own weight.<\/li>\n<li><strong>Quick drying<\/strong> \u2013 ideal for towels that need to be ready for use at short notice.<\/li>\n<li><strong>Durability of prints<\/strong> \u2013 excellent response to sublimation, which guarantees durable and expressive patterns.<\/li>\n<li><strong>Low Shrinkage<\/strong> \u2013 the material retains its dimensions and shape even after repeated washing.<\/li>\n<li><strong>High color durability<\/strong> \u2013 colours remain vibrant and fade-resistant, ensuring long-lasting aesthetics.<\/li>\n<\/ul>\n<h3>Compliance with standards:<\/h3>\n<p>MICROFIBRE LOOP fabric 300 g\/m\u00b2 meets all the necessary quality standards:<\/p>\n<ul>\n<li><strong>PN-EN 14697<\/strong> \u2013 compliance with standards for textile materials.<\/li>\n<li><strong>PN-EN ISO 13688<\/strong> \u2013 compliance with international standards for protective clothing.<\/li>\n<li><strong>Oeko Tex Standard 100<\/strong> \u2013 certificate confirming that the material is free from substances harmful to health.<\/li>\n<\/ul>\n<p>By choosing the 300 g\/m\u00b2 MICROFIBRE LOOP fabric, you are investing in a high-quality material that provides unparalleled absorbency, durability and aesthetics, ideal for producing functional and stylish towels.<\/p>","protected":false},"excerpt":{"rendered":"<p>Wszechstronny materia\u0142 r\u0119cznikowy o wyj\u0105tkowej ch\u0142onno\u015bci Mikrofibra p\u0119telkowa o gramaturze 300 g\/m\u00b2 to materia\u0142, kt\u00f3ry doskonale sprawdza si\u0119 w produkcji r\u0119cznik\u00f3w, zar\u00f3wno na si\u0142owni\u0119, aerobik, jak i na basen. Mikrofibra ta wyr\u00f3\u017cnia si\u0119 zdolno\u015bci\u0105 wch\u0142aniania a\u017c do 7 razy wi\u0119cej wody ni\u017c wynosi jej w\u0142asna waga, co czyni j\u0105 niezwykle efektywnym materia\u0142em r\u0119cznikowym. Dzi\u0119ki swojej&hellip;<\/p>","protected":false},"featured_media":95253,"template":"","meta":{"_acf_changed":false},"product_cat":[311],"product_tag":[],"class_list":{"0":"post-95252","1":"product","2":"type-product","3":"status-publish","4":"has-post-thumbnail","6":"product_cat-tkaniny-recznikowe","7":"description-off","9":"first","10":"instock","11":"shipping-taxable","12":"product-type-simple"},"acf":[],"yoast_head":"<!-- This site is optimized with the Yoast SEO Premium plugin v23.9 (Yoast SEO v23.9) - https:\/\/yoast.com\/wordpress\/plugins\/seo\/ -->\n<title>Tkanina MIKROFIBRA P\u0118TELKOWA 300 g\/m2 - YORK<\/title>\n<meta name=\"robots\" content=\"index, follow, max-snippet:-1, max-image-preview:large, max-video-preview:-1\" \/>\n<link rel=\"canonical\" href=\"https:\/\/york.biz.pl\/en\/product\/tkanina-mikrofibra-petelkowa-300-g-m2\/\" \/>\n<meta property=\"og:locale\" content=\"en_US\" \/>\n<meta property=\"og:type\" content=\"article\" \/>\n<meta property=\"og:title\" content=\"Tkanina MIKROFIBRA P\u0118TELKOWA 300 g\/m2\" \/>\n<meta property=\"og:description\" content=\"Wszechstronny materia\u0142 r\u0119cznikowy o wyj\u0105tkowej ch\u0142onno\u015bci Mikrofibra p\u0119telkowa o gramaturze 300 g\/m\u00b2 to materia\u0142, kt\u00f3ry doskonale sprawdza si\u0119 w produkcji r\u0119cznik\u00f3w, zar\u00f3wno na si\u0142owni\u0119, aerobik, jak i na basen. Mikrofibra ta wyr\u00f3\u017cnia si\u0119 zdolno\u015bci\u0105 wch\u0142aniania a\u017c do 7 razy wi\u0119cej wody ni\u017c wynosi jej w\u0142asna waga, co czyni j\u0105 niezwykle efektywnym materia\u0142em r\u0119cznikowym. Dzi\u0119ki swojej&hellip;\" \/>\n<meta property=\"og:url\" content=\"https:\/\/york.biz.pl\/en\/product\/tkanina-mikrofibra-petelkowa-300-g-m2\/\" \/>\n<meta property=\"og:site_name\" content=\"YORK\" \/>\n<meta property=\"article:modified_time\" content=\"2024-09-16T14:28:02+00:00\" \/>\n<meta property=\"og:image\" content=\"https:\/\/york.biz.pl\/wp-content\/uploads\/2024\/05\/mpetelkowa.jpg\" \/>\n\t<meta property=\"og:image:width\" content=\"638\" \/>\n\t<meta property=\"og:image:height\" content=\"600\" \/>\n\t<meta property=\"og:image:type\" content=\"image\/jpeg\" \/>\n<meta name=\"twitter:card\" content=\"summary_large_image\" \/>\n<meta name=\"twitter:label1\" content=\"Est. reading time\" \/>\n\t<meta name=\"twitter:data1\" content=\"2 minutes\" \/>\n<script type=\"application\/ld+json\" class=\"yoast-schema-graph\">{\"@context\":\"https:\/\/schema.org\",\"@graph\":[{\"@type\":\"WebPage\",\"@id\":\"https:\/\/york.biz.pl\/produkt\/tkanina-mikrofibra-petelkowa-300-g-m2\/\",\"url\":\"https:\/\/york.biz.pl\/produkt\/tkanina-mikrofibra-petelkowa-300-g-m2\/\",\"name\":\"Tkanina MIKROFIBRA P\u0118TELKOWA 300 g\/m2 - YORK\",\"isPartOf\":{\"@id\":\"https:\/\/york.biz.pl\/#website\"},\"primaryImageOfPage\":{\"@id\":\"https:\/\/york.biz.pl\/produkt\/tkanina-mikrofibra-petelkowa-300-g-m2\/#primaryimage\"},\"image\":{\"@id\":\"https:\/\/york.biz.pl\/produkt\/tkanina-mikrofibra-petelkowa-300-g-m2\/#primaryimage\"},\"thumbnailUrl\":\"https:\/\/york.biz.pl\/wp-content\/uploads\/2024\/05\/mpetelkowa.jpg\",\"datePublished\":\"2024-05-07T17:29:02+00:00\",\"dateModified\":\"2024-09-16T14:28:02+00:00\",\"breadcrumb\":{\"@id\":\"https:\/\/york.biz.pl\/produkt\/tkanina-mikrofibra-petelkowa-300-g-m2\/#breadcrumb\"},\"inLanguage\":\"en-US\",\"potentialAction\":[{\"@type\":\"ReadAction\",\"target\":[\"https:\/\/york.biz.pl\/produkt\/tkanina-mikrofibra-petelkowa-300-g-m2\/\"]}]},{\"@type\":\"ImageObject\",\"inLanguage\":\"en-US\",\"@id\":\"https:\/\/york.biz.pl\/produkt\/tkanina-mikrofibra-petelkowa-300-g-m2\/#primaryimage\",\"url\":\"https:\/\/york.biz.pl\/wp-content\/uploads\/2024\/05\/mpetelkowa.jpg\",\"contentUrl\":\"https:\/\/york.biz.pl\/wp-content\/uploads\/2024\/05\/mpetelkowa.jpg\",\"width\":638,\"height\":600,\"caption\":\"MIKROFIBRA P\u0118TELKOWA\"},{\"@type\":\"BreadcrumbList\",\"@id\":\"https:\/\/york.biz.pl\/produkt\/tkanina-mikrofibra-petelkowa-300-g-m2\/#breadcrumb\",\"itemListElement\":[{\"@type\":\"ListItem\",\"position\":1,\"name\":\"Strona g\u0142\u00f3wna\",\"item\":\"https:\/\/york.biz.pl\/\"},{\"@type\":\"ListItem\",\"position\":2,\"name\":\"Pe\u0142na oferta\",\"item\":\"https:\/\/york.biz.pl\/pelna-oferta\/\"},{\"@type\":\"ListItem\",\"position\":3,\"name\":\"Tkanina MIKROFIBRA P\u0118TELKOWA 300 g\/m2\"}]},{\"@type\":\"WebSite\",\"@id\":\"https:\/\/york.biz.pl\/#website\",\"url\":\"https:\/\/york.biz.pl\/\",\"name\":\"YORK\",\"description\":\"Hurtownia tkanin na odzie\u017c robocz\u0105 - tkaniny robocze\",\"publisher\":{\"@id\":\"https:\/\/york.biz.pl\/#organization\"},\"potentialAction\":[{\"@type\":\"SearchAction\",\"target\":{\"@type\":\"EntryPoint\",\"urlTemplate\":\"https:\/\/york.biz.pl\/?s={search_term_string}\"},\"query-input\":{\"@type\":\"PropertyValueSpecification\",\"valueRequired\":true,\"valueName\":\"search_term_string\"}}],\"inLanguage\":\"en-US\"},{\"@type\":\"Organization\",\"@id\":\"https:\/\/york.biz.pl\/#organization\",\"name\":\"YORK\",\"url\":\"https:\/\/york.biz.pl\/\",\"logo\":{\"@type\":\"ImageObject\",\"inLanguage\":\"en-US\",\"@id\":\"https:\/\/york.biz.pl\/#\/schema\/logo\/image\/\",\"url\":\"\",\"contentUrl\":\"\",\"caption\":\"YORK\"},\"image\":{\"@id\":\"https:\/\/york.biz.pl\/#\/schema\/logo\/image\/\"}}]}<\/script>\n<!-- \/ Yoast SEO Premium plugin. -->","yoast_head_json":{"title":"Tkanina MIKROFIBRA P\u0118TELKOWA 300 g\/m2 - YORK","robots":{"index":"index","follow":"follow","max-snippet":"max-snippet:-1","max-image-preview":"max-image-preview:large","max-video-preview":"max-video-preview:-1"},"canonical":"https:\/\/york.biz.pl\/en\/product\/tkanina-mikrofibra-petelkowa-300-g-m2\/","og_locale":"en_US","og_type":"article","og_title":"Tkanina MIKROFIBRA P\u0118TELKOWA 300 g\/m2","og_description":"Wszechstronny materia\u0142 r\u0119cznikowy o wyj\u0105tkowej ch\u0142onno\u015bci Mikrofibra p\u0119telkowa o gramaturze 300 g\/m\u00b2 to materia\u0142, kt\u00f3ry doskonale sprawdza si\u0119 w produkcji r\u0119cznik\u00f3w, zar\u00f3wno na si\u0142owni\u0119, aerobik, jak i na basen. Mikrofibra ta wyr\u00f3\u017cnia si\u0119 zdolno\u015bci\u0105 wch\u0142aniania a\u017c do 7 razy wi\u0119cej wody ni\u017c wynosi jej w\u0142asna waga, co czyni j\u0105 niezwykle efektywnym materia\u0142em r\u0119cznikowym. Dzi\u0119ki swojej&hellip;","og_url":"https:\/\/york.biz.pl\/en\/product\/tkanina-mikrofibra-petelkowa-300-g-m2\/","og_site_name":"YORK","article_modified_time":"2024-09-16T14:28:02+00:00","og_image":[{"width":638,"height":600,"url":"https:\/\/york.biz.pl\/wp-content\/uploads\/2024\/05\/mpetelkowa.jpg","type":"image\/jpeg"}],"twitter_card":"summary_large_image","twitter_misc":{"Est. reading time":"2 minutes"},"schema":{"@context":"https:\/\/schema.org","@graph":[{"@type":"WebPage","@id":"https:\/\/york.biz.pl\/produkt\/tkanina-mikrofibra-petelkowa-300-g-m2\/","url":"https:\/\/york.biz.pl\/produkt\/tkanina-mikrofibra-petelkowa-300-g-m2\/","name":"Tkanina MIKROFIBRA P\u0118TELKOWA 300 g\/m2 - YORK","isPartOf":{"@id":"https:\/\/york.biz.pl\/#website"},"primaryImageOfPage":{"@id":"https:\/\/york.biz.pl\/produkt\/tkanina-mikrofibra-petelkowa-300-g-m2\/#primaryimage"},"image":{"@id":"https:\/\/york.biz.pl\/produkt\/tkanina-mikrofibra-petelkowa-300-g-m2\/#primaryimage"},"thumbnailUrl":"https:\/\/york.biz.pl\/wp-content\/uploads\/2024\/05\/mpetelkowa.jpg","datePublished":"2024-05-07T17:29:02+00:00","dateModified":"2024-09-16T14:28:02+00:00","breadcrumb":{"@id":"https:\/\/york.biz.pl\/produkt\/tkanina-mikrofibra-petelkowa-300-g-m2\/#breadcrumb"},"inLanguage":"en-US","potentialAction":[{"@type":"ReadAction","target":["https:\/\/york.biz.pl\/produkt\/tkanina-mikrofibra-petelkowa-300-g-m2\/"]}]},{"@type":"ImageObject","inLanguage":"en-US","@id":"https:\/\/york.biz.pl\/produkt\/tkanina-mikrofibra-petelkowa-300-g-m2\/#primaryimage","url":"https:\/\/york.biz.pl\/wp-content\/uploads\/2024\/05\/mpetelkowa.jpg","contentUrl":"https:\/\/york.biz.pl\/wp-content\/uploads\/2024\/05\/mpetelkowa.jpg","width":638,"height":600,"caption":"MIKROFIBRA P\u0118TELKOWA"},{"@type":"BreadcrumbList","@id":"https:\/\/york.biz.pl\/produkt\/tkanina-mikrofibra-petelkowa-300-g-m2\/#breadcrumb","itemListElement":[{"@type":"ListItem","position":1,"name":"Strona g\u0142\u00f3wna","item":"https:\/\/york.biz.pl\/"},{"@type":"ListItem","position":2,"name":"Pe\u0142na oferta","item":"https:\/\/york.biz.pl\/pelna-oferta\/"},{"@type":"ListItem","position":3,"name":"Tkanina MIKROFIBRA P\u0118TELKOWA 300 g\/m2"}]},{"@type":"WebSite","@id":"https:\/\/york.biz.pl\/#website","url":"https:\/\/york.biz.pl\/","name":"YORK","description":"Hurtownia tkanin na odzie\u017c robocz\u0105 - tkaniny robocze","publisher":{"@id":"https:\/\/york.biz.pl\/#organization"},"potentialAction":[{"@type":"SearchAction","target":{"@type":"EntryPoint","urlTemplate":"https:\/\/york.biz.pl\/?s={search_term_string}"},"query-input":{"@type":"PropertyValueSpecification","valueRequired":true,"valueName":"search_term_string"}}],"inLanguage":"en-US"},{"@type":"Organization","@id":"https:\/\/york.biz.pl\/#organization","name":"YORK","url":"https:\/\/york.biz.pl\/","logo":{"@type":"ImageObject","inLanguage":"en-US","@id":"https:\/\/york.biz.pl\/#\/schema\/logo\/image\/","url":"","contentUrl":"","caption":"YORK"},"image":{"@id":"https:\/\/york.biz.pl\/#\/schema\/logo\/image\/"}}]}},"_links":{"self":[{"href":"https:\/\/york.biz.pl\/en\/wp-json\/wp\/v2\/product\/95252"}],"collection":[{"href":"https:\/\/york.biz.pl\/en\/wp-json\/wp\/v2\/product"}],"about":[{"href":"https:\/\/york.biz.pl\/en\/wp-json\/wp\/v2\/types\/product"}],"version-history":[{"count":3,"href":"https:\/\/york.biz.pl\/en\/wp-json\/wp\/v2\/product\/95252\/revisions"}],"predecessor-version":[{"id":96774,"href":"https:\/\/york.biz.pl\/en\/wp-json\/wp\/v2\/product\/95252\/revisions\/96774"}],"wp:featuredmedia":[{"embeddable":true,"href":"https:\/\/york.biz.pl\/en\/wp-json\/wp\/v2\/media\/95253"}],"wp:attachment":[{"href":"https:\/\/york.biz.pl\/en\/wp-json\/wp\/v2\/media?parent=95252"}],"wp:term":[{"taxonomy":"product_cat","embeddable":true,"href":"https:\/\/york.biz.pl\/en\/wp-json\/wp\/v2\/product_cat?post=95252"},{"taxonomy":"product_tag","embeddable":true,"href":"https:\/\/york.biz.pl\/en\/wp-json\/wp\/v2\/product_tag?post=95252"}],"curies":[{"name":"wp","href":"https:\/\/api.w.org\/{rel}","templated":true}]}}