{"id":95249,"date":"2024-05-07T19:27:34","date_gmt":"2024-05-07T17:27:34","guid":{"rendered":"https:\/\/york.biz.pl\/nowa\/?post_type=product&#038;p=95249"},"modified":"2024-09-16T16:28:47","modified_gmt":"2024-09-16T14:28:47","slug":"tkanina-mikrofibra-gladka-205-g-m2","status":"publish","type":"product","link":"https:\/\/york.biz.pl\/en\/product\/tkanina-mikrofibra-gladka-205-g-m2\/","title":{"rendered":"SMOOTH MICROFIBER Fabric 205 g\/m2"},"content":{"rendered":"<h2>A reliable choice for highly absorbent towels<\/h2>\n<p>Smooth microfiber 205 g\/m2 is a unique material that can absorb up to 7 times more water than its own weight, making it an ideal choice for producing towels for the gym, aerobics or swimming pool. Thanks to its quick moisture absorption and ability to dry quickly, microfiber is extremely practical and functional.<\/p>\n<p>This fabric is also perfect for creating advertising towels, because it responds well to sublimation, which guarantees a durable and high-quality print. Towels made of microfiber are characterized by low shrinkage and high color durability, which remain intense even after repeated washing.<\/p>\n<h3>Usage Benefits:<\/h3>\n<ul>\n<li><strong>Washing Temperature: 40 Celsius degrees<\/strong> \u2013 maintaining the shape and size of the fabric even after repeated washing.<\/li>\n<\/ul>\n<p>By choosing microfiber, you are investing in a material that combines unparalleled absorbency, durability and aesthetics, ideal for producing functional and stylish towels.<\/p>","protected":false},"excerpt":{"rendered":"<p>Niezawodny wyb\u00f3r dla r\u0119cznik\u00f3w o wysokiej ch\u0142onno\u015bci Mikrofibra g\u0142adka 205 g\/m2 to wyj\u0105tkowy materia\u0142, kt\u00f3ry potrafi wch\u0142on\u0105\u0107 a\u017c do 7 razy wi\u0119cej wody ni\u017c wynosi jego w\u0142asna waga, co czyni go idealnym wyborem do produkcji r\u0119cznik\u00f3w na si\u0142owni\u0119, aerobik czy basen. Dzi\u0119ki szybkiemu wch\u0142anianiu wilgoci oraz zdolno\u015bci do b\u0142yskawicznego schni\u0119cia, mikrofibra jest niezwykle praktyczna i&hellip;<\/p>","protected":false},"featured_media":95250,"template":"","meta":{"_acf_changed":false},"product_cat":[311],"product_tag":[],"class_list":{"0":"post-95249","1":"product","2":"type-product","3":"status-publish","4":"has-post-thumbnail","6":"product_cat-tkaniny-recznikowe","7":"description-off","9":"first","10":"instock","11":"shipping-taxable","12":"product-type-simple"},"acf":[],"yoast_head":"<!-- This site is optimized with the Yoast SEO Premium plugin v23.9 (Yoast SEO v23.9) - https:\/\/yoast.com\/wordpress\/plugins\/seo\/ -->\n<title>Tkanina MIKROFIBRA G\u0141ADKA 205 g\/m2 - YORK<\/title>\n<meta name=\"robots\" content=\"index, follow, max-snippet:-1, max-image-preview:large, max-video-preview:-1\" \/>\n<link rel=\"canonical\" href=\"https:\/\/york.biz.pl\/en\/product\/tkanina-mikrofibra-gladka-205-g-m2\/\" \/>\n<meta property=\"og:locale\" content=\"en_US\" \/>\n<meta property=\"og:type\" content=\"article\" \/>\n<meta property=\"og:title\" content=\"Tkanina MIKROFIBRA G\u0141ADKA 205 g\/m2\" \/>\n<meta property=\"og:description\" content=\"Niezawodny wyb\u00f3r dla r\u0119cznik\u00f3w o wysokiej ch\u0142onno\u015bci Mikrofibra g\u0142adka 205 g\/m2 to wyj\u0105tkowy materia\u0142, kt\u00f3ry potrafi wch\u0142on\u0105\u0107 a\u017c do 7 razy wi\u0119cej wody ni\u017c wynosi jego w\u0142asna waga, co czyni go idealnym wyborem do produkcji r\u0119cznik\u00f3w na si\u0142owni\u0119, aerobik czy basen. Dzi\u0119ki szybkiemu wch\u0142anianiu wilgoci oraz zdolno\u015bci do b\u0142yskawicznego schni\u0119cia, mikrofibra jest niezwykle praktyczna i&hellip;\" \/>\n<meta property=\"og:url\" content=\"https:\/\/york.biz.pl\/en\/product\/tkanina-mikrofibra-gladka-205-g-m2\/\" \/>\n<meta property=\"og:site_name\" content=\"YORK\" \/>\n<meta property=\"article:modified_time\" content=\"2024-09-16T14:28:47+00:00\" \/>\n<meta property=\"og:image\" content=\"https:\/\/york.biz.pl\/wp-content\/uploads\/2024\/05\/mgladka.jpg\" \/>\n\t<meta property=\"og:image:width\" content=\"638\" \/>\n\t<meta property=\"og:image:height\" content=\"600\" \/>\n\t<meta property=\"og:image:type\" content=\"image\/jpeg\" \/>\n<meta name=\"twitter:card\" content=\"summary_large_image\" \/>\n<meta name=\"twitter:label1\" content=\"Est. reading time\" \/>\n\t<meta name=\"twitter:data1\" content=\"1 minute\" \/>\n<script type=\"application\/ld+json\" class=\"yoast-schema-graph\">{\"@context\":\"https:\/\/schema.org\",\"@graph\":[{\"@type\":\"WebPage\",\"@id\":\"https:\/\/york.biz.pl\/produkt\/tkanina-mikrofibra-gladka-205-g-m2\/\",\"url\":\"https:\/\/york.biz.pl\/produkt\/tkanina-mikrofibra-gladka-205-g-m2\/\",\"name\":\"Tkanina MIKROFIBRA G\u0141ADKA 205 g\/m2 - YORK\",\"isPartOf\":{\"@id\":\"https:\/\/york.biz.pl\/#website\"},\"primaryImageOfPage\":{\"@id\":\"https:\/\/york.biz.pl\/produkt\/tkanina-mikrofibra-gladka-205-g-m2\/#primaryimage\"},\"image\":{\"@id\":\"https:\/\/york.biz.pl\/produkt\/tkanina-mikrofibra-gladka-205-g-m2\/#primaryimage\"},\"thumbnailUrl\":\"https:\/\/york.biz.pl\/wp-content\/uploads\/2024\/05\/mgladka.jpg\",\"datePublished\":\"2024-05-07T17:27:34+00:00\",\"dateModified\":\"2024-09-16T14:28:47+00:00\",\"breadcrumb\":{\"@id\":\"https:\/\/york.biz.pl\/produkt\/tkanina-mikrofibra-gladka-205-g-m2\/#breadcrumb\"},\"inLanguage\":\"en-US\",\"potentialAction\":[{\"@type\":\"ReadAction\",\"target\":[\"https:\/\/york.biz.pl\/produkt\/tkanina-mikrofibra-gladka-205-g-m2\/\"]}]},{\"@type\":\"ImageObject\",\"inLanguage\":\"en-US\",\"@id\":\"https:\/\/york.biz.pl\/produkt\/tkanina-mikrofibra-gladka-205-g-m2\/#primaryimage\",\"url\":\"https:\/\/york.biz.pl\/wp-content\/uploads\/2024\/05\/mgladka.jpg\",\"contentUrl\":\"https:\/\/york.biz.pl\/wp-content\/uploads\/2024\/05\/mgladka.jpg\",\"width\":638,\"height\":600,\"caption\":\"MIKROFIBRA G\u0141ADKA\"},{\"@type\":\"BreadcrumbList\",\"@id\":\"https:\/\/york.biz.pl\/produkt\/tkanina-mikrofibra-gladka-205-g-m2\/#breadcrumb\",\"itemListElement\":[{\"@type\":\"ListItem\",\"position\":1,\"name\":\"Strona g\u0142\u00f3wna\",\"item\":\"https:\/\/york.biz.pl\/\"},{\"@type\":\"ListItem\",\"position\":2,\"name\":\"Pe\u0142na oferta\",\"item\":\"https:\/\/york.biz.pl\/pelna-oferta\/\"},{\"@type\":\"ListItem\",\"position\":3,\"name\":\"Tkanina MIKROFIBRA G\u0141ADKA 205 g\/m2\"}]},{\"@type\":\"WebSite\",\"@id\":\"https:\/\/york.biz.pl\/#website\",\"url\":\"https:\/\/york.biz.pl\/\",\"name\":\"YORK\",\"description\":\"Hurtownia tkanin na odzie\u017c robocz\u0105 - tkaniny robocze\",\"publisher\":{\"@id\":\"https:\/\/york.biz.pl\/#organization\"},\"potentialAction\":[{\"@type\":\"SearchAction\",\"target\":{\"@type\":\"EntryPoint\",\"urlTemplate\":\"https:\/\/york.biz.pl\/?s={search_term_string}\"},\"query-input\":{\"@type\":\"PropertyValueSpecification\",\"valueRequired\":true,\"valueName\":\"search_term_string\"}}],\"inLanguage\":\"en-US\"},{\"@type\":\"Organization\",\"@id\":\"https:\/\/york.biz.pl\/#organization\",\"name\":\"YORK\",\"url\":\"https:\/\/york.biz.pl\/\",\"logo\":{\"@type\":\"ImageObject\",\"inLanguage\":\"en-US\",\"@id\":\"https:\/\/york.biz.pl\/#\/schema\/logo\/image\/\",\"url\":\"\",\"contentUrl\":\"\",\"caption\":\"YORK\"},\"image\":{\"@id\":\"https:\/\/york.biz.pl\/#\/schema\/logo\/image\/\"}}]}<\/script>\n<!-- \/ Yoast SEO Premium plugin. -->","yoast_head_json":{"title":"Tkanina MIKROFIBRA G\u0141ADKA 205 g\/m2 - YORK","robots":{"index":"index","follow":"follow","max-snippet":"max-snippet:-1","max-image-preview":"max-image-preview:large","max-video-preview":"max-video-preview:-1"},"canonical":"https:\/\/york.biz.pl\/en\/product\/tkanina-mikrofibra-gladka-205-g-m2\/","og_locale":"en_US","og_type":"article","og_title":"Tkanina MIKROFIBRA G\u0141ADKA 205 g\/m2","og_description":"Niezawodny wyb\u00f3r dla r\u0119cznik\u00f3w o wysokiej ch\u0142onno\u015bci Mikrofibra g\u0142adka 205 g\/m2 to wyj\u0105tkowy materia\u0142, kt\u00f3ry potrafi wch\u0142on\u0105\u0107 a\u017c do 7 razy wi\u0119cej wody ni\u017c wynosi jego w\u0142asna waga, co czyni go idealnym wyborem do produkcji r\u0119cznik\u00f3w na si\u0142owni\u0119, aerobik czy basen. Dzi\u0119ki szybkiemu wch\u0142anianiu wilgoci oraz zdolno\u015bci do b\u0142yskawicznego schni\u0119cia, mikrofibra jest niezwykle praktyczna i&hellip;","og_url":"https:\/\/york.biz.pl\/en\/product\/tkanina-mikrofibra-gladka-205-g-m2\/","og_site_name":"YORK","article_modified_time":"2024-09-16T14:28:47+00:00","og_image":[{"width":638,"height":600,"url":"https:\/\/york.biz.pl\/wp-content\/uploads\/2024\/05\/mgladka.jpg","type":"image\/jpeg"}],"twitter_card":"summary_large_image","twitter_misc":{"Est. reading time":"1 minute"},"schema":{"@context":"https:\/\/schema.org","@graph":[{"@type":"WebPage","@id":"https:\/\/york.biz.pl\/produkt\/tkanina-mikrofibra-gladka-205-g-m2\/","url":"https:\/\/york.biz.pl\/produkt\/tkanina-mikrofibra-gladka-205-g-m2\/","name":"Tkanina MIKROFIBRA G\u0141ADKA 205 g\/m2 - YORK","isPartOf":{"@id":"https:\/\/york.biz.pl\/#website"},"primaryImageOfPage":{"@id":"https:\/\/york.biz.pl\/produkt\/tkanina-mikrofibra-gladka-205-g-m2\/#primaryimage"},"image":{"@id":"https:\/\/york.biz.pl\/produkt\/tkanina-mikrofibra-gladka-205-g-m2\/#primaryimage"},"thumbnailUrl":"https:\/\/york.biz.pl\/wp-content\/uploads\/2024\/05\/mgladka.jpg","datePublished":"2024-05-07T17:27:34+00:00","dateModified":"2024-09-16T14:28:47+00:00","breadcrumb":{"@id":"https:\/\/york.biz.pl\/produkt\/tkanina-mikrofibra-gladka-205-g-m2\/#breadcrumb"},"inLanguage":"en-US","potentialAction":[{"@type":"ReadAction","target":["https:\/\/york.biz.pl\/produkt\/tkanina-mikrofibra-gladka-205-g-m2\/"]}]},{"@type":"ImageObject","inLanguage":"en-US","@id":"https:\/\/york.biz.pl\/produkt\/tkanina-mikrofibra-gladka-205-g-m2\/#primaryimage","url":"https:\/\/york.biz.pl\/wp-content\/uploads\/2024\/05\/mgladka.jpg","contentUrl":"https:\/\/york.biz.pl\/wp-content\/uploads\/2024\/05\/mgladka.jpg","width":638,"height":600,"caption":"MIKROFIBRA G\u0141ADKA"},{"@type":"BreadcrumbList","@id":"https:\/\/york.biz.pl\/produkt\/tkanina-mikrofibra-gladka-205-g-m2\/#breadcrumb","itemListElement":[{"@type":"ListItem","position":1,"name":"Strona g\u0142\u00f3wna","item":"https:\/\/york.biz.pl\/"},{"@type":"ListItem","position":2,"name":"Pe\u0142na oferta","item":"https:\/\/york.biz.pl\/pelna-oferta\/"},{"@type":"ListItem","position":3,"name":"Tkanina MIKROFIBRA G\u0141ADKA 205 g\/m2"}]},{"@type":"WebSite","@id":"https:\/\/york.biz.pl\/#website","url":"https:\/\/york.biz.pl\/","name":"YORK","description":"Hurtownia tkanin na odzie\u017c robocz\u0105 - tkaniny robocze","publisher":{"@id":"https:\/\/york.biz.pl\/#organization"},"potentialAction":[{"@type":"SearchAction","target":{"@type":"EntryPoint","urlTemplate":"https:\/\/york.biz.pl\/?s={search_term_string}"},"query-input":{"@type":"PropertyValueSpecification","valueRequired":true,"valueName":"search_term_string"}}],"inLanguage":"en-US"},{"@type":"Organization","@id":"https:\/\/york.biz.pl\/#organization","name":"YORK","url":"https:\/\/york.biz.pl\/","logo":{"@type":"ImageObject","inLanguage":"en-US","@id":"https:\/\/york.biz.pl\/#\/schema\/logo\/image\/","url":"","contentUrl":"","caption":"YORK"},"image":{"@id":"https:\/\/york.biz.pl\/#\/schema\/logo\/image\/"}}]}},"_links":{"self":[{"href":"https:\/\/york.biz.pl\/en\/wp-json\/wp\/v2\/product\/95249"}],"collection":[{"href":"https:\/\/york.biz.pl\/en\/wp-json\/wp\/v2\/product"}],"about":[{"href":"https:\/\/york.biz.pl\/en\/wp-json\/wp\/v2\/types\/product"}],"version-history":[{"count":4,"href":"https:\/\/york.biz.pl\/en\/wp-json\/wp\/v2\/product\/95249\/revisions"}],"predecessor-version":[{"id":96776,"href":"https:\/\/york.biz.pl\/en\/wp-json\/wp\/v2\/product\/95249\/revisions\/96776"}],"wp:featuredmedia":[{"embeddable":true,"href":"https:\/\/york.biz.pl\/en\/wp-json\/wp\/v2\/media\/95250"}],"wp:attachment":[{"href":"https:\/\/york.biz.pl\/en\/wp-json\/wp\/v2\/media?parent=95249"}],"wp:term":[{"taxonomy":"product_cat","embeddable":true,"href":"https:\/\/york.biz.pl\/en\/wp-json\/wp\/v2\/product_cat?post=95249"},{"taxonomy":"product_tag","embeddable":true,"href":"https:\/\/york.biz.pl\/en\/wp-json\/wp\/v2\/product_tag?post=95249"}],"curies":[{"name":"wp","href":"https:\/\/api.w.org\/{rel}","templated":true}]}}