{"id":95244,"date":"2024-05-07T19:20:46","date_gmt":"2024-05-07T17:20:46","guid":{"rendered":"https:\/\/york.biz.pl\/nowa\/?post_type=product&#038;p=95244"},"modified":"2024-09-16T16:25:10","modified_gmt":"2024-09-16T14:25:10","slug":"tkanina-softshell-280-g-m2","status":"publish","type":"product","link":"https:\/\/york.biz.pl\/en\/product\/tkanina-softshell-280-g-m2\/","title":{"rendered":"SOFTSHELL Fabric 280 g\/m2"},"content":{"rendered":"<h2>Lightweight and functional protection for outdoor clothing<\/h2>\n<p><strong>SOFTSHELL Fabric 280 g\/m2<\/strong> is a versatile and valued material, ideal for outdoor clothing. It effectively protects against wind and rain, while providing thermal comfort, which makes it an excellent choice for jackets, trousers and hats.<\/p>\n<p>Softshell with a weight of 280 g\/m\u00b2 is characterized by high vapor permeability and water resistance parameters, which guarantees protection against unfavorable weather conditions, and at the same time allows for the free wicking of moisture, maintaining comfort of use.<\/p>\n<h3>Key adventages SOFTSHELL Fabric 280 g\/m2:<\/h3>\n<ul>\n<li><strong>Breathable<\/strong> provides comfort during all types of activities, allowing the skin to breathe.<\/li>\n<li><strong>Unlimited steam flow<\/strong> \u2013 effectively wicks moisture away, preventing overheating.<\/li>\n<li><strong>Possibility of Combining Colors<\/strong> \u2013 without the risk of color changes, allowing for the creation of attractive and functional clothing designs.<\/li>\n<li><strong>Color Fastness<\/strong> \u2013 the colors remain vibrant and resistant to fading, even after multiple washes.<\/li>\n<\/ul>\n<h3>Compliance with standards:<\/h3>\n<p>SOFTSHELL 280 g\/m\u00b2 fabric meets all required quality standards:<\/p>\n<ul>\n<li><strong>PN-P-84525<\/strong> \u2013 ensures the appropriate quality and safety of the material.<\/li>\n<li><strong>PN-EN ISO 13688<\/strong> \u2013 compliance with international standards for protective clothing.<\/li>\n<\/ul>\n<p>By choosing SOFTSHELL 280 g\/m\u00b2 fabric, you get a lightweight yet effective material that provides protection, comfort and durability, ideal for all-weather outdoor clothing.<\/p>","protected":false},"excerpt":{"rendered":"<p>Lekka i funkcjonalna ochrona dla odzie\u017cy outdoorowej Tkanina SOFTSHELL 280 g\/m\u00b2 to wszechstronny i ceniony materia\u0142, idealny do produkcji odzie\u017cy outdoorowej. Skutecznie chroni przed wiatrem i deszczem, zapewniaj\u0105c jednocze\u015bnie komfort termiczny, co sprawia, \u017ce jest doskona\u0142ym wyborem na kurtki, spodnie i czapki. Softshell o gramaturze 280 g\/m\u00b2 charakteryzuje si\u0119 wysokimi parametrami paroprzepuszczalno\u015bci i wodoodporno\u015bci, co&hellip;<\/p>","protected":false},"featured_media":95246,"template":"","meta":{"_acf_changed":false},"product_cat":[310],"product_tag":[],"class_list":{"0":"post-95244","1":"product","2":"type-product","3":"status-publish","4":"has-post-thumbnail","6":"product_cat-tkaniny-poliestrowe","7":"description-off","9":"first","10":"instock","11":"shipping-taxable","12":"product-type-simple"},"acf":[],"yoast_head":"<!-- This site is optimized with the Yoast SEO Premium plugin v23.9 (Yoast SEO v23.9) - https:\/\/yoast.com\/wordpress\/plugins\/seo\/ -->\n<title>Tkanina SOFTSHELL 280 g\/m2 - YORK<\/title>\n<meta name=\"robots\" content=\"index, follow, max-snippet:-1, max-image-preview:large, max-video-preview:-1\" \/>\n<link rel=\"canonical\" href=\"https:\/\/york.biz.pl\/en\/product\/tkanina-softshell-280-g-m2\/\" \/>\n<meta property=\"og:locale\" content=\"en_US\" \/>\n<meta property=\"og:type\" content=\"article\" \/>\n<meta property=\"og:title\" content=\"Tkanina SOFTSHELL 280 g\/m2\" \/>\n<meta property=\"og:description\" content=\"Lekka i funkcjonalna ochrona dla odzie\u017cy outdoorowej Tkanina SOFTSHELL 280 g\/m\u00b2 to wszechstronny i ceniony materia\u0142, idealny do produkcji odzie\u017cy outdoorowej. Skutecznie chroni przed wiatrem i deszczem, zapewniaj\u0105c jednocze\u015bnie komfort termiczny, co sprawia, \u017ce jest doskona\u0142ym wyborem na kurtki, spodnie i czapki. Softshell o gramaturze 280 g\/m\u00b2 charakteryzuje si\u0119 wysokimi parametrami paroprzepuszczalno\u015bci i wodoodporno\u015bci, co&hellip;\" \/>\n<meta property=\"og:url\" content=\"https:\/\/york.biz.pl\/en\/product\/tkanina-softshell-280-g-m2\/\" \/>\n<meta property=\"og:site_name\" content=\"YORK\" \/>\n<meta property=\"article:modified_time\" content=\"2024-09-16T14:25:10+00:00\" \/>\n<meta property=\"og:image\" content=\"https:\/\/york.biz.pl\/wp-content\/uploads\/2024\/05\/softshell270.jpg\" \/>\n\t<meta property=\"og:image:width\" content=\"638\" \/>\n\t<meta property=\"og:image:height\" content=\"600\" \/>\n\t<meta property=\"og:image:type\" content=\"image\/jpeg\" \/>\n<meta name=\"twitter:card\" content=\"summary_large_image\" \/>\n<meta name=\"twitter:label1\" content=\"Est. reading time\" \/>\n\t<meta name=\"twitter:data1\" content=\"1 minute\" \/>\n<script type=\"application\/ld+json\" class=\"yoast-schema-graph\">{\"@context\":\"https:\/\/schema.org\",\"@graph\":[{\"@type\":\"WebPage\",\"@id\":\"https:\/\/york.biz.pl\/produkt\/tkanina-softshell-280-g-m2\/\",\"url\":\"https:\/\/york.biz.pl\/produkt\/tkanina-softshell-280-g-m2\/\",\"name\":\"Tkanina SOFTSHELL 280 g\/m2 - YORK\",\"isPartOf\":{\"@id\":\"https:\/\/york.biz.pl\/#website\"},\"primaryImageOfPage\":{\"@id\":\"https:\/\/york.biz.pl\/produkt\/tkanina-softshell-280-g-m2\/#primaryimage\"},\"image\":{\"@id\":\"https:\/\/york.biz.pl\/produkt\/tkanina-softshell-280-g-m2\/#primaryimage\"},\"thumbnailUrl\":\"https:\/\/york.biz.pl\/wp-content\/uploads\/2024\/05\/softshell270.jpg\",\"datePublished\":\"2024-05-07T17:20:46+00:00\",\"dateModified\":\"2024-09-16T14:25:10+00:00\",\"breadcrumb\":{\"@id\":\"https:\/\/york.biz.pl\/produkt\/tkanina-softshell-280-g-m2\/#breadcrumb\"},\"inLanguage\":\"en-US\",\"potentialAction\":[{\"@type\":\"ReadAction\",\"target\":[\"https:\/\/york.biz.pl\/produkt\/tkanina-softshell-280-g-m2\/\"]}]},{\"@type\":\"ImageObject\",\"inLanguage\":\"en-US\",\"@id\":\"https:\/\/york.biz.pl\/produkt\/tkanina-softshell-280-g-m2\/#primaryimage\",\"url\":\"https:\/\/york.biz.pl\/wp-content\/uploads\/2024\/05\/softshell270.jpg\",\"contentUrl\":\"https:\/\/york.biz.pl\/wp-content\/uploads\/2024\/05\/softshell270.jpg\",\"width\":638,\"height\":600},{\"@type\":\"BreadcrumbList\",\"@id\":\"https:\/\/york.biz.pl\/produkt\/tkanina-softshell-280-g-m2\/#breadcrumb\",\"itemListElement\":[{\"@type\":\"ListItem\",\"position\":1,\"name\":\"Strona g\u0142\u00f3wna\",\"item\":\"https:\/\/york.biz.pl\/\"},{\"@type\":\"ListItem\",\"position\":2,\"name\":\"Pe\u0142na oferta\",\"item\":\"https:\/\/york.biz.pl\/pelna-oferta\/\"},{\"@type\":\"ListItem\",\"position\":3,\"name\":\"Tkanina SOFTSHELL 280 g\/m2\"}]},{\"@type\":\"WebSite\",\"@id\":\"https:\/\/york.biz.pl\/#website\",\"url\":\"https:\/\/york.biz.pl\/\",\"name\":\"YORK\",\"description\":\"Hurtownia tkanin na odzie\u017c robocz\u0105 - tkaniny robocze\",\"publisher\":{\"@id\":\"https:\/\/york.biz.pl\/#organization\"},\"potentialAction\":[{\"@type\":\"SearchAction\",\"target\":{\"@type\":\"EntryPoint\",\"urlTemplate\":\"https:\/\/york.biz.pl\/?s={search_term_string}\"},\"query-input\":{\"@type\":\"PropertyValueSpecification\",\"valueRequired\":true,\"valueName\":\"search_term_string\"}}],\"inLanguage\":\"en-US\"},{\"@type\":\"Organization\",\"@id\":\"https:\/\/york.biz.pl\/#organization\",\"name\":\"YORK\",\"url\":\"https:\/\/york.biz.pl\/\",\"logo\":{\"@type\":\"ImageObject\",\"inLanguage\":\"en-US\",\"@id\":\"https:\/\/york.biz.pl\/#\/schema\/logo\/image\/\",\"url\":\"\",\"contentUrl\":\"\",\"caption\":\"YORK\"},\"image\":{\"@id\":\"https:\/\/york.biz.pl\/#\/schema\/logo\/image\/\"}}]}<\/script>\n<!-- \/ Yoast SEO Premium plugin. -->","yoast_head_json":{"title":"Tkanina SOFTSHELL 280 g\/m2 - YORK","robots":{"index":"index","follow":"follow","max-snippet":"max-snippet:-1","max-image-preview":"max-image-preview:large","max-video-preview":"max-video-preview:-1"},"canonical":"https:\/\/york.biz.pl\/en\/product\/tkanina-softshell-280-g-m2\/","og_locale":"en_US","og_type":"article","og_title":"Tkanina SOFTSHELL 280 g\/m2","og_description":"Lekka i funkcjonalna ochrona dla odzie\u017cy outdoorowej Tkanina SOFTSHELL 280 g\/m\u00b2 to wszechstronny i ceniony materia\u0142, idealny do produkcji odzie\u017cy outdoorowej. Skutecznie chroni przed wiatrem i deszczem, zapewniaj\u0105c jednocze\u015bnie komfort termiczny, co sprawia, \u017ce jest doskona\u0142ym wyborem na kurtki, spodnie i czapki. Softshell o gramaturze 280 g\/m\u00b2 charakteryzuje si\u0119 wysokimi parametrami paroprzepuszczalno\u015bci i wodoodporno\u015bci, co&hellip;","og_url":"https:\/\/york.biz.pl\/en\/product\/tkanina-softshell-280-g-m2\/","og_site_name":"YORK","article_modified_time":"2024-09-16T14:25:10+00:00","og_image":[{"width":638,"height":600,"url":"https:\/\/york.biz.pl\/wp-content\/uploads\/2024\/05\/softshell270.jpg","type":"image\/jpeg"}],"twitter_card":"summary_large_image","twitter_misc":{"Est. reading time":"1 minute"},"schema":{"@context":"https:\/\/schema.org","@graph":[{"@type":"WebPage","@id":"https:\/\/york.biz.pl\/produkt\/tkanina-softshell-280-g-m2\/","url":"https:\/\/york.biz.pl\/produkt\/tkanina-softshell-280-g-m2\/","name":"Tkanina SOFTSHELL 280 g\/m2 - YORK","isPartOf":{"@id":"https:\/\/york.biz.pl\/#website"},"primaryImageOfPage":{"@id":"https:\/\/york.biz.pl\/produkt\/tkanina-softshell-280-g-m2\/#primaryimage"},"image":{"@id":"https:\/\/york.biz.pl\/produkt\/tkanina-softshell-280-g-m2\/#primaryimage"},"thumbnailUrl":"https:\/\/york.biz.pl\/wp-content\/uploads\/2024\/05\/softshell270.jpg","datePublished":"2024-05-07T17:20:46+00:00","dateModified":"2024-09-16T14:25:10+00:00","breadcrumb":{"@id":"https:\/\/york.biz.pl\/produkt\/tkanina-softshell-280-g-m2\/#breadcrumb"},"inLanguage":"en-US","potentialAction":[{"@type":"ReadAction","target":["https:\/\/york.biz.pl\/produkt\/tkanina-softshell-280-g-m2\/"]}]},{"@type":"ImageObject","inLanguage":"en-US","@id":"https:\/\/york.biz.pl\/produkt\/tkanina-softshell-280-g-m2\/#primaryimage","url":"https:\/\/york.biz.pl\/wp-content\/uploads\/2024\/05\/softshell270.jpg","contentUrl":"https:\/\/york.biz.pl\/wp-content\/uploads\/2024\/05\/softshell270.jpg","width":638,"height":600},{"@type":"BreadcrumbList","@id":"https:\/\/york.biz.pl\/produkt\/tkanina-softshell-280-g-m2\/#breadcrumb","itemListElement":[{"@type":"ListItem","position":1,"name":"Strona g\u0142\u00f3wna","item":"https:\/\/york.biz.pl\/"},{"@type":"ListItem","position":2,"name":"Pe\u0142na oferta","item":"https:\/\/york.biz.pl\/pelna-oferta\/"},{"@type":"ListItem","position":3,"name":"Tkanina SOFTSHELL 280 g\/m2"}]},{"@type":"WebSite","@id":"https:\/\/york.biz.pl\/#website","url":"https:\/\/york.biz.pl\/","name":"YORK","description":"Hurtownia tkanin na odzie\u017c robocz\u0105 - tkaniny robocze","publisher":{"@id":"https:\/\/york.biz.pl\/#organization"},"potentialAction":[{"@type":"SearchAction","target":{"@type":"EntryPoint","urlTemplate":"https:\/\/york.biz.pl\/?s={search_term_string}"},"query-input":{"@type":"PropertyValueSpecification","valueRequired":true,"valueName":"search_term_string"}}],"inLanguage":"en-US"},{"@type":"Organization","@id":"https:\/\/york.biz.pl\/#organization","name":"YORK","url":"https:\/\/york.biz.pl\/","logo":{"@type":"ImageObject","inLanguage":"en-US","@id":"https:\/\/york.biz.pl\/#\/schema\/logo\/image\/","url":"","contentUrl":"","caption":"YORK"},"image":{"@id":"https:\/\/york.biz.pl\/#\/schema\/logo\/image\/"}}]}},"_links":{"self":[{"href":"https:\/\/york.biz.pl\/en\/wp-json\/wp\/v2\/product\/95244"}],"collection":[{"href":"https:\/\/york.biz.pl\/en\/wp-json\/wp\/v2\/product"}],"about":[{"href":"https:\/\/york.biz.pl\/en\/wp-json\/wp\/v2\/types\/product"}],"version-history":[{"count":4,"href":"https:\/\/york.biz.pl\/en\/wp-json\/wp\/v2\/product\/95244\/revisions"}],"predecessor-version":[{"id":96771,"href":"https:\/\/york.biz.pl\/en\/wp-json\/wp\/v2\/product\/95244\/revisions\/96771"}],"wp:featuredmedia":[{"embeddable":true,"href":"https:\/\/york.biz.pl\/en\/wp-json\/wp\/v2\/media\/95246"}],"wp:attachment":[{"href":"https:\/\/york.biz.pl\/en\/wp-json\/wp\/v2\/media?parent=95244"}],"wp:term":[{"taxonomy":"product_cat","embeddable":true,"href":"https:\/\/york.biz.pl\/en\/wp-json\/wp\/v2\/product_cat?post=95244"},{"taxonomy":"product_tag","embeddable":true,"href":"https:\/\/york.biz.pl\/en\/wp-json\/wp\/v2\/product_tag?post=95244"}],"curies":[{"name":"wp","href":"https:\/\/api.w.org\/{rel}","templated":true}]}}