{"id":95239,"date":"2024-05-07T19:16:03","date_gmt":"2024-05-07T17:16:03","guid":{"rendered":"https:\/\/york.biz.pl\/nowa\/?post_type=product&#038;p=95239"},"modified":"2024-09-16T16:23:38","modified_gmt":"2024-09-16T14:23:38","slug":"tkanina-polar-270-g-m2","status":"publish","type":"product","link":"https:\/\/york.biz.pl\/en\/product\/tkanina-polar-270-g-m2\/","title":{"rendered":"POLAR Fabric 270 g\/m2"},"content":{"rendered":"<div class=\"flex max-w-full flex-col flex-grow\">\n<div class=\"min-h-[20px] text-message flex w-full flex-col items-end gap-2 break-words [.text-message+&amp;]:mt-5 overflow-x-auto whitespace-normal\" dir=\"auto\" data-message-author-role=\"assistant\" data-message-id=\"d12babc4-b3c3-4e27-9b56-1cd9a3227a2b\">\n<div class=\"flex w-full flex-col gap-1 empty:hidden first:pt-[3px]\">\n<div class=\"markdown prose w-full break-words dark:prose-invert light\">\n<h2>Lightweight and versatile knit for everyday comfort<\/h2>\n<p>POLAR 270 g\/m\u00b2 fabric is a synthetic knit that is perfect for producing sweatshirts, vests and as a finish for jackets and hats. Thanks to its lightness and warmth, it provides comfort of use, while maintaining its utility values \u200b\u200beven after repeated washing. Anti-pilling finish ensures that the fabric maintains high quality for a long time.<\/p>\n<h3>Key benefits of POLAR 270 g\/m\u00b2 fabric:<\/h3>\n<ul>\n<li><strong>Breathable<\/strong> \u2013 provides thermal comfort, allowing the skin to breathe during any activity.<\/li>\n<li><strong>Unlimited steam flow<\/strong> \u2013 effectively wicks moisture away, preventing overheating.<\/li>\n<li><strong>Possibility of Combining Colors<\/strong> \u2013 without the risk of changing shades, which allows you to create aesthetic and functional designs.<\/li>\n<li><strong>Color Fastness<\/strong> \u2013 the colors remain vibrant and resistant to fading, even after multiple washes.<\/li>\n<\/ul>\n<h3>Compliance with standards:<\/h3>\n<p>POLAR 270 g\/m\u00b2 fabric meets the required quality standards:<\/p>\n<ul>\n<li><strong>PN-P-84525<\/strong> \u2013 ensures the appropriate quality and safety of the material.<\/li>\n<li><strong>PN-EN ISO 13688<\/strong> \u2013 compliance with international standards for protective clothing.<\/li>\n<\/ul>\n<p>By choosing POLAR 270 g\/m\u00b2 fabric, you are investing in a lightweight yet durable material that provides warmth, comfort and aesthetics, ideal for a variety of outdoor and everyday wear applications.<\/p>\n<\/div>\n<\/div>\n<\/div>\n<\/div>\n<div class=\"mt-1 flex gap-3 empty:hidden -ml-2\">\n<div class=\"items-center justify-start rounded-xl p-1 flex\">\n<div class=\"flex items-center\"><\/div>\n<\/div>\n<\/div>","protected":false},"excerpt":{"rendered":"<p>Lekka i wszechstronna dzianina dla codziennego komfortu Tkanina POLAR 270 g\/m\u00b2 to syntetyczna dzianina, kt\u00f3ra doskonale nadaje si\u0119 do produkcji bluz, kamizelek oraz jako wyko\u0144czenie kurtek i czapek. Dzi\u0119ki swojej lekko\u015bci i ciep\u0142u, zapewnia wygod\u0119 u\u017cytkowania, a jednocze\u015bnie zachowuje swoje walory u\u017cytkowe nawet po wielokrotnym praniu. Wyko\u0144czenie antypillingowe gwarantuje, \u017ce tkanina zachowuje wysok\u0105 jako\u015b\u0107 przez&hellip;<\/p>","protected":false},"featured_media":95240,"template":"","meta":{"_acf_changed":false},"product_cat":[310],"product_tag":[],"class_list":{"0":"post-95239","1":"product","2":"type-product","3":"status-publish","4":"has-post-thumbnail","6":"product_cat-tkaniny-poliestrowe","7":"description-off","9":"first","10":"instock","11":"shipping-taxable","12":"product-type-simple"},"acf":[],"yoast_head":"<!-- This site is optimized with the Yoast SEO Premium plugin v23.9 (Yoast SEO v23.9) - https:\/\/yoast.com\/wordpress\/plugins\/seo\/ -->\n<title>Tkanina POLAR 270 g\/m2 - YORK<\/title>\n<meta name=\"robots\" content=\"index, follow, max-snippet:-1, max-image-preview:large, max-video-preview:-1\" \/>\n<link rel=\"canonical\" href=\"https:\/\/york.biz.pl\/en\/product\/tkanina-polar-270-g-m2\/\" \/>\n<meta property=\"og:locale\" content=\"en_US\" \/>\n<meta property=\"og:type\" content=\"article\" \/>\n<meta property=\"og:title\" content=\"Tkanina POLAR 270 g\/m2\" \/>\n<meta property=\"og:description\" content=\"Lekka i wszechstronna dzianina dla codziennego komfortu Tkanina POLAR 270 g\/m\u00b2 to syntetyczna dzianina, kt\u00f3ra doskonale nadaje si\u0119 do produkcji bluz, kamizelek oraz jako wyko\u0144czenie kurtek i czapek. Dzi\u0119ki swojej lekko\u015bci i ciep\u0142u, zapewnia wygod\u0119 u\u017cytkowania, a jednocze\u015bnie zachowuje swoje walory u\u017cytkowe nawet po wielokrotnym praniu. Wyko\u0144czenie antypillingowe gwarantuje, \u017ce tkanina zachowuje wysok\u0105 jako\u015b\u0107 przez&hellip;\" \/>\n<meta property=\"og:url\" content=\"https:\/\/york.biz.pl\/en\/product\/tkanina-polar-270-g-m2\/\" \/>\n<meta property=\"og:site_name\" content=\"YORK\" \/>\n<meta property=\"article:modified_time\" content=\"2024-09-16T14:23:38+00:00\" \/>\n<meta property=\"og:image\" content=\"https:\/\/york.biz.pl\/wp-content\/uploads\/2024\/05\/polar.jpg\" \/>\n\t<meta property=\"og:image:width\" content=\"638\" \/>\n\t<meta property=\"og:image:height\" content=\"600\" \/>\n\t<meta property=\"og:image:type\" content=\"image\/jpeg\" \/>\n<meta name=\"twitter:card\" content=\"summary_large_image\" \/>\n<meta name=\"twitter:label1\" content=\"Est. reading time\" \/>\n\t<meta name=\"twitter:data1\" content=\"1 minute\" \/>\n<script type=\"application\/ld+json\" class=\"yoast-schema-graph\">{\"@context\":\"https:\/\/schema.org\",\"@graph\":[{\"@type\":\"WebPage\",\"@id\":\"https:\/\/york.biz.pl\/produkt\/tkanina-polar-270-g-m2\/\",\"url\":\"https:\/\/york.biz.pl\/produkt\/tkanina-polar-270-g-m2\/\",\"name\":\"Tkanina POLAR 270 g\/m2 - YORK\",\"isPartOf\":{\"@id\":\"https:\/\/york.biz.pl\/#website\"},\"primaryImageOfPage\":{\"@id\":\"https:\/\/york.biz.pl\/produkt\/tkanina-polar-270-g-m2\/#primaryimage\"},\"image\":{\"@id\":\"https:\/\/york.biz.pl\/produkt\/tkanina-polar-270-g-m2\/#primaryimage\"},\"thumbnailUrl\":\"https:\/\/york.biz.pl\/wp-content\/uploads\/2024\/05\/polar.jpg\",\"datePublished\":\"2024-05-07T17:16:03+00:00\",\"dateModified\":\"2024-09-16T14:23:38+00:00\",\"breadcrumb\":{\"@id\":\"https:\/\/york.biz.pl\/produkt\/tkanina-polar-270-g-m2\/#breadcrumb\"},\"inLanguage\":\"en-US\",\"potentialAction\":[{\"@type\":\"ReadAction\",\"target\":[\"https:\/\/york.biz.pl\/produkt\/tkanina-polar-270-g-m2\/\"]}]},{\"@type\":\"ImageObject\",\"inLanguage\":\"en-US\",\"@id\":\"https:\/\/york.biz.pl\/produkt\/tkanina-polar-270-g-m2\/#primaryimage\",\"url\":\"https:\/\/york.biz.pl\/wp-content\/uploads\/2024\/05\/polar.jpg\",\"contentUrl\":\"https:\/\/york.biz.pl\/wp-content\/uploads\/2024\/05\/polar.jpg\",\"width\":638,\"height\":600,\"caption\":\"270 g\/m2 POLAR\"},{\"@type\":\"BreadcrumbList\",\"@id\":\"https:\/\/york.biz.pl\/produkt\/tkanina-polar-270-g-m2\/#breadcrumb\",\"itemListElement\":[{\"@type\":\"ListItem\",\"position\":1,\"name\":\"Strona g\u0142\u00f3wna\",\"item\":\"https:\/\/york.biz.pl\/\"},{\"@type\":\"ListItem\",\"position\":2,\"name\":\"Pe\u0142na oferta\",\"item\":\"https:\/\/york.biz.pl\/pelna-oferta\/\"},{\"@type\":\"ListItem\",\"position\":3,\"name\":\"Tkanina POLAR 270 g\/m2\"}]},{\"@type\":\"WebSite\",\"@id\":\"https:\/\/york.biz.pl\/#website\",\"url\":\"https:\/\/york.biz.pl\/\",\"name\":\"YORK\",\"description\":\"Hurtownia tkanin na odzie\u017c robocz\u0105 - tkaniny robocze\",\"publisher\":{\"@id\":\"https:\/\/york.biz.pl\/#organization\"},\"potentialAction\":[{\"@type\":\"SearchAction\",\"target\":{\"@type\":\"EntryPoint\",\"urlTemplate\":\"https:\/\/york.biz.pl\/?s={search_term_string}\"},\"query-input\":{\"@type\":\"PropertyValueSpecification\",\"valueRequired\":true,\"valueName\":\"search_term_string\"}}],\"inLanguage\":\"en-US\"},{\"@type\":\"Organization\",\"@id\":\"https:\/\/york.biz.pl\/#organization\",\"name\":\"YORK\",\"url\":\"https:\/\/york.biz.pl\/\",\"logo\":{\"@type\":\"ImageObject\",\"inLanguage\":\"en-US\",\"@id\":\"https:\/\/york.biz.pl\/#\/schema\/logo\/image\/\",\"url\":\"\",\"contentUrl\":\"\",\"caption\":\"YORK\"},\"image\":{\"@id\":\"https:\/\/york.biz.pl\/#\/schema\/logo\/image\/\"}}]}<\/script>\n<!-- \/ Yoast SEO Premium plugin. -->","yoast_head_json":{"title":"Tkanina POLAR 270 g\/m2 - YORK","robots":{"index":"index","follow":"follow","max-snippet":"max-snippet:-1","max-image-preview":"max-image-preview:large","max-video-preview":"max-video-preview:-1"},"canonical":"https:\/\/york.biz.pl\/en\/product\/tkanina-polar-270-g-m2\/","og_locale":"en_US","og_type":"article","og_title":"Tkanina POLAR 270 g\/m2","og_description":"Lekka i wszechstronna dzianina dla codziennego komfortu Tkanina POLAR 270 g\/m\u00b2 to syntetyczna dzianina, kt\u00f3ra doskonale nadaje si\u0119 do produkcji bluz, kamizelek oraz jako wyko\u0144czenie kurtek i czapek. Dzi\u0119ki swojej lekko\u015bci i ciep\u0142u, zapewnia wygod\u0119 u\u017cytkowania, a jednocze\u015bnie zachowuje swoje walory u\u017cytkowe nawet po wielokrotnym praniu. Wyko\u0144czenie antypillingowe gwarantuje, \u017ce tkanina zachowuje wysok\u0105 jako\u015b\u0107 przez&hellip;","og_url":"https:\/\/york.biz.pl\/en\/product\/tkanina-polar-270-g-m2\/","og_site_name":"YORK","article_modified_time":"2024-09-16T14:23:38+00:00","og_image":[{"width":638,"height":600,"url":"https:\/\/york.biz.pl\/wp-content\/uploads\/2024\/05\/polar.jpg","type":"image\/jpeg"}],"twitter_card":"summary_large_image","twitter_misc":{"Est. reading time":"1 minute"},"schema":{"@context":"https:\/\/schema.org","@graph":[{"@type":"WebPage","@id":"https:\/\/york.biz.pl\/produkt\/tkanina-polar-270-g-m2\/","url":"https:\/\/york.biz.pl\/produkt\/tkanina-polar-270-g-m2\/","name":"Tkanina POLAR 270 g\/m2 - YORK","isPartOf":{"@id":"https:\/\/york.biz.pl\/#website"},"primaryImageOfPage":{"@id":"https:\/\/york.biz.pl\/produkt\/tkanina-polar-270-g-m2\/#primaryimage"},"image":{"@id":"https:\/\/york.biz.pl\/produkt\/tkanina-polar-270-g-m2\/#primaryimage"},"thumbnailUrl":"https:\/\/york.biz.pl\/wp-content\/uploads\/2024\/05\/polar.jpg","datePublished":"2024-05-07T17:16:03+00:00","dateModified":"2024-09-16T14:23:38+00:00","breadcrumb":{"@id":"https:\/\/york.biz.pl\/produkt\/tkanina-polar-270-g-m2\/#breadcrumb"},"inLanguage":"en-US","potentialAction":[{"@type":"ReadAction","target":["https:\/\/york.biz.pl\/produkt\/tkanina-polar-270-g-m2\/"]}]},{"@type":"ImageObject","inLanguage":"en-US","@id":"https:\/\/york.biz.pl\/produkt\/tkanina-polar-270-g-m2\/#primaryimage","url":"https:\/\/york.biz.pl\/wp-content\/uploads\/2024\/05\/polar.jpg","contentUrl":"https:\/\/york.biz.pl\/wp-content\/uploads\/2024\/05\/polar.jpg","width":638,"height":600,"caption":"270 g\/m2 POLAR"},{"@type":"BreadcrumbList","@id":"https:\/\/york.biz.pl\/produkt\/tkanina-polar-270-g-m2\/#breadcrumb","itemListElement":[{"@type":"ListItem","position":1,"name":"Strona g\u0142\u00f3wna","item":"https:\/\/york.biz.pl\/"},{"@type":"ListItem","position":2,"name":"Pe\u0142na oferta","item":"https:\/\/york.biz.pl\/pelna-oferta\/"},{"@type":"ListItem","position":3,"name":"Tkanina POLAR 270 g\/m2"}]},{"@type":"WebSite","@id":"https:\/\/york.biz.pl\/#website","url":"https:\/\/york.biz.pl\/","name":"YORK","description":"Hurtownia tkanin na odzie\u017c robocz\u0105 - tkaniny robocze","publisher":{"@id":"https:\/\/york.biz.pl\/#organization"},"potentialAction":[{"@type":"SearchAction","target":{"@type":"EntryPoint","urlTemplate":"https:\/\/york.biz.pl\/?s={search_term_string}"},"query-input":{"@type":"PropertyValueSpecification","valueRequired":true,"valueName":"search_term_string"}}],"inLanguage":"en-US"},{"@type":"Organization","@id":"https:\/\/york.biz.pl\/#organization","name":"YORK","url":"https:\/\/york.biz.pl\/","logo":{"@type":"ImageObject","inLanguage":"en-US","@id":"https:\/\/york.biz.pl\/#\/schema\/logo\/image\/","url":"","contentUrl":"","caption":"YORK"},"image":{"@id":"https:\/\/york.biz.pl\/#\/schema\/logo\/image\/"}}]}},"_links":{"self":[{"href":"https:\/\/york.biz.pl\/en\/wp-json\/wp\/v2\/product\/95239"}],"collection":[{"href":"https:\/\/york.biz.pl\/en\/wp-json\/wp\/v2\/product"}],"about":[{"href":"https:\/\/york.biz.pl\/en\/wp-json\/wp\/v2\/types\/product"}],"version-history":[{"count":3,"href":"https:\/\/york.biz.pl\/en\/wp-json\/wp\/v2\/product\/95239\/revisions"}],"predecessor-version":[{"id":96769,"href":"https:\/\/york.biz.pl\/en\/wp-json\/wp\/v2\/product\/95239\/revisions\/96769"}],"wp:featuredmedia":[{"embeddable":true,"href":"https:\/\/york.biz.pl\/en\/wp-json\/wp\/v2\/media\/95240"}],"wp:attachment":[{"href":"https:\/\/york.biz.pl\/en\/wp-json\/wp\/v2\/media?parent=95239"}],"wp:term":[{"taxonomy":"product_cat","embeddable":true,"href":"https:\/\/york.biz.pl\/en\/wp-json\/wp\/v2\/product_cat?post=95239"},{"taxonomy":"product_tag","embeddable":true,"href":"https:\/\/york.biz.pl\/en\/wp-json\/wp\/v2\/product_tag?post=95239"}],"curies":[{"name":"wp","href":"https:\/\/api.w.org\/{rel}","templated":true}]}}