{"id":95236,"date":"2024-05-07T19:14:17","date_gmt":"2024-05-07T17:14:17","guid":{"rendered":"https:\/\/york.biz.pl\/nowa\/?post_type=product&#038;p=95236"},"modified":"2024-09-16T16:20:09","modified_gmt":"2024-09-16T14:20:09","slug":"tkanina-kordura-245-g-m2","status":"publish","type":"product","link":"https:\/\/york.biz.pl\/en\/product\/tkanina-kordura-245-g-m2\/","title":{"rendered":"KORDURA Fabric 245 g\/m2"},"content":{"rendered":"<h2>Durability and versatility for demanding applications<\/h2>\n<p>KORDURA 245 g\/m\u00b2 fabric is a strong and solid material with a wide range of applications, ideal for the production of sports bags, backpacks, combat vests and as reinforcement for workwear. Thanks to its exceptional resistance to friction and mechanical damage, KORDURA is irreplaceable wherever durability and reliability count.<\/p>\n<h3>Key Advantages of KORDURA 245 g\/m\u00b2 fabric:<\/h3>\n<ul>\n<li><strong>Durability against friction and mechanical damage<\/strong> \u2013 ensures durability and resistance of clothing to intensive use.<\/li>\n<li><strong>Low Shrinkage<\/strong> \u2013 retains its dimensions and shape even after washing at temperatures up to 40\u00b0C.<\/li>\n<li><strong>Color Fastness<\/strong> \u2013 colours remain intense and fade-resistant, ensuring long-lasting aesthetics.<\/li>\n<li><strong>Possibility of Combining Colors<\/strong> \u2013 without the risk of changing shades, which allows you to create aesthetic and functional designs.<\/li>\n<li><strong>Comfort of use<\/strong> \u2013 the fabric is not only durable, but also comfortable in everyday use.<\/li>\n<\/ul>\n<h3>Compliance with standards:<\/h3>\n<p>CORDURA 245 g\/m\u00b2 fabric meets the required quality standards:<\/p>\n<ul>\n<li><strong>PN-P-84525<\/strong> \u2013 ensures the appropriate quality and safety of the material.<\/li>\n<li><strong>PN-EN ISO 13688<\/strong> \u2013 ensures compliance with international standards for protective clothing.<\/li>\n<\/ul>\n<p>By choosing KORDURA 245 g\/m\u00b2 fabric, you are investing in a material that combines strength, durability and comfort, ideal for the most demanding applications.<\/p>","protected":false},"excerpt":{"rendered":"<p>Wytrzyma\u0142o\u015b\u0107 i wszechstronno\u015b\u0107 dla wymagaj\u0105cych zastosowa\u0144 Tkanina KORDURA 245 g\/m\u00b2 to mocny i solidny materia\u0142 o szerokim zastosowaniu, idealny do produkcji toreb sportowych, plecak\u00f3w, kamizelek bojowych oraz jako wzmocnienie odzie\u017cy roboczej. Dzi\u0119ki swojej wyj\u0105tkowej wytrzyma\u0142o\u015bci na tarcie i uszkodzenia mechaniczne, KORDURA jest niezast\u0105piona wsz\u0119dzie tam, gdzie liczy si\u0119 trwa\u0142o\u015b\u0107 i niezawodno\u015b\u0107. Kluczowe zalety tkaniny KORDURA&hellip;<\/p>","protected":false},"featured_media":95237,"template":"","meta":{"_acf_changed":false},"product_cat":[310],"product_tag":[],"class_list":{"0":"post-95236","1":"product","2":"type-product","3":"status-publish","4":"has-post-thumbnail","6":"product_cat-tkaniny-poliestrowe","7":"description-off","9":"first","10":"instock","11":"shipping-taxable","12":"product-type-simple"},"acf":[],"yoast_head":"<!-- This site is optimized with the Yoast SEO Premium plugin v23.9 (Yoast SEO v23.9) - https:\/\/yoast.com\/wordpress\/plugins\/seo\/ -->\n<title>Tkanina KORDURA 245 g\/m2 - YORK<\/title>\n<meta name=\"robots\" content=\"index, follow, max-snippet:-1, max-image-preview:large, max-video-preview:-1\" \/>\n<link rel=\"canonical\" href=\"https:\/\/york.biz.pl\/en\/product\/tkanina-kordura-245-g-m2\/\" \/>\n<meta property=\"og:locale\" content=\"en_US\" \/>\n<meta property=\"og:type\" content=\"article\" \/>\n<meta property=\"og:title\" content=\"Tkanina KORDURA 245 g\/m2\" \/>\n<meta property=\"og:description\" content=\"Wytrzyma\u0142o\u015b\u0107 i wszechstronno\u015b\u0107 dla wymagaj\u0105cych zastosowa\u0144 Tkanina KORDURA 245 g\/m\u00b2 to mocny i solidny materia\u0142 o szerokim zastosowaniu, idealny do produkcji toreb sportowych, plecak\u00f3w, kamizelek bojowych oraz jako wzmocnienie odzie\u017cy roboczej. Dzi\u0119ki swojej wyj\u0105tkowej wytrzyma\u0142o\u015bci na tarcie i uszkodzenia mechaniczne, KORDURA jest niezast\u0105piona wsz\u0119dzie tam, gdzie liczy si\u0119 trwa\u0142o\u015b\u0107 i niezawodno\u015b\u0107. Kluczowe zalety tkaniny KORDURA&hellip;\" \/>\n<meta property=\"og:url\" content=\"https:\/\/york.biz.pl\/en\/product\/tkanina-kordura-245-g-m2\/\" \/>\n<meta property=\"og:site_name\" content=\"YORK\" \/>\n<meta property=\"article:modified_time\" content=\"2024-09-16T14:20:09+00:00\" \/>\n<meta property=\"og:image\" content=\"https:\/\/york.biz.pl\/wp-content\/uploads\/2024\/05\/kordura.jpg\" \/>\n\t<meta property=\"og:image:width\" content=\"638\" \/>\n\t<meta property=\"og:image:height\" content=\"600\" \/>\n\t<meta property=\"og:image:type\" content=\"image\/jpeg\" \/>\n<meta name=\"twitter:card\" content=\"summary_large_image\" \/>\n<meta name=\"twitter:label1\" content=\"Est. reading time\" \/>\n\t<meta name=\"twitter:data1\" content=\"1 minute\" \/>\n<script type=\"application\/ld+json\" class=\"yoast-schema-graph\">{\"@context\":\"https:\/\/schema.org\",\"@graph\":[{\"@type\":\"WebPage\",\"@id\":\"https:\/\/york.biz.pl\/produkt\/tkanina-kordura-245-g-m2\/\",\"url\":\"https:\/\/york.biz.pl\/produkt\/tkanina-kordura-245-g-m2\/\",\"name\":\"Tkanina KORDURA 245 g\/m2 - YORK\",\"isPartOf\":{\"@id\":\"https:\/\/york.biz.pl\/#website\"},\"primaryImageOfPage\":{\"@id\":\"https:\/\/york.biz.pl\/produkt\/tkanina-kordura-245-g-m2\/#primaryimage\"},\"image\":{\"@id\":\"https:\/\/york.biz.pl\/produkt\/tkanina-kordura-245-g-m2\/#primaryimage\"},\"thumbnailUrl\":\"https:\/\/york.biz.pl\/wp-content\/uploads\/2024\/05\/kordura.jpg\",\"datePublished\":\"2024-05-07T17:14:17+00:00\",\"dateModified\":\"2024-09-16T14:20:09+00:00\",\"breadcrumb\":{\"@id\":\"https:\/\/york.biz.pl\/produkt\/tkanina-kordura-245-g-m2\/#breadcrumb\"},\"inLanguage\":\"en-US\",\"potentialAction\":[{\"@type\":\"ReadAction\",\"target\":[\"https:\/\/york.biz.pl\/produkt\/tkanina-kordura-245-g-m2\/\"]}]},{\"@type\":\"ImageObject\",\"inLanguage\":\"en-US\",\"@id\":\"https:\/\/york.biz.pl\/produkt\/tkanina-kordura-245-g-m2\/#primaryimage\",\"url\":\"https:\/\/york.biz.pl\/wp-content\/uploads\/2024\/05\/kordura.jpg\",\"contentUrl\":\"https:\/\/york.biz.pl\/wp-content\/uploads\/2024\/05\/kordura.jpg\",\"width\":638,\"height\":600,\"caption\":\"245 g\/m2 KORDURA\"},{\"@type\":\"BreadcrumbList\",\"@id\":\"https:\/\/york.biz.pl\/produkt\/tkanina-kordura-245-g-m2\/#breadcrumb\",\"itemListElement\":[{\"@type\":\"ListItem\",\"position\":1,\"name\":\"Strona g\u0142\u00f3wna\",\"item\":\"https:\/\/york.biz.pl\/\"},{\"@type\":\"ListItem\",\"position\":2,\"name\":\"Pe\u0142na oferta\",\"item\":\"https:\/\/york.biz.pl\/pelna-oferta\/\"},{\"@type\":\"ListItem\",\"position\":3,\"name\":\"Tkanina KORDURA 245 g\/m2\"}]},{\"@type\":\"WebSite\",\"@id\":\"https:\/\/york.biz.pl\/#website\",\"url\":\"https:\/\/york.biz.pl\/\",\"name\":\"YORK\",\"description\":\"Hurtownia tkanin na odzie\u017c robocz\u0105 - tkaniny robocze\",\"publisher\":{\"@id\":\"https:\/\/york.biz.pl\/#organization\"},\"potentialAction\":[{\"@type\":\"SearchAction\",\"target\":{\"@type\":\"EntryPoint\",\"urlTemplate\":\"https:\/\/york.biz.pl\/?s={search_term_string}\"},\"query-input\":{\"@type\":\"PropertyValueSpecification\",\"valueRequired\":true,\"valueName\":\"search_term_string\"}}],\"inLanguage\":\"en-US\"},{\"@type\":\"Organization\",\"@id\":\"https:\/\/york.biz.pl\/#organization\",\"name\":\"YORK\",\"url\":\"https:\/\/york.biz.pl\/\",\"logo\":{\"@type\":\"ImageObject\",\"inLanguage\":\"en-US\",\"@id\":\"https:\/\/york.biz.pl\/#\/schema\/logo\/image\/\",\"url\":\"\",\"contentUrl\":\"\",\"caption\":\"YORK\"},\"image\":{\"@id\":\"https:\/\/york.biz.pl\/#\/schema\/logo\/image\/\"}}]}<\/script>\n<!-- \/ Yoast SEO Premium plugin. -->","yoast_head_json":{"title":"Tkanina KORDURA 245 g\/m2 - YORK","robots":{"index":"index","follow":"follow","max-snippet":"max-snippet:-1","max-image-preview":"max-image-preview:large","max-video-preview":"max-video-preview:-1"},"canonical":"https:\/\/york.biz.pl\/en\/product\/tkanina-kordura-245-g-m2\/","og_locale":"en_US","og_type":"article","og_title":"Tkanina KORDURA 245 g\/m2","og_description":"Wytrzyma\u0142o\u015b\u0107 i wszechstronno\u015b\u0107 dla wymagaj\u0105cych zastosowa\u0144 Tkanina KORDURA 245 g\/m\u00b2 to mocny i solidny materia\u0142 o szerokim zastosowaniu, idealny do produkcji toreb sportowych, plecak\u00f3w, kamizelek bojowych oraz jako wzmocnienie odzie\u017cy roboczej. Dzi\u0119ki swojej wyj\u0105tkowej wytrzyma\u0142o\u015bci na tarcie i uszkodzenia mechaniczne, KORDURA jest niezast\u0105piona wsz\u0119dzie tam, gdzie liczy si\u0119 trwa\u0142o\u015b\u0107 i niezawodno\u015b\u0107. Kluczowe zalety tkaniny KORDURA&hellip;","og_url":"https:\/\/york.biz.pl\/en\/product\/tkanina-kordura-245-g-m2\/","og_site_name":"YORK","article_modified_time":"2024-09-16T14:20:09+00:00","og_image":[{"width":638,"height":600,"url":"https:\/\/york.biz.pl\/wp-content\/uploads\/2024\/05\/kordura.jpg","type":"image\/jpeg"}],"twitter_card":"summary_large_image","twitter_misc":{"Est. reading time":"1 minute"},"schema":{"@context":"https:\/\/schema.org","@graph":[{"@type":"WebPage","@id":"https:\/\/york.biz.pl\/produkt\/tkanina-kordura-245-g-m2\/","url":"https:\/\/york.biz.pl\/produkt\/tkanina-kordura-245-g-m2\/","name":"Tkanina KORDURA 245 g\/m2 - YORK","isPartOf":{"@id":"https:\/\/york.biz.pl\/#website"},"primaryImageOfPage":{"@id":"https:\/\/york.biz.pl\/produkt\/tkanina-kordura-245-g-m2\/#primaryimage"},"image":{"@id":"https:\/\/york.biz.pl\/produkt\/tkanina-kordura-245-g-m2\/#primaryimage"},"thumbnailUrl":"https:\/\/york.biz.pl\/wp-content\/uploads\/2024\/05\/kordura.jpg","datePublished":"2024-05-07T17:14:17+00:00","dateModified":"2024-09-16T14:20:09+00:00","breadcrumb":{"@id":"https:\/\/york.biz.pl\/produkt\/tkanina-kordura-245-g-m2\/#breadcrumb"},"inLanguage":"en-US","potentialAction":[{"@type":"ReadAction","target":["https:\/\/york.biz.pl\/produkt\/tkanina-kordura-245-g-m2\/"]}]},{"@type":"ImageObject","inLanguage":"en-US","@id":"https:\/\/york.biz.pl\/produkt\/tkanina-kordura-245-g-m2\/#primaryimage","url":"https:\/\/york.biz.pl\/wp-content\/uploads\/2024\/05\/kordura.jpg","contentUrl":"https:\/\/york.biz.pl\/wp-content\/uploads\/2024\/05\/kordura.jpg","width":638,"height":600,"caption":"245 g\/m2 KORDURA"},{"@type":"BreadcrumbList","@id":"https:\/\/york.biz.pl\/produkt\/tkanina-kordura-245-g-m2\/#breadcrumb","itemListElement":[{"@type":"ListItem","position":1,"name":"Strona g\u0142\u00f3wna","item":"https:\/\/york.biz.pl\/"},{"@type":"ListItem","position":2,"name":"Pe\u0142na oferta","item":"https:\/\/york.biz.pl\/pelna-oferta\/"},{"@type":"ListItem","position":3,"name":"Tkanina KORDURA 245 g\/m2"}]},{"@type":"WebSite","@id":"https:\/\/york.biz.pl\/#website","url":"https:\/\/york.biz.pl\/","name":"YORK","description":"Hurtownia tkanin na odzie\u017c robocz\u0105 - tkaniny robocze","publisher":{"@id":"https:\/\/york.biz.pl\/#organization"},"potentialAction":[{"@type":"SearchAction","target":{"@type":"EntryPoint","urlTemplate":"https:\/\/york.biz.pl\/?s={search_term_string}"},"query-input":{"@type":"PropertyValueSpecification","valueRequired":true,"valueName":"search_term_string"}}],"inLanguage":"en-US"},{"@type":"Organization","@id":"https:\/\/york.biz.pl\/#organization","name":"YORK","url":"https:\/\/york.biz.pl\/","logo":{"@type":"ImageObject","inLanguage":"en-US","@id":"https:\/\/york.biz.pl\/#\/schema\/logo\/image\/","url":"","contentUrl":"","caption":"YORK"},"image":{"@id":"https:\/\/york.biz.pl\/#\/schema\/logo\/image\/"}}]}},"_links":{"self":[{"href":"https:\/\/york.biz.pl\/en\/wp-json\/wp\/v2\/product\/95236"}],"collection":[{"href":"https:\/\/york.biz.pl\/en\/wp-json\/wp\/v2\/product"}],"about":[{"href":"https:\/\/york.biz.pl\/en\/wp-json\/wp\/v2\/types\/product"}],"version-history":[{"count":4,"href":"https:\/\/york.biz.pl\/en\/wp-json\/wp\/v2\/product\/95236\/revisions"}],"predecessor-version":[{"id":96767,"href":"https:\/\/york.biz.pl\/en\/wp-json\/wp\/v2\/product\/95236\/revisions\/96767"}],"wp:featuredmedia":[{"embeddable":true,"href":"https:\/\/york.biz.pl\/en\/wp-json\/wp\/v2\/media\/95237"}],"wp:attachment":[{"href":"https:\/\/york.biz.pl\/en\/wp-json\/wp\/v2\/media?parent=95236"}],"wp:term":[{"taxonomy":"product_cat","embeddable":true,"href":"https:\/\/york.biz.pl\/en\/wp-json\/wp\/v2\/product_cat?post=95236"},{"taxonomy":"product_tag","embeddable":true,"href":"https:\/\/york.biz.pl\/en\/wp-json\/wp\/v2\/product_tag?post=95236"}],"curies":[{"name":"wp","href":"https:\/\/api.w.org\/{rel}","templated":true}]}}