{"id":95229,"date":"2024-05-07T19:09:09","date_gmt":"2024-05-07T17:09:09","guid":{"rendered":"https:\/\/york.biz.pl\/nowa\/?post_type=product&#038;p=95229"},"modified":"2024-09-16T16:18:21","modified_gmt":"2024-09-16T14:18:21","slug":"tkanina-ortalion-120-g-m2","status":"publish","type":"product","link":"https:\/\/york.biz.pl\/en\/product\/tkanina-ortalion-120-g-m2\/","title":{"rendered":"ORTALION Fabric 120 g\/m2"},"content":{"rendered":"<h2>Lightweight, yet durable fabric with versatile use<\/h2>\n<p>ORTALION 120 g\/m\u00b2 fabric is a strong and solid material that is widely used in the production of various products, such as sports bags, backpacks, combat vests and workwear reinforcements. Despite its lightness, this fabric offers high resistance to friction and mechanical damage, making it an ideal choice for demanding applications.<\/p>\n<h3>Key advantages of the ORTALION 120 g\/m\u00b2 fabric:<\/h3>\n<ul>\n<li><strong>Durability against friction and mechanical damage<\/strong> \u2013 guarantees the durability and reliability of products even with intensive use.<\/li>\n<li><strong>Low Shrinkage<\/strong> \u2013 the fabric maintains its dimensions and shape after washing at temperatures up to 40\u00b0C.<\/li>\n<li><strong>Color Fastness<\/strong> \u2013 colours remain intense and fade-resistant, ensuring long-lasting aesthetics.<\/li>\n<li><strong>Possibility of Combining Colors<\/strong> \u2013 without the risk of changing shades, which allows you to create aesthetic and functional designs.<\/li>\n<li><strong>Comfort of use<\/strong> \u2013 light and comfortable, the fabric ensures comfort of wearing in every situation.<\/li>\n<\/ul>\n<h3>Compliance with standards:<\/h3>\n<p>ORTALION 120 g\/m\u00b2 fabric meets all required quality standards:<\/p>\n<ul>\n<li><strong>PN-P-84525<\/strong> \u2013 ensures the appropriate quality and safety of the material.<\/li>\n<li><strong>PN-EN ISO 13688<\/strong> \u2013 compliance with international standards for protective clothing.<\/li>\n<\/ul>\n<p>By choosing ORTALION 120 g\/m\u00b2 fabric, you are investing in a material that combines lightness with strength, perfect for a variety of products that require reliability and durability.<\/p>","protected":false},"excerpt":{"rendered":"<p>Lekka, a zarazem wytrzyma\u0142a tkanina o wszechstronnym zastosowaniu Tkanina ORTALION 120 g\/m\u00b2 to mocny i solidny materia\u0142, kt\u00f3ry znajduje szerokie zastosowanie w produkcji r\u00f3\u017cnorodnych produkt\u00f3w, takich jak torby sportowe, plecaki, kamizelki bojowe oraz wzmocnienia odzie\u017cy roboczej. Pomimo swojej lekko\u015bci, tkanina ta oferuje wysok\u0105 wytrzyma\u0142o\u015b\u0107 na tarcie i uszkodzenia mechaniczne, co czyni j\u0105 idealnym wyborem dla&hellip;<\/p>","protected":false},"featured_media":95230,"template":"","meta":{"_acf_changed":false},"product_cat":[310],"product_tag":[],"class_list":{"0":"post-95229","1":"product","2":"type-product","3":"status-publish","4":"has-post-thumbnail","6":"product_cat-tkaniny-poliestrowe","7":"description-off","9":"first","10":"instock","11":"shipping-taxable","12":"product-type-simple"},"acf":[],"yoast_head":"<!-- This site is optimized with the Yoast SEO Premium plugin v23.9 (Yoast SEO v23.9) - https:\/\/yoast.com\/wordpress\/plugins\/seo\/ -->\n<title>Tkanina ORTALION 120 g\/m2 - YORK<\/title>\n<meta name=\"robots\" content=\"index, follow, max-snippet:-1, max-image-preview:large, max-video-preview:-1\" \/>\n<link rel=\"canonical\" href=\"https:\/\/york.biz.pl\/en\/product\/tkanina-ortalion-120-g-m2\/\" \/>\n<meta property=\"og:locale\" content=\"en_US\" \/>\n<meta property=\"og:type\" content=\"article\" \/>\n<meta property=\"og:title\" content=\"Tkanina ORTALION 120 g\/m2\" \/>\n<meta property=\"og:description\" content=\"Lekka, a zarazem wytrzyma\u0142a tkanina o wszechstronnym zastosowaniu Tkanina ORTALION 120 g\/m\u00b2 to mocny i solidny materia\u0142, kt\u00f3ry znajduje szerokie zastosowanie w produkcji r\u00f3\u017cnorodnych produkt\u00f3w, takich jak torby sportowe, plecaki, kamizelki bojowe oraz wzmocnienia odzie\u017cy roboczej. Pomimo swojej lekko\u015bci, tkanina ta oferuje wysok\u0105 wytrzyma\u0142o\u015b\u0107 na tarcie i uszkodzenia mechaniczne, co czyni j\u0105 idealnym wyborem dla&hellip;\" \/>\n<meta property=\"og:url\" content=\"https:\/\/york.biz.pl\/en\/product\/tkanina-ortalion-120-g-m2\/\" \/>\n<meta property=\"og:site_name\" content=\"YORK\" \/>\n<meta property=\"article:modified_time\" content=\"2024-09-16T14:18:21+00:00\" \/>\n<meta property=\"og:image\" content=\"https:\/\/york.biz.pl\/wp-content\/uploads\/2024\/05\/ortalion.jpg\" \/>\n\t<meta property=\"og:image:width\" content=\"638\" \/>\n\t<meta property=\"og:image:height\" content=\"600\" \/>\n\t<meta property=\"og:image:type\" content=\"image\/jpeg\" \/>\n<meta name=\"twitter:card\" content=\"summary_large_image\" \/>\n<meta name=\"twitter:label1\" content=\"Est. reading time\" \/>\n\t<meta name=\"twitter:data1\" content=\"1 minute\" \/>\n<script type=\"application\/ld+json\" class=\"yoast-schema-graph\">{\"@context\":\"https:\/\/schema.org\",\"@graph\":[{\"@type\":\"WebPage\",\"@id\":\"https:\/\/york.biz.pl\/produkt\/tkanina-ortalion-120-g-m2\/\",\"url\":\"https:\/\/york.biz.pl\/produkt\/tkanina-ortalion-120-g-m2\/\",\"name\":\"Tkanina ORTALION 120 g\/m2 - YORK\",\"isPartOf\":{\"@id\":\"https:\/\/york.biz.pl\/#website\"},\"primaryImageOfPage\":{\"@id\":\"https:\/\/york.biz.pl\/produkt\/tkanina-ortalion-120-g-m2\/#primaryimage\"},\"image\":{\"@id\":\"https:\/\/york.biz.pl\/produkt\/tkanina-ortalion-120-g-m2\/#primaryimage\"},\"thumbnailUrl\":\"https:\/\/york.biz.pl\/wp-content\/uploads\/2024\/05\/ortalion.jpg\",\"datePublished\":\"2024-05-07T17:09:09+00:00\",\"dateModified\":\"2024-09-16T14:18:21+00:00\",\"breadcrumb\":{\"@id\":\"https:\/\/york.biz.pl\/produkt\/tkanina-ortalion-120-g-m2\/#breadcrumb\"},\"inLanguage\":\"en-US\",\"potentialAction\":[{\"@type\":\"ReadAction\",\"target\":[\"https:\/\/york.biz.pl\/produkt\/tkanina-ortalion-120-g-m2\/\"]}]},{\"@type\":\"ImageObject\",\"inLanguage\":\"en-US\",\"@id\":\"https:\/\/york.biz.pl\/produkt\/tkanina-ortalion-120-g-m2\/#primaryimage\",\"url\":\"https:\/\/york.biz.pl\/wp-content\/uploads\/2024\/05\/ortalion.jpg\",\"contentUrl\":\"https:\/\/york.biz.pl\/wp-content\/uploads\/2024\/05\/ortalion.jpg\",\"width\":638,\"height\":600,\"caption\":\"120 g\/m2 ORTALION\"},{\"@type\":\"BreadcrumbList\",\"@id\":\"https:\/\/york.biz.pl\/produkt\/tkanina-ortalion-120-g-m2\/#breadcrumb\",\"itemListElement\":[{\"@type\":\"ListItem\",\"position\":1,\"name\":\"Strona g\u0142\u00f3wna\",\"item\":\"https:\/\/york.biz.pl\/\"},{\"@type\":\"ListItem\",\"position\":2,\"name\":\"Pe\u0142na oferta\",\"item\":\"https:\/\/york.biz.pl\/pelna-oferta\/\"},{\"@type\":\"ListItem\",\"position\":3,\"name\":\"Tkanina ORTALION 120 g\/m2\"}]},{\"@type\":\"WebSite\",\"@id\":\"https:\/\/york.biz.pl\/#website\",\"url\":\"https:\/\/york.biz.pl\/\",\"name\":\"YORK\",\"description\":\"Hurtownia tkanin na odzie\u017c robocz\u0105 - tkaniny robocze\",\"publisher\":{\"@id\":\"https:\/\/york.biz.pl\/#organization\"},\"potentialAction\":[{\"@type\":\"SearchAction\",\"target\":{\"@type\":\"EntryPoint\",\"urlTemplate\":\"https:\/\/york.biz.pl\/?s={search_term_string}\"},\"query-input\":{\"@type\":\"PropertyValueSpecification\",\"valueRequired\":true,\"valueName\":\"search_term_string\"}}],\"inLanguage\":\"en-US\"},{\"@type\":\"Organization\",\"@id\":\"https:\/\/york.biz.pl\/#organization\",\"name\":\"YORK\",\"url\":\"https:\/\/york.biz.pl\/\",\"logo\":{\"@type\":\"ImageObject\",\"inLanguage\":\"en-US\",\"@id\":\"https:\/\/york.biz.pl\/#\/schema\/logo\/image\/\",\"url\":\"\",\"contentUrl\":\"\",\"caption\":\"YORK\"},\"image\":{\"@id\":\"https:\/\/york.biz.pl\/#\/schema\/logo\/image\/\"}}]}<\/script>\n<!-- \/ Yoast SEO Premium plugin. -->","yoast_head_json":{"title":"Tkanina ORTALION 120 g\/m2 - YORK","robots":{"index":"index","follow":"follow","max-snippet":"max-snippet:-1","max-image-preview":"max-image-preview:large","max-video-preview":"max-video-preview:-1"},"canonical":"https:\/\/york.biz.pl\/en\/product\/tkanina-ortalion-120-g-m2\/","og_locale":"en_US","og_type":"article","og_title":"Tkanina ORTALION 120 g\/m2","og_description":"Lekka, a zarazem wytrzyma\u0142a tkanina o wszechstronnym zastosowaniu Tkanina ORTALION 120 g\/m\u00b2 to mocny i solidny materia\u0142, kt\u00f3ry znajduje szerokie zastosowanie w produkcji r\u00f3\u017cnorodnych produkt\u00f3w, takich jak torby sportowe, plecaki, kamizelki bojowe oraz wzmocnienia odzie\u017cy roboczej. Pomimo swojej lekko\u015bci, tkanina ta oferuje wysok\u0105 wytrzyma\u0142o\u015b\u0107 na tarcie i uszkodzenia mechaniczne, co czyni j\u0105 idealnym wyborem dla&hellip;","og_url":"https:\/\/york.biz.pl\/en\/product\/tkanina-ortalion-120-g-m2\/","og_site_name":"YORK","article_modified_time":"2024-09-16T14:18:21+00:00","og_image":[{"width":638,"height":600,"url":"https:\/\/york.biz.pl\/wp-content\/uploads\/2024\/05\/ortalion.jpg","type":"image\/jpeg"}],"twitter_card":"summary_large_image","twitter_misc":{"Est. reading time":"1 minute"},"schema":{"@context":"https:\/\/schema.org","@graph":[{"@type":"WebPage","@id":"https:\/\/york.biz.pl\/produkt\/tkanina-ortalion-120-g-m2\/","url":"https:\/\/york.biz.pl\/produkt\/tkanina-ortalion-120-g-m2\/","name":"Tkanina ORTALION 120 g\/m2 - YORK","isPartOf":{"@id":"https:\/\/york.biz.pl\/#website"},"primaryImageOfPage":{"@id":"https:\/\/york.biz.pl\/produkt\/tkanina-ortalion-120-g-m2\/#primaryimage"},"image":{"@id":"https:\/\/york.biz.pl\/produkt\/tkanina-ortalion-120-g-m2\/#primaryimage"},"thumbnailUrl":"https:\/\/york.biz.pl\/wp-content\/uploads\/2024\/05\/ortalion.jpg","datePublished":"2024-05-07T17:09:09+00:00","dateModified":"2024-09-16T14:18:21+00:00","breadcrumb":{"@id":"https:\/\/york.biz.pl\/produkt\/tkanina-ortalion-120-g-m2\/#breadcrumb"},"inLanguage":"en-US","potentialAction":[{"@type":"ReadAction","target":["https:\/\/york.biz.pl\/produkt\/tkanina-ortalion-120-g-m2\/"]}]},{"@type":"ImageObject","inLanguage":"en-US","@id":"https:\/\/york.biz.pl\/produkt\/tkanina-ortalion-120-g-m2\/#primaryimage","url":"https:\/\/york.biz.pl\/wp-content\/uploads\/2024\/05\/ortalion.jpg","contentUrl":"https:\/\/york.biz.pl\/wp-content\/uploads\/2024\/05\/ortalion.jpg","width":638,"height":600,"caption":"120 g\/m2 ORTALION"},{"@type":"BreadcrumbList","@id":"https:\/\/york.biz.pl\/produkt\/tkanina-ortalion-120-g-m2\/#breadcrumb","itemListElement":[{"@type":"ListItem","position":1,"name":"Strona g\u0142\u00f3wna","item":"https:\/\/york.biz.pl\/"},{"@type":"ListItem","position":2,"name":"Pe\u0142na oferta","item":"https:\/\/york.biz.pl\/pelna-oferta\/"},{"@type":"ListItem","position":3,"name":"Tkanina ORTALION 120 g\/m2"}]},{"@type":"WebSite","@id":"https:\/\/york.biz.pl\/#website","url":"https:\/\/york.biz.pl\/","name":"YORK","description":"Hurtownia tkanin na odzie\u017c robocz\u0105 - tkaniny robocze","publisher":{"@id":"https:\/\/york.biz.pl\/#organization"},"potentialAction":[{"@type":"SearchAction","target":{"@type":"EntryPoint","urlTemplate":"https:\/\/york.biz.pl\/?s={search_term_string}"},"query-input":{"@type":"PropertyValueSpecification","valueRequired":true,"valueName":"search_term_string"}}],"inLanguage":"en-US"},{"@type":"Organization","@id":"https:\/\/york.biz.pl\/#organization","name":"YORK","url":"https:\/\/york.biz.pl\/","logo":{"@type":"ImageObject","inLanguage":"en-US","@id":"https:\/\/york.biz.pl\/#\/schema\/logo\/image\/","url":"","contentUrl":"","caption":"YORK"},"image":{"@id":"https:\/\/york.biz.pl\/#\/schema\/logo\/image\/"}}]}},"_links":{"self":[{"href":"https:\/\/york.biz.pl\/en\/wp-json\/wp\/v2\/product\/95229"}],"collection":[{"href":"https:\/\/york.biz.pl\/en\/wp-json\/wp\/v2\/product"}],"about":[{"href":"https:\/\/york.biz.pl\/en\/wp-json\/wp\/v2\/types\/product"}],"version-history":[{"count":4,"href":"https:\/\/york.biz.pl\/en\/wp-json\/wp\/v2\/product\/95229\/revisions"}],"predecessor-version":[{"id":96764,"href":"https:\/\/york.biz.pl\/en\/wp-json\/wp\/v2\/product\/95229\/revisions\/96764"}],"wp:featuredmedia":[{"embeddable":true,"href":"https:\/\/york.biz.pl\/en\/wp-json\/wp\/v2\/media\/95230"}],"wp:attachment":[{"href":"https:\/\/york.biz.pl\/en\/wp-json\/wp\/v2\/media?parent=95229"}],"wp:term":[{"taxonomy":"product_cat","embeddable":true,"href":"https:\/\/york.biz.pl\/en\/wp-json\/wp\/v2\/product_cat?post=95229"},{"taxonomy":"product_tag","embeddable":true,"href":"https:\/\/york.biz.pl\/en\/wp-json\/wp\/v2\/product_tag?post=95229"}],"curies":[{"name":"wp","href":"https:\/\/api.w.org\/{rel}","templated":true}]}}