{"id":95224,"date":"2024-05-07T19:02:45","date_gmt":"2024-05-07T17:02:45","guid":{"rendered":"https:\/\/york.biz.pl\/nowa\/?post_type=product&#038;p=95224"},"modified":"2025-01-14T10:20:40","modified_gmt":"2025-01-14T09:20:40","slug":"tkanina-industrial-205-g-m2","status":"publish","type":"product","link":"https:\/\/york.biz.pl\/en\/product\/tkanina-industrial-205-g-m2\/","title":{"rendered":"INDUSTRIAL Fabric 205 g\/m2"},"content":{"rendered":"<h2>Lightweight and durable fabric for intensive use<\/h2>\n<p>INDUSTRIAL 205 g\/m\u00b2 fabric has been specially designed to meet the demands of intensive use and frequent industrial washing at temperatures up to 85\u00b0C. It is characterized by very low shrinkage and color fastness, making it an ideal choice for rental and service of workwear. Its high wear resistance and color fastness guarantee long-term use without loss of quality and utility.<\/p>\n<h3>Key advantages of INDUSTRIAL 205 g\/m\u00b2 fabric:<\/h3>\n<ul>\n<li><strong>Suitable for industrial washing<\/strong> \u2013 withstands intensive washing at high temperatures up to 85\u00b0C, retaining its properties.<\/li>\n<li><strong>Very low shrinkage<\/strong> \u2013 the material retains its dimensions and shape even after repeated washing.<\/li>\n<li><strong>Color Fastness<\/strong> \u2013 colours remain vibrant and fade-resistant, ensuring longevity of workwear.<\/li>\n<li><strong>Wear resistance<\/strong> \u2013 guarantees long-term use without loss of functionality and aesthetics.<\/li>\n<\/ul>\n<h3>Compliance with standards:<\/h3>\n<p>INDUSTRIAL 205 g\/m\u00b2 fabric meets the highest quality and safety standards:<\/p>\n<ul>\n<li><strong>PN-P-84525<\/strong> - guaranteeing the appropriate quality of the material.<\/li>\n<li><strong>PN-EN ISO 13688<\/strong> \u2013 compliance with international standards for protective clothing.<\/li>\n<li><strong>PN-EN ISO 15797<\/strong> \u2013 adapted to industrial washing, confirmed by compliance with standards.<\/li>\n<\/ul>\n<p>By choosing the INDUSTRIAL 205 g\/m\u00b2 fabric, you gain a lightweight, yet extremely durable material that is ideal for the production of workwear, especially in conditions that require frequent and intensive washing.<\/p>","protected":false},"excerpt":{"rendered":"<p>Lekka i trwa\u0142a tkanina do intensywnego u\u017cytkowania Tkanina INDUSTRIAL 205 g\/m\u00b2 zosta\u0142a specjalnie zaprojektowana, aby sprosta\u0107 wymaganiom intensywnego u\u017cytkowania i cz\u0119stego prania przemys\u0142owego w temperaturach do 85\u00b0C. Charakteryzuje si\u0119 bardzo nisk\u0105 kurczliwo\u015bci\u0105 oraz trwa\u0142o\u015bci\u0105 barw, co czyni j\u0105 idealnym wyborem do wynajmu i serwisowania odzie\u017cy roboczej. Jej wysoka odporno\u015b\u0107 na zu\u017cycie i trwa\u0142o\u015b\u0107 kolor\u00f3w gwarantuj\u0105&hellip;<\/p>","protected":false},"featured_media":95222,"template":"","meta":{"_acf_changed":false},"product_cat":[303,309],"product_tag":[],"class_list":{"0":"post-95224","1":"product","2":"type-product","3":"status-publish","4":"has-post-thumbnail","6":"product_cat-tkaniny-specjalistyczne","7":"product_cat-serwis-odziezy","8":"description-off","10":"first","11":"instock","12":"shipping-taxable","13":"product-type-simple"},"acf":[],"yoast_head":"<!-- This site is optimized with the Yoast SEO Premium plugin v23.9 (Yoast SEO v23.9) - https:\/\/yoast.com\/wordpress\/plugins\/seo\/ -->\n<title>Tkanina INDUSTRIAL 205 g\/m2 - YORK<\/title>\n<meta name=\"robots\" content=\"index, follow, max-snippet:-1, max-image-preview:large, max-video-preview:-1\" \/>\n<link rel=\"canonical\" href=\"https:\/\/york.biz.pl\/en\/product\/tkanina-industrial-205-g-m2\/\" \/>\n<meta property=\"og:locale\" content=\"en_US\" \/>\n<meta property=\"og:type\" content=\"article\" \/>\n<meta property=\"og:title\" content=\"Tkanina INDUSTRIAL 205 g\/m2\" \/>\n<meta property=\"og:description\" content=\"Lekka i trwa\u0142a tkanina do intensywnego u\u017cytkowania Tkanina INDUSTRIAL 205 g\/m\u00b2 zosta\u0142a specjalnie zaprojektowana, aby sprosta\u0107 wymaganiom intensywnego u\u017cytkowania i cz\u0119stego prania przemys\u0142owego w temperaturach do 85\u00b0C. Charakteryzuje si\u0119 bardzo nisk\u0105 kurczliwo\u015bci\u0105 oraz trwa\u0142o\u015bci\u0105 barw, co czyni j\u0105 idealnym wyborem do wynajmu i serwisowania odzie\u017cy roboczej. Jej wysoka odporno\u015b\u0107 na zu\u017cycie i trwa\u0142o\u015b\u0107 kolor\u00f3w gwarantuj\u0105&hellip;\" \/>\n<meta property=\"og:url\" content=\"https:\/\/york.biz.pl\/en\/product\/tkanina-industrial-205-g-m2\/\" \/>\n<meta property=\"og:site_name\" content=\"YORK\" \/>\n<meta property=\"article:modified_time\" content=\"2025-01-14T09:20:40+00:00\" \/>\n<meta property=\"og:image\" content=\"https:\/\/york.biz.pl\/wp-content\/uploads\/2024\/05\/industrial205.jpg\" \/>\n\t<meta property=\"og:image:width\" content=\"638\" \/>\n\t<meta property=\"og:image:height\" content=\"600\" \/>\n\t<meta property=\"og:image:type\" content=\"image\/jpeg\" \/>\n<meta name=\"twitter:card\" content=\"summary_large_image\" \/>\n<meta name=\"twitter:label1\" content=\"Est. reading time\" \/>\n\t<meta name=\"twitter:data1\" content=\"2 minutes\" \/>\n<script type=\"application\/ld+json\" class=\"yoast-schema-graph\">{\"@context\":\"https:\/\/schema.org\",\"@graph\":[{\"@type\":\"WebPage\",\"@id\":\"https:\/\/york.biz.pl\/produkt\/tkanina-industrial-205-g-m2\/\",\"url\":\"https:\/\/york.biz.pl\/produkt\/tkanina-industrial-205-g-m2\/\",\"name\":\"Tkanina INDUSTRIAL 205 g\/m2 - YORK\",\"isPartOf\":{\"@id\":\"https:\/\/york.biz.pl\/#website\"},\"primaryImageOfPage\":{\"@id\":\"https:\/\/york.biz.pl\/produkt\/tkanina-industrial-205-g-m2\/#primaryimage\"},\"image\":{\"@id\":\"https:\/\/york.biz.pl\/produkt\/tkanina-industrial-205-g-m2\/#primaryimage\"},\"thumbnailUrl\":\"https:\/\/york.biz.pl\/wp-content\/uploads\/2024\/05\/industrial205.jpg\",\"datePublished\":\"2024-05-07T17:02:45+00:00\",\"dateModified\":\"2025-01-14T09:20:40+00:00\",\"breadcrumb\":{\"@id\":\"https:\/\/york.biz.pl\/produkt\/tkanina-industrial-205-g-m2\/#breadcrumb\"},\"inLanguage\":\"en-US\",\"potentialAction\":[{\"@type\":\"ReadAction\",\"target\":[\"https:\/\/york.biz.pl\/produkt\/tkanina-industrial-205-g-m2\/\"]}]},{\"@type\":\"ImageObject\",\"inLanguage\":\"en-US\",\"@id\":\"https:\/\/york.biz.pl\/produkt\/tkanina-industrial-205-g-m2\/#primaryimage\",\"url\":\"https:\/\/york.biz.pl\/wp-content\/uploads\/2024\/05\/industrial205.jpg\",\"contentUrl\":\"https:\/\/york.biz.pl\/wp-content\/uploads\/2024\/05\/industrial205.jpg\",\"width\":638,\"height\":600,\"caption\":\"190 g\/m2 INDUSTRIAL\"},{\"@type\":\"BreadcrumbList\",\"@id\":\"https:\/\/york.biz.pl\/produkt\/tkanina-industrial-205-g-m2\/#breadcrumb\",\"itemListElement\":[{\"@type\":\"ListItem\",\"position\":1,\"name\":\"Strona g\u0142\u00f3wna\",\"item\":\"https:\/\/york.biz.pl\/\"},{\"@type\":\"ListItem\",\"position\":2,\"name\":\"Pe\u0142na oferta\",\"item\":\"https:\/\/york.biz.pl\/pelna-oferta\/\"},{\"@type\":\"ListItem\",\"position\":3,\"name\":\"Tkanina INDUSTRIAL 205 g\/m2\"}]},{\"@type\":\"WebSite\",\"@id\":\"https:\/\/york.biz.pl\/#website\",\"url\":\"https:\/\/york.biz.pl\/\",\"name\":\"YORK\",\"description\":\"Hurtownia tkanin na odzie\u017c robocz\u0105 - tkaniny robocze\",\"publisher\":{\"@id\":\"https:\/\/york.biz.pl\/#organization\"},\"potentialAction\":[{\"@type\":\"SearchAction\",\"target\":{\"@type\":\"EntryPoint\",\"urlTemplate\":\"https:\/\/york.biz.pl\/?s={search_term_string}\"},\"query-input\":{\"@type\":\"PropertyValueSpecification\",\"valueRequired\":true,\"valueName\":\"search_term_string\"}}],\"inLanguage\":\"en-US\"},{\"@type\":\"Organization\",\"@id\":\"https:\/\/york.biz.pl\/#organization\",\"name\":\"YORK\",\"url\":\"https:\/\/york.biz.pl\/\",\"logo\":{\"@type\":\"ImageObject\",\"inLanguage\":\"en-US\",\"@id\":\"https:\/\/york.biz.pl\/#\/schema\/logo\/image\/\",\"url\":\"\",\"contentUrl\":\"\",\"caption\":\"YORK\"},\"image\":{\"@id\":\"https:\/\/york.biz.pl\/#\/schema\/logo\/image\/\"}}]}<\/script>\n<!-- \/ Yoast SEO Premium plugin. -->","yoast_head_json":{"title":"Tkanina INDUSTRIAL 205 g\/m2 - YORK","robots":{"index":"index","follow":"follow","max-snippet":"max-snippet:-1","max-image-preview":"max-image-preview:large","max-video-preview":"max-video-preview:-1"},"canonical":"https:\/\/york.biz.pl\/en\/product\/tkanina-industrial-205-g-m2\/","og_locale":"en_US","og_type":"article","og_title":"Tkanina INDUSTRIAL 205 g\/m2","og_description":"Lekka i trwa\u0142a tkanina do intensywnego u\u017cytkowania Tkanina INDUSTRIAL 205 g\/m\u00b2 zosta\u0142a specjalnie zaprojektowana, aby sprosta\u0107 wymaganiom intensywnego u\u017cytkowania i cz\u0119stego prania przemys\u0142owego w temperaturach do 85\u00b0C. Charakteryzuje si\u0119 bardzo nisk\u0105 kurczliwo\u015bci\u0105 oraz trwa\u0142o\u015bci\u0105 barw, co czyni j\u0105 idealnym wyborem do wynajmu i serwisowania odzie\u017cy roboczej. Jej wysoka odporno\u015b\u0107 na zu\u017cycie i trwa\u0142o\u015b\u0107 kolor\u00f3w gwarantuj\u0105&hellip;","og_url":"https:\/\/york.biz.pl\/en\/product\/tkanina-industrial-205-g-m2\/","og_site_name":"YORK","article_modified_time":"2025-01-14T09:20:40+00:00","og_image":[{"width":638,"height":600,"url":"https:\/\/york.biz.pl\/wp-content\/uploads\/2024\/05\/industrial205.jpg","type":"image\/jpeg"}],"twitter_card":"summary_large_image","twitter_misc":{"Est. reading time":"2 minutes"},"schema":{"@context":"https:\/\/schema.org","@graph":[{"@type":"WebPage","@id":"https:\/\/york.biz.pl\/produkt\/tkanina-industrial-205-g-m2\/","url":"https:\/\/york.biz.pl\/produkt\/tkanina-industrial-205-g-m2\/","name":"Tkanina INDUSTRIAL 205 g\/m2 - YORK","isPartOf":{"@id":"https:\/\/york.biz.pl\/#website"},"primaryImageOfPage":{"@id":"https:\/\/york.biz.pl\/produkt\/tkanina-industrial-205-g-m2\/#primaryimage"},"image":{"@id":"https:\/\/york.biz.pl\/produkt\/tkanina-industrial-205-g-m2\/#primaryimage"},"thumbnailUrl":"https:\/\/york.biz.pl\/wp-content\/uploads\/2024\/05\/industrial205.jpg","datePublished":"2024-05-07T17:02:45+00:00","dateModified":"2025-01-14T09:20:40+00:00","breadcrumb":{"@id":"https:\/\/york.biz.pl\/produkt\/tkanina-industrial-205-g-m2\/#breadcrumb"},"inLanguage":"en-US","potentialAction":[{"@type":"ReadAction","target":["https:\/\/york.biz.pl\/produkt\/tkanina-industrial-205-g-m2\/"]}]},{"@type":"ImageObject","inLanguage":"en-US","@id":"https:\/\/york.biz.pl\/produkt\/tkanina-industrial-205-g-m2\/#primaryimage","url":"https:\/\/york.biz.pl\/wp-content\/uploads\/2024\/05\/industrial205.jpg","contentUrl":"https:\/\/york.biz.pl\/wp-content\/uploads\/2024\/05\/industrial205.jpg","width":638,"height":600,"caption":"190 g\/m2 INDUSTRIAL"},{"@type":"BreadcrumbList","@id":"https:\/\/york.biz.pl\/produkt\/tkanina-industrial-205-g-m2\/#breadcrumb","itemListElement":[{"@type":"ListItem","position":1,"name":"Strona g\u0142\u00f3wna","item":"https:\/\/york.biz.pl\/"},{"@type":"ListItem","position":2,"name":"Pe\u0142na oferta","item":"https:\/\/york.biz.pl\/pelna-oferta\/"},{"@type":"ListItem","position":3,"name":"Tkanina INDUSTRIAL 205 g\/m2"}]},{"@type":"WebSite","@id":"https:\/\/york.biz.pl\/#website","url":"https:\/\/york.biz.pl\/","name":"YORK","description":"Hurtownia tkanin na odzie\u017c robocz\u0105 - tkaniny robocze","publisher":{"@id":"https:\/\/york.biz.pl\/#organization"},"potentialAction":[{"@type":"SearchAction","target":{"@type":"EntryPoint","urlTemplate":"https:\/\/york.biz.pl\/?s={search_term_string}"},"query-input":{"@type":"PropertyValueSpecification","valueRequired":true,"valueName":"search_term_string"}}],"inLanguage":"en-US"},{"@type":"Organization","@id":"https:\/\/york.biz.pl\/#organization","name":"YORK","url":"https:\/\/york.biz.pl\/","logo":{"@type":"ImageObject","inLanguage":"en-US","@id":"https:\/\/york.biz.pl\/#\/schema\/logo\/image\/","url":"","contentUrl":"","caption":"YORK"},"image":{"@id":"https:\/\/york.biz.pl\/#\/schema\/logo\/image\/"}}]}},"_links":{"self":[{"href":"https:\/\/york.biz.pl\/en\/wp-json\/wp\/v2\/product\/95224"}],"collection":[{"href":"https:\/\/york.biz.pl\/en\/wp-json\/wp\/v2\/product"}],"about":[{"href":"https:\/\/york.biz.pl\/en\/wp-json\/wp\/v2\/types\/product"}],"version-history":[{"count":4,"href":"https:\/\/york.biz.pl\/en\/wp-json\/wp\/v2\/product\/95224\/revisions"}],"predecessor-version":[{"id":96761,"href":"https:\/\/york.biz.pl\/en\/wp-json\/wp\/v2\/product\/95224\/revisions\/96761"}],"wp:featuredmedia":[{"embeddable":true,"href":"https:\/\/york.biz.pl\/en\/wp-json\/wp\/v2\/media\/95222"}],"wp:attachment":[{"href":"https:\/\/york.biz.pl\/en\/wp-json\/wp\/v2\/media?parent=95224"}],"wp:term":[{"taxonomy":"product_cat","embeddable":true,"href":"https:\/\/york.biz.pl\/en\/wp-json\/wp\/v2\/product_cat?post=95224"},{"taxonomy":"product_tag","embeddable":true,"href":"https:\/\/york.biz.pl\/en\/wp-json\/wp\/v2\/product_tag?post=95224"}],"curies":[{"name":"wp","href":"https:\/\/api.w.org\/{rel}","templated":true}]}}