{"id":95218,"date":"2024-05-07T18:55:44","date_gmt":"2024-05-07T16:55:44","guid":{"rendered":"https:\/\/york.biz.pl\/nowa\/?post_type=product&#038;p=95218"},"modified":"2024-09-02T07:49:55","modified_gmt":"2024-09-02T05:49:55","slug":"tkanina-roadman-280-g-m2","status":"publish","type":"product","link":"https:\/\/york.biz.pl\/en\/product\/tkanina-roadman-280-g-m2\/","title":{"rendered":"ROADMAN Fabric 280 g\/m2"},"content":{"rendered":"<h2>Protection and visibility in the harshest conditions<\/h2>\n<h3>ROADMAN 280 g\/m\u00b2 fabric is a high-quality protective material designed for professional outerwear. Thanks to its increased visibility and weather resistance, this fabric is perfect for heavy work both outdoors and indoors. It is the perfect choice for those who need reliable protection and comfort while working in demanding conditions. ROADMAN fabric meets the standards for fluorescent fabrics, which guarantees compliance with EN-ISO 20471.<\/h3>\n<h3>Key advantages of the ROADMAN 280 g\/m\u00b2 fabric:<\/h3>\n<ul>\n<li><strong>Durability against friction and mechanical damage<\/strong> \u2013 ensures longevity and reliability of clothing, even in intensive working conditions.<\/li>\n<li><strong>Low Shrinkage<\/strong> \u2013 the fabric retains its dimensions and shape after washing at temperatures up to 60\u00b0C.<\/li>\n<li><strong>Color Fastness<\/strong> \u2013 the colors remain vibrant and resistant to fading, even after multiple washes.<\/li>\n<li><strong>Possibility of Combining Colors<\/strong> \u2013 without the risk of color changes, allowing for the creation of attractive and functional clothing designs.<\/li>\n<li><strong>Comfort of use<\/strong> \u2013 ensures comfort and freedom of movement while working.<\/li>\n<\/ul>\n<h3>Compliance with standards:<\/h3>\n<p>ROADMAN 280 g\/m\u00b2 fabric meets all the necessary quality standards:<\/p>\n<ul>\n<li><strong>EN-ISO 20471<\/strong> \u2013 standard for high-visibility fabrics.<\/li>\n<li><strong>PN-P-84525<\/strong> \u2013 guarantees the appropriate quality and safety of the material.<\/li>\n<li><strong>PN-EN ISO 13688<\/strong> \u2013 compliance with international standards for protective clothing.<\/li>\n<\/ul>\n<p>By choosing ROADMAN 280 g\/m\u00b2 fabric, you gain a material that combines durability, visibility and comfort, ideal for the production of professional clothing designed for work in the most difficult conditions.<\/p>","protected":false},"excerpt":{"rendered":"<p>Ochrona i widoczno\u015b\u0107 w najtrudniejszych warunkach Tkanina ROADMAN 280 g\/m\u00b2 to wysokiej jako\u015bci materia\u0142 ochronny, zaprojektowany z my\u015bl\u0105 o odzie\u017cy zawodowej wierzchniej. Dzi\u0119ki podwy\u017cszonej widzialno\u015bci i odporno\u015bci na warunki atmosferyczne, tkanina ta doskonale sprawdza si\u0119 w ci\u0119\u017ckich pracach zar\u00f3wno na zewn\u0105trz, jak i wewn\u0105trz pomieszcze\u0144. Jest to idealny wyb\u00f3r dla tych, kt\u00f3rzy potrzebuj\u0105 niezawodnej ochrony&hellip;<\/p>","protected":false},"featured_media":95219,"template":"","meta":{"_acf_changed":false},"product_cat":[303,308],"product_tag":[],"class_list":{"0":"post-95218","1":"product","2":"type-product","3":"status-publish","4":"has-post-thumbnail","6":"product_cat-tkaniny-specjalistyczne","7":"product_cat-fluorescencyjne","8":"description-off","10":"first","11":"instock","12":"shipping-taxable","13":"product-type-simple"},"acf":[],"yoast_head":"<!-- This site is optimized with the Yoast SEO Premium plugin v23.9 (Yoast SEO v23.9) - https:\/\/yoast.com\/wordpress\/plugins\/seo\/ -->\n<title>Tkanina ROADMAN 280 g\/m2 - YORK<\/title>\n<meta name=\"robots\" content=\"index, follow, max-snippet:-1, max-image-preview:large, max-video-preview:-1\" \/>\n<link rel=\"canonical\" href=\"https:\/\/york.biz.pl\/en\/product\/tkanina-roadman-280-g-m2\/\" \/>\n<meta property=\"og:locale\" content=\"en_US\" \/>\n<meta property=\"og:type\" content=\"article\" \/>\n<meta property=\"og:title\" content=\"Tkanina ROADMAN 280 g\/m2\" \/>\n<meta property=\"og:description\" content=\"Ochrona i widoczno\u015b\u0107 w najtrudniejszych warunkach Tkanina ROADMAN 280 g\/m\u00b2 to wysokiej jako\u015bci materia\u0142 ochronny, zaprojektowany z my\u015bl\u0105 o odzie\u017cy zawodowej wierzchniej. Dzi\u0119ki podwy\u017cszonej widzialno\u015bci i odporno\u015bci na warunki atmosferyczne, tkanina ta doskonale sprawdza si\u0119 w ci\u0119\u017ckich pracach zar\u00f3wno na zewn\u0105trz, jak i wewn\u0105trz pomieszcze\u0144. Jest to idealny wyb\u00f3r dla tych, kt\u00f3rzy potrzebuj\u0105 niezawodnej ochrony&hellip;\" \/>\n<meta property=\"og:url\" content=\"https:\/\/york.biz.pl\/en\/product\/tkanina-roadman-280-g-m2\/\" \/>\n<meta property=\"og:site_name\" content=\"YORK\" \/>\n<meta property=\"article:modified_time\" content=\"2024-09-02T05:49:55+00:00\" \/>\n<meta property=\"og:image\" content=\"https:\/\/york.biz.pl\/wp-content\/uploads\/2024\/05\/roadman.jpg\" \/>\n\t<meta property=\"og:image:width\" content=\"638\" \/>\n\t<meta property=\"og:image:height\" content=\"600\" \/>\n\t<meta property=\"og:image:type\" content=\"image\/jpeg\" \/>\n<meta name=\"twitter:card\" content=\"summary_large_image\" \/>\n<meta name=\"twitter:label1\" content=\"Est. reading time\" \/>\n\t<meta name=\"twitter:data1\" content=\"1 minute\" \/>\n<script type=\"application\/ld+json\" class=\"yoast-schema-graph\">{\"@context\":\"https:\/\/schema.org\",\"@graph\":[{\"@type\":\"WebPage\",\"@id\":\"https:\/\/york.biz.pl\/produkt\/tkanina-roadman-280-g-m2\/\",\"url\":\"https:\/\/york.biz.pl\/produkt\/tkanina-roadman-280-g-m2\/\",\"name\":\"Tkanina ROADMAN 280 g\/m2 - YORK\",\"isPartOf\":{\"@id\":\"https:\/\/york.biz.pl\/#website\"},\"primaryImageOfPage\":{\"@id\":\"https:\/\/york.biz.pl\/produkt\/tkanina-roadman-280-g-m2\/#primaryimage\"},\"image\":{\"@id\":\"https:\/\/york.biz.pl\/produkt\/tkanina-roadman-280-g-m2\/#primaryimage\"},\"thumbnailUrl\":\"https:\/\/york.biz.pl\/wp-content\/uploads\/2024\/05\/roadman.jpg\",\"datePublished\":\"2024-05-07T16:55:44+00:00\",\"dateModified\":\"2024-09-02T05:49:55+00:00\",\"breadcrumb\":{\"@id\":\"https:\/\/york.biz.pl\/produkt\/tkanina-roadman-280-g-m2\/#breadcrumb\"},\"inLanguage\":\"en-US\",\"potentialAction\":[{\"@type\":\"ReadAction\",\"target\":[\"https:\/\/york.biz.pl\/produkt\/tkanina-roadman-280-g-m2\/\"]}]},{\"@type\":\"ImageObject\",\"inLanguage\":\"en-US\",\"@id\":\"https:\/\/york.biz.pl\/produkt\/tkanina-roadman-280-g-m2\/#primaryimage\",\"url\":\"https:\/\/york.biz.pl\/wp-content\/uploads\/2024\/05\/roadman.jpg\",\"contentUrl\":\"https:\/\/york.biz.pl\/wp-content\/uploads\/2024\/05\/roadman.jpg\",\"width\":638,\"height\":600,\"caption\":\"Roadman\"},{\"@type\":\"BreadcrumbList\",\"@id\":\"https:\/\/york.biz.pl\/produkt\/tkanina-roadman-280-g-m2\/#breadcrumb\",\"itemListElement\":[{\"@type\":\"ListItem\",\"position\":1,\"name\":\"Strona g\u0142\u00f3wna\",\"item\":\"https:\/\/york.biz.pl\/\"},{\"@type\":\"ListItem\",\"position\":2,\"name\":\"Pe\u0142na oferta\",\"item\":\"https:\/\/york.biz.pl\/pelna-oferta\/\"},{\"@type\":\"ListItem\",\"position\":3,\"name\":\"Tkanina ROADMAN 280 g\/m2\"}]},{\"@type\":\"WebSite\",\"@id\":\"https:\/\/york.biz.pl\/#website\",\"url\":\"https:\/\/york.biz.pl\/\",\"name\":\"YORK\",\"description\":\"Hurtownia tkanin na odzie\u017c robocz\u0105 - tkaniny robocze\",\"publisher\":{\"@id\":\"https:\/\/york.biz.pl\/#organization\"},\"potentialAction\":[{\"@type\":\"SearchAction\",\"target\":{\"@type\":\"EntryPoint\",\"urlTemplate\":\"https:\/\/york.biz.pl\/?s={search_term_string}\"},\"query-input\":{\"@type\":\"PropertyValueSpecification\",\"valueRequired\":true,\"valueName\":\"search_term_string\"}}],\"inLanguage\":\"en-US\"},{\"@type\":\"Organization\",\"@id\":\"https:\/\/york.biz.pl\/#organization\",\"name\":\"YORK\",\"url\":\"https:\/\/york.biz.pl\/\",\"logo\":{\"@type\":\"ImageObject\",\"inLanguage\":\"en-US\",\"@id\":\"https:\/\/york.biz.pl\/#\/schema\/logo\/image\/\",\"url\":\"\",\"contentUrl\":\"\",\"caption\":\"YORK\"},\"image\":{\"@id\":\"https:\/\/york.biz.pl\/#\/schema\/logo\/image\/\"}}]}<\/script>\n<!-- \/ Yoast SEO Premium plugin. -->","yoast_head_json":{"title":"Tkanina ROADMAN 280 g\/m2 - YORK","robots":{"index":"index","follow":"follow","max-snippet":"max-snippet:-1","max-image-preview":"max-image-preview:large","max-video-preview":"max-video-preview:-1"},"canonical":"https:\/\/york.biz.pl\/en\/product\/tkanina-roadman-280-g-m2\/","og_locale":"en_US","og_type":"article","og_title":"Tkanina ROADMAN 280 g\/m2","og_description":"Ochrona i widoczno\u015b\u0107 w najtrudniejszych warunkach Tkanina ROADMAN 280 g\/m\u00b2 to wysokiej jako\u015bci materia\u0142 ochronny, zaprojektowany z my\u015bl\u0105 o odzie\u017cy zawodowej wierzchniej. Dzi\u0119ki podwy\u017cszonej widzialno\u015bci i odporno\u015bci na warunki atmosferyczne, tkanina ta doskonale sprawdza si\u0119 w ci\u0119\u017ckich pracach zar\u00f3wno na zewn\u0105trz, jak i wewn\u0105trz pomieszcze\u0144. Jest to idealny wyb\u00f3r dla tych, kt\u00f3rzy potrzebuj\u0105 niezawodnej ochrony&hellip;","og_url":"https:\/\/york.biz.pl\/en\/product\/tkanina-roadman-280-g-m2\/","og_site_name":"YORK","article_modified_time":"2024-09-02T05:49:55+00:00","og_image":[{"width":638,"height":600,"url":"https:\/\/york.biz.pl\/wp-content\/uploads\/2024\/05\/roadman.jpg","type":"image\/jpeg"}],"twitter_card":"summary_large_image","twitter_misc":{"Est. reading time":"1 minute"},"schema":{"@context":"https:\/\/schema.org","@graph":[{"@type":"WebPage","@id":"https:\/\/york.biz.pl\/produkt\/tkanina-roadman-280-g-m2\/","url":"https:\/\/york.biz.pl\/produkt\/tkanina-roadman-280-g-m2\/","name":"Tkanina ROADMAN 280 g\/m2 - YORK","isPartOf":{"@id":"https:\/\/york.biz.pl\/#website"},"primaryImageOfPage":{"@id":"https:\/\/york.biz.pl\/produkt\/tkanina-roadman-280-g-m2\/#primaryimage"},"image":{"@id":"https:\/\/york.biz.pl\/produkt\/tkanina-roadman-280-g-m2\/#primaryimage"},"thumbnailUrl":"https:\/\/york.biz.pl\/wp-content\/uploads\/2024\/05\/roadman.jpg","datePublished":"2024-05-07T16:55:44+00:00","dateModified":"2024-09-02T05:49:55+00:00","breadcrumb":{"@id":"https:\/\/york.biz.pl\/produkt\/tkanina-roadman-280-g-m2\/#breadcrumb"},"inLanguage":"en-US","potentialAction":[{"@type":"ReadAction","target":["https:\/\/york.biz.pl\/produkt\/tkanina-roadman-280-g-m2\/"]}]},{"@type":"ImageObject","inLanguage":"en-US","@id":"https:\/\/york.biz.pl\/produkt\/tkanina-roadman-280-g-m2\/#primaryimage","url":"https:\/\/york.biz.pl\/wp-content\/uploads\/2024\/05\/roadman.jpg","contentUrl":"https:\/\/york.biz.pl\/wp-content\/uploads\/2024\/05\/roadman.jpg","width":638,"height":600,"caption":"Roadman"},{"@type":"BreadcrumbList","@id":"https:\/\/york.biz.pl\/produkt\/tkanina-roadman-280-g-m2\/#breadcrumb","itemListElement":[{"@type":"ListItem","position":1,"name":"Strona g\u0142\u00f3wna","item":"https:\/\/york.biz.pl\/"},{"@type":"ListItem","position":2,"name":"Pe\u0142na oferta","item":"https:\/\/york.biz.pl\/pelna-oferta\/"},{"@type":"ListItem","position":3,"name":"Tkanina ROADMAN 280 g\/m2"}]},{"@type":"WebSite","@id":"https:\/\/york.biz.pl\/#website","url":"https:\/\/york.biz.pl\/","name":"YORK","description":"Hurtownia tkanin na odzie\u017c robocz\u0105 - tkaniny robocze","publisher":{"@id":"https:\/\/york.biz.pl\/#organization"},"potentialAction":[{"@type":"SearchAction","target":{"@type":"EntryPoint","urlTemplate":"https:\/\/york.biz.pl\/?s={search_term_string}"},"query-input":{"@type":"PropertyValueSpecification","valueRequired":true,"valueName":"search_term_string"}}],"inLanguage":"en-US"},{"@type":"Organization","@id":"https:\/\/york.biz.pl\/#organization","name":"YORK","url":"https:\/\/york.biz.pl\/","logo":{"@type":"ImageObject","inLanguage":"en-US","@id":"https:\/\/york.biz.pl\/#\/schema\/logo\/image\/","url":"","contentUrl":"","caption":"YORK"},"image":{"@id":"https:\/\/york.biz.pl\/#\/schema\/logo\/image\/"}}]}},"_links":{"self":[{"href":"https:\/\/york.biz.pl\/en\/wp-json\/wp\/v2\/product\/95218"}],"collection":[{"href":"https:\/\/york.biz.pl\/en\/wp-json\/wp\/v2\/product"}],"about":[{"href":"https:\/\/york.biz.pl\/en\/wp-json\/wp\/v2\/types\/product"}],"version-history":[{"count":3,"href":"https:\/\/york.biz.pl\/en\/wp-json\/wp\/v2\/product\/95218\/revisions"}],"predecessor-version":[{"id":96605,"href":"https:\/\/york.biz.pl\/en\/wp-json\/wp\/v2\/product\/95218\/revisions\/96605"}],"wp:featuredmedia":[{"embeddable":true,"href":"https:\/\/york.biz.pl\/en\/wp-json\/wp\/v2\/media\/95219"}],"wp:attachment":[{"href":"https:\/\/york.biz.pl\/en\/wp-json\/wp\/v2\/media?parent=95218"}],"wp:term":[{"taxonomy":"product_cat","embeddable":true,"href":"https:\/\/york.biz.pl\/en\/wp-json\/wp\/v2\/product_cat?post=95218"},{"taxonomy":"product_tag","embeddable":true,"href":"https:\/\/york.biz.pl\/en\/wp-json\/wp\/v2\/product_tag?post=95218"}],"curies":[{"name":"wp","href":"https:\/\/api.w.org\/{rel}","templated":true}]}}