{"id":95212,"date":"2024-05-07T18:51:47","date_gmt":"2024-05-07T16:51:47","guid":{"rendered":"https:\/\/york.biz.pl\/nowa\/?post_type=product&#038;p=95212"},"modified":"2024-09-02T07:51:05","modified_gmt":"2024-09-02T05:51:05","slug":"tkanina-ratownik-180-g-m2","status":"publish","type":"product","link":"https:\/\/york.biz.pl\/en\/product\/tkanina-ratownik-180-g-m2\/","title":{"rendered":"RATOWNIK Fabric 180 g\/m2"},"content":{"rendered":"<h2>Elegance and durability for emergency medical services<\/h2>\n<p>The 180 g\/m\u00b2 RATOWNIK fabric has been specially designed with the needs of the Emergency Medical Services in mind. Its satin weave combines an elegant appearance with exceptional comfort and extraordinary durability. Thanks to the use of FLUO finish, this fabric meets the requirements of the EN-ISO 20471 standard, ensuring high visibility, which is crucial in the work of rescuers.<\/p>\n<h3>Kluczowe zalety tkaniny RATOWNIK 180 g\/m\u00b2:<\/h3>\n<ul>\n<li><strong>Durability against friction and mechanical damage<\/strong> \u2013 ensures longevity and reliability of clothing, even in intensive working conditions.<\/li>\n<li><strong>Low Shrinkage<\/strong> \u2013 the material retains its dimensions and shape after washing at temperatures up to 60\u00b0C, ensuring long-lasting use.<\/li>\n<li><strong>Color Fastness<\/strong> \u2013 the colors remain vibrant and resistant to fading, even after multiple washes.<\/li>\n<li><strong>Possibility of Combining Colors<\/strong> \u2013 without the risk of colour change, which allows the creation of aesthetic and functional rescue clothing.<\/li>\n<li><strong>Comfort of use<\/strong> \u2013 provides comfort and freedom of movement, which is crucial in demanding rescue situations.<\/li>\n<\/ul>\n<h3>Compliance with standards:<\/h3>\n<p>RATOWNIK 180 g\/m\u00b2 fabric meets all the necessary quality standards:<\/p>\n<ul>\n<li><strong>EN-ISO 20471<\/strong> \u2013 a standard for high-visibility fabrics that ensures user safety.<\/li>\n<\/ul>\n<p>By choosing the RATOWNIK 180 g\/m\u00b2 fabric, you are investing in a material that combines elegance with durability and functionality, ideal for the production of clothing for Emergency Medical Services.<\/p>","protected":false},"excerpt":{"rendered":"<p>Elegancja i trwa\u0142o\u015b\u0107 dla s\u0142u\u017cb ratownictwa medycznego Tkanina RATOWNIK 180 g\/m\u00b2 zosta\u0142a specjalnie zaprojektowana z my\u015bl\u0105 o potrzebach s\u0142u\u017cb Ratownictwa Medycznego. Jej satynowy splot \u0142\u0105czy elegancki wygl\u0105d z wyj\u0105tkowym komfortem i niezwyk\u0142\u0105 trwa\u0142o\u015bci\u0105. Dzi\u0119ki zastosowaniu wyko\u0144czenia FLUO, tkanina ta spe\u0142nia wymagania normy EN-ISO 20471, zapewniaj\u0105c wysok\u0105 widoczno\u015b\u0107, co jest kluczowe w pracy ratownik\u00f3w. Kluczowe zalety&hellip;<\/p>","protected":false},"featured_media":95213,"template":"","meta":{"_acf_changed":false},"product_cat":[303,308],"product_tag":[],"class_list":{"0":"post-95212","1":"product","2":"type-product","3":"status-publish","4":"has-post-thumbnail","6":"product_cat-tkaniny-specjalistyczne","7":"product_cat-fluorescencyjne","8":"description-off","10":"first","11":"instock","12":"shipping-taxable","13":"product-type-simple"},"acf":[],"yoast_head":"<!-- This site is optimized with the Yoast SEO Premium plugin v23.9 (Yoast SEO v23.9) - https:\/\/yoast.com\/wordpress\/plugins\/seo\/ -->\n<title>Tkanina RATOWNIK 180 g\/m2 - YORK<\/title>\n<meta name=\"robots\" content=\"index, follow, max-snippet:-1, max-image-preview:large, max-video-preview:-1\" \/>\n<link rel=\"canonical\" href=\"https:\/\/york.biz.pl\/en\/product\/tkanina-ratownik-180-g-m2\/\" \/>\n<meta property=\"og:locale\" content=\"en_US\" \/>\n<meta property=\"og:type\" content=\"article\" \/>\n<meta property=\"og:title\" content=\"Tkanina RATOWNIK 180 g\/m2\" \/>\n<meta property=\"og:description\" content=\"Elegancja i trwa\u0142o\u015b\u0107 dla s\u0142u\u017cb ratownictwa medycznego Tkanina RATOWNIK 180 g\/m\u00b2 zosta\u0142a specjalnie zaprojektowana z my\u015bl\u0105 o potrzebach s\u0142u\u017cb Ratownictwa Medycznego. Jej satynowy splot \u0142\u0105czy elegancki wygl\u0105d z wyj\u0105tkowym komfortem i niezwyk\u0142\u0105 trwa\u0142o\u015bci\u0105. Dzi\u0119ki zastosowaniu wyko\u0144czenia FLUO, tkanina ta spe\u0142nia wymagania normy EN-ISO 20471, zapewniaj\u0105c wysok\u0105 widoczno\u015b\u0107, co jest kluczowe w pracy ratownik\u00f3w. Kluczowe zalety&hellip;\" \/>\n<meta property=\"og:url\" content=\"https:\/\/york.biz.pl\/en\/product\/tkanina-ratownik-180-g-m2\/\" \/>\n<meta property=\"og:site_name\" content=\"YORK\" \/>\n<meta property=\"article:modified_time\" content=\"2024-09-02T05:51:05+00:00\" \/>\n<meta property=\"og:image\" content=\"https:\/\/york.biz.pl\/wp-content\/uploads\/2024\/05\/ratownik.jpg\" \/>\n\t<meta property=\"og:image:width\" content=\"638\" \/>\n\t<meta property=\"og:image:height\" content=\"600\" \/>\n\t<meta property=\"og:image:type\" content=\"image\/jpeg\" \/>\n<meta name=\"twitter:card\" content=\"summary_large_image\" \/>\n<meta name=\"twitter:label1\" content=\"Est. reading time\" \/>\n\t<meta name=\"twitter:data1\" content=\"1 minute\" \/>\n<script type=\"application\/ld+json\" class=\"yoast-schema-graph\">{\"@context\":\"https:\/\/schema.org\",\"@graph\":[{\"@type\":\"WebPage\",\"@id\":\"https:\/\/york.biz.pl\/produkt\/tkanina-ratownik-180-g-m2\/\",\"url\":\"https:\/\/york.biz.pl\/produkt\/tkanina-ratownik-180-g-m2\/\",\"name\":\"Tkanina RATOWNIK 180 g\/m2 - YORK\",\"isPartOf\":{\"@id\":\"https:\/\/york.biz.pl\/#website\"},\"primaryImageOfPage\":{\"@id\":\"https:\/\/york.biz.pl\/produkt\/tkanina-ratownik-180-g-m2\/#primaryimage\"},\"image\":{\"@id\":\"https:\/\/york.biz.pl\/produkt\/tkanina-ratownik-180-g-m2\/#primaryimage\"},\"thumbnailUrl\":\"https:\/\/york.biz.pl\/wp-content\/uploads\/2024\/05\/ratownik.jpg\",\"datePublished\":\"2024-05-07T16:51:47+00:00\",\"dateModified\":\"2024-09-02T05:51:05+00:00\",\"breadcrumb\":{\"@id\":\"https:\/\/york.biz.pl\/produkt\/tkanina-ratownik-180-g-m2\/#breadcrumb\"},\"inLanguage\":\"en-US\",\"potentialAction\":[{\"@type\":\"ReadAction\",\"target\":[\"https:\/\/york.biz.pl\/produkt\/tkanina-ratownik-180-g-m2\/\"]}]},{\"@type\":\"ImageObject\",\"inLanguage\":\"en-US\",\"@id\":\"https:\/\/york.biz.pl\/produkt\/tkanina-ratownik-180-g-m2\/#primaryimage\",\"url\":\"https:\/\/york.biz.pl\/wp-content\/uploads\/2024\/05\/ratownik.jpg\",\"contentUrl\":\"https:\/\/york.biz.pl\/wp-content\/uploads\/2024\/05\/ratownik.jpg\",\"width\":638,\"height\":600,\"caption\":\"180 g\/m2 RATOWNIK\"},{\"@type\":\"BreadcrumbList\",\"@id\":\"https:\/\/york.biz.pl\/produkt\/tkanina-ratownik-180-g-m2\/#breadcrumb\",\"itemListElement\":[{\"@type\":\"ListItem\",\"position\":1,\"name\":\"Strona g\u0142\u00f3wna\",\"item\":\"https:\/\/york.biz.pl\/\"},{\"@type\":\"ListItem\",\"position\":2,\"name\":\"Pe\u0142na oferta\",\"item\":\"https:\/\/york.biz.pl\/pelna-oferta\/\"},{\"@type\":\"ListItem\",\"position\":3,\"name\":\"Tkanina RATOWNIK 180 g\/m2\"}]},{\"@type\":\"WebSite\",\"@id\":\"https:\/\/york.biz.pl\/#website\",\"url\":\"https:\/\/york.biz.pl\/\",\"name\":\"YORK\",\"description\":\"Hurtownia tkanin na odzie\u017c robocz\u0105 - tkaniny robocze\",\"publisher\":{\"@id\":\"https:\/\/york.biz.pl\/#organization\"},\"potentialAction\":[{\"@type\":\"SearchAction\",\"target\":{\"@type\":\"EntryPoint\",\"urlTemplate\":\"https:\/\/york.biz.pl\/?s={search_term_string}\"},\"query-input\":{\"@type\":\"PropertyValueSpecification\",\"valueRequired\":true,\"valueName\":\"search_term_string\"}}],\"inLanguage\":\"en-US\"},{\"@type\":\"Organization\",\"@id\":\"https:\/\/york.biz.pl\/#organization\",\"name\":\"YORK\",\"url\":\"https:\/\/york.biz.pl\/\",\"logo\":{\"@type\":\"ImageObject\",\"inLanguage\":\"en-US\",\"@id\":\"https:\/\/york.biz.pl\/#\/schema\/logo\/image\/\",\"url\":\"\",\"contentUrl\":\"\",\"caption\":\"YORK\"},\"image\":{\"@id\":\"https:\/\/york.biz.pl\/#\/schema\/logo\/image\/\"}}]}<\/script>\n<!-- \/ Yoast SEO Premium plugin. -->","yoast_head_json":{"title":"Tkanina RATOWNIK 180 g\/m2 - YORK","robots":{"index":"index","follow":"follow","max-snippet":"max-snippet:-1","max-image-preview":"max-image-preview:large","max-video-preview":"max-video-preview:-1"},"canonical":"https:\/\/york.biz.pl\/en\/product\/tkanina-ratownik-180-g-m2\/","og_locale":"en_US","og_type":"article","og_title":"Tkanina RATOWNIK 180 g\/m2","og_description":"Elegancja i trwa\u0142o\u015b\u0107 dla s\u0142u\u017cb ratownictwa medycznego Tkanina RATOWNIK 180 g\/m\u00b2 zosta\u0142a specjalnie zaprojektowana z my\u015bl\u0105 o potrzebach s\u0142u\u017cb Ratownictwa Medycznego. Jej satynowy splot \u0142\u0105czy elegancki wygl\u0105d z wyj\u0105tkowym komfortem i niezwyk\u0142\u0105 trwa\u0142o\u015bci\u0105. Dzi\u0119ki zastosowaniu wyko\u0144czenia FLUO, tkanina ta spe\u0142nia wymagania normy EN-ISO 20471, zapewniaj\u0105c wysok\u0105 widoczno\u015b\u0107, co jest kluczowe w pracy ratownik\u00f3w. Kluczowe zalety&hellip;","og_url":"https:\/\/york.biz.pl\/en\/product\/tkanina-ratownik-180-g-m2\/","og_site_name":"YORK","article_modified_time":"2024-09-02T05:51:05+00:00","og_image":[{"width":638,"height":600,"url":"https:\/\/york.biz.pl\/wp-content\/uploads\/2024\/05\/ratownik.jpg","type":"image\/jpeg"}],"twitter_card":"summary_large_image","twitter_misc":{"Est. reading time":"1 minute"},"schema":{"@context":"https:\/\/schema.org","@graph":[{"@type":"WebPage","@id":"https:\/\/york.biz.pl\/produkt\/tkanina-ratownik-180-g-m2\/","url":"https:\/\/york.biz.pl\/produkt\/tkanina-ratownik-180-g-m2\/","name":"Tkanina RATOWNIK 180 g\/m2 - YORK","isPartOf":{"@id":"https:\/\/york.biz.pl\/#website"},"primaryImageOfPage":{"@id":"https:\/\/york.biz.pl\/produkt\/tkanina-ratownik-180-g-m2\/#primaryimage"},"image":{"@id":"https:\/\/york.biz.pl\/produkt\/tkanina-ratownik-180-g-m2\/#primaryimage"},"thumbnailUrl":"https:\/\/york.biz.pl\/wp-content\/uploads\/2024\/05\/ratownik.jpg","datePublished":"2024-05-07T16:51:47+00:00","dateModified":"2024-09-02T05:51:05+00:00","breadcrumb":{"@id":"https:\/\/york.biz.pl\/produkt\/tkanina-ratownik-180-g-m2\/#breadcrumb"},"inLanguage":"en-US","potentialAction":[{"@type":"ReadAction","target":["https:\/\/york.biz.pl\/produkt\/tkanina-ratownik-180-g-m2\/"]}]},{"@type":"ImageObject","inLanguage":"en-US","@id":"https:\/\/york.biz.pl\/produkt\/tkanina-ratownik-180-g-m2\/#primaryimage","url":"https:\/\/york.biz.pl\/wp-content\/uploads\/2024\/05\/ratownik.jpg","contentUrl":"https:\/\/york.biz.pl\/wp-content\/uploads\/2024\/05\/ratownik.jpg","width":638,"height":600,"caption":"180 g\/m2 RATOWNIK"},{"@type":"BreadcrumbList","@id":"https:\/\/york.biz.pl\/produkt\/tkanina-ratownik-180-g-m2\/#breadcrumb","itemListElement":[{"@type":"ListItem","position":1,"name":"Strona g\u0142\u00f3wna","item":"https:\/\/york.biz.pl\/"},{"@type":"ListItem","position":2,"name":"Pe\u0142na oferta","item":"https:\/\/york.biz.pl\/pelna-oferta\/"},{"@type":"ListItem","position":3,"name":"Tkanina RATOWNIK 180 g\/m2"}]},{"@type":"WebSite","@id":"https:\/\/york.biz.pl\/#website","url":"https:\/\/york.biz.pl\/","name":"YORK","description":"Hurtownia tkanin na odzie\u017c robocz\u0105 - tkaniny robocze","publisher":{"@id":"https:\/\/york.biz.pl\/#organization"},"potentialAction":[{"@type":"SearchAction","target":{"@type":"EntryPoint","urlTemplate":"https:\/\/york.biz.pl\/?s={search_term_string}"},"query-input":{"@type":"PropertyValueSpecification","valueRequired":true,"valueName":"search_term_string"}}],"inLanguage":"en-US"},{"@type":"Organization","@id":"https:\/\/york.biz.pl\/#organization","name":"YORK","url":"https:\/\/york.biz.pl\/","logo":{"@type":"ImageObject","inLanguage":"en-US","@id":"https:\/\/york.biz.pl\/#\/schema\/logo\/image\/","url":"","contentUrl":"","caption":"YORK"},"image":{"@id":"https:\/\/york.biz.pl\/#\/schema\/logo\/image\/"}}]}},"_links":{"self":[{"href":"https:\/\/york.biz.pl\/en\/wp-json\/wp\/v2\/product\/95212"}],"collection":[{"href":"https:\/\/york.biz.pl\/en\/wp-json\/wp\/v2\/product"}],"about":[{"href":"https:\/\/york.biz.pl\/en\/wp-json\/wp\/v2\/types\/product"}],"version-history":[{"count":2,"href":"https:\/\/york.biz.pl\/en\/wp-json\/wp\/v2\/product\/95212\/revisions"}],"predecessor-version":[{"id":96607,"href":"https:\/\/york.biz.pl\/en\/wp-json\/wp\/v2\/product\/95212\/revisions\/96607"}],"wp:featuredmedia":[{"embeddable":true,"href":"https:\/\/york.biz.pl\/en\/wp-json\/wp\/v2\/media\/95213"}],"wp:attachment":[{"href":"https:\/\/york.biz.pl\/en\/wp-json\/wp\/v2\/media?parent=95212"}],"wp:term":[{"taxonomy":"product_cat","embeddable":true,"href":"https:\/\/york.biz.pl\/en\/wp-json\/wp\/v2\/product_cat?post=95212"},{"taxonomy":"product_tag","embeddable":true,"href":"https:\/\/york.biz.pl\/en\/wp-json\/wp\/v2\/product_tag?post=95212"}],"curies":[{"name":"wp","href":"https:\/\/api.w.org\/{rel}","templated":true}]}}