{"id":95210,"date":"2024-05-07T18:49:04","date_gmt":"2024-05-07T16:49:04","guid":{"rendered":"https:\/\/york.biz.pl\/nowa\/?post_type=product&#038;p=95210"},"modified":"2025-02-07T12:09:03","modified_gmt":"2025-02-07T11:09:03","slug":"tkanina-tauron-350-g-m2","status":"publish","type":"product","link":"https:\/\/york.biz.pl\/en\/product\/tkanina-tauron-350-g-m2\/","title":{"rendered":"TAURON Fabric 350 g\/m2"},"content":{"rendered":"<h2>Versatile protection in the toughest working conditions<\/h2>\n<p>TAURON Fabric 350 g\/m2 is an advanced multi-protective material designed to provide maximum protection in demanding work environments. It is intended for use in workplaces where there is a risk of ignition due to short-term flame exposure, exposure to high temperatures, and where electrostatic charge dissipation is required. Additionally, TAURON fabric offers acid-resistant protection, safeguarding against moderately concentrated acids and the thermal effects of an electric arc.<\/p>\n<h3>Key Advantages of TAURON 350 g\/m\u00b2 fabric:<\/h3>\n<ul>\n<li><strong>Protective finish<\/strong> \u2013 the fabric is antistatic, flame-resistant, acid-resistant, and provides protection against electric arcs, making it an ideal choice for work in the most demanding conditions.<\/li>\n<li><strong>Durability of parameters<\/strong> \u2013 the fabric retains its protective properties even after 50 washing cycles, ensuring long-term use.<\/li>\n<li><strong>Low Shrinkage<\/strong> \u2013 the material retains its dimensions and shape after washing at temperatures up to 60\u00b0C, ensuring long-lasting use.<\/li>\n<li><strong>Color Fastness<\/strong> \u2013 the colors remain vibrant and resistant to fading, even after multiple washes.<\/li>\n<li><strong>Comfort of use<\/strong> \u2013 despite its advanced protective properties, the fabric is comfortable and allows for freedom of movement.<\/li>\n<\/ul>\n<h3>Compliance with standards:<\/h3>\n<p>TAURON 350 g\/m\u00b2 fabric meets the highest protection and safety standards:<\/p>\n<ul>\n<li><strong>PN-EN ISO 11612<\/strong> \u2013 protection against heat and flames.<\/li>\n<li><strong>PN-EN ISO 11611<\/strong> \u2013 protection for workers during welding and related techniques.<\/li>\n<li><strong>PN-EN ISO 1149-5<\/strong> \u2013 antistatic protection.<\/li>\n<li><strong>PN-EN ISO 13034<\/strong> \u2013 protection against liquid chemicals.<\/li>\n<li><strong>EN 61482-1<\/strong> \u2013 protection against electric arcs.<\/li>\n<li><strong>PN EN 20417<\/strong> \u2013 additional safety and health protection requirements.<\/li>\n<\/ul>\n<p>By choosing TAURON 350 g\/m\u00b2 fabric, you are investing in a material that provides comprehensive protection, durability, and comfort, making it ideal for use in the most demanding work environments.<\/p>","protected":false},"excerpt":{"rendered":"<p>Wszechstronna ochrona w najtrudniejszych warunkach pracy Tkanina TAURON 350 g\/m\u00b2 to zaawansowany materia\u0142 z grupy MULTI-ochronnych, stworzony z my\u015bl\u0105 o zapewnieniu maksymalnej ochrony w wymagaj\u0105cych warunkach pracy. Przeznaczona do stosowania na stanowiskach, gdzie istnieje ryzyko zapalenia w wyniku kr\u00f3tkotrwa\u0142ego zetkni\u0119cia z p\u0142omieniem, nara\u017cenia na dzia\u0142anie czynnik\u00f3w gor\u0105cych, a tak\u017ce tam, gdzie konieczne jest odprowadzanie \u0142adunku&hellip;<\/p>","protected":false},"featured_media":95206,"template":"","meta":{"_acf_changed":false},"product_cat":[303,307],"product_tag":[],"class_list":{"0":"post-95210","1":"product","2":"type-product","3":"status-publish","4":"has-post-thumbnail","6":"product_cat-tkaniny-specjalistyczne","7":"product_cat-multi-ochrona","8":"description-off","10":"first","11":"instock","12":"shipping-taxable","13":"product-type-simple"},"acf":[],"yoast_head":"<!-- This site is optimized with the Yoast SEO Premium plugin v23.9 (Yoast SEO v23.9) - https:\/\/yoast.com\/wordpress\/plugins\/seo\/ -->\n<title>Tkanina multiochronna Tauron 350 g\/m2<\/title>\n<meta name=\"description\" content=\"Tkanina TAURON 350 g\/m2 to zaawansowany materia\u0142 z grupy multiochronnych, stworzony z my\u015bl\u0105 o zapewnieniu maksymalnej ochrony w wymagaj\u0105cej pracy\" \/>\n<meta name=\"robots\" content=\"index, follow, max-snippet:-1, max-image-preview:large, max-video-preview:-1\" \/>\n<link rel=\"canonical\" href=\"https:\/\/york.biz.pl\/en\/product\/tkanina-tauron-350-g-m2\/\" \/>\n<meta property=\"og:locale\" content=\"en_US\" \/>\n<meta property=\"og:type\" content=\"article\" \/>\n<meta property=\"og:title\" content=\"Tkanina TAURON 350 g\/m2\" \/>\n<meta property=\"og:description\" content=\"Tkanina TAURON 350 g\/m2 to zaawansowany materia\u0142 z grupy multiochronnych, stworzony z my\u015bl\u0105 o zapewnieniu maksymalnej ochrony w wymagaj\u0105cej pracy\" \/>\n<meta property=\"og:url\" content=\"https:\/\/york.biz.pl\/en\/product\/tkanina-tauron-350-g-m2\/\" \/>\n<meta property=\"og:site_name\" content=\"YORK\" \/>\n<meta property=\"article:modified_time\" content=\"2025-02-07T11:09:03+00:00\" \/>\n<meta property=\"og:image\" content=\"https:\/\/york.biz.pl\/wp-content\/uploads\/2024\/05\/magnum320-2.jpg\" \/>\n\t<meta property=\"og:image:width\" content=\"638\" \/>\n\t<meta property=\"og:image:height\" content=\"600\" \/>\n\t<meta property=\"og:image:type\" content=\"image\/jpeg\" \/>\n<meta name=\"twitter:card\" content=\"summary_large_image\" \/>\n<meta name=\"twitter:label1\" content=\"Est. reading time\" \/>\n\t<meta name=\"twitter:data1\" content=\"2 minutes\" \/>\n<script type=\"application\/ld+json\" class=\"yoast-schema-graph\">{\"@context\":\"https:\/\/schema.org\",\"@graph\":[{\"@type\":\"WebPage\",\"@id\":\"https:\/\/york.biz.pl\/produkt\/tkanina-tauron-350-g-m2\/\",\"url\":\"https:\/\/york.biz.pl\/produkt\/tkanina-tauron-350-g-m2\/\",\"name\":\"Tkanina multiochronna Tauron 350 g\/m2\",\"isPartOf\":{\"@id\":\"https:\/\/york.biz.pl\/#website\"},\"primaryImageOfPage\":{\"@id\":\"https:\/\/york.biz.pl\/produkt\/tkanina-tauron-350-g-m2\/#primaryimage\"},\"image\":{\"@id\":\"https:\/\/york.biz.pl\/produkt\/tkanina-tauron-350-g-m2\/#primaryimage\"},\"thumbnailUrl\":\"https:\/\/york.biz.pl\/wp-content\/uploads\/2024\/05\/magnum320-2.jpg\",\"datePublished\":\"2024-05-07T16:49:04+00:00\",\"dateModified\":\"2025-02-07T11:09:03+00:00\",\"description\":\"Tkanina TAURON 350 g\/m2 to zaawansowany materia\u0142 z grupy multiochronnych, stworzony z my\u015bl\u0105 o zapewnieniu maksymalnej ochrony w wymagaj\u0105cej pracy\",\"breadcrumb\":{\"@id\":\"https:\/\/york.biz.pl\/produkt\/tkanina-tauron-350-g-m2\/#breadcrumb\"},\"inLanguage\":\"en-US\",\"potentialAction\":[{\"@type\":\"ReadAction\",\"target\":[\"https:\/\/york.biz.pl\/produkt\/tkanina-tauron-350-g-m2\/\"]}]},{\"@type\":\"ImageObject\",\"inLanguage\":\"en-US\",\"@id\":\"https:\/\/york.biz.pl\/produkt\/tkanina-tauron-350-g-m2\/#primaryimage\",\"url\":\"https:\/\/york.biz.pl\/wp-content\/uploads\/2024\/05\/magnum320-2.jpg\",\"contentUrl\":\"https:\/\/york.biz.pl\/wp-content\/uploads\/2024\/05\/magnum320-2.jpg\",\"width\":638,\"height\":600},{\"@type\":\"BreadcrumbList\",\"@id\":\"https:\/\/york.biz.pl\/produkt\/tkanina-tauron-350-g-m2\/#breadcrumb\",\"itemListElement\":[{\"@type\":\"ListItem\",\"position\":1,\"name\":\"Strona g\u0142\u00f3wna\",\"item\":\"https:\/\/york.biz.pl\/\"},{\"@type\":\"ListItem\",\"position\":2,\"name\":\"Pe\u0142na oferta\",\"item\":\"https:\/\/york.biz.pl\/pelna-oferta\/\"},{\"@type\":\"ListItem\",\"position\":3,\"name\":\"Tkanina TAURON 350 g\/m2\"}]},{\"@type\":\"WebSite\",\"@id\":\"https:\/\/york.biz.pl\/#website\",\"url\":\"https:\/\/york.biz.pl\/\",\"name\":\"YORK\",\"description\":\"Hurtownia tkanin na odzie\u017c robocz\u0105 - tkaniny robocze\",\"publisher\":{\"@id\":\"https:\/\/york.biz.pl\/#organization\"},\"potentialAction\":[{\"@type\":\"SearchAction\",\"target\":{\"@type\":\"EntryPoint\",\"urlTemplate\":\"https:\/\/york.biz.pl\/?s={search_term_string}\"},\"query-input\":{\"@type\":\"PropertyValueSpecification\",\"valueRequired\":true,\"valueName\":\"search_term_string\"}}],\"inLanguage\":\"en-US\"},{\"@type\":\"Organization\",\"@id\":\"https:\/\/york.biz.pl\/#organization\",\"name\":\"YORK\",\"url\":\"https:\/\/york.biz.pl\/\",\"logo\":{\"@type\":\"ImageObject\",\"inLanguage\":\"en-US\",\"@id\":\"https:\/\/york.biz.pl\/#\/schema\/logo\/image\/\",\"url\":\"\",\"contentUrl\":\"\",\"caption\":\"YORK\"},\"image\":{\"@id\":\"https:\/\/york.biz.pl\/#\/schema\/logo\/image\/\"}}]}<\/script>\n<!-- \/ Yoast SEO Premium plugin. -->","yoast_head_json":{"title":"Tkanina multiochronna Tauron 350 g\/m2","description":"Tkanina TAURON 350 g\/m2 to zaawansowany materia\u0142 z grupy multiochronnych, stworzony z my\u015bl\u0105 o zapewnieniu maksymalnej ochrony w wymagaj\u0105cej pracy","robots":{"index":"index","follow":"follow","max-snippet":"max-snippet:-1","max-image-preview":"max-image-preview:large","max-video-preview":"max-video-preview:-1"},"canonical":"https:\/\/york.biz.pl\/en\/product\/tkanina-tauron-350-g-m2\/","og_locale":"en_US","og_type":"article","og_title":"Tkanina TAURON 350 g\/m2","og_description":"Tkanina TAURON 350 g\/m2 to zaawansowany materia\u0142 z grupy multiochronnych, stworzony z my\u015bl\u0105 o zapewnieniu maksymalnej ochrony w wymagaj\u0105cej pracy","og_url":"https:\/\/york.biz.pl\/en\/product\/tkanina-tauron-350-g-m2\/","og_site_name":"YORK","article_modified_time":"2025-02-07T11:09:03+00:00","og_image":[{"width":638,"height":600,"url":"https:\/\/york.biz.pl\/wp-content\/uploads\/2024\/05\/magnum320-2.jpg","type":"image\/jpeg"}],"twitter_card":"summary_large_image","twitter_misc":{"Est. reading time":"2 minutes"},"schema":{"@context":"https:\/\/schema.org","@graph":[{"@type":"WebPage","@id":"https:\/\/york.biz.pl\/produkt\/tkanina-tauron-350-g-m2\/","url":"https:\/\/york.biz.pl\/produkt\/tkanina-tauron-350-g-m2\/","name":"Tkanina multiochronna Tauron 350 g\/m2","isPartOf":{"@id":"https:\/\/york.biz.pl\/#website"},"primaryImageOfPage":{"@id":"https:\/\/york.biz.pl\/produkt\/tkanina-tauron-350-g-m2\/#primaryimage"},"image":{"@id":"https:\/\/york.biz.pl\/produkt\/tkanina-tauron-350-g-m2\/#primaryimage"},"thumbnailUrl":"https:\/\/york.biz.pl\/wp-content\/uploads\/2024\/05\/magnum320-2.jpg","datePublished":"2024-05-07T16:49:04+00:00","dateModified":"2025-02-07T11:09:03+00:00","description":"Tkanina TAURON 350 g\/m2 to zaawansowany materia\u0142 z grupy multiochronnych, stworzony z my\u015bl\u0105 o zapewnieniu maksymalnej ochrony w wymagaj\u0105cej pracy","breadcrumb":{"@id":"https:\/\/york.biz.pl\/produkt\/tkanina-tauron-350-g-m2\/#breadcrumb"},"inLanguage":"en-US","potentialAction":[{"@type":"ReadAction","target":["https:\/\/york.biz.pl\/produkt\/tkanina-tauron-350-g-m2\/"]}]},{"@type":"ImageObject","inLanguage":"en-US","@id":"https:\/\/york.biz.pl\/produkt\/tkanina-tauron-350-g-m2\/#primaryimage","url":"https:\/\/york.biz.pl\/wp-content\/uploads\/2024\/05\/magnum320-2.jpg","contentUrl":"https:\/\/york.biz.pl\/wp-content\/uploads\/2024\/05\/magnum320-2.jpg","width":638,"height":600},{"@type":"BreadcrumbList","@id":"https:\/\/york.biz.pl\/produkt\/tkanina-tauron-350-g-m2\/#breadcrumb","itemListElement":[{"@type":"ListItem","position":1,"name":"Strona g\u0142\u00f3wna","item":"https:\/\/york.biz.pl\/"},{"@type":"ListItem","position":2,"name":"Pe\u0142na oferta","item":"https:\/\/york.biz.pl\/pelna-oferta\/"},{"@type":"ListItem","position":3,"name":"Tkanina TAURON 350 g\/m2"}]},{"@type":"WebSite","@id":"https:\/\/york.biz.pl\/#website","url":"https:\/\/york.biz.pl\/","name":"YORK","description":"Hurtownia tkanin na odzie\u017c robocz\u0105 - tkaniny robocze","publisher":{"@id":"https:\/\/york.biz.pl\/#organization"},"potentialAction":[{"@type":"SearchAction","target":{"@type":"EntryPoint","urlTemplate":"https:\/\/york.biz.pl\/?s={search_term_string}"},"query-input":{"@type":"PropertyValueSpecification","valueRequired":true,"valueName":"search_term_string"}}],"inLanguage":"en-US"},{"@type":"Organization","@id":"https:\/\/york.biz.pl\/#organization","name":"YORK","url":"https:\/\/york.biz.pl\/","logo":{"@type":"ImageObject","inLanguage":"en-US","@id":"https:\/\/york.biz.pl\/#\/schema\/logo\/image\/","url":"","contentUrl":"","caption":"YORK"},"image":{"@id":"https:\/\/york.biz.pl\/#\/schema\/logo\/image\/"}}]}},"_links":{"self":[{"href":"https:\/\/york.biz.pl\/en\/wp-json\/wp\/v2\/product\/95210"}],"collection":[{"href":"https:\/\/york.biz.pl\/en\/wp-json\/wp\/v2\/product"}],"about":[{"href":"https:\/\/york.biz.pl\/en\/wp-json\/wp\/v2\/types\/product"}],"version-history":[{"count":3,"href":"https:\/\/york.biz.pl\/en\/wp-json\/wp\/v2\/product\/95210\/revisions"}],"predecessor-version":[{"id":97054,"href":"https:\/\/york.biz.pl\/en\/wp-json\/wp\/v2\/product\/95210\/revisions\/97054"}],"wp:featuredmedia":[{"embeddable":true,"href":"https:\/\/york.biz.pl\/en\/wp-json\/wp\/v2\/media\/95206"}],"wp:attachment":[{"href":"https:\/\/york.biz.pl\/en\/wp-json\/wp\/v2\/media?parent=95210"}],"wp:term":[{"taxonomy":"product_cat","embeddable":true,"href":"https:\/\/york.biz.pl\/en\/wp-json\/wp\/v2\/product_cat?post=95210"},{"taxonomy":"product_tag","embeddable":true,"href":"https:\/\/york.biz.pl\/en\/wp-json\/wp\/v2\/product_tag?post=95210"}],"curies":[{"name":"wp","href":"https:\/\/api.w.org\/{rel}","templated":true}]}}