{"id":95203,"date":"2024-05-07T18:45:45","date_gmt":"2024-05-07T16:45:45","guid":{"rendered":"https:\/\/york.biz.pl\/nowa\/?post_type=product&#038;p=95203"},"modified":"2024-09-16T16:10:55","modified_gmt":"2024-09-16T14:10:55","slug":"tkanina-sauron-350-g-m2","status":"publish","type":"product","link":"https:\/\/york.biz.pl\/en\/product\/tkanina-sauron-350-g-m2\/","title":{"rendered":"SAURON Fabric 350 g\/m2"},"content":{"rendered":"<h2>Reliable protection in extreme conditions<\/h2>\n<p>SAURON Fabric 350 g\/m2 is an advanced protective material designed for maximum safety in demanding work environments. Intended for use in workplaces where there is a risk of ignition due to short-term flame exposure and for workers exposed to high-temperature conditions, this fabric offers unmatched protection. Additionally, it is adapted for environments requiring the dissipation of electrostatic charges from the human body, which is crucial in many industrial sectors. The acid-resistant finish provides additional protection against moderately concentrated acids, making this fabric ideal for use in chemical plants and other demanding environments.<\/p>\n<h3>Key Advantages of SAURON 350 g\/m\u00b2 fabric:<\/h3>\n<ul>\n<li><strong>Protective finish<\/strong> \u2013 the fabric is antistatic, flame-resistant, and acid-resistant, providing comprehensive protection in the most demanding conditions.<\/li>\n<li><strong>Durability of parameters<\/strong> \u2013 the fabric retains its protective properties even after 50 washing cycles, ensuring long-term use.<\/li>\n<li><strong>Low Shrinkage<\/strong> \u2013 the material retains its dimensions and shape after washing at temperatures up to 60\u00b0C, ensuring durability and reliability.<\/li>\n<li><strong>Color Fastness<\/strong> \u2013 the colors remain vibrant and resistant to fading, even after multiple washes.<\/li>\n<li><strong>Comfort of use<\/strong> \u2013 despite its advanced protective properties, the fabric is comfortable and allows for freedom of movement.<\/li>\n<\/ul>\n<h3>Compliance with standards:<\/h3>\n<p>SAURON 350 g\/m\u00b2 fabric meets the highest protection and safety standards:<\/p>\n<ul>\n<li><strong>PN-EN ISO 13688<\/strong> - protective clothing \u2013 general requirements.<\/li>\n<li><strong>PN-EN ISO 1149-5<\/strong> \u2013 protective clothing \u2013 electrostatic requirements.<\/li>\n<li><strong>PN-EN ISO 11611<\/strong> \u2013 protective clothing for welders and workers in related professions.<\/li>\n<li><strong>PN-EN ISO 11612<\/strong> \u2013 protection against hot elements.<\/li>\n<li><strong>PN-EN 13034:2007<\/strong> \u2013 protective clothing against liquid chemicals.<\/li>\n<\/ul>\n<p>By choosing SAURON 350 g\/m\u00b2 fabric, you are investing in a material that provides the highest level of protection, durability, and comfort, making it ideal for use in extreme working conditions.<\/p>","protected":false},"excerpt":{"rendered":"<p>Niezawodna ochrona w ekstremalnych warunkach Tkanina SAURON 350 g\/m\u00b2 to zaawansowany materia\u0142 ochronny, zaprojektowany z my\u015bl\u0105 o maksymalnym bezpiecze\u0144stwie w wymagaj\u0105cych warunkach pracy. Przeznaczona do u\u017cytkowania na stanowiskach, gdzie istnieje ryzyko zapalenia w wyniku kr\u00f3tkotrwa\u0142ego zetkni\u0119cia z p\u0142omieniem oraz dla pracownik\u00f3w nara\u017conych na dzia\u0142anie czynnik\u00f3w gor\u0105cych, tkanina ta oferuje niezr\u00f3wnan\u0105 ochron\u0119. Dodatkowo, jest przystosowana do&hellip;<\/p>","protected":false},"featured_media":95199,"template":"","meta":{"_acf_changed":false},"product_cat":[303,307],"product_tag":[],"class_list":{"0":"post-95203","1":"product","2":"type-product","3":"status-publish","4":"has-post-thumbnail","6":"product_cat-tkaniny-specjalistyczne","7":"product_cat-multi-ochrona","8":"description-off","10":"first","11":"instock","12":"shipping-taxable","13":"product-type-simple"},"acf":[],"yoast_head":"<!-- This site is optimized with the Yoast SEO Premium plugin v23.9 (Yoast SEO v23.9) - https:\/\/yoast.com\/wordpress\/plugins\/seo\/ -->\n<title>Tkanina SAURON 350 g\/m2 - YORK<\/title>\n<meta name=\"robots\" content=\"index, follow, max-snippet:-1, max-image-preview:large, max-video-preview:-1\" \/>\n<link rel=\"canonical\" href=\"https:\/\/york.biz.pl\/en\/product\/tkanina-sauron-350-g-m2\/\" \/>\n<meta property=\"og:locale\" content=\"en_US\" \/>\n<meta property=\"og:type\" content=\"article\" \/>\n<meta property=\"og:title\" content=\"Tkanina SAURON 350 g\/m2\" \/>\n<meta property=\"og:description\" content=\"Niezawodna ochrona w ekstremalnych warunkach Tkanina SAURON 350 g\/m\u00b2 to zaawansowany materia\u0142 ochronny, zaprojektowany z my\u015bl\u0105 o maksymalnym bezpiecze\u0144stwie w wymagaj\u0105cych warunkach pracy. Przeznaczona do u\u017cytkowania na stanowiskach, gdzie istnieje ryzyko zapalenia w wyniku kr\u00f3tkotrwa\u0142ego zetkni\u0119cia z p\u0142omieniem oraz dla pracownik\u00f3w nara\u017conych na dzia\u0142anie czynnik\u00f3w gor\u0105cych, tkanina ta oferuje niezr\u00f3wnan\u0105 ochron\u0119. Dodatkowo, jest przystosowana do&hellip;\" \/>\n<meta property=\"og:url\" content=\"https:\/\/york.biz.pl\/en\/product\/tkanina-sauron-350-g-m2\/\" \/>\n<meta property=\"og:site_name\" content=\"YORK\" \/>\n<meta property=\"article:modified_time\" content=\"2024-09-16T14:10:55+00:00\" \/>\n<meta property=\"og:image\" content=\"https:\/\/york.biz.pl\/wp-content\/uploads\/2024\/05\/magnum320-1.jpg\" \/>\n\t<meta property=\"og:image:width\" content=\"638\" \/>\n\t<meta property=\"og:image:height\" content=\"600\" \/>\n\t<meta property=\"og:image:type\" content=\"image\/jpeg\" \/>\n<meta name=\"twitter:card\" content=\"summary_large_image\" \/>\n<meta name=\"twitter:label1\" content=\"Est. reading time\" \/>\n\t<meta name=\"twitter:data1\" content=\"2 minutes\" \/>\n<script type=\"application\/ld+json\" class=\"yoast-schema-graph\">{\"@context\":\"https:\/\/schema.org\",\"@graph\":[{\"@type\":\"WebPage\",\"@id\":\"https:\/\/york.biz.pl\/produkt\/tkanina-sauron-350-g-m2\/\",\"url\":\"https:\/\/york.biz.pl\/produkt\/tkanina-sauron-350-g-m2\/\",\"name\":\"Tkanina SAURON 350 g\/m2 - YORK\",\"isPartOf\":{\"@id\":\"https:\/\/york.biz.pl\/#website\"},\"primaryImageOfPage\":{\"@id\":\"https:\/\/york.biz.pl\/produkt\/tkanina-sauron-350-g-m2\/#primaryimage\"},\"image\":{\"@id\":\"https:\/\/york.biz.pl\/produkt\/tkanina-sauron-350-g-m2\/#primaryimage\"},\"thumbnailUrl\":\"https:\/\/york.biz.pl\/wp-content\/uploads\/2024\/05\/magnum320-1.jpg\",\"datePublished\":\"2024-05-07T16:45:45+00:00\",\"dateModified\":\"2024-09-16T14:10:55+00:00\",\"breadcrumb\":{\"@id\":\"https:\/\/york.biz.pl\/produkt\/tkanina-sauron-350-g-m2\/#breadcrumb\"},\"inLanguage\":\"en-US\",\"potentialAction\":[{\"@type\":\"ReadAction\",\"target\":[\"https:\/\/york.biz.pl\/produkt\/tkanina-sauron-350-g-m2\/\"]}]},{\"@type\":\"ImageObject\",\"inLanguage\":\"en-US\",\"@id\":\"https:\/\/york.biz.pl\/produkt\/tkanina-sauron-350-g-m2\/#primaryimage\",\"url\":\"https:\/\/york.biz.pl\/wp-content\/uploads\/2024\/05\/magnum320-1.jpg\",\"contentUrl\":\"https:\/\/york.biz.pl\/wp-content\/uploads\/2024\/05\/magnum320-1.jpg\",\"width\":638,\"height\":600,\"caption\":\"260 g\/m2 Sauron\"},{\"@type\":\"BreadcrumbList\",\"@id\":\"https:\/\/york.biz.pl\/produkt\/tkanina-sauron-350-g-m2\/#breadcrumb\",\"itemListElement\":[{\"@type\":\"ListItem\",\"position\":1,\"name\":\"Strona g\u0142\u00f3wna\",\"item\":\"https:\/\/york.biz.pl\/\"},{\"@type\":\"ListItem\",\"position\":2,\"name\":\"Pe\u0142na oferta\",\"item\":\"https:\/\/york.biz.pl\/pelna-oferta\/\"},{\"@type\":\"ListItem\",\"position\":3,\"name\":\"Tkanina SAURON 350 g\/m2\"}]},{\"@type\":\"WebSite\",\"@id\":\"https:\/\/york.biz.pl\/#website\",\"url\":\"https:\/\/york.biz.pl\/\",\"name\":\"YORK\",\"description\":\"Hurtownia tkanin na odzie\u017c robocz\u0105 - tkaniny robocze\",\"publisher\":{\"@id\":\"https:\/\/york.biz.pl\/#organization\"},\"potentialAction\":[{\"@type\":\"SearchAction\",\"target\":{\"@type\":\"EntryPoint\",\"urlTemplate\":\"https:\/\/york.biz.pl\/?s={search_term_string}\"},\"query-input\":{\"@type\":\"PropertyValueSpecification\",\"valueRequired\":true,\"valueName\":\"search_term_string\"}}],\"inLanguage\":\"en-US\"},{\"@type\":\"Organization\",\"@id\":\"https:\/\/york.biz.pl\/#organization\",\"name\":\"YORK\",\"url\":\"https:\/\/york.biz.pl\/\",\"logo\":{\"@type\":\"ImageObject\",\"inLanguage\":\"en-US\",\"@id\":\"https:\/\/york.biz.pl\/#\/schema\/logo\/image\/\",\"url\":\"\",\"contentUrl\":\"\",\"caption\":\"YORK\"},\"image\":{\"@id\":\"https:\/\/york.biz.pl\/#\/schema\/logo\/image\/\"}}]}<\/script>\n<!-- \/ Yoast SEO Premium plugin. -->","yoast_head_json":{"title":"Tkanina SAURON 350 g\/m2 - YORK","robots":{"index":"index","follow":"follow","max-snippet":"max-snippet:-1","max-image-preview":"max-image-preview:large","max-video-preview":"max-video-preview:-1"},"canonical":"https:\/\/york.biz.pl\/en\/product\/tkanina-sauron-350-g-m2\/","og_locale":"en_US","og_type":"article","og_title":"Tkanina SAURON 350 g\/m2","og_description":"Niezawodna ochrona w ekstremalnych warunkach Tkanina SAURON 350 g\/m\u00b2 to zaawansowany materia\u0142 ochronny, zaprojektowany z my\u015bl\u0105 o maksymalnym bezpiecze\u0144stwie w wymagaj\u0105cych warunkach pracy. Przeznaczona do u\u017cytkowania na stanowiskach, gdzie istnieje ryzyko zapalenia w wyniku kr\u00f3tkotrwa\u0142ego zetkni\u0119cia z p\u0142omieniem oraz dla pracownik\u00f3w nara\u017conych na dzia\u0142anie czynnik\u00f3w gor\u0105cych, tkanina ta oferuje niezr\u00f3wnan\u0105 ochron\u0119. Dodatkowo, jest przystosowana do&hellip;","og_url":"https:\/\/york.biz.pl\/en\/product\/tkanina-sauron-350-g-m2\/","og_site_name":"YORK","article_modified_time":"2024-09-16T14:10:55+00:00","og_image":[{"width":638,"height":600,"url":"https:\/\/york.biz.pl\/wp-content\/uploads\/2024\/05\/magnum320-1.jpg","type":"image\/jpeg"}],"twitter_card":"summary_large_image","twitter_misc":{"Est. reading time":"2 minutes"},"schema":{"@context":"https:\/\/schema.org","@graph":[{"@type":"WebPage","@id":"https:\/\/york.biz.pl\/produkt\/tkanina-sauron-350-g-m2\/","url":"https:\/\/york.biz.pl\/produkt\/tkanina-sauron-350-g-m2\/","name":"Tkanina SAURON 350 g\/m2 - YORK","isPartOf":{"@id":"https:\/\/york.biz.pl\/#website"},"primaryImageOfPage":{"@id":"https:\/\/york.biz.pl\/produkt\/tkanina-sauron-350-g-m2\/#primaryimage"},"image":{"@id":"https:\/\/york.biz.pl\/produkt\/tkanina-sauron-350-g-m2\/#primaryimage"},"thumbnailUrl":"https:\/\/york.biz.pl\/wp-content\/uploads\/2024\/05\/magnum320-1.jpg","datePublished":"2024-05-07T16:45:45+00:00","dateModified":"2024-09-16T14:10:55+00:00","breadcrumb":{"@id":"https:\/\/york.biz.pl\/produkt\/tkanina-sauron-350-g-m2\/#breadcrumb"},"inLanguage":"en-US","potentialAction":[{"@type":"ReadAction","target":["https:\/\/york.biz.pl\/produkt\/tkanina-sauron-350-g-m2\/"]}]},{"@type":"ImageObject","inLanguage":"en-US","@id":"https:\/\/york.biz.pl\/produkt\/tkanina-sauron-350-g-m2\/#primaryimage","url":"https:\/\/york.biz.pl\/wp-content\/uploads\/2024\/05\/magnum320-1.jpg","contentUrl":"https:\/\/york.biz.pl\/wp-content\/uploads\/2024\/05\/magnum320-1.jpg","width":638,"height":600,"caption":"260 g\/m2 Sauron"},{"@type":"BreadcrumbList","@id":"https:\/\/york.biz.pl\/produkt\/tkanina-sauron-350-g-m2\/#breadcrumb","itemListElement":[{"@type":"ListItem","position":1,"name":"Strona g\u0142\u00f3wna","item":"https:\/\/york.biz.pl\/"},{"@type":"ListItem","position":2,"name":"Pe\u0142na oferta","item":"https:\/\/york.biz.pl\/pelna-oferta\/"},{"@type":"ListItem","position":3,"name":"Tkanina SAURON 350 g\/m2"}]},{"@type":"WebSite","@id":"https:\/\/york.biz.pl\/#website","url":"https:\/\/york.biz.pl\/","name":"YORK","description":"Hurtownia tkanin na odzie\u017c robocz\u0105 - tkaniny robocze","publisher":{"@id":"https:\/\/york.biz.pl\/#organization"},"potentialAction":[{"@type":"SearchAction","target":{"@type":"EntryPoint","urlTemplate":"https:\/\/york.biz.pl\/?s={search_term_string}"},"query-input":{"@type":"PropertyValueSpecification","valueRequired":true,"valueName":"search_term_string"}}],"inLanguage":"en-US"},{"@type":"Organization","@id":"https:\/\/york.biz.pl\/#organization","name":"YORK","url":"https:\/\/york.biz.pl\/","logo":{"@type":"ImageObject","inLanguage":"en-US","@id":"https:\/\/york.biz.pl\/#\/schema\/logo\/image\/","url":"","contentUrl":"","caption":"YORK"},"image":{"@id":"https:\/\/york.biz.pl\/#\/schema\/logo\/image\/"}}]}},"_links":{"self":[{"href":"https:\/\/york.biz.pl\/en\/wp-json\/wp\/v2\/product\/95203"}],"collection":[{"href":"https:\/\/york.biz.pl\/en\/wp-json\/wp\/v2\/product"}],"about":[{"href":"https:\/\/york.biz.pl\/en\/wp-json\/wp\/v2\/types\/product"}],"version-history":[{"count":3,"href":"https:\/\/york.biz.pl\/en\/wp-json\/wp\/v2\/product\/95203\/revisions"}],"predecessor-version":[{"id":96758,"href":"https:\/\/york.biz.pl\/en\/wp-json\/wp\/v2\/product\/95203\/revisions\/96758"}],"wp:featuredmedia":[{"embeddable":true,"href":"https:\/\/york.biz.pl\/en\/wp-json\/wp\/v2\/media\/95199"}],"wp:attachment":[{"href":"https:\/\/york.biz.pl\/en\/wp-json\/wp\/v2\/media?parent=95203"}],"wp:term":[{"taxonomy":"product_cat","embeddable":true,"href":"https:\/\/york.biz.pl\/en\/wp-json\/wp\/v2\/product_cat?post=95203"},{"taxonomy":"product_tag","embeddable":true,"href":"https:\/\/york.biz.pl\/en\/wp-json\/wp\/v2\/product_tag?post=95203"}],"curies":[{"name":"wp","href":"https:\/\/api.w.org\/{rel}","templated":true}]}}