{"id":95189,"date":"2024-05-07T18:36:57","date_gmt":"2024-05-07T16:36:57","guid":{"rendered":"https:\/\/york.biz.pl\/nowa\/?post_type=product&#038;p=95189"},"modified":"2025-02-07T12:55:04","modified_gmt":"2025-02-07T11:55:04","slug":"tkanina-boston-fr-310-g-m2","status":"publish","type":"product","link":"https:\/\/york.biz.pl\/en\/product\/tkanina-boston-fr-310-g-m2\/","title":{"rendered":"BOSTON FR Fabric 310 g\/m2"},"content":{"rendered":"<h2>Durable and safe protection for welders<\/h2>\n<p>BOSTON FR Fabric 310 g\/m2 is an excellent choice for producing protective clothing designed for welders and related professions. With its high weight and specially selected chemical composition, this fabric ensures exceptional durability and safety in demanding work conditions. The high cotton content guarantees comfort in various temperatures, while the addition of polyester provides low shrinkage and colorfastness, even after multiple washes.<\/p>\n<h3>Key Advantages of BOSTON FR 310 g\/m\u00b2 Fabric:<\/h3>\n<ul>\n<li><strong>Flame-resistant finish<\/strong> \u2013 provides protection against accidental sparks and exposure to flames, which is crucial for safety in welding work.<\/li>\n<li><strong>Durability of parameters<\/strong> \u2013 the fabric retains its protective properties even after 50 washing cycles, ensuring long-term use.<\/li>\n<li><strong>Low Shrinkage<\/strong> \u2013 the fabric retains its dimensions and shape after washing at temperatures up to 60\u00b0C, ensuring the durability of the clothing.<\/li>\n<li><strong>Color Fastness<\/strong> \u2013 the colors remain vibrant and resistant to fading, maintaining the aesthetic appeal of the clothing even after multiple washes.<\/li>\n<li><strong>Comfort of use<\/strong> \u2013 high cotton content ensures comfort and convenience of wearing throughout the working day.<\/li>\n<\/ul>\n<h3>Compliance with standards:<\/h3>\n<p>BOSTON FR 310 g\/m\u00b2 fabric meets all necessary safety standards:<\/p>\n<ul>\n<li><strong>PN-EN ISO 11611<\/strong> \u2013 protection for workers during welding and related techniques.<\/li>\n<li><strong>PN-EN ISO 11612<\/strong> \u2013 protection against hot elements.<\/li>\n<li><strong>PN-EN ISO 13688<\/strong> - protective clothing \u2013 general requirements.<\/li>\n<\/ul>\n<p>By choosing BOSTON FR 310 g\/m\u00b2 fabric, you ensure reliable protection, durability, and comfort, which are essential for welders and related professions.<\/p>","protected":false},"excerpt":{"rendered":"<p>Trwa\u0142a i bezpieczna ochrona dla spawaczy Tkanina BOSTON FR 310 g\/m\u00b2 to doskona\u0142y wyb\u00f3r do produkcji odzie\u017cy ochronnej przeznaczonej dla spawaczy oraz os\u00f3b wykonuj\u0105cych zawody pokrewne. Dzi\u0119ki wysokiej gramaturze i specjalnie dobranemu sk\u0142adowi chemicznemu, tkanina ta zapewnia wyj\u0105tkow\u0105 trwa\u0142o\u015b\u0107 i bezpiecze\u0144stwo w wymagaj\u0105cych warunkach pracy. Du\u017ca zawarto\u015b\u0107 bawe\u0142ny gwarantuje komfort u\u017cytkowania w r\u00f3\u017cnych temperaturach, a&hellip;<\/p>","protected":false},"featured_media":95190,"template":"","meta":{"_acf_changed":false},"product_cat":[303,305],"product_tag":[],"class_list":{"0":"post-95189","1":"product","2":"type-product","3":"status-publish","4":"has-post-thumbnail","6":"product_cat-tkaniny-specjalistyczne","7":"product_cat-trudnopalne","8":"description-off","10":"first","11":"instock","12":"shipping-taxable","13":"product-type-simple"},"acf":[],"yoast_head":"<!-- This site is optimized with the Yoast SEO Premium plugin v23.9 (Yoast SEO v23.9) - https:\/\/yoast.com\/wordpress\/plugins\/seo\/ -->\n<title>Tkanina BOSTON FR 310 g\/m2 - YORK<\/title>\n<meta name=\"robots\" content=\"index, follow, max-snippet:-1, max-image-preview:large, max-video-preview:-1\" \/>\n<link rel=\"canonical\" href=\"https:\/\/york.biz.pl\/en\/product\/tkanina-boston-fr-310-g-m2\/\" \/>\n<meta property=\"og:locale\" content=\"en_US\" \/>\n<meta property=\"og:type\" content=\"article\" \/>\n<meta property=\"og:title\" content=\"Tkanina BOSTON FR 310 g\/m2\" \/>\n<meta property=\"og:description\" content=\"Trwa\u0142a i bezpieczna ochrona dla spawaczy Tkanina BOSTON FR 310 g\/m\u00b2 to doskona\u0142y wyb\u00f3r do produkcji odzie\u017cy ochronnej przeznaczonej dla spawaczy oraz os\u00f3b wykonuj\u0105cych zawody pokrewne. Dzi\u0119ki wysokiej gramaturze i specjalnie dobranemu sk\u0142adowi chemicznemu, tkanina ta zapewnia wyj\u0105tkow\u0105 trwa\u0142o\u015b\u0107 i bezpiecze\u0144stwo w wymagaj\u0105cych warunkach pracy. Du\u017ca zawarto\u015b\u0107 bawe\u0142ny gwarantuje komfort u\u017cytkowania w r\u00f3\u017cnych temperaturach, a&hellip;\" \/>\n<meta property=\"og:url\" content=\"https:\/\/york.biz.pl\/en\/product\/tkanina-boston-fr-310-g-m2\/\" \/>\n<meta property=\"og:site_name\" content=\"YORK\" \/>\n<meta property=\"article:modified_time\" content=\"2025-02-07T11:55:04+00:00\" \/>\n<meta property=\"og:image\" content=\"https:\/\/york.biz.pl\/wp-content\/uploads\/2024\/05\/boston-2.jpg\" \/>\n\t<meta property=\"og:image:width\" content=\"638\" \/>\n\t<meta property=\"og:image:height\" content=\"600\" \/>\n\t<meta property=\"og:image:type\" content=\"image\/jpeg\" \/>\n<meta name=\"twitter:card\" content=\"summary_large_image\" \/>\n<meta name=\"twitter:label1\" content=\"Est. reading time\" \/>\n\t<meta name=\"twitter:data1\" content=\"2 minutes\" \/>\n<script type=\"application\/ld+json\" class=\"yoast-schema-graph\">{\"@context\":\"https:\/\/schema.org\",\"@graph\":[{\"@type\":\"WebPage\",\"@id\":\"https:\/\/york.biz.pl\/produkt\/tkanina-boston-fr-310-g-m2\/\",\"url\":\"https:\/\/york.biz.pl\/produkt\/tkanina-boston-fr-310-g-m2\/\",\"name\":\"Tkanina BOSTON FR 310 g\/m2 - YORK\",\"isPartOf\":{\"@id\":\"https:\/\/york.biz.pl\/#website\"},\"primaryImageOfPage\":{\"@id\":\"https:\/\/york.biz.pl\/produkt\/tkanina-boston-fr-310-g-m2\/#primaryimage\"},\"image\":{\"@id\":\"https:\/\/york.biz.pl\/produkt\/tkanina-boston-fr-310-g-m2\/#primaryimage\"},\"thumbnailUrl\":\"https:\/\/york.biz.pl\/wp-content\/uploads\/2024\/05\/boston-2.jpg\",\"datePublished\":\"2024-05-07T16:36:57+00:00\",\"dateModified\":\"2025-02-07T11:55:04+00:00\",\"breadcrumb\":{\"@id\":\"https:\/\/york.biz.pl\/produkt\/tkanina-boston-fr-310-g-m2\/#breadcrumb\"},\"inLanguage\":\"en-US\",\"potentialAction\":[{\"@type\":\"ReadAction\",\"target\":[\"https:\/\/york.biz.pl\/produkt\/tkanina-boston-fr-310-g-m2\/\"]}]},{\"@type\":\"ImageObject\",\"inLanguage\":\"en-US\",\"@id\":\"https:\/\/york.biz.pl\/produkt\/tkanina-boston-fr-310-g-m2\/#primaryimage\",\"url\":\"https:\/\/york.biz.pl\/wp-content\/uploads\/2024\/05\/boston-2.jpg\",\"contentUrl\":\"https:\/\/york.biz.pl\/wp-content\/uploads\/2024\/05\/boston-2.jpg\",\"width\":638,\"height\":600,\"caption\":\"Boston FR\"},{\"@type\":\"BreadcrumbList\",\"@id\":\"https:\/\/york.biz.pl\/produkt\/tkanina-boston-fr-310-g-m2\/#breadcrumb\",\"itemListElement\":[{\"@type\":\"ListItem\",\"position\":1,\"name\":\"Strona g\u0142\u00f3wna\",\"item\":\"https:\/\/york.biz.pl\/\"},{\"@type\":\"ListItem\",\"position\":2,\"name\":\"Pe\u0142na oferta\",\"item\":\"https:\/\/york.biz.pl\/pelna-oferta\/\"},{\"@type\":\"ListItem\",\"position\":3,\"name\":\"Tkanina BOSTON FR 310 g\/m2\"}]},{\"@type\":\"WebSite\",\"@id\":\"https:\/\/york.biz.pl\/#website\",\"url\":\"https:\/\/york.biz.pl\/\",\"name\":\"YORK\",\"description\":\"Hurtownia tkanin na odzie\u017c robocz\u0105 - tkaniny robocze\",\"publisher\":{\"@id\":\"https:\/\/york.biz.pl\/#organization\"},\"potentialAction\":[{\"@type\":\"SearchAction\",\"target\":{\"@type\":\"EntryPoint\",\"urlTemplate\":\"https:\/\/york.biz.pl\/?s={search_term_string}\"},\"query-input\":{\"@type\":\"PropertyValueSpecification\",\"valueRequired\":true,\"valueName\":\"search_term_string\"}}],\"inLanguage\":\"en-US\"},{\"@type\":\"Organization\",\"@id\":\"https:\/\/york.biz.pl\/#organization\",\"name\":\"YORK\",\"url\":\"https:\/\/york.biz.pl\/\",\"logo\":{\"@type\":\"ImageObject\",\"inLanguage\":\"en-US\",\"@id\":\"https:\/\/york.biz.pl\/#\/schema\/logo\/image\/\",\"url\":\"\",\"contentUrl\":\"\",\"caption\":\"YORK\"},\"image\":{\"@id\":\"https:\/\/york.biz.pl\/#\/schema\/logo\/image\/\"}}]}<\/script>\n<!-- \/ Yoast SEO Premium plugin. -->","yoast_head_json":{"title":"Tkanina BOSTON FR 310 g\/m2 - YORK","robots":{"index":"index","follow":"follow","max-snippet":"max-snippet:-1","max-image-preview":"max-image-preview:large","max-video-preview":"max-video-preview:-1"},"canonical":"https:\/\/york.biz.pl\/en\/product\/tkanina-boston-fr-310-g-m2\/","og_locale":"en_US","og_type":"article","og_title":"Tkanina BOSTON FR 310 g\/m2","og_description":"Trwa\u0142a i bezpieczna ochrona dla spawaczy Tkanina BOSTON FR 310 g\/m\u00b2 to doskona\u0142y wyb\u00f3r do produkcji odzie\u017cy ochronnej przeznaczonej dla spawaczy oraz os\u00f3b wykonuj\u0105cych zawody pokrewne. Dzi\u0119ki wysokiej gramaturze i specjalnie dobranemu sk\u0142adowi chemicznemu, tkanina ta zapewnia wyj\u0105tkow\u0105 trwa\u0142o\u015b\u0107 i bezpiecze\u0144stwo w wymagaj\u0105cych warunkach pracy. Du\u017ca zawarto\u015b\u0107 bawe\u0142ny gwarantuje komfort u\u017cytkowania w r\u00f3\u017cnych temperaturach, a&hellip;","og_url":"https:\/\/york.biz.pl\/en\/product\/tkanina-boston-fr-310-g-m2\/","og_site_name":"YORK","article_modified_time":"2025-02-07T11:55:04+00:00","og_image":[{"width":638,"height":600,"url":"https:\/\/york.biz.pl\/wp-content\/uploads\/2024\/05\/boston-2.jpg","type":"image\/jpeg"}],"twitter_card":"summary_large_image","twitter_misc":{"Est. reading time":"2 minutes"},"schema":{"@context":"https:\/\/schema.org","@graph":[{"@type":"WebPage","@id":"https:\/\/york.biz.pl\/produkt\/tkanina-boston-fr-310-g-m2\/","url":"https:\/\/york.biz.pl\/produkt\/tkanina-boston-fr-310-g-m2\/","name":"Tkanina BOSTON FR 310 g\/m2 - YORK","isPartOf":{"@id":"https:\/\/york.biz.pl\/#website"},"primaryImageOfPage":{"@id":"https:\/\/york.biz.pl\/produkt\/tkanina-boston-fr-310-g-m2\/#primaryimage"},"image":{"@id":"https:\/\/york.biz.pl\/produkt\/tkanina-boston-fr-310-g-m2\/#primaryimage"},"thumbnailUrl":"https:\/\/york.biz.pl\/wp-content\/uploads\/2024\/05\/boston-2.jpg","datePublished":"2024-05-07T16:36:57+00:00","dateModified":"2025-02-07T11:55:04+00:00","breadcrumb":{"@id":"https:\/\/york.biz.pl\/produkt\/tkanina-boston-fr-310-g-m2\/#breadcrumb"},"inLanguage":"en-US","potentialAction":[{"@type":"ReadAction","target":["https:\/\/york.biz.pl\/produkt\/tkanina-boston-fr-310-g-m2\/"]}]},{"@type":"ImageObject","inLanguage":"en-US","@id":"https:\/\/york.biz.pl\/produkt\/tkanina-boston-fr-310-g-m2\/#primaryimage","url":"https:\/\/york.biz.pl\/wp-content\/uploads\/2024\/05\/boston-2.jpg","contentUrl":"https:\/\/york.biz.pl\/wp-content\/uploads\/2024\/05\/boston-2.jpg","width":638,"height":600,"caption":"Boston FR"},{"@type":"BreadcrumbList","@id":"https:\/\/york.biz.pl\/produkt\/tkanina-boston-fr-310-g-m2\/#breadcrumb","itemListElement":[{"@type":"ListItem","position":1,"name":"Strona g\u0142\u00f3wna","item":"https:\/\/york.biz.pl\/"},{"@type":"ListItem","position":2,"name":"Pe\u0142na oferta","item":"https:\/\/york.biz.pl\/pelna-oferta\/"},{"@type":"ListItem","position":3,"name":"Tkanina BOSTON FR 310 g\/m2"}]},{"@type":"WebSite","@id":"https:\/\/york.biz.pl\/#website","url":"https:\/\/york.biz.pl\/","name":"YORK","description":"Hurtownia tkanin na odzie\u017c robocz\u0105 - tkaniny robocze","publisher":{"@id":"https:\/\/york.biz.pl\/#organization"},"potentialAction":[{"@type":"SearchAction","target":{"@type":"EntryPoint","urlTemplate":"https:\/\/york.biz.pl\/?s={search_term_string}"},"query-input":{"@type":"PropertyValueSpecification","valueRequired":true,"valueName":"search_term_string"}}],"inLanguage":"en-US"},{"@type":"Organization","@id":"https:\/\/york.biz.pl\/#organization","name":"YORK","url":"https:\/\/york.biz.pl\/","logo":{"@type":"ImageObject","inLanguage":"en-US","@id":"https:\/\/york.biz.pl\/#\/schema\/logo\/image\/","url":"","contentUrl":"","caption":"YORK"},"image":{"@id":"https:\/\/york.biz.pl\/#\/schema\/logo\/image\/"}}]}},"_links":{"self":[{"href":"https:\/\/york.biz.pl\/en\/wp-json\/wp\/v2\/product\/95189"}],"collection":[{"href":"https:\/\/york.biz.pl\/en\/wp-json\/wp\/v2\/product"}],"about":[{"href":"https:\/\/york.biz.pl\/en\/wp-json\/wp\/v2\/types\/product"}],"version-history":[{"count":4,"href":"https:\/\/york.biz.pl\/en\/wp-json\/wp\/v2\/product\/95189\/revisions"}],"predecessor-version":[{"id":96752,"href":"https:\/\/york.biz.pl\/en\/wp-json\/wp\/v2\/product\/95189\/revisions\/96752"}],"wp:featuredmedia":[{"embeddable":true,"href":"https:\/\/york.biz.pl\/en\/wp-json\/wp\/v2\/media\/95190"}],"wp:attachment":[{"href":"https:\/\/york.biz.pl\/en\/wp-json\/wp\/v2\/media?parent=95189"}],"wp:term":[{"taxonomy":"product_cat","embeddable":true,"href":"https:\/\/york.biz.pl\/en\/wp-json\/wp\/v2\/product_cat?post=95189"},{"taxonomy":"product_tag","embeddable":true,"href":"https:\/\/york.biz.pl\/en\/wp-json\/wp\/v2\/product_tag?post=95189"}],"curies":[{"name":"wp","href":"https:\/\/api.w.org\/{rel}","templated":true}]}}