{"id":95187,"date":"2024-05-07T18:34:19","date_gmt":"2024-05-07T16:34:19","guid":{"rendered":"https:\/\/york.biz.pl\/nowa\/?post_type=product&#038;p=95187"},"modified":"2024-09-16T16:07:13","modified_gmt":"2024-09-16T14:07:13","slug":"tkanina-magnum-320-g-m2","status":"publish","type":"product","link":"https:\/\/york.biz.pl\/en\/product\/tkanina-magnum-320-g-m2\/","title":{"rendered":"MAGNUM Fabric 320 g\/m2"},"content":{"rendered":"<h2>Durable and safe protection for welders<\/h2>\n<p>MAGNUM Fabric 320 g\/m2 is a high-quality material specifically designed for protective clothing for welders and related professions. It provides reliable protection in demanding work conditions, combining safety with user comfort.<\/p>\n<h3>Kluczowe zalety tkaniny MAGNUM 320 g\/m\u00b2:<\/h3>\n<ul>\n<li><strong>Work Safety<\/strong> \u2013 the fabric features enhanced flame resistance, providing effective protection against accidental sparks and other sources of fire.<\/li>\n<li><strong>Durability against friction and mechanical damage<\/strong> \u2013 ensures long-lasting use, even in intense working conditions.<\/li>\n<li><strong>Low Shrinkage<\/strong> \u2013 the fabric retains its dimensions and shape after washing at temperatures up to 60\u00b0C, ensuring the durability of the clothing.<\/li>\n<li><strong>Comfort of use<\/strong> \u2013 the fabric is comfortable, allowing for ease of wear during long working hours.<\/li>\n<\/ul>\n<h3>Compliance with standards:<\/h3>\n<p>MAGNUM 320 g\/m\u00b2 fabric meets the highest protection and safety standards:<\/p>\n<ul>\n<li><strong>PN-EN ISO 11611<\/strong> \u2013 protection for workers during welding and related techniques.<\/li>\n<li><strong>PN-EN ISO 11612<\/strong> \u2013 protection against hot elements.<\/li>\n<li><strong>PN-EN ISO 13688<\/strong> - protective clothing \u2013 general requirements.<\/li>\n<\/ul>\n<p>Additionally, MAGNUM 320 g\/m\u00b2 fabric features <strong>Certyfikat Oeko-Tex<\/strong>, which confirms that the material is safe for users and does not contain harmful substances.<\/p>\n<p>By choosing MAGNUM 320 g\/m\u00b2 fabric, you are investing in a material that provides not only high protection and durability but also the comfort essential for welders and related professions.<\/p>","protected":false},"excerpt":{"rendered":"<p>Wytrzyma\u0142a i bezpieczna ochrona dla spawaczy Tkanina MAGNUM 320 g\/m\u00b2 to wysokiej jako\u015bci materia\u0142, stworzony specjalnie z my\u015bl\u0105 o odzie\u017cy ochronnej dla spawaczy oraz os\u00f3b wykonuj\u0105cych zawody pokrewne. Zapewnia niezawodn\u0105 ochron\u0119 w trudnych warunkach pracy, \u0142\u0105cz\u0105c bezpiecze\u0144stwo z komfortem u\u017cytkowania. Kluczowe zalety tkaniny MAGNUM 320 g\/m\u00b2: Bezpiecze\u0144stwo pracy \u2013 tkanina charakteryzuje si\u0119 zwi\u0119kszon\u0105 odporno\u015bci\u0105 na&hellip;<\/p>","protected":false},"featured_media":95185,"template":"","meta":{"_acf_changed":false},"product_cat":[303,305],"product_tag":[],"class_list":{"0":"post-95187","1":"product","2":"type-product","3":"status-publish","4":"has-post-thumbnail","6":"product_cat-tkaniny-specjalistyczne","7":"product_cat-trudnopalne","8":"description-off","10":"first","11":"instock","12":"shipping-taxable","13":"product-type-simple"},"acf":[],"yoast_head":"<!-- This site is optimized with the Yoast SEO Premium plugin v23.9 (Yoast SEO v23.9) - https:\/\/yoast.com\/wordpress\/plugins\/seo\/ -->\n<title>Tkanina MAGNUM 320 g\/m2 - YORK<\/title>\n<meta name=\"robots\" content=\"index, follow, max-snippet:-1, max-image-preview:large, max-video-preview:-1\" \/>\n<link rel=\"canonical\" href=\"https:\/\/york.biz.pl\/en\/product\/tkanina-magnum-320-g-m2\/\" \/>\n<meta property=\"og:locale\" content=\"en_US\" \/>\n<meta property=\"og:type\" content=\"article\" \/>\n<meta property=\"og:title\" content=\"Tkanina MAGNUM 320 g\/m2\" \/>\n<meta property=\"og:description\" content=\"Wytrzyma\u0142a i bezpieczna ochrona dla spawaczy Tkanina MAGNUM 320 g\/m\u00b2 to wysokiej jako\u015bci materia\u0142, stworzony specjalnie z my\u015bl\u0105 o odzie\u017cy ochronnej dla spawaczy oraz os\u00f3b wykonuj\u0105cych zawody pokrewne. Zapewnia niezawodn\u0105 ochron\u0119 w trudnych warunkach pracy, \u0142\u0105cz\u0105c bezpiecze\u0144stwo z komfortem u\u017cytkowania. Kluczowe zalety tkaniny MAGNUM 320 g\/m\u00b2: Bezpiecze\u0144stwo pracy \u2013 tkanina charakteryzuje si\u0119 zwi\u0119kszon\u0105 odporno\u015bci\u0105 na&hellip;\" \/>\n<meta property=\"og:url\" content=\"https:\/\/york.biz.pl\/en\/product\/tkanina-magnum-320-g-m2\/\" \/>\n<meta property=\"og:site_name\" content=\"YORK\" \/>\n<meta property=\"article:modified_time\" content=\"2024-09-16T14:07:13+00:00\" \/>\n<meta property=\"og:image\" content=\"https:\/\/york.biz.pl\/wp-content\/uploads\/2024\/05\/magnum320.jpg\" \/>\n\t<meta property=\"og:image:width\" content=\"638\" \/>\n\t<meta property=\"og:image:height\" content=\"600\" \/>\n\t<meta property=\"og:image:type\" content=\"image\/jpeg\" \/>\n<meta name=\"twitter:card\" content=\"summary_large_image\" \/>\n<meta name=\"twitter:label1\" content=\"Est. reading time\" \/>\n\t<meta name=\"twitter:data1\" content=\"1 minute\" \/>\n<script type=\"application\/ld+json\" class=\"yoast-schema-graph\">{\"@context\":\"https:\/\/schema.org\",\"@graph\":[{\"@type\":\"WebPage\",\"@id\":\"https:\/\/york.biz.pl\/produkt\/tkanina-magnum-320-g-m2\/\",\"url\":\"https:\/\/york.biz.pl\/produkt\/tkanina-magnum-320-g-m2\/\",\"name\":\"Tkanina MAGNUM 320 g\/m2 - YORK\",\"isPartOf\":{\"@id\":\"https:\/\/york.biz.pl\/#website\"},\"primaryImageOfPage\":{\"@id\":\"https:\/\/york.biz.pl\/produkt\/tkanina-magnum-320-g-m2\/#primaryimage\"},\"image\":{\"@id\":\"https:\/\/york.biz.pl\/produkt\/tkanina-magnum-320-g-m2\/#primaryimage\"},\"thumbnailUrl\":\"https:\/\/york.biz.pl\/wp-content\/uploads\/2024\/05\/magnum320.jpg\",\"datePublished\":\"2024-05-07T16:34:19+00:00\",\"dateModified\":\"2024-09-16T14:07:13+00:00\",\"breadcrumb\":{\"@id\":\"https:\/\/york.biz.pl\/produkt\/tkanina-magnum-320-g-m2\/#breadcrumb\"},\"inLanguage\":\"en-US\",\"potentialAction\":[{\"@type\":\"ReadAction\",\"target\":[\"https:\/\/york.biz.pl\/produkt\/tkanina-magnum-320-g-m2\/\"]}]},{\"@type\":\"ImageObject\",\"inLanguage\":\"en-US\",\"@id\":\"https:\/\/york.biz.pl\/produkt\/tkanina-magnum-320-g-m2\/#primaryimage\",\"url\":\"https:\/\/york.biz.pl\/wp-content\/uploads\/2024\/05\/magnum320.jpg\",\"contentUrl\":\"https:\/\/york.biz.pl\/wp-content\/uploads\/2024\/05\/magnum320.jpg\",\"width\":638,\"height\":600,\"caption\":\"275 g\/m2 MAGNUM\"},{\"@type\":\"BreadcrumbList\",\"@id\":\"https:\/\/york.biz.pl\/produkt\/tkanina-magnum-320-g-m2\/#breadcrumb\",\"itemListElement\":[{\"@type\":\"ListItem\",\"position\":1,\"name\":\"Strona g\u0142\u00f3wna\",\"item\":\"https:\/\/york.biz.pl\/\"},{\"@type\":\"ListItem\",\"position\":2,\"name\":\"Pe\u0142na oferta\",\"item\":\"https:\/\/york.biz.pl\/pelna-oferta\/\"},{\"@type\":\"ListItem\",\"position\":3,\"name\":\"Tkanina MAGNUM 320 g\/m2\"}]},{\"@type\":\"WebSite\",\"@id\":\"https:\/\/york.biz.pl\/#website\",\"url\":\"https:\/\/york.biz.pl\/\",\"name\":\"YORK\",\"description\":\"Hurtownia tkanin na odzie\u017c robocz\u0105 - tkaniny robocze\",\"publisher\":{\"@id\":\"https:\/\/york.biz.pl\/#organization\"},\"potentialAction\":[{\"@type\":\"SearchAction\",\"target\":{\"@type\":\"EntryPoint\",\"urlTemplate\":\"https:\/\/york.biz.pl\/?s={search_term_string}\"},\"query-input\":{\"@type\":\"PropertyValueSpecification\",\"valueRequired\":true,\"valueName\":\"search_term_string\"}}],\"inLanguage\":\"en-US\"},{\"@type\":\"Organization\",\"@id\":\"https:\/\/york.biz.pl\/#organization\",\"name\":\"YORK\",\"url\":\"https:\/\/york.biz.pl\/\",\"logo\":{\"@type\":\"ImageObject\",\"inLanguage\":\"en-US\",\"@id\":\"https:\/\/york.biz.pl\/#\/schema\/logo\/image\/\",\"url\":\"\",\"contentUrl\":\"\",\"caption\":\"YORK\"},\"image\":{\"@id\":\"https:\/\/york.biz.pl\/#\/schema\/logo\/image\/\"}}]}<\/script>\n<!-- \/ Yoast SEO Premium plugin. -->","yoast_head_json":{"title":"Tkanina MAGNUM 320 g\/m2 - YORK","robots":{"index":"index","follow":"follow","max-snippet":"max-snippet:-1","max-image-preview":"max-image-preview:large","max-video-preview":"max-video-preview:-1"},"canonical":"https:\/\/york.biz.pl\/en\/product\/tkanina-magnum-320-g-m2\/","og_locale":"en_US","og_type":"article","og_title":"Tkanina MAGNUM 320 g\/m2","og_description":"Wytrzyma\u0142a i bezpieczna ochrona dla spawaczy Tkanina MAGNUM 320 g\/m\u00b2 to wysokiej jako\u015bci materia\u0142, stworzony specjalnie z my\u015bl\u0105 o odzie\u017cy ochronnej dla spawaczy oraz os\u00f3b wykonuj\u0105cych zawody pokrewne. Zapewnia niezawodn\u0105 ochron\u0119 w trudnych warunkach pracy, \u0142\u0105cz\u0105c bezpiecze\u0144stwo z komfortem u\u017cytkowania. Kluczowe zalety tkaniny MAGNUM 320 g\/m\u00b2: Bezpiecze\u0144stwo pracy \u2013 tkanina charakteryzuje si\u0119 zwi\u0119kszon\u0105 odporno\u015bci\u0105 na&hellip;","og_url":"https:\/\/york.biz.pl\/en\/product\/tkanina-magnum-320-g-m2\/","og_site_name":"YORK","article_modified_time":"2024-09-16T14:07:13+00:00","og_image":[{"width":638,"height":600,"url":"https:\/\/york.biz.pl\/wp-content\/uploads\/2024\/05\/magnum320.jpg","type":"image\/jpeg"}],"twitter_card":"summary_large_image","twitter_misc":{"Est. reading time":"1 minute"},"schema":{"@context":"https:\/\/schema.org","@graph":[{"@type":"WebPage","@id":"https:\/\/york.biz.pl\/produkt\/tkanina-magnum-320-g-m2\/","url":"https:\/\/york.biz.pl\/produkt\/tkanina-magnum-320-g-m2\/","name":"Tkanina MAGNUM 320 g\/m2 - YORK","isPartOf":{"@id":"https:\/\/york.biz.pl\/#website"},"primaryImageOfPage":{"@id":"https:\/\/york.biz.pl\/produkt\/tkanina-magnum-320-g-m2\/#primaryimage"},"image":{"@id":"https:\/\/york.biz.pl\/produkt\/tkanina-magnum-320-g-m2\/#primaryimage"},"thumbnailUrl":"https:\/\/york.biz.pl\/wp-content\/uploads\/2024\/05\/magnum320.jpg","datePublished":"2024-05-07T16:34:19+00:00","dateModified":"2024-09-16T14:07:13+00:00","breadcrumb":{"@id":"https:\/\/york.biz.pl\/produkt\/tkanina-magnum-320-g-m2\/#breadcrumb"},"inLanguage":"en-US","potentialAction":[{"@type":"ReadAction","target":["https:\/\/york.biz.pl\/produkt\/tkanina-magnum-320-g-m2\/"]}]},{"@type":"ImageObject","inLanguage":"en-US","@id":"https:\/\/york.biz.pl\/produkt\/tkanina-magnum-320-g-m2\/#primaryimage","url":"https:\/\/york.biz.pl\/wp-content\/uploads\/2024\/05\/magnum320.jpg","contentUrl":"https:\/\/york.biz.pl\/wp-content\/uploads\/2024\/05\/magnum320.jpg","width":638,"height":600,"caption":"275 g\/m2 MAGNUM"},{"@type":"BreadcrumbList","@id":"https:\/\/york.biz.pl\/produkt\/tkanina-magnum-320-g-m2\/#breadcrumb","itemListElement":[{"@type":"ListItem","position":1,"name":"Strona g\u0142\u00f3wna","item":"https:\/\/york.biz.pl\/"},{"@type":"ListItem","position":2,"name":"Pe\u0142na oferta","item":"https:\/\/york.biz.pl\/pelna-oferta\/"},{"@type":"ListItem","position":3,"name":"Tkanina MAGNUM 320 g\/m2"}]},{"@type":"WebSite","@id":"https:\/\/york.biz.pl\/#website","url":"https:\/\/york.biz.pl\/","name":"YORK","description":"Hurtownia tkanin na odzie\u017c robocz\u0105 - tkaniny robocze","publisher":{"@id":"https:\/\/york.biz.pl\/#organization"},"potentialAction":[{"@type":"SearchAction","target":{"@type":"EntryPoint","urlTemplate":"https:\/\/york.biz.pl\/?s={search_term_string}"},"query-input":{"@type":"PropertyValueSpecification","valueRequired":true,"valueName":"search_term_string"}}],"inLanguage":"en-US"},{"@type":"Organization","@id":"https:\/\/york.biz.pl\/#organization","name":"YORK","url":"https:\/\/york.biz.pl\/","logo":{"@type":"ImageObject","inLanguage":"en-US","@id":"https:\/\/york.biz.pl\/#\/schema\/logo\/image\/","url":"","contentUrl":"","caption":"YORK"},"image":{"@id":"https:\/\/york.biz.pl\/#\/schema\/logo\/image\/"}}]}},"_links":{"self":[{"href":"https:\/\/york.biz.pl\/en\/wp-json\/wp\/v2\/product\/95187"}],"collection":[{"href":"https:\/\/york.biz.pl\/en\/wp-json\/wp\/v2\/product"}],"about":[{"href":"https:\/\/york.biz.pl\/en\/wp-json\/wp\/v2\/types\/product"}],"version-history":[{"count":4,"href":"https:\/\/york.biz.pl\/en\/wp-json\/wp\/v2\/product\/95187\/revisions"}],"predecessor-version":[{"id":96753,"href":"https:\/\/york.biz.pl\/en\/wp-json\/wp\/v2\/product\/95187\/revisions\/96753"}],"wp:featuredmedia":[{"embeddable":true,"href":"https:\/\/york.biz.pl\/en\/wp-json\/wp\/v2\/media\/95185"}],"wp:attachment":[{"href":"https:\/\/york.biz.pl\/en\/wp-json\/wp\/v2\/media?parent=95187"}],"wp:term":[{"taxonomy":"product_cat","embeddable":true,"href":"https:\/\/york.biz.pl\/en\/wp-json\/wp\/v2\/product_cat?post=95187"},{"taxonomy":"product_tag","embeddable":true,"href":"https:\/\/york.biz.pl\/en\/wp-json\/wp\/v2\/product_tag?post=95187"}],"curies":[{"name":"wp","href":"https:\/\/api.w.org\/{rel}","templated":true}]}}