{"id":95182,"date":"2024-05-07T18:29:03","date_gmt":"2024-05-07T16:29:03","guid":{"rendered":"https:\/\/york.biz.pl\/nowa\/?post_type=product&#038;p=95182"},"modified":"2025-02-07T13:02:02","modified_gmt":"2025-02-07T12:02:02","slug":"tkanina-eltron-250-g-m2","status":"publish","type":"product","link":"https:\/\/york.biz.pl\/en\/product\/tkanina-eltron-250-g-m2\/","title":{"rendered":"ELTRON Fabric 250 g\/m2"},"content":{"rendered":"<h2>Antistatic protection for employees in the electronics and energy industries<\/h2>\n<p>ELTRON Fabric 250 g\/m2 is a specialized antistatic material, ideal for producing workwear for employees in the electronics, fuel, and gas industries, as well as in any environment where effective dissipation of electrical charges is crucial. Thanks to its rich color palette and soft finish, garments made from this fabric not only provide protection but also serve as a professional representation of the company.<\/p>\n<h3>Key Advantages of ELTRON 250 g\/m\u00b2 fabric:<\/h3>\n<ul>\n<li><strong>Durability against friction and mechanical damage<\/strong> \u2013 ensures long-lasting use, even in intense working conditions.<\/li>\n<li><strong>Low Shrinkage<\/strong> \u2013 the fabric retains its dimensions and shape after washing at temperatures up to 60\u00b0C, ensuring the reliability of the clothing.<\/li>\n<li><strong>Color Fastness<\/strong> \u2013 the colors remain vibrant and resistant to fading, ensuring an aesthetic appearance of the clothing for a long time.<\/li>\n<li><strong>Possibility of Combining Colors<\/strong> \u2013 without the risk of color changes, allowing for the creation of attractive and functional clothing designs.<\/li>\n<li><strong>Comfort of use<\/strong> \u2013 the fabric is soft, and comfortable, which enhances wearing comfort throughout the entire workday.<\/li>\n<\/ul>\n<h3>Compliance with standards:<\/h3>\n<p>ELTRON 250 g\/m\u00b2 fabric meets the most important standards for clothing:<\/p>\n<ul>\n<li><strong>PN-EN 1149-5<\/strong> \u2013 antistatic protection.<\/li>\n<li><strong>PN-EN ISO 13688<\/strong> - protective clothing \u2013 general requirements.<\/li>\n<\/ul>\n<p>By choosing ELTRON 250 g\/m\u00b2 fabric, you are investing in a material that combines functionality, durability, and aesthetics, making it ideal for workwear in demanding industries where safety is a priority.<\/p>","protected":false},"excerpt":{"rendered":"<p>Antystatyczna ochrona dla pracownik\u00f3w w przemy\u015ble elektronicznym i energetycznym Tkanina ELTRON 250 g\/m\u00b2 to specjalistyczny materia\u0142 antystatyczny, idealny do produkcji odzie\u017cy roboczej dla pracownik\u00f3w przemys\u0142u elektronicznego, paliwowego, gazowego oraz wsz\u0119dzie tam, gdzie kluczowe jest skuteczne odprowadzanie \u0142adunk\u00f3w elektrycznych podczas pracy. Dzi\u0119ki bogatej kolorystyce i mi\u0119kkiemu wyko\u0144czeniu, odzie\u017c wykonana z tej tkaniny nie tylko zapewnia ochron\u0119,&hellip;<\/p>","protected":false},"featured_media":95178,"template":"","meta":{"_acf_changed":false},"product_cat":[303,304],"product_tag":[],"class_list":{"0":"post-95182","1":"product","2":"type-product","3":"status-publish","4":"has-post-thumbnail","6":"product_cat-tkaniny-specjalistyczne","7":"product_cat-antystatyczne","8":"description-off","10":"first","11":"instock","12":"shipping-taxable","13":"product-type-simple"},"acf":[],"yoast_head":"<!-- This site is optimized with the Yoast SEO Premium plugin v23.9 (Yoast SEO v23.9) - https:\/\/yoast.com\/wordpress\/plugins\/seo\/ -->\n<title>Tkanina ELTRON 250 g\/m2 - YORK<\/title>\n<meta name=\"robots\" content=\"index, follow, max-snippet:-1, max-image-preview:large, max-video-preview:-1\" \/>\n<link rel=\"canonical\" href=\"https:\/\/york.biz.pl\/en\/product\/tkanina-eltron-250-g-m2\/\" \/>\n<meta property=\"og:locale\" content=\"en_US\" \/>\n<meta property=\"og:type\" content=\"article\" \/>\n<meta property=\"og:title\" content=\"Tkanina ELTRON 250 g\/m2\" \/>\n<meta property=\"og:description\" content=\"Antystatyczna ochrona dla pracownik\u00f3w w przemy\u015ble elektronicznym i energetycznym Tkanina ELTRON 250 g\/m\u00b2 to specjalistyczny materia\u0142 antystatyczny, idealny do produkcji odzie\u017cy roboczej dla pracownik\u00f3w przemys\u0142u elektronicznego, paliwowego, gazowego oraz wsz\u0119dzie tam, gdzie kluczowe jest skuteczne odprowadzanie \u0142adunk\u00f3w elektrycznych podczas pracy. Dzi\u0119ki bogatej kolorystyce i mi\u0119kkiemu wyko\u0144czeniu, odzie\u017c wykonana z tej tkaniny nie tylko zapewnia ochron\u0119,&hellip;\" \/>\n<meta property=\"og:url\" content=\"https:\/\/york.biz.pl\/en\/product\/tkanina-eltron-250-g-m2\/\" \/>\n<meta property=\"og:site_name\" content=\"YORK\" \/>\n<meta property=\"article:modified_time\" content=\"2025-02-07T12:02:02+00:00\" \/>\n<meta property=\"og:image\" content=\"https:\/\/york.biz.pl\/wp-content\/uploads\/2024\/05\/eltron.jpg\" \/>\n\t<meta property=\"og:image:width\" content=\"638\" \/>\n\t<meta property=\"og:image:height\" content=\"600\" \/>\n\t<meta property=\"og:image:type\" content=\"image\/jpeg\" \/>\n<meta name=\"twitter:card\" content=\"summary_large_image\" \/>\n<meta name=\"twitter:label1\" content=\"Est. reading time\" \/>\n\t<meta name=\"twitter:data1\" content=\"2 minutes\" \/>\n<script type=\"application\/ld+json\" class=\"yoast-schema-graph\">{\"@context\":\"https:\/\/schema.org\",\"@graph\":[{\"@type\":\"WebPage\",\"@id\":\"https:\/\/york.biz.pl\/produkt\/tkanina-eltron-250-g-m2\/\",\"url\":\"https:\/\/york.biz.pl\/produkt\/tkanina-eltron-250-g-m2\/\",\"name\":\"Tkanina ELTRON 250 g\/m2 - YORK\",\"isPartOf\":{\"@id\":\"https:\/\/york.biz.pl\/#website\"},\"primaryImageOfPage\":{\"@id\":\"https:\/\/york.biz.pl\/produkt\/tkanina-eltron-250-g-m2\/#primaryimage\"},\"image\":{\"@id\":\"https:\/\/york.biz.pl\/produkt\/tkanina-eltron-250-g-m2\/#primaryimage\"},\"thumbnailUrl\":\"https:\/\/york.biz.pl\/wp-content\/uploads\/2024\/05\/eltron.jpg\",\"datePublished\":\"2024-05-07T16:29:03+00:00\",\"dateModified\":\"2025-02-07T12:02:02+00:00\",\"breadcrumb\":{\"@id\":\"https:\/\/york.biz.pl\/produkt\/tkanina-eltron-250-g-m2\/#breadcrumb\"},\"inLanguage\":\"en-US\",\"potentialAction\":[{\"@type\":\"ReadAction\",\"target\":[\"https:\/\/york.biz.pl\/produkt\/tkanina-eltron-250-g-m2\/\"]}]},{\"@type\":\"ImageObject\",\"inLanguage\":\"en-US\",\"@id\":\"https:\/\/york.biz.pl\/produkt\/tkanina-eltron-250-g-m2\/#primaryimage\",\"url\":\"https:\/\/york.biz.pl\/wp-content\/uploads\/2024\/05\/eltron.jpg\",\"contentUrl\":\"https:\/\/york.biz.pl\/wp-content\/uploads\/2024\/05\/eltron.jpg\",\"width\":638,\"height\":600,\"caption\":\"96 g\/m2 ELTRON\"},{\"@type\":\"BreadcrumbList\",\"@id\":\"https:\/\/york.biz.pl\/produkt\/tkanina-eltron-250-g-m2\/#breadcrumb\",\"itemListElement\":[{\"@type\":\"ListItem\",\"position\":1,\"name\":\"Strona g\u0142\u00f3wna\",\"item\":\"https:\/\/york.biz.pl\/\"},{\"@type\":\"ListItem\",\"position\":2,\"name\":\"Pe\u0142na oferta\",\"item\":\"https:\/\/york.biz.pl\/pelna-oferta\/\"},{\"@type\":\"ListItem\",\"position\":3,\"name\":\"Tkanina ELTRON 250 g\/m2\"}]},{\"@type\":\"WebSite\",\"@id\":\"https:\/\/york.biz.pl\/#website\",\"url\":\"https:\/\/york.biz.pl\/\",\"name\":\"YORK\",\"description\":\"Hurtownia tkanin na odzie\u017c robocz\u0105 - tkaniny robocze\",\"publisher\":{\"@id\":\"https:\/\/york.biz.pl\/#organization\"},\"potentialAction\":[{\"@type\":\"SearchAction\",\"target\":{\"@type\":\"EntryPoint\",\"urlTemplate\":\"https:\/\/york.biz.pl\/?s={search_term_string}\"},\"query-input\":{\"@type\":\"PropertyValueSpecification\",\"valueRequired\":true,\"valueName\":\"search_term_string\"}}],\"inLanguage\":\"en-US\"},{\"@type\":\"Organization\",\"@id\":\"https:\/\/york.biz.pl\/#organization\",\"name\":\"YORK\",\"url\":\"https:\/\/york.biz.pl\/\",\"logo\":{\"@type\":\"ImageObject\",\"inLanguage\":\"en-US\",\"@id\":\"https:\/\/york.biz.pl\/#\/schema\/logo\/image\/\",\"url\":\"\",\"contentUrl\":\"\",\"caption\":\"YORK\"},\"image\":{\"@id\":\"https:\/\/york.biz.pl\/#\/schema\/logo\/image\/\"}}]}<\/script>\n<!-- \/ Yoast SEO Premium plugin. -->","yoast_head_json":{"title":"Tkanina ELTRON 250 g\/m2 - YORK","robots":{"index":"index","follow":"follow","max-snippet":"max-snippet:-1","max-image-preview":"max-image-preview:large","max-video-preview":"max-video-preview:-1"},"canonical":"https:\/\/york.biz.pl\/en\/product\/tkanina-eltron-250-g-m2\/","og_locale":"en_US","og_type":"article","og_title":"Tkanina ELTRON 250 g\/m2","og_description":"Antystatyczna ochrona dla pracownik\u00f3w w przemy\u015ble elektronicznym i energetycznym Tkanina ELTRON 250 g\/m\u00b2 to specjalistyczny materia\u0142 antystatyczny, idealny do produkcji odzie\u017cy roboczej dla pracownik\u00f3w przemys\u0142u elektronicznego, paliwowego, gazowego oraz wsz\u0119dzie tam, gdzie kluczowe jest skuteczne odprowadzanie \u0142adunk\u00f3w elektrycznych podczas pracy. Dzi\u0119ki bogatej kolorystyce i mi\u0119kkiemu wyko\u0144czeniu, odzie\u017c wykonana z tej tkaniny nie tylko zapewnia ochron\u0119,&hellip;","og_url":"https:\/\/york.biz.pl\/en\/product\/tkanina-eltron-250-g-m2\/","og_site_name":"YORK","article_modified_time":"2025-02-07T12:02:02+00:00","og_image":[{"width":638,"height":600,"url":"https:\/\/york.biz.pl\/wp-content\/uploads\/2024\/05\/eltron.jpg","type":"image\/jpeg"}],"twitter_card":"summary_large_image","twitter_misc":{"Est. reading time":"2 minutes"},"schema":{"@context":"https:\/\/schema.org","@graph":[{"@type":"WebPage","@id":"https:\/\/york.biz.pl\/produkt\/tkanina-eltron-250-g-m2\/","url":"https:\/\/york.biz.pl\/produkt\/tkanina-eltron-250-g-m2\/","name":"Tkanina ELTRON 250 g\/m2 - YORK","isPartOf":{"@id":"https:\/\/york.biz.pl\/#website"},"primaryImageOfPage":{"@id":"https:\/\/york.biz.pl\/produkt\/tkanina-eltron-250-g-m2\/#primaryimage"},"image":{"@id":"https:\/\/york.biz.pl\/produkt\/tkanina-eltron-250-g-m2\/#primaryimage"},"thumbnailUrl":"https:\/\/york.biz.pl\/wp-content\/uploads\/2024\/05\/eltron.jpg","datePublished":"2024-05-07T16:29:03+00:00","dateModified":"2025-02-07T12:02:02+00:00","breadcrumb":{"@id":"https:\/\/york.biz.pl\/produkt\/tkanina-eltron-250-g-m2\/#breadcrumb"},"inLanguage":"en-US","potentialAction":[{"@type":"ReadAction","target":["https:\/\/york.biz.pl\/produkt\/tkanina-eltron-250-g-m2\/"]}]},{"@type":"ImageObject","inLanguage":"en-US","@id":"https:\/\/york.biz.pl\/produkt\/tkanina-eltron-250-g-m2\/#primaryimage","url":"https:\/\/york.biz.pl\/wp-content\/uploads\/2024\/05\/eltron.jpg","contentUrl":"https:\/\/york.biz.pl\/wp-content\/uploads\/2024\/05\/eltron.jpg","width":638,"height":600,"caption":"96 g\/m2 ELTRON"},{"@type":"BreadcrumbList","@id":"https:\/\/york.biz.pl\/produkt\/tkanina-eltron-250-g-m2\/#breadcrumb","itemListElement":[{"@type":"ListItem","position":1,"name":"Strona g\u0142\u00f3wna","item":"https:\/\/york.biz.pl\/"},{"@type":"ListItem","position":2,"name":"Pe\u0142na oferta","item":"https:\/\/york.biz.pl\/pelna-oferta\/"},{"@type":"ListItem","position":3,"name":"Tkanina ELTRON 250 g\/m2"}]},{"@type":"WebSite","@id":"https:\/\/york.biz.pl\/#website","url":"https:\/\/york.biz.pl\/","name":"YORK","description":"Hurtownia tkanin na odzie\u017c robocz\u0105 - tkaniny robocze","publisher":{"@id":"https:\/\/york.biz.pl\/#organization"},"potentialAction":[{"@type":"SearchAction","target":{"@type":"EntryPoint","urlTemplate":"https:\/\/york.biz.pl\/?s={search_term_string}"},"query-input":{"@type":"PropertyValueSpecification","valueRequired":true,"valueName":"search_term_string"}}],"inLanguage":"en-US"},{"@type":"Organization","@id":"https:\/\/york.biz.pl\/#organization","name":"YORK","url":"https:\/\/york.biz.pl\/","logo":{"@type":"ImageObject","inLanguage":"en-US","@id":"https:\/\/york.biz.pl\/#\/schema\/logo\/image\/","url":"","contentUrl":"","caption":"YORK"},"image":{"@id":"https:\/\/york.biz.pl\/#\/schema\/logo\/image\/"}}]}},"_links":{"self":[{"href":"https:\/\/york.biz.pl\/en\/wp-json\/wp\/v2\/product\/95182"}],"collection":[{"href":"https:\/\/york.biz.pl\/en\/wp-json\/wp\/v2\/product"}],"about":[{"href":"https:\/\/york.biz.pl\/en\/wp-json\/wp\/v2\/types\/product"}],"version-history":[{"count":3,"href":"https:\/\/york.biz.pl\/en\/wp-json\/wp\/v2\/product\/95182\/revisions"}],"predecessor-version":[{"id":96750,"href":"https:\/\/york.biz.pl\/en\/wp-json\/wp\/v2\/product\/95182\/revisions\/96750"}],"wp:featuredmedia":[{"embeddable":true,"href":"https:\/\/york.biz.pl\/en\/wp-json\/wp\/v2\/media\/95178"}],"wp:attachment":[{"href":"https:\/\/york.biz.pl\/en\/wp-json\/wp\/v2\/media?parent=95182"}],"wp:term":[{"taxonomy":"product_cat","embeddable":true,"href":"https:\/\/york.biz.pl\/en\/wp-json\/wp\/v2\/product_cat?post=95182"},{"taxonomy":"product_tag","embeddable":true,"href":"https:\/\/york.biz.pl\/en\/wp-json\/wp\/v2\/product_tag?post=95182"}],"curies":[{"name":"wp","href":"https:\/\/api.w.org\/{rel}","templated":true}]}}