{"id":95174,"date":"2024-05-07T18:25:45","date_gmt":"2024-05-07T16:25:45","guid":{"rendered":"https:\/\/york.biz.pl\/nowa\/?post_type=product&#038;p=95174"},"modified":"2024-12-02T03:05:48","modified_gmt":"2024-12-02T02:05:48","slug":"tkanina-flanela-as-190-g-m2","status":"publish","type":"product","link":"https:\/\/york.biz.pl\/en\/product\/tkanina-flanela-as-190-g-m2\/","title":{"rendered":"Flannel AS 190 g\/m2"},"content":{"rendered":"<h2>Antistatic and durable fabric for work shirts<\/h2>\n<p>Flannel AS 190 g\/m2 is a cotton antistatic material, specially designed for the production of work shirts. Thanks to its durability\u2014even after 30 washes\u2014this fabric is ideal for applications in the gas and fuel industries, where reliability and protection are crucial.<\/p>\n<h3>Kluczowe zalety tkaniny FLANELA AS 190 g\/m\u00b2:<\/h3>\n<ul>\n<li><strong>Durability against friction and mechanical damage<\/strong> \u2013 ensures long-lasting use, even in intense working conditions.<\/li>\n<li><strong>Low Shrinkage<\/strong> \u2013 the fabric retains its dimensions and shape after water washing, ensuring the durability and reliability of the clothing.<\/li>\n<li><strong>Color Fastness<\/strong> \u2013 the colors remain vibrant and resistant to fading, ensuring an aesthetic appearance of the clothing for a long time.<\/li>\n<li><strong>Comfort of use<\/strong> <strong>Comfort in Use<\/strong> \u2013 the fabric is soft and comfortable, ensuring ease of wear throughout the work day.<\/li>\n<\/ul>\n<p>Washing Temperature: 40\u00b0C<\/p>\n<h3>Compliance with standards:<\/h3>\n<p>Woven Flannel AS 190 g\/m2 fabric meets all key standards for protective clothing:<\/p>\n<ul>\n<li><strong>PN-EN 1149-5<\/strong> \u2013 antistatic protection.<\/li>\n<li><strong>PN-EN ISO 13688<\/strong> - protective clothing \u2013 general requirements.<\/li>\n<\/ul>\n<p>By choosing FLANELA AS 190 g\/m\u00b2 fabric, you are investing in a durable, comfortable, and safe material, ideal for producing work shirts in demanding industries where antistatic properties and comfort are a priority.<\/p>","protected":false},"excerpt":{"rendered":"<p>Antystatyczna i wytrzyma\u0142a tkanina na koszule robocze Tkanina FLANELA AS 190 g\/m\u00b2 to bawe\u0142niany materia\u0142 antystatyczny, specjalnie zaprojektowany do produkcji koszul roboczych. Dzi\u0119ki swojej trwa\u0142o\u015bci, nawet po 30 praniach, tkanina ta jest idealna do zastosowa\u0144 w przemy\u015ble gazowym i paliwowym, gdzie niezawodno\u015b\u0107 i ochrona s\u0105 kluczowe. Kluczowe zalety tkaniny FLANELA AS 190 g\/m\u00b2: Wytrzyma\u0142o\u015b\u0107 na&hellip;<\/p>","protected":false},"featured_media":95175,"template":"","meta":{"_acf_changed":false},"product_cat":[303,304],"product_tag":[],"class_list":{"0":"post-95174","1":"product","2":"type-product","3":"status-publish","4":"has-post-thumbnail","6":"product_cat-tkaniny-specjalistyczne","7":"product_cat-antystatyczne","8":"description-off","10":"first","11":"instock","12":"shipping-taxable","13":"product-type-simple"},"acf":[],"yoast_head":"<!-- This site is optimized with the Yoast SEO Premium plugin v23.9 (Yoast SEO v23.9) - https:\/\/yoast.com\/wordpress\/plugins\/seo\/ -->\n<title>Tkanina FLANELA AS 190 g\/m2 - YORK<\/title>\n<meta name=\"robots\" content=\"index, follow, max-snippet:-1, max-image-preview:large, max-video-preview:-1\" \/>\n<link rel=\"canonical\" href=\"https:\/\/york.biz.pl\/en\/product\/tkanina-flanela-as-190-g-m2\/\" \/>\n<meta property=\"og:locale\" content=\"en_US\" \/>\n<meta property=\"og:type\" content=\"article\" \/>\n<meta property=\"og:title\" content=\"Tkanina FLANELA AS 190 g\/m2\" \/>\n<meta property=\"og:description\" content=\"Antystatyczna i wytrzyma\u0142a tkanina na koszule robocze Tkanina FLANELA AS 190 g\/m\u00b2 to bawe\u0142niany materia\u0142 antystatyczny, specjalnie zaprojektowany do produkcji koszul roboczych. Dzi\u0119ki swojej trwa\u0142o\u015bci, nawet po 30 praniach, tkanina ta jest idealna do zastosowa\u0144 w przemy\u015ble gazowym i paliwowym, gdzie niezawodno\u015b\u0107 i ochrona s\u0105 kluczowe. Kluczowe zalety tkaniny FLANELA AS 190 g\/m\u00b2: Wytrzyma\u0142o\u015b\u0107 na&hellip;\" \/>\n<meta property=\"og:url\" content=\"https:\/\/york.biz.pl\/en\/product\/tkanina-flanela-as-190-g-m2\/\" \/>\n<meta property=\"og:site_name\" content=\"YORK\" \/>\n<meta property=\"article:modified_time\" content=\"2024-12-02T02:05:48+00:00\" \/>\n<meta property=\"og:image\" content=\"https:\/\/york.biz.pl\/wp-content\/uploads\/2024\/05\/flanela-2.jpg\" \/>\n\t<meta property=\"og:image:width\" content=\"638\" \/>\n\t<meta property=\"og:image:height\" content=\"600\" \/>\n\t<meta property=\"og:image:type\" content=\"image\/jpeg\" \/>\n<meta name=\"twitter:card\" content=\"summary_large_image\" \/>\n<meta name=\"twitter:label1\" content=\"Est. reading time\" \/>\n\t<meta name=\"twitter:data1\" content=\"1 minute\" \/>\n<script type=\"application\/ld+json\" class=\"yoast-schema-graph\">{\"@context\":\"https:\/\/schema.org\",\"@graph\":[{\"@type\":\"WebPage\",\"@id\":\"https:\/\/york.biz.pl\/produkt\/tkanina-flanela-as-190-g-m2\/\",\"url\":\"https:\/\/york.biz.pl\/produkt\/tkanina-flanela-as-190-g-m2\/\",\"name\":\"Tkanina FLANELA AS 190 g\/m2 - YORK\",\"isPartOf\":{\"@id\":\"https:\/\/york.biz.pl\/#website\"},\"primaryImageOfPage\":{\"@id\":\"https:\/\/york.biz.pl\/produkt\/tkanina-flanela-as-190-g-m2\/#primaryimage\"},\"image\":{\"@id\":\"https:\/\/york.biz.pl\/produkt\/tkanina-flanela-as-190-g-m2\/#primaryimage\"},\"thumbnailUrl\":\"https:\/\/york.biz.pl\/wp-content\/uploads\/2024\/05\/flanela-2.jpg\",\"datePublished\":\"2024-05-07T16:25:45+00:00\",\"dateModified\":\"2024-12-02T02:05:48+00:00\",\"breadcrumb\":{\"@id\":\"https:\/\/york.biz.pl\/produkt\/tkanina-flanela-as-190-g-m2\/#breadcrumb\"},\"inLanguage\":\"en-US\",\"potentialAction\":[{\"@type\":\"ReadAction\",\"target\":[\"https:\/\/york.biz.pl\/produkt\/tkanina-flanela-as-190-g-m2\/\"]}]},{\"@type\":\"ImageObject\",\"inLanguage\":\"en-US\",\"@id\":\"https:\/\/york.biz.pl\/produkt\/tkanina-flanela-as-190-g-m2\/#primaryimage\",\"url\":\"https:\/\/york.biz.pl\/wp-content\/uploads\/2024\/05\/flanela-2.jpg\",\"contentUrl\":\"https:\/\/york.biz.pl\/wp-content\/uploads\/2024\/05\/flanela-2.jpg\",\"width\":638,\"height\":600,\"caption\":\"Flanela AS\"},{\"@type\":\"BreadcrumbList\",\"@id\":\"https:\/\/york.biz.pl\/produkt\/tkanina-flanela-as-190-g-m2\/#breadcrumb\",\"itemListElement\":[{\"@type\":\"ListItem\",\"position\":1,\"name\":\"Strona g\u0142\u00f3wna\",\"item\":\"https:\/\/york.biz.pl\/\"},{\"@type\":\"ListItem\",\"position\":2,\"name\":\"Pe\u0142na oferta\",\"item\":\"https:\/\/york.biz.pl\/pelna-oferta\/\"},{\"@type\":\"ListItem\",\"position\":3,\"name\":\"Tkanina FLANELA AS 190 g\/m2\"}]},{\"@type\":\"WebSite\",\"@id\":\"https:\/\/york.biz.pl\/#website\",\"url\":\"https:\/\/york.biz.pl\/\",\"name\":\"YORK\",\"description\":\"Hurtownia tkanin na odzie\u017c robocz\u0105 - tkaniny robocze\",\"publisher\":{\"@id\":\"https:\/\/york.biz.pl\/#organization\"},\"potentialAction\":[{\"@type\":\"SearchAction\",\"target\":{\"@type\":\"EntryPoint\",\"urlTemplate\":\"https:\/\/york.biz.pl\/?s={search_term_string}\"},\"query-input\":{\"@type\":\"PropertyValueSpecification\",\"valueRequired\":true,\"valueName\":\"search_term_string\"}}],\"inLanguage\":\"en-US\"},{\"@type\":\"Organization\",\"@id\":\"https:\/\/york.biz.pl\/#organization\",\"name\":\"YORK\",\"url\":\"https:\/\/york.biz.pl\/\",\"logo\":{\"@type\":\"ImageObject\",\"inLanguage\":\"en-US\",\"@id\":\"https:\/\/york.biz.pl\/#\/schema\/logo\/image\/\",\"url\":\"\",\"contentUrl\":\"\",\"caption\":\"YORK\"},\"image\":{\"@id\":\"https:\/\/york.biz.pl\/#\/schema\/logo\/image\/\"}}]}<\/script>\n<!-- \/ Yoast SEO Premium plugin. -->","yoast_head_json":{"title":"Tkanina FLANELA AS 190 g\/m2 - YORK","robots":{"index":"index","follow":"follow","max-snippet":"max-snippet:-1","max-image-preview":"max-image-preview:large","max-video-preview":"max-video-preview:-1"},"canonical":"https:\/\/york.biz.pl\/en\/product\/tkanina-flanela-as-190-g-m2\/","og_locale":"en_US","og_type":"article","og_title":"Tkanina FLANELA AS 190 g\/m2","og_description":"Antystatyczna i wytrzyma\u0142a tkanina na koszule robocze Tkanina FLANELA AS 190 g\/m\u00b2 to bawe\u0142niany materia\u0142 antystatyczny, specjalnie zaprojektowany do produkcji koszul roboczych. Dzi\u0119ki swojej trwa\u0142o\u015bci, nawet po 30 praniach, tkanina ta jest idealna do zastosowa\u0144 w przemy\u015ble gazowym i paliwowym, gdzie niezawodno\u015b\u0107 i ochrona s\u0105 kluczowe. Kluczowe zalety tkaniny FLANELA AS 190 g\/m\u00b2: Wytrzyma\u0142o\u015b\u0107 na&hellip;","og_url":"https:\/\/york.biz.pl\/en\/product\/tkanina-flanela-as-190-g-m2\/","og_site_name":"YORK","article_modified_time":"2024-12-02T02:05:48+00:00","og_image":[{"width":638,"height":600,"url":"https:\/\/york.biz.pl\/wp-content\/uploads\/2024\/05\/flanela-2.jpg","type":"image\/jpeg"}],"twitter_card":"summary_large_image","twitter_misc":{"Est. reading time":"1 minute"},"schema":{"@context":"https:\/\/schema.org","@graph":[{"@type":"WebPage","@id":"https:\/\/york.biz.pl\/produkt\/tkanina-flanela-as-190-g-m2\/","url":"https:\/\/york.biz.pl\/produkt\/tkanina-flanela-as-190-g-m2\/","name":"Tkanina FLANELA AS 190 g\/m2 - YORK","isPartOf":{"@id":"https:\/\/york.biz.pl\/#website"},"primaryImageOfPage":{"@id":"https:\/\/york.biz.pl\/produkt\/tkanina-flanela-as-190-g-m2\/#primaryimage"},"image":{"@id":"https:\/\/york.biz.pl\/produkt\/tkanina-flanela-as-190-g-m2\/#primaryimage"},"thumbnailUrl":"https:\/\/york.biz.pl\/wp-content\/uploads\/2024\/05\/flanela-2.jpg","datePublished":"2024-05-07T16:25:45+00:00","dateModified":"2024-12-02T02:05:48+00:00","breadcrumb":{"@id":"https:\/\/york.biz.pl\/produkt\/tkanina-flanela-as-190-g-m2\/#breadcrumb"},"inLanguage":"en-US","potentialAction":[{"@type":"ReadAction","target":["https:\/\/york.biz.pl\/produkt\/tkanina-flanela-as-190-g-m2\/"]}]},{"@type":"ImageObject","inLanguage":"en-US","@id":"https:\/\/york.biz.pl\/produkt\/tkanina-flanela-as-190-g-m2\/#primaryimage","url":"https:\/\/york.biz.pl\/wp-content\/uploads\/2024\/05\/flanela-2.jpg","contentUrl":"https:\/\/york.biz.pl\/wp-content\/uploads\/2024\/05\/flanela-2.jpg","width":638,"height":600,"caption":"Flanela AS"},{"@type":"BreadcrumbList","@id":"https:\/\/york.biz.pl\/produkt\/tkanina-flanela-as-190-g-m2\/#breadcrumb","itemListElement":[{"@type":"ListItem","position":1,"name":"Strona g\u0142\u00f3wna","item":"https:\/\/york.biz.pl\/"},{"@type":"ListItem","position":2,"name":"Pe\u0142na oferta","item":"https:\/\/york.biz.pl\/pelna-oferta\/"},{"@type":"ListItem","position":3,"name":"Tkanina FLANELA AS 190 g\/m2"}]},{"@type":"WebSite","@id":"https:\/\/york.biz.pl\/#website","url":"https:\/\/york.biz.pl\/","name":"YORK","description":"Hurtownia tkanin na odzie\u017c robocz\u0105 - tkaniny robocze","publisher":{"@id":"https:\/\/york.biz.pl\/#organization"},"potentialAction":[{"@type":"SearchAction","target":{"@type":"EntryPoint","urlTemplate":"https:\/\/york.biz.pl\/?s={search_term_string}"},"query-input":{"@type":"PropertyValueSpecification","valueRequired":true,"valueName":"search_term_string"}}],"inLanguage":"en-US"},{"@type":"Organization","@id":"https:\/\/york.biz.pl\/#organization","name":"YORK","url":"https:\/\/york.biz.pl\/","logo":{"@type":"ImageObject","inLanguage":"en-US","@id":"https:\/\/york.biz.pl\/#\/schema\/logo\/image\/","url":"","contentUrl":"","caption":"YORK"},"image":{"@id":"https:\/\/york.biz.pl\/#\/schema\/logo\/image\/"}}]}},"_links":{"self":[{"href":"https:\/\/york.biz.pl\/en\/wp-json\/wp\/v2\/product\/95174"}],"collection":[{"href":"https:\/\/york.biz.pl\/en\/wp-json\/wp\/v2\/product"}],"about":[{"href":"https:\/\/york.biz.pl\/en\/wp-json\/wp\/v2\/types\/product"}],"version-history":[{"count":4,"href":"https:\/\/york.biz.pl\/en\/wp-json\/wp\/v2\/product\/95174\/revisions"}],"predecessor-version":[{"id":96806,"href":"https:\/\/york.biz.pl\/en\/wp-json\/wp\/v2\/product\/95174\/revisions\/96806"}],"wp:featuredmedia":[{"embeddable":true,"href":"https:\/\/york.biz.pl\/en\/wp-json\/wp\/v2\/media\/95175"}],"wp:attachment":[{"href":"https:\/\/york.biz.pl\/en\/wp-json\/wp\/v2\/media?parent=95174"}],"wp:term":[{"taxonomy":"product_cat","embeddable":true,"href":"https:\/\/york.biz.pl\/en\/wp-json\/wp\/v2\/product_cat?post=95174"},{"taxonomy":"product_tag","embeddable":true,"href":"https:\/\/york.biz.pl\/en\/wp-json\/wp\/v2\/product_tag?post=95174"}],"curies":[{"name":"wp","href":"https:\/\/api.w.org\/{rel}","templated":true}]}}