{"id":95171,"date":"2024-05-07T18:21:57","date_gmt":"2024-05-07T16:21:57","guid":{"rendered":"https:\/\/york.biz.pl\/nowa\/?post_type=product&#038;p=95171"},"modified":"2024-09-16T15:57:58","modified_gmt":"2024-09-16T13:57:58","slug":"tkanina-kapitan-280-g-m2","status":"publish","type":"product","link":"https:\/\/york.biz.pl\/en\/product\/tkanina-kapitan-280-g-m2\/","title":{"rendered":"KAPITAN Fabric 280 g\/m2"},"content":{"rendered":"<h2>Elegant and durable protection for uniformed services<\/h2>\n<p>KAPITAN Fabric 280 g\/m2 is designed with security personnel and uniformed services in mind, working both indoors and outdoors. Thanks to its exceptional color uniformity and durability, this fabric ensures an elegant appearance of the clothing, maintaining the aesthetic of freshly pressed garments. Its composition and soft finish not only guarantee comfort during use but also provide resistance to UV radiation, which is crucial for uniforms exposed to intense sunlight.<\/p>\n<h3>Kluczowe zalety tkaniny KAPITAN 280 g\/m\u00b2:<\/h3>\n<ul>\n<li><strong>Durability against friction and mechanical damage<\/strong> \u2013 ensures long-lasting use, even in intense working conditions.<\/li>\n<li><strong>Low Shrinkage<\/strong> \u2013 the fabric retains its dimensions and shape after washing at temperatures up to 60\u00b0C, ensuring the reliability of the clothing.<\/li>\n<li><strong>Color Fastness<\/strong> \u2013 the colors remain vibrant and resistant to fading, even with prolonged exposure to UV radiation.<\/li>\n<li><strong>Possibility of Combining Colors<\/strong> \u2013 without the risk of shade variation, allowing for the creation of cohesive and attractive clothing designs.<\/li>\n<li><strong>Comfort of use<\/strong> - the fabric is soft and comfortable, ensuring ease of wear throughout the work day.<\/li>\n<\/ul>\n<h3>Compliance with standards:<\/h3>\n<p>KAPITAN 280 g\/m\u00b2 fabric meets all key standards for protective clothing:<\/p>\n<ul>\n<li><strong>PN-EN ISO 105-B02:2006<\/strong> \u2013 resistance to UV radiation.<\/li>\n<li><strong>PN-P-84525<\/strong> \u2013 guarantees the appropriate quality and safety of the material.<\/li>\n<li><strong>PN-EN ISO 13688<\/strong> - protective clothing \u2013 general requirements.<\/li>\n<\/ul>\n<p>By choosing KAPITAN 280 g\/m\u00b2 fabric, you are investing in a material that combines elegance, durability, and comfort, making it ideal for producing clothing for uniformed services that require reliable protection and a professional appearance.<\/p>","protected":false},"excerpt":{"rendered":"<p>Elegancka i trwa\u0142a ochrona dla s\u0142u\u017cb mundurowych Tkanina KAPITAN 280 g\/m\u00b2 zosta\u0142a zaprojektowana z my\u015bl\u0105 o pracownikach ochrony oraz s\u0142u\u017cbach mundurowych, pracuj\u0105cych zar\u00f3wno wewn\u0105trz, jak i na zewn\u0105trz pomieszcze\u0144. Dzi\u0119ki swojej wyj\u0105tkowej jednolito\u015bci i trwa\u0142o\u015bci koloru, tkanina ta zapewnia elegancki wygl\u0105d odzie\u017cy, zachowuj\u0105c estetyk\u0119 \u015bwie\u017co odprasowanej odzie\u017cy. Sk\u0142ad tkaniny i jej mi\u0119kkie wyko\u0144czenie gwarantuj\u0105 nie&hellip;<\/p>","protected":false},"featured_media":95172,"template":"","meta":{"_acf_changed":false},"product_cat":[296,302],"product_tag":[],"class_list":{"0":"post-95171","1":"product","2":"type-product","3":"status-publish","4":"has-post-thumbnail","6":"product_cat-tkaniny-na-odziez-robocza","7":"product_cat-poliester-wiskoza-tkaniny-na-odziez-robocza","8":"description-off","10":"first","11":"instock","12":"shipping-taxable","13":"product-type-simple"},"acf":[],"yoast_head":"<!-- This site is optimized with the Yoast SEO Premium plugin v23.9 (Yoast SEO v23.9) - https:\/\/yoast.com\/wordpress\/plugins\/seo\/ -->\n<title>Tkanina KAPITAN 280 g\/m2 - YORK<\/title>\n<meta name=\"robots\" content=\"index, follow, max-snippet:-1, max-image-preview:large, max-video-preview:-1\" \/>\n<link rel=\"canonical\" href=\"https:\/\/york.biz.pl\/en\/product\/tkanina-kapitan-280-g-m2\/\" \/>\n<meta property=\"og:locale\" content=\"en_US\" \/>\n<meta property=\"og:type\" content=\"article\" \/>\n<meta property=\"og:title\" content=\"Tkanina KAPITAN 280 g\/m2\" \/>\n<meta property=\"og:description\" content=\"Elegancka i trwa\u0142a ochrona dla s\u0142u\u017cb mundurowych Tkanina KAPITAN 280 g\/m\u00b2 zosta\u0142a zaprojektowana z my\u015bl\u0105 o pracownikach ochrony oraz s\u0142u\u017cbach mundurowych, pracuj\u0105cych zar\u00f3wno wewn\u0105trz, jak i na zewn\u0105trz pomieszcze\u0144. Dzi\u0119ki swojej wyj\u0105tkowej jednolito\u015bci i trwa\u0142o\u015bci koloru, tkanina ta zapewnia elegancki wygl\u0105d odzie\u017cy, zachowuj\u0105c estetyk\u0119 \u015bwie\u017co odprasowanej odzie\u017cy. Sk\u0142ad tkaniny i jej mi\u0119kkie wyko\u0144czenie gwarantuj\u0105 nie&hellip;\" \/>\n<meta property=\"og:url\" content=\"https:\/\/york.biz.pl\/en\/product\/tkanina-kapitan-280-g-m2\/\" \/>\n<meta property=\"og:site_name\" content=\"YORK\" \/>\n<meta property=\"article:modified_time\" content=\"2024-09-16T13:57:58+00:00\" \/>\n<meta property=\"og:image\" content=\"https:\/\/york.biz.pl\/wp-content\/uploads\/2024\/05\/kapitan.jpg\" \/>\n\t<meta property=\"og:image:width\" content=\"638\" \/>\n\t<meta property=\"og:image:height\" content=\"600\" \/>\n\t<meta property=\"og:image:type\" content=\"image\/jpeg\" \/>\n<meta name=\"twitter:card\" content=\"summary_large_image\" \/>\n<meta name=\"twitter:label1\" content=\"Est. reading time\" \/>\n\t<meta name=\"twitter:data1\" content=\"1 minute\" \/>\n<script type=\"application\/ld+json\" class=\"yoast-schema-graph\">{\"@context\":\"https:\/\/schema.org\",\"@graph\":[{\"@type\":\"WebPage\",\"@id\":\"https:\/\/york.biz.pl\/produkt\/tkanina-kapitan-280-g-m2\/\",\"url\":\"https:\/\/york.biz.pl\/produkt\/tkanina-kapitan-280-g-m2\/\",\"name\":\"Tkanina KAPITAN 280 g\/m2 - YORK\",\"isPartOf\":{\"@id\":\"https:\/\/york.biz.pl\/#website\"},\"primaryImageOfPage\":{\"@id\":\"https:\/\/york.biz.pl\/produkt\/tkanina-kapitan-280-g-m2\/#primaryimage\"},\"image\":{\"@id\":\"https:\/\/york.biz.pl\/produkt\/tkanina-kapitan-280-g-m2\/#primaryimage\"},\"thumbnailUrl\":\"https:\/\/york.biz.pl\/wp-content\/uploads\/2024\/05\/kapitan.jpg\",\"datePublished\":\"2024-05-07T16:21:57+00:00\",\"dateModified\":\"2024-09-16T13:57:58+00:00\",\"breadcrumb\":{\"@id\":\"https:\/\/york.biz.pl\/produkt\/tkanina-kapitan-280-g-m2\/#breadcrumb\"},\"inLanguage\":\"en-US\",\"potentialAction\":[{\"@type\":\"ReadAction\",\"target\":[\"https:\/\/york.biz.pl\/produkt\/tkanina-kapitan-280-g-m2\/\"]}]},{\"@type\":\"ImageObject\",\"inLanguage\":\"en-US\",\"@id\":\"https:\/\/york.biz.pl\/produkt\/tkanina-kapitan-280-g-m2\/#primaryimage\",\"url\":\"https:\/\/york.biz.pl\/wp-content\/uploads\/2024\/05\/kapitan.jpg\",\"contentUrl\":\"https:\/\/york.biz.pl\/wp-content\/uploads\/2024\/05\/kapitan.jpg\",\"width\":638,\"height\":600,\"caption\":\"280 g\/m2 KAPITAN\"},{\"@type\":\"BreadcrumbList\",\"@id\":\"https:\/\/york.biz.pl\/produkt\/tkanina-kapitan-280-g-m2\/#breadcrumb\",\"itemListElement\":[{\"@type\":\"ListItem\",\"position\":1,\"name\":\"Strona g\u0142\u00f3wna\",\"item\":\"https:\/\/york.biz.pl\/\"},{\"@type\":\"ListItem\",\"position\":2,\"name\":\"Pe\u0142na oferta\",\"item\":\"https:\/\/york.biz.pl\/pelna-oferta\/\"},{\"@type\":\"ListItem\",\"position\":3,\"name\":\"Tkanina KAPITAN 280 g\/m2\"}]},{\"@type\":\"WebSite\",\"@id\":\"https:\/\/york.biz.pl\/#website\",\"url\":\"https:\/\/york.biz.pl\/\",\"name\":\"YORK\",\"description\":\"Hurtownia tkanin na odzie\u017c robocz\u0105 - tkaniny robocze\",\"publisher\":{\"@id\":\"https:\/\/york.biz.pl\/#organization\"},\"potentialAction\":[{\"@type\":\"SearchAction\",\"target\":{\"@type\":\"EntryPoint\",\"urlTemplate\":\"https:\/\/york.biz.pl\/?s={search_term_string}\"},\"query-input\":{\"@type\":\"PropertyValueSpecification\",\"valueRequired\":true,\"valueName\":\"search_term_string\"}}],\"inLanguage\":\"en-US\"},{\"@type\":\"Organization\",\"@id\":\"https:\/\/york.biz.pl\/#organization\",\"name\":\"YORK\",\"url\":\"https:\/\/york.biz.pl\/\",\"logo\":{\"@type\":\"ImageObject\",\"inLanguage\":\"en-US\",\"@id\":\"https:\/\/york.biz.pl\/#\/schema\/logo\/image\/\",\"url\":\"\",\"contentUrl\":\"\",\"caption\":\"YORK\"},\"image\":{\"@id\":\"https:\/\/york.biz.pl\/#\/schema\/logo\/image\/\"}}]}<\/script>\n<!-- \/ Yoast SEO Premium plugin. -->","yoast_head_json":{"title":"Tkanina KAPITAN 280 g\/m2 - YORK","robots":{"index":"index","follow":"follow","max-snippet":"max-snippet:-1","max-image-preview":"max-image-preview:large","max-video-preview":"max-video-preview:-1"},"canonical":"https:\/\/york.biz.pl\/en\/product\/tkanina-kapitan-280-g-m2\/","og_locale":"en_US","og_type":"article","og_title":"Tkanina KAPITAN 280 g\/m2","og_description":"Elegancka i trwa\u0142a ochrona dla s\u0142u\u017cb mundurowych Tkanina KAPITAN 280 g\/m\u00b2 zosta\u0142a zaprojektowana z my\u015bl\u0105 o pracownikach ochrony oraz s\u0142u\u017cbach mundurowych, pracuj\u0105cych zar\u00f3wno wewn\u0105trz, jak i na zewn\u0105trz pomieszcze\u0144. Dzi\u0119ki swojej wyj\u0105tkowej jednolito\u015bci i trwa\u0142o\u015bci koloru, tkanina ta zapewnia elegancki wygl\u0105d odzie\u017cy, zachowuj\u0105c estetyk\u0119 \u015bwie\u017co odprasowanej odzie\u017cy. Sk\u0142ad tkaniny i jej mi\u0119kkie wyko\u0144czenie gwarantuj\u0105 nie&hellip;","og_url":"https:\/\/york.biz.pl\/en\/product\/tkanina-kapitan-280-g-m2\/","og_site_name":"YORK","article_modified_time":"2024-09-16T13:57:58+00:00","og_image":[{"width":638,"height":600,"url":"https:\/\/york.biz.pl\/wp-content\/uploads\/2024\/05\/kapitan.jpg","type":"image\/jpeg"}],"twitter_card":"summary_large_image","twitter_misc":{"Est. reading time":"1 minute"},"schema":{"@context":"https:\/\/schema.org","@graph":[{"@type":"WebPage","@id":"https:\/\/york.biz.pl\/produkt\/tkanina-kapitan-280-g-m2\/","url":"https:\/\/york.biz.pl\/produkt\/tkanina-kapitan-280-g-m2\/","name":"Tkanina KAPITAN 280 g\/m2 - YORK","isPartOf":{"@id":"https:\/\/york.biz.pl\/#website"},"primaryImageOfPage":{"@id":"https:\/\/york.biz.pl\/produkt\/tkanina-kapitan-280-g-m2\/#primaryimage"},"image":{"@id":"https:\/\/york.biz.pl\/produkt\/tkanina-kapitan-280-g-m2\/#primaryimage"},"thumbnailUrl":"https:\/\/york.biz.pl\/wp-content\/uploads\/2024\/05\/kapitan.jpg","datePublished":"2024-05-07T16:21:57+00:00","dateModified":"2024-09-16T13:57:58+00:00","breadcrumb":{"@id":"https:\/\/york.biz.pl\/produkt\/tkanina-kapitan-280-g-m2\/#breadcrumb"},"inLanguage":"en-US","potentialAction":[{"@type":"ReadAction","target":["https:\/\/york.biz.pl\/produkt\/tkanina-kapitan-280-g-m2\/"]}]},{"@type":"ImageObject","inLanguage":"en-US","@id":"https:\/\/york.biz.pl\/produkt\/tkanina-kapitan-280-g-m2\/#primaryimage","url":"https:\/\/york.biz.pl\/wp-content\/uploads\/2024\/05\/kapitan.jpg","contentUrl":"https:\/\/york.biz.pl\/wp-content\/uploads\/2024\/05\/kapitan.jpg","width":638,"height":600,"caption":"280 g\/m2 KAPITAN"},{"@type":"BreadcrumbList","@id":"https:\/\/york.biz.pl\/produkt\/tkanina-kapitan-280-g-m2\/#breadcrumb","itemListElement":[{"@type":"ListItem","position":1,"name":"Strona g\u0142\u00f3wna","item":"https:\/\/york.biz.pl\/"},{"@type":"ListItem","position":2,"name":"Pe\u0142na oferta","item":"https:\/\/york.biz.pl\/pelna-oferta\/"},{"@type":"ListItem","position":3,"name":"Tkanina KAPITAN 280 g\/m2"}]},{"@type":"WebSite","@id":"https:\/\/york.biz.pl\/#website","url":"https:\/\/york.biz.pl\/","name":"YORK","description":"Hurtownia tkanin na odzie\u017c robocz\u0105 - tkaniny robocze","publisher":{"@id":"https:\/\/york.biz.pl\/#organization"},"potentialAction":[{"@type":"SearchAction","target":{"@type":"EntryPoint","urlTemplate":"https:\/\/york.biz.pl\/?s={search_term_string}"},"query-input":{"@type":"PropertyValueSpecification","valueRequired":true,"valueName":"search_term_string"}}],"inLanguage":"en-US"},{"@type":"Organization","@id":"https:\/\/york.biz.pl\/#organization","name":"YORK","url":"https:\/\/york.biz.pl\/","logo":{"@type":"ImageObject","inLanguage":"en-US","@id":"https:\/\/york.biz.pl\/#\/schema\/logo\/image\/","url":"","contentUrl":"","caption":"YORK"},"image":{"@id":"https:\/\/york.biz.pl\/#\/schema\/logo\/image\/"}}]}},"_links":{"self":[{"href":"https:\/\/york.biz.pl\/en\/wp-json\/wp\/v2\/product\/95171"}],"collection":[{"href":"https:\/\/york.biz.pl\/en\/wp-json\/wp\/v2\/product"}],"about":[{"href":"https:\/\/york.biz.pl\/en\/wp-json\/wp\/v2\/types\/product"}],"version-history":[{"count":3,"href":"https:\/\/york.biz.pl\/en\/wp-json\/wp\/v2\/product\/95171\/revisions"}],"predecessor-version":[{"id":96746,"href":"https:\/\/york.biz.pl\/en\/wp-json\/wp\/v2\/product\/95171\/revisions\/96746"}],"wp:featuredmedia":[{"embeddable":true,"href":"https:\/\/york.biz.pl\/en\/wp-json\/wp\/v2\/media\/95172"}],"wp:attachment":[{"href":"https:\/\/york.biz.pl\/en\/wp-json\/wp\/v2\/media?parent=95171"}],"wp:term":[{"taxonomy":"product_cat","embeddable":true,"href":"https:\/\/york.biz.pl\/en\/wp-json\/wp\/v2\/product_cat?post=95171"},{"taxonomy":"product_tag","embeddable":true,"href":"https:\/\/york.biz.pl\/en\/wp-json\/wp\/v2\/product_tag?post=95171"}],"curies":[{"name":"wp","href":"https:\/\/api.w.org\/{rel}","templated":true}]}}