{"id":95161,"date":"2024-05-07T18:15:34","date_gmt":"2024-05-07T16:15:34","guid":{"rendered":"https:\/\/york.biz.pl\/nowa\/?post_type=product&#038;p=95161"},"modified":"2025-01-20T14:53:21","modified_gmt":"2025-01-20T13:53:21","slug":"tkanina-classic-280-g-m2","status":"publish","type":"product","link":"https:\/\/york.biz.pl\/en\/product\/tkanina-classic-280-g-m2\/","title":{"rendered":"CLASSIC Fabric 280 g\/m2"},"content":{"rendered":"<h2>High quality and durability for workwear<\/h2>\n<p>CLASSIC 280 g\/m\u00b2 fabric is a sanforized material, perfectly suited for the production of workwear that guarantees reliability and longevity of the finished products. Thanks to the sanforization process, the fabric is characterized by minimal shrinkage and excellent resistance to fading, which translates into its high utility.<\/p>\n<h3>Key Advantages of CLASSIC 280 g\/m\u00b2 fabric:<\/h3>\n<ul>\n<li><strong>Durability against friction and mechanical damage<\/strong> \u2013 ensures long-lasting use, even in intense working conditions.<\/li>\n<li><strong>Low Shrinkage<\/strong> \u2013 the fabric retains its dimensions and shape after washing at temperatures up to 60\u00b0C.<\/li>\n<li><strong>Color Fastness<\/strong> \u2013 the colors remain vibrant and resistant to fading, ensuring that the clothing maintains an attractive appearance over time.<\/li>\n<li><strong>Possibility of Combining Colors<\/strong> \u2013 without the risk of color change, allowing for the creation of cohesive and aesthetically pleasing clothing designs.<\/li>\n<li><strong>Comfort in Use<\/strong> \u2013 the fabric is comfortable and pleasant to wear, which enhances work comfort.<\/li>\n<\/ul>\n<h3>Compliance with standards:<\/h3>\n<p>CLASSIC 280 g\/m\u00b2 fabric meets all key standards for protective clothing:<\/p>\n<ul>\n<li><strong>PN-EN ISO 13688<\/strong> - protective clothing \u2013 general requirements.<\/li>\n<\/ul>\n<p>By choosing CLASSIC 280 g\/m\u00b2 fabric, you are investing in a material that combines durability, aesthetics, and comfort, making it ideal for producing high-quality workwear.<\/p>","protected":false},"excerpt":{"rendered":"<p>Wysoka jako\u015b\u0107 i trwa\u0142o\u015b\u0107 dla odzie\u017cy roboczej Tkanina CLASSIC 280 g\/m\u00b2 to sanforyzowany materia\u0142, idealnie nadaj\u0105cy si\u0119 do produkcji odzie\u017cy roboczej, kt\u00f3ry gwarantuje niezawodno\u015b\u0107 i d\u0142ugowieczno\u015b\u0107 gotowych wyrob\u00f3w. Dzi\u0119ki procesowi sanforyzacji, tkanina charakteryzuje si\u0119 minimaln\u0105 kurczliwo\u015bci\u0105 oraz doskona\u0142\u0105 odporno\u015bci\u0105 na wybarwienia, co przek\u0142ada si\u0119 na jej wysokie walory u\u017cytkowe. Kluczowe zalety tkaniny CLASSIC 280 g\/m\u00b2:&hellip;<\/p>","protected":false},"featured_media":95157,"template":"","meta":{"_acf_changed":false},"product_cat":[296,299],"product_tag":[],"class_list":{"0":"post-95161","1":"product","2":"type-product","3":"status-publish","4":"has-post-thumbnail","6":"product_cat-tkaniny-na-odziez-robocza","7":"product_cat-bawelna-tkaniny-na-odziez-robocza","8":"description-off","10":"first","11":"instock","12":"shipping-taxable","13":"product-type-simple"},"acf":[],"yoast_head":"<!-- This site is optimized with the Yoast SEO Premium plugin v23.9 (Yoast SEO v23.9) - https:\/\/yoast.com\/wordpress\/plugins\/seo\/ -->\n<title>Tkanina CLASSIC 280 g\/m2 - YORK<\/title>\n<meta name=\"robots\" content=\"index, follow, max-snippet:-1, max-image-preview:large, max-video-preview:-1\" \/>\n<link rel=\"canonical\" href=\"https:\/\/york.biz.pl\/en\/product\/tkanina-classic-280-g-m2\/\" \/>\n<meta property=\"og:locale\" content=\"en_US\" \/>\n<meta property=\"og:type\" content=\"article\" \/>\n<meta property=\"og:title\" content=\"Tkanina CLASSIC 280 g\/m2\" \/>\n<meta property=\"og:description\" content=\"Wysoka jako\u015b\u0107 i trwa\u0142o\u015b\u0107 dla odzie\u017cy roboczej Tkanina CLASSIC 280 g\/m\u00b2 to sanforyzowany materia\u0142, idealnie nadaj\u0105cy si\u0119 do produkcji odzie\u017cy roboczej, kt\u00f3ry gwarantuje niezawodno\u015b\u0107 i d\u0142ugowieczno\u015b\u0107 gotowych wyrob\u00f3w. Dzi\u0119ki procesowi sanforyzacji, tkanina charakteryzuje si\u0119 minimaln\u0105 kurczliwo\u015bci\u0105 oraz doskona\u0142\u0105 odporno\u015bci\u0105 na wybarwienia, co przek\u0142ada si\u0119 na jej wysokie walory u\u017cytkowe. Kluczowe zalety tkaniny CLASSIC 280 g\/m\u00b2:&hellip;\" \/>\n<meta property=\"og:url\" content=\"https:\/\/york.biz.pl\/en\/product\/tkanina-classic-280-g-m2\/\" \/>\n<meta property=\"og:site_name\" content=\"YORK\" \/>\n<meta property=\"article:modified_time\" content=\"2025-01-20T13:53:21+00:00\" \/>\n<meta property=\"og:image\" content=\"https:\/\/york.biz.pl\/wp-content\/uploads\/2024\/05\/classic.jpg\" \/>\n\t<meta property=\"og:image:width\" content=\"638\" \/>\n\t<meta property=\"og:image:height\" content=\"600\" \/>\n\t<meta property=\"og:image:type\" content=\"image\/jpeg\" \/>\n<meta name=\"twitter:card\" content=\"summary_large_image\" \/>\n<meta name=\"twitter:label1\" content=\"Est. reading time\" \/>\n\t<meta name=\"twitter:data1\" content=\"2 minutes\" \/>\n<script type=\"application\/ld+json\" class=\"yoast-schema-graph\">{\"@context\":\"https:\/\/schema.org\",\"@graph\":[{\"@type\":\"WebPage\",\"@id\":\"https:\/\/york.biz.pl\/produkt\/tkanina-classic-280-g-m2\/\",\"url\":\"https:\/\/york.biz.pl\/produkt\/tkanina-classic-280-g-m2\/\",\"name\":\"Tkanina CLASSIC 280 g\/m2 - YORK\",\"isPartOf\":{\"@id\":\"https:\/\/york.biz.pl\/#website\"},\"primaryImageOfPage\":{\"@id\":\"https:\/\/york.biz.pl\/produkt\/tkanina-classic-280-g-m2\/#primaryimage\"},\"image\":{\"@id\":\"https:\/\/york.biz.pl\/produkt\/tkanina-classic-280-g-m2\/#primaryimage\"},\"thumbnailUrl\":\"https:\/\/york.biz.pl\/wp-content\/uploads\/2024\/05\/classic.jpg\",\"datePublished\":\"2024-05-07T16:15:34+00:00\",\"dateModified\":\"2025-01-20T13:53:21+00:00\",\"breadcrumb\":{\"@id\":\"https:\/\/york.biz.pl\/produkt\/tkanina-classic-280-g-m2\/#breadcrumb\"},\"inLanguage\":\"en-US\",\"potentialAction\":[{\"@type\":\"ReadAction\",\"target\":[\"https:\/\/york.biz.pl\/produkt\/tkanina-classic-280-g-m2\/\"]}]},{\"@type\":\"ImageObject\",\"inLanguage\":\"en-US\",\"@id\":\"https:\/\/york.biz.pl\/produkt\/tkanina-classic-280-g-m2\/#primaryimage\",\"url\":\"https:\/\/york.biz.pl\/wp-content\/uploads\/2024\/05\/classic.jpg\",\"contentUrl\":\"https:\/\/york.biz.pl\/wp-content\/uploads\/2024\/05\/classic.jpg\",\"width\":638,\"height\":600,\"caption\":\"245 g\/m2 CLASSIC\"},{\"@type\":\"BreadcrumbList\",\"@id\":\"https:\/\/york.biz.pl\/produkt\/tkanina-classic-280-g-m2\/#breadcrumb\",\"itemListElement\":[{\"@type\":\"ListItem\",\"position\":1,\"name\":\"Strona g\u0142\u00f3wna\",\"item\":\"https:\/\/york.biz.pl\/\"},{\"@type\":\"ListItem\",\"position\":2,\"name\":\"Pe\u0142na oferta\",\"item\":\"https:\/\/york.biz.pl\/pelna-oferta\/\"},{\"@type\":\"ListItem\",\"position\":3,\"name\":\"Tkanina CLASSIC 280 g\/m2\"}]},{\"@type\":\"WebSite\",\"@id\":\"https:\/\/york.biz.pl\/#website\",\"url\":\"https:\/\/york.biz.pl\/\",\"name\":\"YORK\",\"description\":\"Hurtownia tkanin na odzie\u017c robocz\u0105 - tkaniny robocze\",\"publisher\":{\"@id\":\"https:\/\/york.biz.pl\/#organization\"},\"potentialAction\":[{\"@type\":\"SearchAction\",\"target\":{\"@type\":\"EntryPoint\",\"urlTemplate\":\"https:\/\/york.biz.pl\/?s={search_term_string}\"},\"query-input\":{\"@type\":\"PropertyValueSpecification\",\"valueRequired\":true,\"valueName\":\"search_term_string\"}}],\"inLanguage\":\"en-US\"},{\"@type\":\"Organization\",\"@id\":\"https:\/\/york.biz.pl\/#organization\",\"name\":\"YORK\",\"url\":\"https:\/\/york.biz.pl\/\",\"logo\":{\"@type\":\"ImageObject\",\"inLanguage\":\"en-US\",\"@id\":\"https:\/\/york.biz.pl\/#\/schema\/logo\/image\/\",\"url\":\"\",\"contentUrl\":\"\",\"caption\":\"YORK\"},\"image\":{\"@id\":\"https:\/\/york.biz.pl\/#\/schema\/logo\/image\/\"}}]}<\/script>\n<!-- \/ Yoast SEO Premium plugin. -->","yoast_head_json":{"title":"Tkanina CLASSIC 280 g\/m2 - YORK","robots":{"index":"index","follow":"follow","max-snippet":"max-snippet:-1","max-image-preview":"max-image-preview:large","max-video-preview":"max-video-preview:-1"},"canonical":"https:\/\/york.biz.pl\/en\/product\/tkanina-classic-280-g-m2\/","og_locale":"en_US","og_type":"article","og_title":"Tkanina CLASSIC 280 g\/m2","og_description":"Wysoka jako\u015b\u0107 i trwa\u0142o\u015b\u0107 dla odzie\u017cy roboczej Tkanina CLASSIC 280 g\/m\u00b2 to sanforyzowany materia\u0142, idealnie nadaj\u0105cy si\u0119 do produkcji odzie\u017cy roboczej, kt\u00f3ry gwarantuje niezawodno\u015b\u0107 i d\u0142ugowieczno\u015b\u0107 gotowych wyrob\u00f3w. Dzi\u0119ki procesowi sanforyzacji, tkanina charakteryzuje si\u0119 minimaln\u0105 kurczliwo\u015bci\u0105 oraz doskona\u0142\u0105 odporno\u015bci\u0105 na wybarwienia, co przek\u0142ada si\u0119 na jej wysokie walory u\u017cytkowe. Kluczowe zalety tkaniny CLASSIC 280 g\/m\u00b2:&hellip;","og_url":"https:\/\/york.biz.pl\/en\/product\/tkanina-classic-280-g-m2\/","og_site_name":"YORK","article_modified_time":"2025-01-20T13:53:21+00:00","og_image":[{"width":638,"height":600,"url":"https:\/\/york.biz.pl\/wp-content\/uploads\/2024\/05\/classic.jpg","type":"image\/jpeg"}],"twitter_card":"summary_large_image","twitter_misc":{"Est. reading time":"2 minutes"},"schema":{"@context":"https:\/\/schema.org","@graph":[{"@type":"WebPage","@id":"https:\/\/york.biz.pl\/produkt\/tkanina-classic-280-g-m2\/","url":"https:\/\/york.biz.pl\/produkt\/tkanina-classic-280-g-m2\/","name":"Tkanina CLASSIC 280 g\/m2 - YORK","isPartOf":{"@id":"https:\/\/york.biz.pl\/#website"},"primaryImageOfPage":{"@id":"https:\/\/york.biz.pl\/produkt\/tkanina-classic-280-g-m2\/#primaryimage"},"image":{"@id":"https:\/\/york.biz.pl\/produkt\/tkanina-classic-280-g-m2\/#primaryimage"},"thumbnailUrl":"https:\/\/york.biz.pl\/wp-content\/uploads\/2024\/05\/classic.jpg","datePublished":"2024-05-07T16:15:34+00:00","dateModified":"2025-01-20T13:53:21+00:00","breadcrumb":{"@id":"https:\/\/york.biz.pl\/produkt\/tkanina-classic-280-g-m2\/#breadcrumb"},"inLanguage":"en-US","potentialAction":[{"@type":"ReadAction","target":["https:\/\/york.biz.pl\/produkt\/tkanina-classic-280-g-m2\/"]}]},{"@type":"ImageObject","inLanguage":"en-US","@id":"https:\/\/york.biz.pl\/produkt\/tkanina-classic-280-g-m2\/#primaryimage","url":"https:\/\/york.biz.pl\/wp-content\/uploads\/2024\/05\/classic.jpg","contentUrl":"https:\/\/york.biz.pl\/wp-content\/uploads\/2024\/05\/classic.jpg","width":638,"height":600,"caption":"245 g\/m2 CLASSIC"},{"@type":"BreadcrumbList","@id":"https:\/\/york.biz.pl\/produkt\/tkanina-classic-280-g-m2\/#breadcrumb","itemListElement":[{"@type":"ListItem","position":1,"name":"Strona g\u0142\u00f3wna","item":"https:\/\/york.biz.pl\/"},{"@type":"ListItem","position":2,"name":"Pe\u0142na oferta","item":"https:\/\/york.biz.pl\/pelna-oferta\/"},{"@type":"ListItem","position":3,"name":"Tkanina CLASSIC 280 g\/m2"}]},{"@type":"WebSite","@id":"https:\/\/york.biz.pl\/#website","url":"https:\/\/york.biz.pl\/","name":"YORK","description":"Hurtownia tkanin na odzie\u017c robocz\u0105 - tkaniny robocze","publisher":{"@id":"https:\/\/york.biz.pl\/#organization"},"potentialAction":[{"@type":"SearchAction","target":{"@type":"EntryPoint","urlTemplate":"https:\/\/york.biz.pl\/?s={search_term_string}"},"query-input":{"@type":"PropertyValueSpecification","valueRequired":true,"valueName":"search_term_string"}}],"inLanguage":"en-US"},{"@type":"Organization","@id":"https:\/\/york.biz.pl\/#organization","name":"YORK","url":"https:\/\/york.biz.pl\/","logo":{"@type":"ImageObject","inLanguage":"en-US","@id":"https:\/\/york.biz.pl\/#\/schema\/logo\/image\/","url":"","contentUrl":"","caption":"YORK"},"image":{"@id":"https:\/\/york.biz.pl\/#\/schema\/logo\/image\/"}}]}},"_links":{"self":[{"href":"https:\/\/york.biz.pl\/en\/wp-json\/wp\/v2\/product\/95161"}],"collection":[{"href":"https:\/\/york.biz.pl\/en\/wp-json\/wp\/v2\/product"}],"about":[{"href":"https:\/\/york.biz.pl\/en\/wp-json\/wp\/v2\/types\/product"}],"version-history":[{"count":3,"href":"https:\/\/york.biz.pl\/en\/wp-json\/wp\/v2\/product\/95161\/revisions"}],"predecessor-version":[{"id":96742,"href":"https:\/\/york.biz.pl\/en\/wp-json\/wp\/v2\/product\/95161\/revisions\/96742"}],"wp:featuredmedia":[{"embeddable":true,"href":"https:\/\/york.biz.pl\/en\/wp-json\/wp\/v2\/media\/95157"}],"wp:attachment":[{"href":"https:\/\/york.biz.pl\/en\/wp-json\/wp\/v2\/media?parent=95161"}],"wp:term":[{"taxonomy":"product_cat","embeddable":true,"href":"https:\/\/york.biz.pl\/en\/wp-json\/wp\/v2\/product_cat?post=95161"},{"taxonomy":"product_tag","embeddable":true,"href":"https:\/\/york.biz.pl\/en\/wp-json\/wp\/v2\/product_tag?post=95161"}],"curies":[{"name":"wp","href":"https:\/\/api.w.org\/{rel}","templated":true}]}}