{"id":95156,"date":"2024-05-07T18:15:00","date_gmt":"2024-05-07T16:15:00","guid":{"rendered":"https:\/\/york.biz.pl\/nowa\/?post_type=product&#038;p=95156"},"modified":"2025-01-20T14:52:53","modified_gmt":"2025-01-20T13:52:53","slug":"tkanina-classic-245-g-m2","status":"publish","type":"product","link":"https:\/\/york.biz.pl\/en\/product\/tkanina-classic-245-g-m2\/","title":{"rendered":"CLASSIC Fabric 245 g\/m2"},"content":{"rendered":"<div class=\"flex max-w-full flex-col flex-grow\">\n<div class=\"min-h-[20px] text-message flex w-full flex-col items-end gap-2 break-words [.text-message+&amp;]:mt-5 overflow-x-auto whitespace-normal\" dir=\"auto\" data-message-author-role=\"assistant\" data-message-id=\"84c88020-4fe5-4f0f-a6b0-f70522c7b7a7\">\n<div class=\"flex w-full flex-col gap-1 empty:hidden first:pt-[3px]\">\n<div class=\"markdown prose w-full break-words dark:prose-invert light\">\n<h2>Reliable quality and durability for workwear<\/h2>\n<p>Tkanina CLASSIC 245 g\/m\u00b2 is a sanforized material designed for workwear production, offering exceptional utility. Thanks to the sanforization process, the fabric is characterized by minimal shrinkage and high resistance to discoloration, which translates into the longevity and reliability of the finished products.<\/p>\n<h3>Key Advantages of CLASSIC 245 g\/m\u00b2 fabric:<\/h3>\n<ul>\n<li><strong>Durability against friction and mechanical damage<\/strong> \u2013 ensures long-lasting use, even in intense working conditions.<\/li>\n<li><strong>Low Shrinkage<\/strong> \u2013 the fabric retains its dimensions and shape after washing at temperatures up to 60\u00b0C.<\/li>\n<li><strong>Color Fastness<\/strong> \u2013 the colors remain vibrant and resistant to fading, ensuring the garment's aesthetics are maintained over time.<\/li>\n<li><strong>Possibility of Combining Colors<\/strong> \u2013 without the risk of shade variation, allowing for the creation of cohesive and attractive clothing designs.<\/li>\n<li><strong>Comfort in Use<\/strong> \u2013 the fabric is comfortable and pleasant to wear, which enhances work comfort.<\/li>\n<\/ul>\n<h3>Compliance with standards:<\/h3>\n<p>CLASSIC 245 g\/m\u00b2 fabric meets all key standards for protective clothing:<\/p>\n<ul>\n<li><strong>PN-EN ISO 13688<\/strong> - protective clothing \u2013 general requirements.<\/li>\n<\/ul>\n<p>By choosing CLASSIC 245 g\/m\u00b2 fabric, you are opting for a material that combines durability, aesthetics, and comfort, making it ideal for producing high-quality workwear.<\/p>\n<\/div>\n<\/div>\n<\/div>\n<\/div>\n<div class=\"mt-1 flex gap-3 empty:hidden -ml-2\">\n<div class=\"items-center justify-start rounded-xl p-1 flex\">\n<div class=\"flex items-center\"><\/div>\n<\/div>\n<\/div>","protected":false},"excerpt":{"rendered":"<p>Niezawodna jako\u015b\u0107 i trwa\u0142o\u015b\u0107 dla odzie\u017cy roboczej Tkanina CLASSIC 245 g\/m\u00b2 to sanforyzowany materia\u0142 stworzony z my\u015bl\u0105 o produkcji odzie\u017cy roboczej, kt\u00f3ry oferuje wyj\u0105tkowe walory u\u017cytkowe. Dzi\u0119ki procesowi sanforyzacji, tkanina charakteryzuje si\u0119 minimaln\u0105 kurczliwo\u015bci\u0105 oraz wysok\u0105 odporno\u015bci\u0105 na wybarwienia, co przek\u0142ada si\u0119 na d\u0142ugowieczno\u015b\u0107 i niezawodno\u015b\u0107 gotowych produkt\u00f3w. Kluczowe zalety tkaniny CLASSIC 245 g\/m\u00b2: Wytrzyma\u0142o\u015b\u0107&hellip;<\/p>","protected":false},"featured_media":95157,"template":"","meta":{"_acf_changed":false},"product_cat":[296,299],"product_tag":[],"class_list":{"0":"post-95156","1":"product","2":"type-product","3":"status-publish","4":"has-post-thumbnail","6":"product_cat-tkaniny-na-odziez-robocza","7":"product_cat-bawelna-tkaniny-na-odziez-robocza","8":"description-off","10":"first","11":"instock","12":"shipping-taxable","13":"product-type-simple"},"acf":[],"yoast_head":"<!-- This site is optimized with the Yoast SEO Premium plugin v23.9 (Yoast SEO v23.9) - https:\/\/yoast.com\/wordpress\/plugins\/seo\/ -->\n<title>Tkanina CLASSIC 245 g\/m2 - YORK<\/title>\n<meta name=\"robots\" content=\"index, follow, max-snippet:-1, max-image-preview:large, max-video-preview:-1\" \/>\n<link rel=\"canonical\" href=\"https:\/\/york.biz.pl\/en\/product\/tkanina-classic-245-g-m2\/\" \/>\n<meta property=\"og:locale\" content=\"en_US\" \/>\n<meta property=\"og:type\" content=\"article\" \/>\n<meta property=\"og:title\" content=\"Tkanina CLASSIC 245 g\/m2\" \/>\n<meta property=\"og:description\" content=\"Niezawodna jako\u015b\u0107 i trwa\u0142o\u015b\u0107 dla odzie\u017cy roboczej Tkanina CLASSIC 245 g\/m\u00b2 to sanforyzowany materia\u0142 stworzony z my\u015bl\u0105 o produkcji odzie\u017cy roboczej, kt\u00f3ry oferuje wyj\u0105tkowe walory u\u017cytkowe. Dzi\u0119ki procesowi sanforyzacji, tkanina charakteryzuje si\u0119 minimaln\u0105 kurczliwo\u015bci\u0105 oraz wysok\u0105 odporno\u015bci\u0105 na wybarwienia, co przek\u0142ada si\u0119 na d\u0142ugowieczno\u015b\u0107 i niezawodno\u015b\u0107 gotowych produkt\u00f3w. Kluczowe zalety tkaniny CLASSIC 245 g\/m\u00b2: Wytrzyma\u0142o\u015b\u0107&hellip;\" \/>\n<meta property=\"og:url\" content=\"https:\/\/york.biz.pl\/en\/product\/tkanina-classic-245-g-m2\/\" \/>\n<meta property=\"og:site_name\" content=\"YORK\" \/>\n<meta property=\"article:modified_time\" content=\"2025-01-20T13:52:53+00:00\" \/>\n<meta property=\"og:image\" content=\"https:\/\/york.biz.pl\/wp-content\/uploads\/2024\/05\/classic.jpg\" \/>\n\t<meta property=\"og:image:width\" content=\"638\" \/>\n\t<meta property=\"og:image:height\" content=\"600\" \/>\n\t<meta property=\"og:image:type\" content=\"image\/jpeg\" \/>\n<meta name=\"twitter:card\" content=\"summary_large_image\" \/>\n<meta name=\"twitter:label1\" content=\"Est. reading time\" \/>\n\t<meta name=\"twitter:data1\" content=\"2 minutes\" \/>\n<script type=\"application\/ld+json\" class=\"yoast-schema-graph\">{\"@context\":\"https:\/\/schema.org\",\"@graph\":[{\"@type\":\"WebPage\",\"@id\":\"https:\/\/york.biz.pl\/produkt\/tkanina-classic-245-g-m2\/\",\"url\":\"https:\/\/york.biz.pl\/produkt\/tkanina-classic-245-g-m2\/\",\"name\":\"Tkanina CLASSIC 245 g\/m2 - YORK\",\"isPartOf\":{\"@id\":\"https:\/\/york.biz.pl\/#website\"},\"primaryImageOfPage\":{\"@id\":\"https:\/\/york.biz.pl\/produkt\/tkanina-classic-245-g-m2\/#primaryimage\"},\"image\":{\"@id\":\"https:\/\/york.biz.pl\/produkt\/tkanina-classic-245-g-m2\/#primaryimage\"},\"thumbnailUrl\":\"https:\/\/york.biz.pl\/wp-content\/uploads\/2024\/05\/classic.jpg\",\"datePublished\":\"2024-05-07T16:15:00+00:00\",\"dateModified\":\"2025-01-20T13:52:53+00:00\",\"breadcrumb\":{\"@id\":\"https:\/\/york.biz.pl\/produkt\/tkanina-classic-245-g-m2\/#breadcrumb\"},\"inLanguage\":\"en-US\",\"potentialAction\":[{\"@type\":\"ReadAction\",\"target\":[\"https:\/\/york.biz.pl\/produkt\/tkanina-classic-245-g-m2\/\"]}]},{\"@type\":\"ImageObject\",\"inLanguage\":\"en-US\",\"@id\":\"https:\/\/york.biz.pl\/produkt\/tkanina-classic-245-g-m2\/#primaryimage\",\"url\":\"https:\/\/york.biz.pl\/wp-content\/uploads\/2024\/05\/classic.jpg\",\"contentUrl\":\"https:\/\/york.biz.pl\/wp-content\/uploads\/2024\/05\/classic.jpg\",\"width\":638,\"height\":600,\"caption\":\"245 g\/m2 CLASSIC\"},{\"@type\":\"BreadcrumbList\",\"@id\":\"https:\/\/york.biz.pl\/produkt\/tkanina-classic-245-g-m2\/#breadcrumb\",\"itemListElement\":[{\"@type\":\"ListItem\",\"position\":1,\"name\":\"Strona g\u0142\u00f3wna\",\"item\":\"https:\/\/york.biz.pl\/\"},{\"@type\":\"ListItem\",\"position\":2,\"name\":\"Pe\u0142na oferta\",\"item\":\"https:\/\/york.biz.pl\/pelna-oferta\/\"},{\"@type\":\"ListItem\",\"position\":3,\"name\":\"Tkanina CLASSIC 245 g\/m2\"}]},{\"@type\":\"WebSite\",\"@id\":\"https:\/\/york.biz.pl\/#website\",\"url\":\"https:\/\/york.biz.pl\/\",\"name\":\"YORK\",\"description\":\"Hurtownia tkanin na odzie\u017c robocz\u0105 - tkaniny robocze\",\"publisher\":{\"@id\":\"https:\/\/york.biz.pl\/#organization\"},\"potentialAction\":[{\"@type\":\"SearchAction\",\"target\":{\"@type\":\"EntryPoint\",\"urlTemplate\":\"https:\/\/york.biz.pl\/?s={search_term_string}\"},\"query-input\":{\"@type\":\"PropertyValueSpecification\",\"valueRequired\":true,\"valueName\":\"search_term_string\"}}],\"inLanguage\":\"en-US\"},{\"@type\":\"Organization\",\"@id\":\"https:\/\/york.biz.pl\/#organization\",\"name\":\"YORK\",\"url\":\"https:\/\/york.biz.pl\/\",\"logo\":{\"@type\":\"ImageObject\",\"inLanguage\":\"en-US\",\"@id\":\"https:\/\/york.biz.pl\/#\/schema\/logo\/image\/\",\"url\":\"\",\"contentUrl\":\"\",\"caption\":\"YORK\"},\"image\":{\"@id\":\"https:\/\/york.biz.pl\/#\/schema\/logo\/image\/\"}}]}<\/script>\n<!-- \/ Yoast SEO Premium plugin. -->","yoast_head_json":{"title":"Tkanina CLASSIC 245 g\/m2 - YORK","robots":{"index":"index","follow":"follow","max-snippet":"max-snippet:-1","max-image-preview":"max-image-preview:large","max-video-preview":"max-video-preview:-1"},"canonical":"https:\/\/york.biz.pl\/en\/product\/tkanina-classic-245-g-m2\/","og_locale":"en_US","og_type":"article","og_title":"Tkanina CLASSIC 245 g\/m2","og_description":"Niezawodna jako\u015b\u0107 i trwa\u0142o\u015b\u0107 dla odzie\u017cy roboczej Tkanina CLASSIC 245 g\/m\u00b2 to sanforyzowany materia\u0142 stworzony z my\u015bl\u0105 o produkcji odzie\u017cy roboczej, kt\u00f3ry oferuje wyj\u0105tkowe walory u\u017cytkowe. Dzi\u0119ki procesowi sanforyzacji, tkanina charakteryzuje si\u0119 minimaln\u0105 kurczliwo\u015bci\u0105 oraz wysok\u0105 odporno\u015bci\u0105 na wybarwienia, co przek\u0142ada si\u0119 na d\u0142ugowieczno\u015b\u0107 i niezawodno\u015b\u0107 gotowych produkt\u00f3w. Kluczowe zalety tkaniny CLASSIC 245 g\/m\u00b2: Wytrzyma\u0142o\u015b\u0107&hellip;","og_url":"https:\/\/york.biz.pl\/en\/product\/tkanina-classic-245-g-m2\/","og_site_name":"YORK","article_modified_time":"2025-01-20T13:52:53+00:00","og_image":[{"width":638,"height":600,"url":"https:\/\/york.biz.pl\/wp-content\/uploads\/2024\/05\/classic.jpg","type":"image\/jpeg"}],"twitter_card":"summary_large_image","twitter_misc":{"Est. reading time":"2 minutes"},"schema":{"@context":"https:\/\/schema.org","@graph":[{"@type":"WebPage","@id":"https:\/\/york.biz.pl\/produkt\/tkanina-classic-245-g-m2\/","url":"https:\/\/york.biz.pl\/produkt\/tkanina-classic-245-g-m2\/","name":"Tkanina CLASSIC 245 g\/m2 - YORK","isPartOf":{"@id":"https:\/\/york.biz.pl\/#website"},"primaryImageOfPage":{"@id":"https:\/\/york.biz.pl\/produkt\/tkanina-classic-245-g-m2\/#primaryimage"},"image":{"@id":"https:\/\/york.biz.pl\/produkt\/tkanina-classic-245-g-m2\/#primaryimage"},"thumbnailUrl":"https:\/\/york.biz.pl\/wp-content\/uploads\/2024\/05\/classic.jpg","datePublished":"2024-05-07T16:15:00+00:00","dateModified":"2025-01-20T13:52:53+00:00","breadcrumb":{"@id":"https:\/\/york.biz.pl\/produkt\/tkanina-classic-245-g-m2\/#breadcrumb"},"inLanguage":"en-US","potentialAction":[{"@type":"ReadAction","target":["https:\/\/york.biz.pl\/produkt\/tkanina-classic-245-g-m2\/"]}]},{"@type":"ImageObject","inLanguage":"en-US","@id":"https:\/\/york.biz.pl\/produkt\/tkanina-classic-245-g-m2\/#primaryimage","url":"https:\/\/york.biz.pl\/wp-content\/uploads\/2024\/05\/classic.jpg","contentUrl":"https:\/\/york.biz.pl\/wp-content\/uploads\/2024\/05\/classic.jpg","width":638,"height":600,"caption":"245 g\/m2 CLASSIC"},{"@type":"BreadcrumbList","@id":"https:\/\/york.biz.pl\/produkt\/tkanina-classic-245-g-m2\/#breadcrumb","itemListElement":[{"@type":"ListItem","position":1,"name":"Strona g\u0142\u00f3wna","item":"https:\/\/york.biz.pl\/"},{"@type":"ListItem","position":2,"name":"Pe\u0142na oferta","item":"https:\/\/york.biz.pl\/pelna-oferta\/"},{"@type":"ListItem","position":3,"name":"Tkanina CLASSIC 245 g\/m2"}]},{"@type":"WebSite","@id":"https:\/\/york.biz.pl\/#website","url":"https:\/\/york.biz.pl\/","name":"YORK","description":"Hurtownia tkanin na odzie\u017c robocz\u0105 - tkaniny robocze","publisher":{"@id":"https:\/\/york.biz.pl\/#organization"},"potentialAction":[{"@type":"SearchAction","target":{"@type":"EntryPoint","urlTemplate":"https:\/\/york.biz.pl\/?s={search_term_string}"},"query-input":{"@type":"PropertyValueSpecification","valueRequired":true,"valueName":"search_term_string"}}],"inLanguage":"en-US"},{"@type":"Organization","@id":"https:\/\/york.biz.pl\/#organization","name":"YORK","url":"https:\/\/york.biz.pl\/","logo":{"@type":"ImageObject","inLanguage":"en-US","@id":"https:\/\/york.biz.pl\/#\/schema\/logo\/image\/","url":"","contentUrl":"","caption":"YORK"},"image":{"@id":"https:\/\/york.biz.pl\/#\/schema\/logo\/image\/"}}]}},"_links":{"self":[{"href":"https:\/\/york.biz.pl\/en\/wp-json\/wp\/v2\/product\/95156"}],"collection":[{"href":"https:\/\/york.biz.pl\/en\/wp-json\/wp\/v2\/product"}],"about":[{"href":"https:\/\/york.biz.pl\/en\/wp-json\/wp\/v2\/types\/product"}],"version-history":[{"count":4,"href":"https:\/\/york.biz.pl\/en\/wp-json\/wp\/v2\/product\/95156\/revisions"}],"predecessor-version":[{"id":96741,"href":"https:\/\/york.biz.pl\/en\/wp-json\/wp\/v2\/product\/95156\/revisions\/96741"}],"wp:featuredmedia":[{"embeddable":true,"href":"https:\/\/york.biz.pl\/en\/wp-json\/wp\/v2\/media\/95157"}],"wp:attachment":[{"href":"https:\/\/york.biz.pl\/en\/wp-json\/wp\/v2\/media?parent=95156"}],"wp:term":[{"taxonomy":"product_cat","embeddable":true,"href":"https:\/\/york.biz.pl\/en\/wp-json\/wp\/v2\/product_cat?post=95156"},{"taxonomy":"product_tag","embeddable":true,"href":"https:\/\/york.biz.pl\/en\/wp-json\/wp\/v2\/product_tag?post=95156"}],"curies":[{"name":"wp","href":"https:\/\/api.w.org\/{rel}","templated":true}]}}