{"id":95144,"date":"2024-05-06T14:45:26","date_gmt":"2024-05-06T12:45:26","guid":{"rendered":"https:\/\/york.biz.pl\/nowa\/?post_type=product&#038;p=95144"},"modified":"2024-09-16T15:48:18","modified_gmt":"2024-09-16T13:48:18","slug":"tkanina-bronx-360-g-m2","status":"publish","type":"product","link":"https:\/\/york.biz.pl\/en\/product\/tkanina-bronx-360-g-m2\/","title":{"rendered":"BRONX Fabric 360 g\/m2"},"content":{"rendered":"<h2>Durability and style for workwear<\/h2>\n<p>BRONX Fabric 360 g\/m2 is a high-quality denim-type material, ideal for producing both workwear and corporate clothing. Thanks to its excellent color fastness and low shrinkage, this fabric is reliable for everyday use. Moreover, it does not require decatting, which means that the finished products are immediately ready to wear.<\/p>\n<h3>Key Advantages of BRONX 360 g\/m\u00b2 fabric:<\/h3>\n<ul>\n<li><strong>Durability against friction and mechanical damage<\/strong> \u2013 ensures long-lasting use, even in intense working conditions.<\/li>\n<li><strong>Low Shrinkage<\/strong> \u2013 the fabric retains its dimensions and shape after washing at temperatures up to 60\u00b0C.<\/li>\n<li><strong>Comfort in Use<\/strong> \u2013 the material is comfortable and skin-friendly, which enhances comfort throughout the entire day.<\/li>\n<\/ul>\n<h3>Compliance with standards:<\/h3>\n<p>BRONX 360 g\/m\u00b2 fabric meets all key standards for protective clothing:<\/p>\n<ul>\n<li><strong>PN-EN ISO 13688<\/strong> - protective clothing \u2013 general requirements.<\/li>\n<\/ul>\n<p>By choosing BRONX 360 g\/m\u00b2 fabric, you are investing in a material that combines durability, comfort, and aesthetics, making it ideal for producing high-quality workwear and corporate clothing.<\/p>","protected":false},"excerpt":{"rendered":"<p>Trwa\u0142o\u015b\u0107 i styl dla odzie\u017cy roboczej Tkanina BRONX 360 g\/m\u00b2 to wysokiej jako\u015bci materia\u0142 typu jeans, idealny do produkcji zar\u00f3wno odzie\u017cy roboczej, jak i korporacyjnej. Dzi\u0119ki doskona\u0142ym parametrom trwa\u0142o\u015bci koloru i niskiej kurczliwo\u015bci, tkanina ta jest niezawodna w codziennym u\u017cytkowaniu. Co wi\u0119cej, nie wymaga dekatyzacji, co oznacza, \u017ce gotowe wyroby s\u0105 od razu gotowe do&hellip;<\/p>","protected":false},"featured_media":95145,"template":"","meta":{"_acf_changed":false},"product_cat":[296,298],"product_tag":[],"class_list":{"0":"post-95144","1":"product","2":"type-product","3":"status-publish","4":"has-post-thumbnail","6":"product_cat-tkaniny-na-odziez-robocza","7":"product_cat-bawelna-poliester-tkaniny-na-odziez-robocza","8":"description-off","10":"first","11":"instock","12":"shipping-taxable","13":"product-type-simple"},"acf":[],"yoast_head":"<!-- This site is optimized with the Yoast SEO Premium plugin v23.9 (Yoast SEO v23.9) - https:\/\/yoast.com\/wordpress\/plugins\/seo\/ -->\n<title>Tkanina BRONX 360 g\/m2 - YORK<\/title>\n<meta name=\"robots\" content=\"index, follow, max-snippet:-1, max-image-preview:large, max-video-preview:-1\" \/>\n<link rel=\"canonical\" href=\"https:\/\/york.biz.pl\/en\/product\/tkanina-bronx-360-g-m2\/\" \/>\n<meta property=\"og:locale\" content=\"en_US\" \/>\n<meta property=\"og:type\" content=\"article\" \/>\n<meta property=\"og:title\" content=\"Tkanina BRONX 360 g\/m2\" \/>\n<meta property=\"og:description\" content=\"Trwa\u0142o\u015b\u0107 i styl dla odzie\u017cy roboczej Tkanina BRONX 360 g\/m\u00b2 to wysokiej jako\u015bci materia\u0142 typu jeans, idealny do produkcji zar\u00f3wno odzie\u017cy roboczej, jak i korporacyjnej. Dzi\u0119ki doskona\u0142ym parametrom trwa\u0142o\u015bci koloru i niskiej kurczliwo\u015bci, tkanina ta jest niezawodna w codziennym u\u017cytkowaniu. Co wi\u0119cej, nie wymaga dekatyzacji, co oznacza, \u017ce gotowe wyroby s\u0105 od razu gotowe do&hellip;\" \/>\n<meta property=\"og:url\" content=\"https:\/\/york.biz.pl\/en\/product\/tkanina-bronx-360-g-m2\/\" \/>\n<meta property=\"og:site_name\" content=\"YORK\" \/>\n<meta property=\"article:modified_time\" content=\"2024-09-16T13:48:18+00:00\" \/>\n<meta property=\"og:image\" content=\"https:\/\/york.biz.pl\/wp-content\/uploads\/2024\/05\/bronx.jpg\" \/>\n\t<meta property=\"og:image:width\" content=\"638\" \/>\n\t<meta property=\"og:image:height\" content=\"600\" \/>\n\t<meta property=\"og:image:type\" content=\"image\/jpeg\" \/>\n<meta name=\"twitter:card\" content=\"summary_large_image\" \/>\n<meta name=\"twitter:label1\" content=\"Est. reading time\" \/>\n\t<meta name=\"twitter:data1\" content=\"1 minute\" \/>\n<script type=\"application\/ld+json\" class=\"yoast-schema-graph\">{\"@context\":\"https:\/\/schema.org\",\"@graph\":[{\"@type\":\"WebPage\",\"@id\":\"https:\/\/york.biz.pl\/produkt\/tkanina-bronx-360-g-m2\/\",\"url\":\"https:\/\/york.biz.pl\/produkt\/tkanina-bronx-360-g-m2\/\",\"name\":\"Tkanina BRONX 360 g\/m2 - YORK\",\"isPartOf\":{\"@id\":\"https:\/\/york.biz.pl\/#website\"},\"primaryImageOfPage\":{\"@id\":\"https:\/\/york.biz.pl\/produkt\/tkanina-bronx-360-g-m2\/#primaryimage\"},\"image\":{\"@id\":\"https:\/\/york.biz.pl\/produkt\/tkanina-bronx-360-g-m2\/#primaryimage\"},\"thumbnailUrl\":\"https:\/\/york.biz.pl\/wp-content\/uploads\/2024\/05\/bronx.jpg\",\"datePublished\":\"2024-05-06T12:45:26+00:00\",\"dateModified\":\"2024-09-16T13:48:18+00:00\",\"breadcrumb\":{\"@id\":\"https:\/\/york.biz.pl\/produkt\/tkanina-bronx-360-g-m2\/#breadcrumb\"},\"inLanguage\":\"en-US\",\"potentialAction\":[{\"@type\":\"ReadAction\",\"target\":[\"https:\/\/york.biz.pl\/produkt\/tkanina-bronx-360-g-m2\/\"]}]},{\"@type\":\"ImageObject\",\"inLanguage\":\"en-US\",\"@id\":\"https:\/\/york.biz.pl\/produkt\/tkanina-bronx-360-g-m2\/#primaryimage\",\"url\":\"https:\/\/york.biz.pl\/wp-content\/uploads\/2024\/05\/bronx.jpg\",\"contentUrl\":\"https:\/\/york.biz.pl\/wp-content\/uploads\/2024\/05\/bronx.jpg\",\"width\":638,\"height\":600,\"caption\":\"BRONX 360 g\/m2\"},{\"@type\":\"BreadcrumbList\",\"@id\":\"https:\/\/york.biz.pl\/produkt\/tkanina-bronx-360-g-m2\/#breadcrumb\",\"itemListElement\":[{\"@type\":\"ListItem\",\"position\":1,\"name\":\"Strona g\u0142\u00f3wna\",\"item\":\"https:\/\/york.biz.pl\/\"},{\"@type\":\"ListItem\",\"position\":2,\"name\":\"Pe\u0142na oferta\",\"item\":\"https:\/\/york.biz.pl\/pelna-oferta\/\"},{\"@type\":\"ListItem\",\"position\":3,\"name\":\"Tkanina BRONX 360 g\/m2\"}]},{\"@type\":\"WebSite\",\"@id\":\"https:\/\/york.biz.pl\/#website\",\"url\":\"https:\/\/york.biz.pl\/\",\"name\":\"YORK\",\"description\":\"Hurtownia tkanin na odzie\u017c robocz\u0105 - tkaniny robocze\",\"publisher\":{\"@id\":\"https:\/\/york.biz.pl\/#organization\"},\"potentialAction\":[{\"@type\":\"SearchAction\",\"target\":{\"@type\":\"EntryPoint\",\"urlTemplate\":\"https:\/\/york.biz.pl\/?s={search_term_string}\"},\"query-input\":{\"@type\":\"PropertyValueSpecification\",\"valueRequired\":true,\"valueName\":\"search_term_string\"}}],\"inLanguage\":\"en-US\"},{\"@type\":\"Organization\",\"@id\":\"https:\/\/york.biz.pl\/#organization\",\"name\":\"YORK\",\"url\":\"https:\/\/york.biz.pl\/\",\"logo\":{\"@type\":\"ImageObject\",\"inLanguage\":\"en-US\",\"@id\":\"https:\/\/york.biz.pl\/#\/schema\/logo\/image\/\",\"url\":\"\",\"contentUrl\":\"\",\"caption\":\"YORK\"},\"image\":{\"@id\":\"https:\/\/york.biz.pl\/#\/schema\/logo\/image\/\"}}]}<\/script>\n<!-- \/ Yoast SEO Premium plugin. -->","yoast_head_json":{"title":"Tkanina BRONX 360 g\/m2 - YORK","robots":{"index":"index","follow":"follow","max-snippet":"max-snippet:-1","max-image-preview":"max-image-preview:large","max-video-preview":"max-video-preview:-1"},"canonical":"https:\/\/york.biz.pl\/en\/product\/tkanina-bronx-360-g-m2\/","og_locale":"en_US","og_type":"article","og_title":"Tkanina BRONX 360 g\/m2","og_description":"Trwa\u0142o\u015b\u0107 i styl dla odzie\u017cy roboczej Tkanina BRONX 360 g\/m\u00b2 to wysokiej jako\u015bci materia\u0142 typu jeans, idealny do produkcji zar\u00f3wno odzie\u017cy roboczej, jak i korporacyjnej. Dzi\u0119ki doskona\u0142ym parametrom trwa\u0142o\u015bci koloru i niskiej kurczliwo\u015bci, tkanina ta jest niezawodna w codziennym u\u017cytkowaniu. Co wi\u0119cej, nie wymaga dekatyzacji, co oznacza, \u017ce gotowe wyroby s\u0105 od razu gotowe do&hellip;","og_url":"https:\/\/york.biz.pl\/en\/product\/tkanina-bronx-360-g-m2\/","og_site_name":"YORK","article_modified_time":"2024-09-16T13:48:18+00:00","og_image":[{"width":638,"height":600,"url":"https:\/\/york.biz.pl\/wp-content\/uploads\/2024\/05\/bronx.jpg","type":"image\/jpeg"}],"twitter_card":"summary_large_image","twitter_misc":{"Est. reading time":"1 minute"},"schema":{"@context":"https:\/\/schema.org","@graph":[{"@type":"WebPage","@id":"https:\/\/york.biz.pl\/produkt\/tkanina-bronx-360-g-m2\/","url":"https:\/\/york.biz.pl\/produkt\/tkanina-bronx-360-g-m2\/","name":"Tkanina BRONX 360 g\/m2 - YORK","isPartOf":{"@id":"https:\/\/york.biz.pl\/#website"},"primaryImageOfPage":{"@id":"https:\/\/york.biz.pl\/produkt\/tkanina-bronx-360-g-m2\/#primaryimage"},"image":{"@id":"https:\/\/york.biz.pl\/produkt\/tkanina-bronx-360-g-m2\/#primaryimage"},"thumbnailUrl":"https:\/\/york.biz.pl\/wp-content\/uploads\/2024\/05\/bronx.jpg","datePublished":"2024-05-06T12:45:26+00:00","dateModified":"2024-09-16T13:48:18+00:00","breadcrumb":{"@id":"https:\/\/york.biz.pl\/produkt\/tkanina-bronx-360-g-m2\/#breadcrumb"},"inLanguage":"en-US","potentialAction":[{"@type":"ReadAction","target":["https:\/\/york.biz.pl\/produkt\/tkanina-bronx-360-g-m2\/"]}]},{"@type":"ImageObject","inLanguage":"en-US","@id":"https:\/\/york.biz.pl\/produkt\/tkanina-bronx-360-g-m2\/#primaryimage","url":"https:\/\/york.biz.pl\/wp-content\/uploads\/2024\/05\/bronx.jpg","contentUrl":"https:\/\/york.biz.pl\/wp-content\/uploads\/2024\/05\/bronx.jpg","width":638,"height":600,"caption":"BRONX 360 g\/m2"},{"@type":"BreadcrumbList","@id":"https:\/\/york.biz.pl\/produkt\/tkanina-bronx-360-g-m2\/#breadcrumb","itemListElement":[{"@type":"ListItem","position":1,"name":"Strona g\u0142\u00f3wna","item":"https:\/\/york.biz.pl\/"},{"@type":"ListItem","position":2,"name":"Pe\u0142na oferta","item":"https:\/\/york.biz.pl\/pelna-oferta\/"},{"@type":"ListItem","position":3,"name":"Tkanina BRONX 360 g\/m2"}]},{"@type":"WebSite","@id":"https:\/\/york.biz.pl\/#website","url":"https:\/\/york.biz.pl\/","name":"YORK","description":"Hurtownia tkanin na odzie\u017c robocz\u0105 - tkaniny robocze","publisher":{"@id":"https:\/\/york.biz.pl\/#organization"},"potentialAction":[{"@type":"SearchAction","target":{"@type":"EntryPoint","urlTemplate":"https:\/\/york.biz.pl\/?s={search_term_string}"},"query-input":{"@type":"PropertyValueSpecification","valueRequired":true,"valueName":"search_term_string"}}],"inLanguage":"en-US"},{"@type":"Organization","@id":"https:\/\/york.biz.pl\/#organization","name":"YORK","url":"https:\/\/york.biz.pl\/","logo":{"@type":"ImageObject","inLanguage":"en-US","@id":"https:\/\/york.biz.pl\/#\/schema\/logo\/image\/","url":"","contentUrl":"","caption":"YORK"},"image":{"@id":"https:\/\/york.biz.pl\/#\/schema\/logo\/image\/"}}]}},"_links":{"self":[{"href":"https:\/\/york.biz.pl\/en\/wp-json\/wp\/v2\/product\/95144"}],"collection":[{"href":"https:\/\/york.biz.pl\/en\/wp-json\/wp\/v2\/product"}],"about":[{"href":"https:\/\/york.biz.pl\/en\/wp-json\/wp\/v2\/types\/product"}],"version-history":[{"count":3,"href":"https:\/\/york.biz.pl\/en\/wp-json\/wp\/v2\/product\/95144\/revisions"}],"predecessor-version":[{"id":96738,"href":"https:\/\/york.biz.pl\/en\/wp-json\/wp\/v2\/product\/95144\/revisions\/96738"}],"wp:featuredmedia":[{"embeddable":true,"href":"https:\/\/york.biz.pl\/en\/wp-json\/wp\/v2\/media\/95145"}],"wp:attachment":[{"href":"https:\/\/york.biz.pl\/en\/wp-json\/wp\/v2\/media?parent=95144"}],"wp:term":[{"taxonomy":"product_cat","embeddable":true,"href":"https:\/\/york.biz.pl\/en\/wp-json\/wp\/v2\/product_cat?post=95144"},{"taxonomy":"product_tag","embeddable":true,"href":"https:\/\/york.biz.pl\/en\/wp-json\/wp\/v2\/product_tag?post=95144"}],"curies":[{"name":"wp","href":"https:\/\/api.w.org\/{rel}","templated":true}]}}