{"id":95141,"date":"2024-05-06T14:41:22","date_gmt":"2024-05-06T12:41:22","guid":{"rendered":"https:\/\/york.biz.pl\/nowa\/?post_type=product&#038;p=95141"},"modified":"2024-09-16T15:47:17","modified_gmt":"2024-09-16T13:47:17","slug":"tkanina-vegas-310-g-m2","status":"publish","type":"product","link":"https:\/\/york.biz.pl\/en\/product\/tkanina-vegas-310-g-m2\/","title":{"rendered":"VEGAS Fabric 310 g\/m2"},"content":{"rendered":"<h2>Durable and warm protection for demanding tasks<\/h2>\n<p>VEGAS 310 g\/m\u00b2 fabric is a durable material that provides a high level of warmth and additional protection, making it ideal for work performed both indoors and outdoors. Thanks to its structure and properties, this fabric excels in workwear, offering durability and comfort.<\/p>\n<h3>Key Advantages of VEGAS 310 g\/m\u00b2 Fabric:<\/h3>\n<ul>\n<li><strong>Durability against friction and mechanical damage<\/strong> \u2013 ensures long-lasting use, even in intense conditions.<\/li>\n<li><strong>Low Shrinkage<\/strong> \u2013 the fabric retains its dimensions and shape after washing at temperatures up to 60\u00b0C.<\/li>\n<li class=\" translation-block\"><strong>Color Fastness<\/strong> \u2013 the colors remain vibrant and resistant to fading, ensuring the garment's aesthetics are maintained over time.<\/li>\n<li><strong>Possibility of Combining Colors<\/strong> \u2013 without the risk of shade variation, allowing for the creation of cohesive and attractive clothing designs.<\/li>\n<li><strong>Comfort in Use<\/strong> \u2013 the material ensures comfortable wear throughout the entire workday.<\/li>\n<\/ul>\n<h3>Compliance with standards:<\/h3>\n<p>VEGAS 310 g\/m\u00b2 fabric meets all the key standards for protective clothing:<\/p>\n<ul>\n<li><strong>PN-P-84525<\/strong> - guaranteeing the appropriate quality of the material.<\/li>\n<li><strong>PN-EN ISO 13688<\/strong> - protective clothing \u2013 general requirements.<\/li>\n<\/ul>\n<p>By choosing VEGAS 310 g\/m\u00b2 fabric, you are investing in a material that offers durability, comfort, and aesthetics, making it ideal for producing high-quality workwear.<\/p>","protected":false},"excerpt":{"rendered":"<p>Mocna i ciep\u0142a ochrona dla wymagaj\u0105cych zada\u0144 Tkanina VEGAS 310 g\/m\u00b2 to wytrzyma\u0142y materia\u0142, kt\u00f3ry zapewnia wysoki poziom ciep\u0142a oraz dodatkow\u0105 ochron\u0119, idealn\u0105 do prac wykonywanych zar\u00f3wno wewn\u0105trz pomieszcze\u0144, jak i na zewn\u0105trz. Dzi\u0119ki swojej strukturze i w\u0142a\u015bciwo\u015bciom, tkanina ta doskonale sprawdza si\u0119 w odzie\u017cy roboczej, oferuj\u0105c trwa\u0142o\u015b\u0107 i komfort u\u017cytkowania. Kluczowe zalety tkaniny VEGAS&hellip;<\/p>","protected":false},"featured_media":95142,"template":"","meta":{"_acf_changed":false},"product_cat":[296,298],"product_tag":[],"class_list":{"0":"post-95141","1":"product","2":"type-product","3":"status-publish","4":"has-post-thumbnail","6":"product_cat-tkaniny-na-odziez-robocza","7":"product_cat-bawelna-poliester-tkaniny-na-odziez-robocza","8":"description-off","10":"first","11":"instock","12":"shipping-taxable","13":"product-type-simple"},"acf":[],"yoast_head":"<!-- This site is optimized with the Yoast SEO Premium plugin v23.9 (Yoast SEO v23.9) - https:\/\/yoast.com\/wordpress\/plugins\/seo\/ -->\n<title>Tkanina VEGAS 310 g\/m2 - YORK<\/title>\n<meta name=\"robots\" content=\"index, follow, max-snippet:-1, max-image-preview:large, max-video-preview:-1\" \/>\n<link rel=\"canonical\" href=\"https:\/\/york.biz.pl\/en\/product\/tkanina-vegas-310-g-m2\/\" \/>\n<meta property=\"og:locale\" content=\"en_US\" \/>\n<meta property=\"og:type\" content=\"article\" \/>\n<meta property=\"og:title\" content=\"Tkanina VEGAS 310 g\/m2\" \/>\n<meta property=\"og:description\" content=\"Mocna i ciep\u0142a ochrona dla wymagaj\u0105cych zada\u0144 Tkanina VEGAS 310 g\/m\u00b2 to wytrzyma\u0142y materia\u0142, kt\u00f3ry zapewnia wysoki poziom ciep\u0142a oraz dodatkow\u0105 ochron\u0119, idealn\u0105 do prac wykonywanych zar\u00f3wno wewn\u0105trz pomieszcze\u0144, jak i na zewn\u0105trz. Dzi\u0119ki swojej strukturze i w\u0142a\u015bciwo\u015bciom, tkanina ta doskonale sprawdza si\u0119 w odzie\u017cy roboczej, oferuj\u0105c trwa\u0142o\u015b\u0107 i komfort u\u017cytkowania. Kluczowe zalety tkaniny VEGAS&hellip;\" \/>\n<meta property=\"og:url\" content=\"https:\/\/york.biz.pl\/en\/product\/tkanina-vegas-310-g-m2\/\" \/>\n<meta property=\"og:site_name\" content=\"YORK\" \/>\n<meta property=\"article:modified_time\" content=\"2024-09-16T13:47:17+00:00\" \/>\n<meta property=\"og:image\" content=\"https:\/\/york.biz.pl\/wp-content\/uploads\/2024\/05\/boston-1.jpg\" \/>\n\t<meta property=\"og:image:width\" content=\"638\" \/>\n\t<meta property=\"og:image:height\" content=\"600\" \/>\n\t<meta property=\"og:image:type\" content=\"image\/jpeg\" \/>\n<meta name=\"twitter:card\" content=\"summary_large_image\" \/>\n<meta name=\"twitter:label1\" content=\"Est. reading time\" \/>\n\t<meta name=\"twitter:data1\" content=\"1 minute\" \/>\n<script type=\"application\/ld+json\" class=\"yoast-schema-graph\">{\"@context\":\"https:\/\/schema.org\",\"@graph\":[{\"@type\":\"WebPage\",\"@id\":\"https:\/\/york.biz.pl\/produkt\/tkanina-vegas-310-g-m2\/\",\"url\":\"https:\/\/york.biz.pl\/produkt\/tkanina-vegas-310-g-m2\/\",\"name\":\"Tkanina VEGAS 310 g\/m2 - YORK\",\"isPartOf\":{\"@id\":\"https:\/\/york.biz.pl\/#website\"},\"primaryImageOfPage\":{\"@id\":\"https:\/\/york.biz.pl\/produkt\/tkanina-vegas-310-g-m2\/#primaryimage\"},\"image\":{\"@id\":\"https:\/\/york.biz.pl\/produkt\/tkanina-vegas-310-g-m2\/#primaryimage\"},\"thumbnailUrl\":\"https:\/\/york.biz.pl\/wp-content\/uploads\/2024\/05\/boston-1.jpg\",\"datePublished\":\"2024-05-06T12:41:22+00:00\",\"dateModified\":\"2024-09-16T13:47:17+00:00\",\"breadcrumb\":{\"@id\":\"https:\/\/york.biz.pl\/produkt\/tkanina-vegas-310-g-m2\/#breadcrumb\"},\"inLanguage\":\"en-US\",\"potentialAction\":[{\"@type\":\"ReadAction\",\"target\":[\"https:\/\/york.biz.pl\/produkt\/tkanina-vegas-310-g-m2\/\"]}]},{\"@type\":\"ImageObject\",\"inLanguage\":\"en-US\",\"@id\":\"https:\/\/york.biz.pl\/produkt\/tkanina-vegas-310-g-m2\/#primaryimage\",\"url\":\"https:\/\/york.biz.pl\/wp-content\/uploads\/2024\/05\/boston-1.jpg\",\"contentUrl\":\"https:\/\/york.biz.pl\/wp-content\/uploads\/2024\/05\/boston-1.jpg\",\"width\":638,\"height\":600,\"caption\":\"310 g\/m2 VEGAS\"},{\"@type\":\"BreadcrumbList\",\"@id\":\"https:\/\/york.biz.pl\/produkt\/tkanina-vegas-310-g-m2\/#breadcrumb\",\"itemListElement\":[{\"@type\":\"ListItem\",\"position\":1,\"name\":\"Strona g\u0142\u00f3wna\",\"item\":\"https:\/\/york.biz.pl\/\"},{\"@type\":\"ListItem\",\"position\":2,\"name\":\"Pe\u0142na oferta\",\"item\":\"https:\/\/york.biz.pl\/pelna-oferta\/\"},{\"@type\":\"ListItem\",\"position\":3,\"name\":\"Tkanina VEGAS 310 g\/m2\"}]},{\"@type\":\"WebSite\",\"@id\":\"https:\/\/york.biz.pl\/#website\",\"url\":\"https:\/\/york.biz.pl\/\",\"name\":\"YORK\",\"description\":\"Hurtownia tkanin na odzie\u017c robocz\u0105 - tkaniny robocze\",\"publisher\":{\"@id\":\"https:\/\/york.biz.pl\/#organization\"},\"potentialAction\":[{\"@type\":\"SearchAction\",\"target\":{\"@type\":\"EntryPoint\",\"urlTemplate\":\"https:\/\/york.biz.pl\/?s={search_term_string}\"},\"query-input\":{\"@type\":\"PropertyValueSpecification\",\"valueRequired\":true,\"valueName\":\"search_term_string\"}}],\"inLanguage\":\"en-US\"},{\"@type\":\"Organization\",\"@id\":\"https:\/\/york.biz.pl\/#organization\",\"name\":\"YORK\",\"url\":\"https:\/\/york.biz.pl\/\",\"logo\":{\"@type\":\"ImageObject\",\"inLanguage\":\"en-US\",\"@id\":\"https:\/\/york.biz.pl\/#\/schema\/logo\/image\/\",\"url\":\"\",\"contentUrl\":\"\",\"caption\":\"YORK\"},\"image\":{\"@id\":\"https:\/\/york.biz.pl\/#\/schema\/logo\/image\/\"}}]}<\/script>\n<!-- \/ Yoast SEO Premium plugin. -->","yoast_head_json":{"title":"Tkanina VEGAS 310 g\/m2 - YORK","robots":{"index":"index","follow":"follow","max-snippet":"max-snippet:-1","max-image-preview":"max-image-preview:large","max-video-preview":"max-video-preview:-1"},"canonical":"https:\/\/york.biz.pl\/en\/product\/tkanina-vegas-310-g-m2\/","og_locale":"en_US","og_type":"article","og_title":"Tkanina VEGAS 310 g\/m2","og_description":"Mocna i ciep\u0142a ochrona dla wymagaj\u0105cych zada\u0144 Tkanina VEGAS 310 g\/m\u00b2 to wytrzyma\u0142y materia\u0142, kt\u00f3ry zapewnia wysoki poziom ciep\u0142a oraz dodatkow\u0105 ochron\u0119, idealn\u0105 do prac wykonywanych zar\u00f3wno wewn\u0105trz pomieszcze\u0144, jak i na zewn\u0105trz. Dzi\u0119ki swojej strukturze i w\u0142a\u015bciwo\u015bciom, tkanina ta doskonale sprawdza si\u0119 w odzie\u017cy roboczej, oferuj\u0105c trwa\u0142o\u015b\u0107 i komfort u\u017cytkowania. Kluczowe zalety tkaniny VEGAS&hellip;","og_url":"https:\/\/york.biz.pl\/en\/product\/tkanina-vegas-310-g-m2\/","og_site_name":"YORK","article_modified_time":"2024-09-16T13:47:17+00:00","og_image":[{"width":638,"height":600,"url":"https:\/\/york.biz.pl\/wp-content\/uploads\/2024\/05\/boston-1.jpg","type":"image\/jpeg"}],"twitter_card":"summary_large_image","twitter_misc":{"Est. reading time":"1 minute"},"schema":{"@context":"https:\/\/schema.org","@graph":[{"@type":"WebPage","@id":"https:\/\/york.biz.pl\/produkt\/tkanina-vegas-310-g-m2\/","url":"https:\/\/york.biz.pl\/produkt\/tkanina-vegas-310-g-m2\/","name":"Tkanina VEGAS 310 g\/m2 - YORK","isPartOf":{"@id":"https:\/\/york.biz.pl\/#website"},"primaryImageOfPage":{"@id":"https:\/\/york.biz.pl\/produkt\/tkanina-vegas-310-g-m2\/#primaryimage"},"image":{"@id":"https:\/\/york.biz.pl\/produkt\/tkanina-vegas-310-g-m2\/#primaryimage"},"thumbnailUrl":"https:\/\/york.biz.pl\/wp-content\/uploads\/2024\/05\/boston-1.jpg","datePublished":"2024-05-06T12:41:22+00:00","dateModified":"2024-09-16T13:47:17+00:00","breadcrumb":{"@id":"https:\/\/york.biz.pl\/produkt\/tkanina-vegas-310-g-m2\/#breadcrumb"},"inLanguage":"en-US","potentialAction":[{"@type":"ReadAction","target":["https:\/\/york.biz.pl\/produkt\/tkanina-vegas-310-g-m2\/"]}]},{"@type":"ImageObject","inLanguage":"en-US","@id":"https:\/\/york.biz.pl\/produkt\/tkanina-vegas-310-g-m2\/#primaryimage","url":"https:\/\/york.biz.pl\/wp-content\/uploads\/2024\/05\/boston-1.jpg","contentUrl":"https:\/\/york.biz.pl\/wp-content\/uploads\/2024\/05\/boston-1.jpg","width":638,"height":600,"caption":"310 g\/m2 VEGAS"},{"@type":"BreadcrumbList","@id":"https:\/\/york.biz.pl\/produkt\/tkanina-vegas-310-g-m2\/#breadcrumb","itemListElement":[{"@type":"ListItem","position":1,"name":"Strona g\u0142\u00f3wna","item":"https:\/\/york.biz.pl\/"},{"@type":"ListItem","position":2,"name":"Pe\u0142na oferta","item":"https:\/\/york.biz.pl\/pelna-oferta\/"},{"@type":"ListItem","position":3,"name":"Tkanina VEGAS 310 g\/m2"}]},{"@type":"WebSite","@id":"https:\/\/york.biz.pl\/#website","url":"https:\/\/york.biz.pl\/","name":"YORK","description":"Hurtownia tkanin na odzie\u017c robocz\u0105 - tkaniny robocze","publisher":{"@id":"https:\/\/york.biz.pl\/#organization"},"potentialAction":[{"@type":"SearchAction","target":{"@type":"EntryPoint","urlTemplate":"https:\/\/york.biz.pl\/?s={search_term_string}"},"query-input":{"@type":"PropertyValueSpecification","valueRequired":true,"valueName":"search_term_string"}}],"inLanguage":"en-US"},{"@type":"Organization","@id":"https:\/\/york.biz.pl\/#organization","name":"YORK","url":"https:\/\/york.biz.pl\/","logo":{"@type":"ImageObject","inLanguage":"en-US","@id":"https:\/\/york.biz.pl\/#\/schema\/logo\/image\/","url":"","contentUrl":"","caption":"YORK"},"image":{"@id":"https:\/\/york.biz.pl\/#\/schema\/logo\/image\/"}}]}},"_links":{"self":[{"href":"https:\/\/york.biz.pl\/en\/wp-json\/wp\/v2\/product\/95141"}],"collection":[{"href":"https:\/\/york.biz.pl\/en\/wp-json\/wp\/v2\/product"}],"about":[{"href":"https:\/\/york.biz.pl\/en\/wp-json\/wp\/v2\/types\/product"}],"version-history":[{"count":3,"href":"https:\/\/york.biz.pl\/en\/wp-json\/wp\/v2\/product\/95141\/revisions"}],"predecessor-version":[{"id":96737,"href":"https:\/\/york.biz.pl\/en\/wp-json\/wp\/v2\/product\/95141\/revisions\/96737"}],"wp:featuredmedia":[{"embeddable":true,"href":"https:\/\/york.biz.pl\/en\/wp-json\/wp\/v2\/media\/95142"}],"wp:attachment":[{"href":"https:\/\/york.biz.pl\/en\/wp-json\/wp\/v2\/media?parent=95141"}],"wp:term":[{"taxonomy":"product_cat","embeddable":true,"href":"https:\/\/york.biz.pl\/en\/wp-json\/wp\/v2\/product_cat?post=95141"},{"taxonomy":"product_tag","embeddable":true,"href":"https:\/\/york.biz.pl\/en\/wp-json\/wp\/v2\/product_tag?post=95141"}],"curies":[{"name":"wp","href":"https:\/\/api.w.org\/{rel}","templated":true}]}}