{"id":95138,"date":"2024-05-06T14:35:39","date_gmt":"2024-05-06T12:35:39","guid":{"rendered":"https:\/\/york.biz.pl\/nowa\/?post_type=product&#038;p=95138"},"modified":"2025-01-20T14:50:10","modified_gmt":"2025-01-20T13:50:10","slug":"tkanina-boston-310-g-m2","status":"publish","type":"product","link":"https:\/\/york.biz.pl\/en\/product\/tkanina-boston-310-g-m2\/","title":{"rendered":"BOSTON Fabric 310 g\/m2"},"content":{"rendered":"<h2>Durable and warm protection for demanding work<\/h2>\n<p>BOSTON Fabric 310 g\/m2 is a robust material that, thanks to its structure, provides excellent thermal insulation and additional protection during work performed both indoors and outdoors. This fabric combines durability with comfort, making it an ideal choice for workwear.<\/p>\n<h3>Key Advantages of BOSTON 310 g\/m\u00b2 Fabric:<\/h3>\n<ul>\n<li><strong>Durability against friction and mechanical damage<\/strong> \u2013 ensures long-lasting use, even in intense working conditions.<\/li>\n<li><strong>Low Shrinkage<\/strong> \u2013 the fabric retains its dimensions and shape after washing at temperatures up to 60\u00b0C, ensuring the durability of the clothing.<\/li>\n<li class=\" translation-block\"><strong>Color Fastness<\/strong> \u2013 the colors remain vibrant and resistant to fading, ensuring the garment's aesthetics are maintained over time.<\/li>\n<li><strong>Possibility of Combining Colors<\/strong> \u2013 without the risk of color change, allowing for the creation of cohesive and aesthetically pleasing clothing designs.<\/li>\n<li><strong>Comfort in Use<\/strong> \u2013 the fabric ensures comfortable wear, which is crucial during long hours of work.<\/li>\n<\/ul>\n<h3>Compliance with standards:<\/h3>\n<p>BOSTON 310 g\/m\u00b2 fabric meets all key standards for protective clothing:<\/p>\n<ul>\n<li><strong>PN-P-84525<\/strong> - guaranteeing the appropriate quality of the material.<\/li>\n<li><strong>PN-EN ISO 13688<\/strong> - protective clothing \u2013 general requirements.<\/li>\n<\/ul>\n<p>By choosing BOSTON 310 g\/m\u00b2 fabric, you are investing in a material that provides durability, protection, and comfort, making it ideal for producing high-quality workwear.<\/p>","protected":false},"excerpt":{"rendered":"<p>Trwa\u0142a i ciep\u0142a ochrona dla wymagaj\u0105cych prac Tkanina BOSTON 310 g\/m\u00b2 to solidny materia\u0142, kt\u00f3ry dzi\u0119ki swojej strukturze zapewnia doskona\u0142\u0105 izolacj\u0119 ciepln\u0105 oraz dodatkow\u0105 ochron\u0119 podczas wykonywania prac zar\u00f3wno wewn\u0105trz pomieszcze\u0144, jak i na zewn\u0105trz. Tkanina ta \u0142\u0105czy w sobie wytrzyma\u0142o\u015b\u0107 z komfortem, czyni\u0105c j\u0105 idealnym wyborem do odzie\u017cy roboczej. Kluczowe zalety tkaniny BOSTON 310&hellip;<\/p>","protected":false},"featured_media":95139,"template":"","meta":{"_acf_changed":false},"product_cat":[296,298],"product_tag":[],"class_list":{"0":"post-95138","1":"product","2":"type-product","3":"status-publish","4":"has-post-thumbnail","6":"product_cat-tkaniny-na-odziez-robocza","7":"product_cat-bawelna-poliester-tkaniny-na-odziez-robocza","8":"description-off","10":"first","11":"instock","12":"shipping-taxable","13":"product-type-simple"},"acf":[],"yoast_head":"<!-- This site is optimized with the Yoast SEO Premium plugin v23.9 (Yoast SEO v23.9) - https:\/\/yoast.com\/wordpress\/plugins\/seo\/ -->\n<title>Tkanina BOSTON 310 g\/m2 - YORK<\/title>\n<meta name=\"robots\" content=\"index, follow, max-snippet:-1, max-image-preview:large, max-video-preview:-1\" \/>\n<link rel=\"canonical\" href=\"https:\/\/york.biz.pl\/en\/product\/tkanina-boston-310-g-m2\/\" \/>\n<meta property=\"og:locale\" content=\"en_US\" \/>\n<meta property=\"og:type\" content=\"article\" \/>\n<meta property=\"og:title\" content=\"Tkanina BOSTON 310 g\/m2\" \/>\n<meta property=\"og:description\" content=\"Trwa\u0142a i ciep\u0142a ochrona dla wymagaj\u0105cych prac Tkanina BOSTON 310 g\/m\u00b2 to solidny materia\u0142, kt\u00f3ry dzi\u0119ki swojej strukturze zapewnia doskona\u0142\u0105 izolacj\u0119 ciepln\u0105 oraz dodatkow\u0105 ochron\u0119 podczas wykonywania prac zar\u00f3wno wewn\u0105trz pomieszcze\u0144, jak i na zewn\u0105trz. Tkanina ta \u0142\u0105czy w sobie wytrzyma\u0142o\u015b\u0107 z komfortem, czyni\u0105c j\u0105 idealnym wyborem do odzie\u017cy roboczej. Kluczowe zalety tkaniny BOSTON 310&hellip;\" \/>\n<meta property=\"og:url\" content=\"https:\/\/york.biz.pl\/en\/product\/tkanina-boston-310-g-m2\/\" \/>\n<meta property=\"og:site_name\" content=\"YORK\" \/>\n<meta property=\"article:modified_time\" content=\"2025-01-20T13:50:10+00:00\" \/>\n<meta property=\"og:image\" content=\"https:\/\/york.biz.pl\/wp-content\/uploads\/2024\/05\/boston.jpg\" \/>\n\t<meta property=\"og:image:width\" content=\"638\" \/>\n\t<meta property=\"og:image:height\" content=\"600\" \/>\n\t<meta property=\"og:image:type\" content=\"image\/jpeg\" \/>\n<meta name=\"twitter:card\" content=\"summary_large_image\" \/>\n<meta name=\"twitter:label1\" content=\"Est. reading time\" \/>\n\t<meta name=\"twitter:data1\" content=\"2 minutes\" \/>\n<script type=\"application\/ld+json\" class=\"yoast-schema-graph\">{\"@context\":\"https:\/\/schema.org\",\"@graph\":[{\"@type\":\"WebPage\",\"@id\":\"https:\/\/york.biz.pl\/produkt\/tkanina-boston-310-g-m2\/\",\"url\":\"https:\/\/york.biz.pl\/produkt\/tkanina-boston-310-g-m2\/\",\"name\":\"Tkanina BOSTON 310 g\/m2 - YORK\",\"isPartOf\":{\"@id\":\"https:\/\/york.biz.pl\/#website\"},\"primaryImageOfPage\":{\"@id\":\"https:\/\/york.biz.pl\/produkt\/tkanina-boston-310-g-m2\/#primaryimage\"},\"image\":{\"@id\":\"https:\/\/york.biz.pl\/produkt\/tkanina-boston-310-g-m2\/#primaryimage\"},\"thumbnailUrl\":\"https:\/\/york.biz.pl\/wp-content\/uploads\/2024\/05\/boston.jpg\",\"datePublished\":\"2024-05-06T12:35:39+00:00\",\"dateModified\":\"2025-01-20T13:50:10+00:00\",\"breadcrumb\":{\"@id\":\"https:\/\/york.biz.pl\/produkt\/tkanina-boston-310-g-m2\/#breadcrumb\"},\"inLanguage\":\"en-US\",\"potentialAction\":[{\"@type\":\"ReadAction\",\"target\":[\"https:\/\/york.biz.pl\/produkt\/tkanina-boston-310-g-m2\/\"]}]},{\"@type\":\"ImageObject\",\"inLanguage\":\"en-US\",\"@id\":\"https:\/\/york.biz.pl\/produkt\/tkanina-boston-310-g-m2\/#primaryimage\",\"url\":\"https:\/\/york.biz.pl\/wp-content\/uploads\/2024\/05\/boston.jpg\",\"contentUrl\":\"https:\/\/york.biz.pl\/wp-content\/uploads\/2024\/05\/boston.jpg\",\"width\":638,\"height\":600},{\"@type\":\"BreadcrumbList\",\"@id\":\"https:\/\/york.biz.pl\/produkt\/tkanina-boston-310-g-m2\/#breadcrumb\",\"itemListElement\":[{\"@type\":\"ListItem\",\"position\":1,\"name\":\"Strona g\u0142\u00f3wna\",\"item\":\"https:\/\/york.biz.pl\/\"},{\"@type\":\"ListItem\",\"position\":2,\"name\":\"Pe\u0142na oferta\",\"item\":\"https:\/\/york.biz.pl\/pelna-oferta\/\"},{\"@type\":\"ListItem\",\"position\":3,\"name\":\"Tkanina BOSTON 310 g\/m2\"}]},{\"@type\":\"WebSite\",\"@id\":\"https:\/\/york.biz.pl\/#website\",\"url\":\"https:\/\/york.biz.pl\/\",\"name\":\"YORK\",\"description\":\"Hurtownia tkanin na odzie\u017c robocz\u0105 - tkaniny robocze\",\"publisher\":{\"@id\":\"https:\/\/york.biz.pl\/#organization\"},\"potentialAction\":[{\"@type\":\"SearchAction\",\"target\":{\"@type\":\"EntryPoint\",\"urlTemplate\":\"https:\/\/york.biz.pl\/?s={search_term_string}\"},\"query-input\":{\"@type\":\"PropertyValueSpecification\",\"valueRequired\":true,\"valueName\":\"search_term_string\"}}],\"inLanguage\":\"en-US\"},{\"@type\":\"Organization\",\"@id\":\"https:\/\/york.biz.pl\/#organization\",\"name\":\"YORK\",\"url\":\"https:\/\/york.biz.pl\/\",\"logo\":{\"@type\":\"ImageObject\",\"inLanguage\":\"en-US\",\"@id\":\"https:\/\/york.biz.pl\/#\/schema\/logo\/image\/\",\"url\":\"\",\"contentUrl\":\"\",\"caption\":\"YORK\"},\"image\":{\"@id\":\"https:\/\/york.biz.pl\/#\/schema\/logo\/image\/\"}}]}<\/script>\n<!-- \/ Yoast SEO Premium plugin. -->","yoast_head_json":{"title":"Tkanina BOSTON 310 g\/m2 - YORK","robots":{"index":"index","follow":"follow","max-snippet":"max-snippet:-1","max-image-preview":"max-image-preview:large","max-video-preview":"max-video-preview:-1"},"canonical":"https:\/\/york.biz.pl\/en\/product\/tkanina-boston-310-g-m2\/","og_locale":"en_US","og_type":"article","og_title":"Tkanina BOSTON 310 g\/m2","og_description":"Trwa\u0142a i ciep\u0142a ochrona dla wymagaj\u0105cych prac Tkanina BOSTON 310 g\/m\u00b2 to solidny materia\u0142, kt\u00f3ry dzi\u0119ki swojej strukturze zapewnia doskona\u0142\u0105 izolacj\u0119 ciepln\u0105 oraz dodatkow\u0105 ochron\u0119 podczas wykonywania prac zar\u00f3wno wewn\u0105trz pomieszcze\u0144, jak i na zewn\u0105trz. Tkanina ta \u0142\u0105czy w sobie wytrzyma\u0142o\u015b\u0107 z komfortem, czyni\u0105c j\u0105 idealnym wyborem do odzie\u017cy roboczej. Kluczowe zalety tkaniny BOSTON 310&hellip;","og_url":"https:\/\/york.biz.pl\/en\/product\/tkanina-boston-310-g-m2\/","og_site_name":"YORK","article_modified_time":"2025-01-20T13:50:10+00:00","og_image":[{"width":638,"height":600,"url":"https:\/\/york.biz.pl\/wp-content\/uploads\/2024\/05\/boston.jpg","type":"image\/jpeg"}],"twitter_card":"summary_large_image","twitter_misc":{"Est. reading time":"2 minutes"},"schema":{"@context":"https:\/\/schema.org","@graph":[{"@type":"WebPage","@id":"https:\/\/york.biz.pl\/produkt\/tkanina-boston-310-g-m2\/","url":"https:\/\/york.biz.pl\/produkt\/tkanina-boston-310-g-m2\/","name":"Tkanina BOSTON 310 g\/m2 - YORK","isPartOf":{"@id":"https:\/\/york.biz.pl\/#website"},"primaryImageOfPage":{"@id":"https:\/\/york.biz.pl\/produkt\/tkanina-boston-310-g-m2\/#primaryimage"},"image":{"@id":"https:\/\/york.biz.pl\/produkt\/tkanina-boston-310-g-m2\/#primaryimage"},"thumbnailUrl":"https:\/\/york.biz.pl\/wp-content\/uploads\/2024\/05\/boston.jpg","datePublished":"2024-05-06T12:35:39+00:00","dateModified":"2025-01-20T13:50:10+00:00","breadcrumb":{"@id":"https:\/\/york.biz.pl\/produkt\/tkanina-boston-310-g-m2\/#breadcrumb"},"inLanguage":"en-US","potentialAction":[{"@type":"ReadAction","target":["https:\/\/york.biz.pl\/produkt\/tkanina-boston-310-g-m2\/"]}]},{"@type":"ImageObject","inLanguage":"en-US","@id":"https:\/\/york.biz.pl\/produkt\/tkanina-boston-310-g-m2\/#primaryimage","url":"https:\/\/york.biz.pl\/wp-content\/uploads\/2024\/05\/boston.jpg","contentUrl":"https:\/\/york.biz.pl\/wp-content\/uploads\/2024\/05\/boston.jpg","width":638,"height":600},{"@type":"BreadcrumbList","@id":"https:\/\/york.biz.pl\/produkt\/tkanina-boston-310-g-m2\/#breadcrumb","itemListElement":[{"@type":"ListItem","position":1,"name":"Strona g\u0142\u00f3wna","item":"https:\/\/york.biz.pl\/"},{"@type":"ListItem","position":2,"name":"Pe\u0142na oferta","item":"https:\/\/york.biz.pl\/pelna-oferta\/"},{"@type":"ListItem","position":3,"name":"Tkanina BOSTON 310 g\/m2"}]},{"@type":"WebSite","@id":"https:\/\/york.biz.pl\/#website","url":"https:\/\/york.biz.pl\/","name":"YORK","description":"Hurtownia tkanin na odzie\u017c robocz\u0105 - tkaniny robocze","publisher":{"@id":"https:\/\/york.biz.pl\/#organization"},"potentialAction":[{"@type":"SearchAction","target":{"@type":"EntryPoint","urlTemplate":"https:\/\/york.biz.pl\/?s={search_term_string}"},"query-input":{"@type":"PropertyValueSpecification","valueRequired":true,"valueName":"search_term_string"}}],"inLanguage":"en-US"},{"@type":"Organization","@id":"https:\/\/york.biz.pl\/#organization","name":"YORK","url":"https:\/\/york.biz.pl\/","logo":{"@type":"ImageObject","inLanguage":"en-US","@id":"https:\/\/york.biz.pl\/#\/schema\/logo\/image\/","url":"","contentUrl":"","caption":"YORK"},"image":{"@id":"https:\/\/york.biz.pl\/#\/schema\/logo\/image\/"}}]}},"_links":{"self":[{"href":"https:\/\/york.biz.pl\/en\/wp-json\/wp\/v2\/product\/95138"}],"collection":[{"href":"https:\/\/york.biz.pl\/en\/wp-json\/wp\/v2\/product"}],"about":[{"href":"https:\/\/york.biz.pl\/en\/wp-json\/wp\/v2\/types\/product"}],"version-history":[{"count":4,"href":"https:\/\/york.biz.pl\/en\/wp-json\/wp\/v2\/product\/95138\/revisions"}],"predecessor-version":[{"id":96736,"href":"https:\/\/york.biz.pl\/en\/wp-json\/wp\/v2\/product\/95138\/revisions\/96736"}],"wp:featuredmedia":[{"embeddable":true,"href":"https:\/\/york.biz.pl\/en\/wp-json\/wp\/v2\/media\/95139"}],"wp:attachment":[{"href":"https:\/\/york.biz.pl\/en\/wp-json\/wp\/v2\/media?parent=95138"}],"wp:term":[{"taxonomy":"product_cat","embeddable":true,"href":"https:\/\/york.biz.pl\/en\/wp-json\/wp\/v2\/product_cat?post=95138"},{"taxonomy":"product_tag","embeddable":true,"href":"https:\/\/york.biz.pl\/en\/wp-json\/wp\/v2\/product_tag?post=95138"}],"curies":[{"name":"wp","href":"https:\/\/api.w.org\/{rel}","templated":true}]}}