{"id":95132,"date":"2024-05-06T14:18:12","date_gmt":"2024-05-06T12:18:12","guid":{"rendered":"https:\/\/york.biz.pl\/nowa\/?post_type=product&#038;p=95132"},"modified":"2024-12-02T03:12:30","modified_gmt":"2024-12-02T02:12:30","slug":"tkanina-nevada-250-g-m2","status":"publish","type":"product","link":"https:\/\/york.biz.pl\/en\/product\/tkanina-nevada-250-g-m2\/","title":{"rendered":"NEVADA Fabric 250 g\/m2"},"content":{"rendered":"<p>Water and oil resistant fabric; breathable thanks to the weaving process (60% cotton on the inside, 40% polyester on the outside with a water and oil resistant finish), designed for professional outerwear. In order to maintain the fabric's water resistance for a longer period, it is recommended to iron its right side at 150\u00b0C after each wash.<\/p>\n<p>&nbsp;<\/p>\n<p class=\"name-1\">Usage Benefits:<\/p>\n<p class=\" translation-block\">\u2013 resistance to friction and mechanical damage,<br>\n\u2013 low shrinkage in water washing at 60\u00b0C,<br>\n\u2013 color fastness,<br>\n\u2013 possibility of combining colors without the risk of color change,<br>\n\u2013 comfort in use.<\/p>\n<p>&nbsp;<\/p>\n<p class=\"name-1\">The fabric meets the standards:<\/p>\n<p><b>PN- EN ISO 20471,<br \/>\nPN-P-84525,<br \/>\nPN-EN ISO 13688<\/b><\/p>","protected":false},"excerpt":{"rendered":"<p>Tkanina wodo i olejo ochronna; oddychaj\u0105ca dzi\u0119ki procesowi tkania (bawe\u0142na \u2013 60% od wewn\u0105trz, poliester \u2013 40% na zewn\u0105trz z wyko\u0144czeniem wodo i olejo ochronnym), przeznaczona na odzie\u017c zawodow\u0105 wierzchni\u0105. Aby na d\u0142u\u017cej zachowa\u0107 w\u0142a\u015bciwo\u015bci wodoodporne tkaniny, zalecane jest po ka\u017cdym praniu, przeprasowanie jej prawej strony \u017celazkiem o temperaturze 150\u00b0C. &nbsp; Walory u\u017cytkowe: &#8211; wytrzyma\u0142o\u015b\u0107&hellip;<\/p>","protected":false},"featured_media":95133,"template":"","meta":{"_acf_changed":false},"product_cat":[296,298,303,308],"product_tag":[],"class_list":{"0":"post-95132","1":"product","2":"type-product","3":"status-publish","4":"has-post-thumbnail","6":"product_cat-tkaniny-na-odziez-robocza","7":"product_cat-bawelna-poliester-tkaniny-na-odziez-robocza","8":"product_cat-tkaniny-specjalistyczne","9":"product_cat-fluorescencyjne","10":"description-off","12":"first","13":"instock","14":"shipping-taxable","15":"product-type-simple"},"acf":[],"yoast_head":"<!-- This site is optimized with the Yoast SEO Premium plugin v23.9 (Yoast SEO v23.9) - https:\/\/yoast.com\/wordpress\/plugins\/seo\/ -->\n<title>Tkanina NEVADA 250 g\/m2 - YORK<\/title>\n<meta name=\"robots\" content=\"index, follow, max-snippet:-1, max-image-preview:large, max-video-preview:-1\" \/>\n<link rel=\"canonical\" href=\"https:\/\/york.biz.pl\/en\/product\/tkanina-nevada-250-g-m2\/\" \/>\n<meta property=\"og:locale\" content=\"en_US\" \/>\n<meta property=\"og:type\" content=\"article\" \/>\n<meta property=\"og:title\" content=\"Tkanina NEVADA 250 g\/m2\" \/>\n<meta property=\"og:description\" content=\"Tkanina wodo i olejo ochronna; oddychaj\u0105ca dzi\u0119ki procesowi tkania (bawe\u0142na \u2013 60% od wewn\u0105trz, poliester \u2013 40% na zewn\u0105trz z wyko\u0144czeniem wodo i olejo ochronnym), przeznaczona na odzie\u017c zawodow\u0105 wierzchni\u0105. Aby na d\u0142u\u017cej zachowa\u0107 w\u0142a\u015bciwo\u015bci wodoodporne tkaniny, zalecane jest po ka\u017cdym praniu, przeprasowanie jej prawej strony \u017celazkiem o temperaturze 150\u00b0C. &nbsp; Walory u\u017cytkowe: &#8211; wytrzyma\u0142o\u015b\u0107&hellip;\" \/>\n<meta property=\"og:url\" content=\"https:\/\/york.biz.pl\/en\/product\/tkanina-nevada-250-g-m2\/\" \/>\n<meta property=\"og:site_name\" content=\"YORK\" \/>\n<meta property=\"article:modified_time\" content=\"2024-12-02T02:12:30+00:00\" \/>\n<meta property=\"og:image\" content=\"https:\/\/york.biz.pl\/wp-content\/uploads\/2024\/05\/nevada.jpg\" \/>\n\t<meta property=\"og:image:width\" content=\"638\" \/>\n\t<meta property=\"og:image:height\" content=\"600\" \/>\n\t<meta property=\"og:image:type\" content=\"image\/jpeg\" \/>\n<meta name=\"twitter:card\" content=\"summary_large_image\" \/>\n<meta name=\"twitter:label1\" content=\"Est. reading time\" \/>\n\t<meta name=\"twitter:data1\" content=\"1 minute\" \/>\n<script type=\"application\/ld+json\" class=\"yoast-schema-graph\">{\"@context\":\"https:\/\/schema.org\",\"@graph\":[{\"@type\":\"WebPage\",\"@id\":\"https:\/\/york.biz.pl\/produkt\/tkanina-nevada-250-g-m2\/\",\"url\":\"https:\/\/york.biz.pl\/produkt\/tkanina-nevada-250-g-m2\/\",\"name\":\"Tkanina NEVADA 250 g\/m2 - YORK\",\"isPartOf\":{\"@id\":\"https:\/\/york.biz.pl\/#website\"},\"primaryImageOfPage\":{\"@id\":\"https:\/\/york.biz.pl\/produkt\/tkanina-nevada-250-g-m2\/#primaryimage\"},\"image\":{\"@id\":\"https:\/\/york.biz.pl\/produkt\/tkanina-nevada-250-g-m2\/#primaryimage\"},\"thumbnailUrl\":\"https:\/\/york.biz.pl\/wp-content\/uploads\/2024\/05\/nevada.jpg\",\"datePublished\":\"2024-05-06T12:18:12+00:00\",\"dateModified\":\"2024-12-02T02:12:30+00:00\",\"breadcrumb\":{\"@id\":\"https:\/\/york.biz.pl\/produkt\/tkanina-nevada-250-g-m2\/#breadcrumb\"},\"inLanguage\":\"en-US\",\"potentialAction\":[{\"@type\":\"ReadAction\",\"target\":[\"https:\/\/york.biz.pl\/produkt\/tkanina-nevada-250-g-m2\/\"]}]},{\"@type\":\"ImageObject\",\"inLanguage\":\"en-US\",\"@id\":\"https:\/\/york.biz.pl\/produkt\/tkanina-nevada-250-g-m2\/#primaryimage\",\"url\":\"https:\/\/york.biz.pl\/wp-content\/uploads\/2024\/05\/nevada.jpg\",\"contentUrl\":\"https:\/\/york.biz.pl\/wp-content\/uploads\/2024\/05\/nevada.jpg\",\"width\":638,\"height\":600,\"caption\":\"250 g\/m2 NEVADA\"},{\"@type\":\"BreadcrumbList\",\"@id\":\"https:\/\/york.biz.pl\/produkt\/tkanina-nevada-250-g-m2\/#breadcrumb\",\"itemListElement\":[{\"@type\":\"ListItem\",\"position\":1,\"name\":\"Strona g\u0142\u00f3wna\",\"item\":\"https:\/\/york.biz.pl\/\"},{\"@type\":\"ListItem\",\"position\":2,\"name\":\"Pe\u0142na oferta\",\"item\":\"https:\/\/york.biz.pl\/pelna-oferta\/\"},{\"@type\":\"ListItem\",\"position\":3,\"name\":\"Tkanina NEVADA 250 g\/m2\"}]},{\"@type\":\"WebSite\",\"@id\":\"https:\/\/york.biz.pl\/#website\",\"url\":\"https:\/\/york.biz.pl\/\",\"name\":\"YORK\",\"description\":\"Hurtownia tkanin na odzie\u017c robocz\u0105 - tkaniny robocze\",\"publisher\":{\"@id\":\"https:\/\/york.biz.pl\/#organization\"},\"potentialAction\":[{\"@type\":\"SearchAction\",\"target\":{\"@type\":\"EntryPoint\",\"urlTemplate\":\"https:\/\/york.biz.pl\/?s={search_term_string}\"},\"query-input\":{\"@type\":\"PropertyValueSpecification\",\"valueRequired\":true,\"valueName\":\"search_term_string\"}}],\"inLanguage\":\"en-US\"},{\"@type\":\"Organization\",\"@id\":\"https:\/\/york.biz.pl\/#organization\",\"name\":\"YORK\",\"url\":\"https:\/\/york.biz.pl\/\",\"logo\":{\"@type\":\"ImageObject\",\"inLanguage\":\"en-US\",\"@id\":\"https:\/\/york.biz.pl\/#\/schema\/logo\/image\/\",\"url\":\"\",\"contentUrl\":\"\",\"caption\":\"YORK\"},\"image\":{\"@id\":\"https:\/\/york.biz.pl\/#\/schema\/logo\/image\/\"}}]}<\/script>\n<!-- \/ Yoast SEO Premium plugin. -->","yoast_head_json":{"title":"Tkanina NEVADA 250 g\/m2 - YORK","robots":{"index":"index","follow":"follow","max-snippet":"max-snippet:-1","max-image-preview":"max-image-preview:large","max-video-preview":"max-video-preview:-1"},"canonical":"https:\/\/york.biz.pl\/en\/product\/tkanina-nevada-250-g-m2\/","og_locale":"en_US","og_type":"article","og_title":"Tkanina NEVADA 250 g\/m2","og_description":"Tkanina wodo i olejo ochronna; oddychaj\u0105ca dzi\u0119ki procesowi tkania (bawe\u0142na \u2013 60% od wewn\u0105trz, poliester \u2013 40% na zewn\u0105trz z wyko\u0144czeniem wodo i olejo ochronnym), przeznaczona na odzie\u017c zawodow\u0105 wierzchni\u0105. Aby na d\u0142u\u017cej zachowa\u0107 w\u0142a\u015bciwo\u015bci wodoodporne tkaniny, zalecane jest po ka\u017cdym praniu, przeprasowanie jej prawej strony \u017celazkiem o temperaturze 150\u00b0C. &nbsp; Walory u\u017cytkowe: &#8211; wytrzyma\u0142o\u015b\u0107&hellip;","og_url":"https:\/\/york.biz.pl\/en\/product\/tkanina-nevada-250-g-m2\/","og_site_name":"YORK","article_modified_time":"2024-12-02T02:12:30+00:00","og_image":[{"width":638,"height":600,"url":"https:\/\/york.biz.pl\/wp-content\/uploads\/2024\/05\/nevada.jpg","type":"image\/jpeg"}],"twitter_card":"summary_large_image","twitter_misc":{"Est. reading time":"1 minute"},"schema":{"@context":"https:\/\/schema.org","@graph":[{"@type":"WebPage","@id":"https:\/\/york.biz.pl\/produkt\/tkanina-nevada-250-g-m2\/","url":"https:\/\/york.biz.pl\/produkt\/tkanina-nevada-250-g-m2\/","name":"Tkanina NEVADA 250 g\/m2 - YORK","isPartOf":{"@id":"https:\/\/york.biz.pl\/#website"},"primaryImageOfPage":{"@id":"https:\/\/york.biz.pl\/produkt\/tkanina-nevada-250-g-m2\/#primaryimage"},"image":{"@id":"https:\/\/york.biz.pl\/produkt\/tkanina-nevada-250-g-m2\/#primaryimage"},"thumbnailUrl":"https:\/\/york.biz.pl\/wp-content\/uploads\/2024\/05\/nevada.jpg","datePublished":"2024-05-06T12:18:12+00:00","dateModified":"2024-12-02T02:12:30+00:00","breadcrumb":{"@id":"https:\/\/york.biz.pl\/produkt\/tkanina-nevada-250-g-m2\/#breadcrumb"},"inLanguage":"en-US","potentialAction":[{"@type":"ReadAction","target":["https:\/\/york.biz.pl\/produkt\/tkanina-nevada-250-g-m2\/"]}]},{"@type":"ImageObject","inLanguage":"en-US","@id":"https:\/\/york.biz.pl\/produkt\/tkanina-nevada-250-g-m2\/#primaryimage","url":"https:\/\/york.biz.pl\/wp-content\/uploads\/2024\/05\/nevada.jpg","contentUrl":"https:\/\/york.biz.pl\/wp-content\/uploads\/2024\/05\/nevada.jpg","width":638,"height":600,"caption":"250 g\/m2 NEVADA"},{"@type":"BreadcrumbList","@id":"https:\/\/york.biz.pl\/produkt\/tkanina-nevada-250-g-m2\/#breadcrumb","itemListElement":[{"@type":"ListItem","position":1,"name":"Strona g\u0142\u00f3wna","item":"https:\/\/york.biz.pl\/"},{"@type":"ListItem","position":2,"name":"Pe\u0142na oferta","item":"https:\/\/york.biz.pl\/pelna-oferta\/"},{"@type":"ListItem","position":3,"name":"Tkanina NEVADA 250 g\/m2"}]},{"@type":"WebSite","@id":"https:\/\/york.biz.pl\/#website","url":"https:\/\/york.biz.pl\/","name":"YORK","description":"Hurtownia tkanin na odzie\u017c robocz\u0105 - tkaniny robocze","publisher":{"@id":"https:\/\/york.biz.pl\/#organization"},"potentialAction":[{"@type":"SearchAction","target":{"@type":"EntryPoint","urlTemplate":"https:\/\/york.biz.pl\/?s={search_term_string}"},"query-input":{"@type":"PropertyValueSpecification","valueRequired":true,"valueName":"search_term_string"}}],"inLanguage":"en-US"},{"@type":"Organization","@id":"https:\/\/york.biz.pl\/#organization","name":"YORK","url":"https:\/\/york.biz.pl\/","logo":{"@type":"ImageObject","inLanguage":"en-US","@id":"https:\/\/york.biz.pl\/#\/schema\/logo\/image\/","url":"","contentUrl":"","caption":"YORK"},"image":{"@id":"https:\/\/york.biz.pl\/#\/schema\/logo\/image\/"}}]}},"_links":{"self":[{"href":"https:\/\/york.biz.pl\/en\/wp-json\/wp\/v2\/product\/95132"}],"collection":[{"href":"https:\/\/york.biz.pl\/en\/wp-json\/wp\/v2\/product"}],"about":[{"href":"https:\/\/york.biz.pl\/en\/wp-json\/wp\/v2\/types\/product"}],"version-history":[{"count":5,"href":"https:\/\/york.biz.pl\/en\/wp-json\/wp\/v2\/product\/95132\/revisions"}],"predecessor-version":[{"id":96810,"href":"https:\/\/york.biz.pl\/en\/wp-json\/wp\/v2\/product\/95132\/revisions\/96810"}],"wp:featuredmedia":[{"embeddable":true,"href":"https:\/\/york.biz.pl\/en\/wp-json\/wp\/v2\/media\/95133"}],"wp:attachment":[{"href":"https:\/\/york.biz.pl\/en\/wp-json\/wp\/v2\/media?parent=95132"}],"wp:term":[{"taxonomy":"product_cat","embeddable":true,"href":"https:\/\/york.biz.pl\/en\/wp-json\/wp\/v2\/product_cat?post=95132"},{"taxonomy":"product_tag","embeddable":true,"href":"https:\/\/york.biz.pl\/en\/wp-json\/wp\/v2\/product_tag?post=95132"}],"curies":[{"name":"wp","href":"https:\/\/api.w.org\/{rel}","templated":true}]}}