{"id":95126,"date":"2024-05-06T14:02:37","date_gmt":"2024-05-06T12:02:37","guid":{"rendered":"https:\/\/york.biz.pl\/nowa\/?post_type=product&#038;p=95126"},"modified":"2024-09-02T08:50:52","modified_gmt":"2024-09-02T06:50:52","slug":"tkanina-carson-240-g-m2","status":"publish","type":"product","link":"https:\/\/york.biz.pl\/en\/product\/tkanina-carson-240-g-m2\/","title":{"rendered":"CARSON Fabric 240 g\/m2"},"content":{"rendered":"<h2>Durable and comfortable protection for every season<\/h2>\n<p>CARSON 240 g\/m\u00b2 fabric is a durable material designed to maintain a high level of warmth and provide additional protection during work both indoors and outdoors. Thanks to its high cotton content, the fabric offers exceptional comfort that polyester-dominant fabrics cannot provide \u2013 it effectively absorbs sweat and is more breathable during the summer season.<\/p>\n<h3>Kluczowe zalety tkaniny CARSON 240 g\/m\u00b2:<\/h3>\n<ul>\n<li><strong>Durability against friction and mechanical damage<\/strong> \u2013 ensures durability and long-lasting use, even in intense working conditions.<\/li>\n<li><strong>Low Shrinkage<\/strong> \u2013 the fabric retains its dimensions and shape after washing at temperatures up to 60\u00b0C, ensuring the durability of the clothing.<\/li>\n<li class=\" translation-block\"><strong>Color Fastness<\/strong> \u2013 the colors remain vibrant and resistant to fading, ensuring the garment's aesthetics are maintained over time.<\/li>\n<li><strong>Possibility of Combining Colors<\/strong> \u2013 without the risk of color change, allowing for the creation of cohesive and aesthetically pleasing clothing designs.<\/li>\n<li><strong>Comfort in Use<\/strong> \u2013 thanks to its high cotton content, the fabric is more breathable and comfortable, ensuring comfort throughout the entire day.<\/li>\n<\/ul>\n<h3>Compliance with standards:<\/h3>\n<p>CARSON 240 g\/m2 fabric meets all key standards for protective clothing:<\/p>\n<ul>\n<li><strong>PN-P-84525<\/strong> - guaranteeing the appropriate quality of the material.<\/li>\n<li><strong>PN-EN ISO 13688<\/strong> - protective clothing \u2013 general requirements.<\/li>\n<\/ul>\n<p>By choosing CARSON 240 g\/m\u00b2 fabric, you are investing in a material that combines durability, comfort, and aesthetics, making it ideal for producing high-quality workwear for every season.<\/p>","protected":false},"excerpt":{"rendered":"<p>Trwa\u0142a i komfortowa ochrona na ka\u017cd\u0105 por\u0119 roku Tkanina CARSON 240 g\/m\u00b2 to wytrzyma\u0142y materia\u0142 zaprojektowany z my\u015bl\u0105 o utrzymaniu wysokiego poziomu ciep\u0142a oraz zapewnieniu dodatkowej ochrony podczas wykonywania prac zar\u00f3wno wewn\u0105trz pomieszcze\u0144, jak i na \u015bwie\u017cym powietrzu. Dzi\u0119ki du\u017cej zawarto\u015bci bawe\u0142ny, tkanina oferuje wyj\u0105tkowy komfort, kt\u00f3rego nie zapewniaj\u0105 tkaniny z przewag\u0105 poliestru \u2013 skutecznie&hellip;<\/p>","protected":false},"featured_media":95127,"template":"","meta":{"_acf_changed":false},"product_cat":[296,298],"product_tag":[],"class_list":{"0":"post-95126","1":"product","2":"type-product","3":"status-publish","4":"has-post-thumbnail","6":"product_cat-tkaniny-na-odziez-robocza","7":"product_cat-bawelna-poliester-tkaniny-na-odziez-robocza","8":"description-off","10":"first","11":"instock","12":"shipping-taxable","13":"product-type-simple"},"acf":[],"yoast_head":"<!-- This site is optimized with the Yoast SEO Premium plugin v23.9 (Yoast SEO v23.9) - https:\/\/yoast.com\/wordpress\/plugins\/seo\/ -->\n<title>Tkanina CARSON 240 g\/m2 - YORK<\/title>\n<meta name=\"robots\" content=\"index, follow, max-snippet:-1, max-image-preview:large, max-video-preview:-1\" \/>\n<link rel=\"canonical\" href=\"https:\/\/york.biz.pl\/en\/product\/tkanina-carson-240-g-m2\/\" \/>\n<meta property=\"og:locale\" content=\"en_US\" \/>\n<meta property=\"og:type\" content=\"article\" \/>\n<meta property=\"og:title\" content=\"Tkanina CARSON 240 g\/m2\" \/>\n<meta property=\"og:description\" content=\"Trwa\u0142a i komfortowa ochrona na ka\u017cd\u0105 por\u0119 roku Tkanina CARSON 240 g\/m\u00b2 to wytrzyma\u0142y materia\u0142 zaprojektowany z my\u015bl\u0105 o utrzymaniu wysokiego poziomu ciep\u0142a oraz zapewnieniu dodatkowej ochrony podczas wykonywania prac zar\u00f3wno wewn\u0105trz pomieszcze\u0144, jak i na \u015bwie\u017cym powietrzu. Dzi\u0119ki du\u017cej zawarto\u015bci bawe\u0142ny, tkanina oferuje wyj\u0105tkowy komfort, kt\u00f3rego nie zapewniaj\u0105 tkaniny z przewag\u0105 poliestru \u2013 skutecznie&hellip;\" \/>\n<meta property=\"og:url\" content=\"https:\/\/york.biz.pl\/en\/product\/tkanina-carson-240-g-m2\/\" \/>\n<meta property=\"og:site_name\" content=\"YORK\" \/>\n<meta property=\"article:modified_time\" content=\"2024-09-02T06:50:52+00:00\" \/>\n<meta property=\"og:image\" content=\"https:\/\/york.biz.pl\/wp-content\/uploads\/2024\/05\/dallas.jpg\" \/>\n\t<meta property=\"og:image:width\" content=\"638\" \/>\n\t<meta property=\"og:image:height\" content=\"600\" \/>\n\t<meta property=\"og:image:type\" content=\"image\/jpeg\" \/>\n<meta name=\"twitter:card\" content=\"summary_large_image\" \/>\n<meta name=\"twitter:label1\" content=\"Est. reading time\" \/>\n\t<meta name=\"twitter:data1\" content=\"1 minute\" \/>\n<script type=\"application\/ld+json\" class=\"yoast-schema-graph\">{\"@context\":\"https:\/\/schema.org\",\"@graph\":[{\"@type\":\"WebPage\",\"@id\":\"https:\/\/york.biz.pl\/produkt\/tkanina-carson-240-g-m2\/\",\"url\":\"https:\/\/york.biz.pl\/produkt\/tkanina-carson-240-g-m2\/\",\"name\":\"Tkanina CARSON 240 g\/m2 - YORK\",\"isPartOf\":{\"@id\":\"https:\/\/york.biz.pl\/#website\"},\"primaryImageOfPage\":{\"@id\":\"https:\/\/york.biz.pl\/produkt\/tkanina-carson-240-g-m2\/#primaryimage\"},\"image\":{\"@id\":\"https:\/\/york.biz.pl\/produkt\/tkanina-carson-240-g-m2\/#primaryimage\"},\"thumbnailUrl\":\"https:\/\/york.biz.pl\/wp-content\/uploads\/2024\/05\/dallas.jpg\",\"datePublished\":\"2024-05-06T12:02:37+00:00\",\"dateModified\":\"2024-09-02T06:50:52+00:00\",\"breadcrumb\":{\"@id\":\"https:\/\/york.biz.pl\/produkt\/tkanina-carson-240-g-m2\/#breadcrumb\"},\"inLanguage\":\"en-US\",\"potentialAction\":[{\"@type\":\"ReadAction\",\"target\":[\"https:\/\/york.biz.pl\/produkt\/tkanina-carson-240-g-m2\/\"]}]},{\"@type\":\"ImageObject\",\"inLanguage\":\"en-US\",\"@id\":\"https:\/\/york.biz.pl\/produkt\/tkanina-carson-240-g-m2\/#primaryimage\",\"url\":\"https:\/\/york.biz.pl\/wp-content\/uploads\/2024\/05\/dallas.jpg\",\"contentUrl\":\"https:\/\/york.biz.pl\/wp-content\/uploads\/2024\/05\/dallas.jpg\",\"width\":638,\"height\":600,\"caption\":\"240 g\/m2 CARSON\"},{\"@type\":\"BreadcrumbList\",\"@id\":\"https:\/\/york.biz.pl\/produkt\/tkanina-carson-240-g-m2\/#breadcrumb\",\"itemListElement\":[{\"@type\":\"ListItem\",\"position\":1,\"name\":\"Strona g\u0142\u00f3wna\",\"item\":\"https:\/\/york.biz.pl\/\"},{\"@type\":\"ListItem\",\"position\":2,\"name\":\"Pe\u0142na oferta\",\"item\":\"https:\/\/york.biz.pl\/pelna-oferta\/\"},{\"@type\":\"ListItem\",\"position\":3,\"name\":\"Tkanina CARSON 240 g\/m2\"}]},{\"@type\":\"WebSite\",\"@id\":\"https:\/\/york.biz.pl\/#website\",\"url\":\"https:\/\/york.biz.pl\/\",\"name\":\"YORK\",\"description\":\"Hurtownia tkanin na odzie\u017c robocz\u0105 - tkaniny robocze\",\"publisher\":{\"@id\":\"https:\/\/york.biz.pl\/#organization\"},\"potentialAction\":[{\"@type\":\"SearchAction\",\"target\":{\"@type\":\"EntryPoint\",\"urlTemplate\":\"https:\/\/york.biz.pl\/?s={search_term_string}\"},\"query-input\":{\"@type\":\"PropertyValueSpecification\",\"valueRequired\":true,\"valueName\":\"search_term_string\"}}],\"inLanguage\":\"en-US\"},{\"@type\":\"Organization\",\"@id\":\"https:\/\/york.biz.pl\/#organization\",\"name\":\"YORK\",\"url\":\"https:\/\/york.biz.pl\/\",\"logo\":{\"@type\":\"ImageObject\",\"inLanguage\":\"en-US\",\"@id\":\"https:\/\/york.biz.pl\/#\/schema\/logo\/image\/\",\"url\":\"\",\"contentUrl\":\"\",\"caption\":\"YORK\"},\"image\":{\"@id\":\"https:\/\/york.biz.pl\/#\/schema\/logo\/image\/\"}}]}<\/script>\n<!-- \/ Yoast SEO Premium plugin. -->","yoast_head_json":{"title":"Tkanina CARSON 240 g\/m2 - YORK","robots":{"index":"index","follow":"follow","max-snippet":"max-snippet:-1","max-image-preview":"max-image-preview:large","max-video-preview":"max-video-preview:-1"},"canonical":"https:\/\/york.biz.pl\/en\/product\/tkanina-carson-240-g-m2\/","og_locale":"en_US","og_type":"article","og_title":"Tkanina CARSON 240 g\/m2","og_description":"Trwa\u0142a i komfortowa ochrona na ka\u017cd\u0105 por\u0119 roku Tkanina CARSON 240 g\/m\u00b2 to wytrzyma\u0142y materia\u0142 zaprojektowany z my\u015bl\u0105 o utrzymaniu wysokiego poziomu ciep\u0142a oraz zapewnieniu dodatkowej ochrony podczas wykonywania prac zar\u00f3wno wewn\u0105trz pomieszcze\u0144, jak i na \u015bwie\u017cym powietrzu. Dzi\u0119ki du\u017cej zawarto\u015bci bawe\u0142ny, tkanina oferuje wyj\u0105tkowy komfort, kt\u00f3rego nie zapewniaj\u0105 tkaniny z przewag\u0105 poliestru \u2013 skutecznie&hellip;","og_url":"https:\/\/york.biz.pl\/en\/product\/tkanina-carson-240-g-m2\/","og_site_name":"YORK","article_modified_time":"2024-09-02T06:50:52+00:00","og_image":[{"width":638,"height":600,"url":"https:\/\/york.biz.pl\/wp-content\/uploads\/2024\/05\/dallas.jpg","type":"image\/jpeg"}],"twitter_card":"summary_large_image","twitter_misc":{"Est. reading time":"1 minute"},"schema":{"@context":"https:\/\/schema.org","@graph":[{"@type":"WebPage","@id":"https:\/\/york.biz.pl\/produkt\/tkanina-carson-240-g-m2\/","url":"https:\/\/york.biz.pl\/produkt\/tkanina-carson-240-g-m2\/","name":"Tkanina CARSON 240 g\/m2 - YORK","isPartOf":{"@id":"https:\/\/york.biz.pl\/#website"},"primaryImageOfPage":{"@id":"https:\/\/york.biz.pl\/produkt\/tkanina-carson-240-g-m2\/#primaryimage"},"image":{"@id":"https:\/\/york.biz.pl\/produkt\/tkanina-carson-240-g-m2\/#primaryimage"},"thumbnailUrl":"https:\/\/york.biz.pl\/wp-content\/uploads\/2024\/05\/dallas.jpg","datePublished":"2024-05-06T12:02:37+00:00","dateModified":"2024-09-02T06:50:52+00:00","breadcrumb":{"@id":"https:\/\/york.biz.pl\/produkt\/tkanina-carson-240-g-m2\/#breadcrumb"},"inLanguage":"en-US","potentialAction":[{"@type":"ReadAction","target":["https:\/\/york.biz.pl\/produkt\/tkanina-carson-240-g-m2\/"]}]},{"@type":"ImageObject","inLanguage":"en-US","@id":"https:\/\/york.biz.pl\/produkt\/tkanina-carson-240-g-m2\/#primaryimage","url":"https:\/\/york.biz.pl\/wp-content\/uploads\/2024\/05\/dallas.jpg","contentUrl":"https:\/\/york.biz.pl\/wp-content\/uploads\/2024\/05\/dallas.jpg","width":638,"height":600,"caption":"240 g\/m2 CARSON"},{"@type":"BreadcrumbList","@id":"https:\/\/york.biz.pl\/produkt\/tkanina-carson-240-g-m2\/#breadcrumb","itemListElement":[{"@type":"ListItem","position":1,"name":"Strona g\u0142\u00f3wna","item":"https:\/\/york.biz.pl\/"},{"@type":"ListItem","position":2,"name":"Pe\u0142na oferta","item":"https:\/\/york.biz.pl\/pelna-oferta\/"},{"@type":"ListItem","position":3,"name":"Tkanina CARSON 240 g\/m2"}]},{"@type":"WebSite","@id":"https:\/\/york.biz.pl\/#website","url":"https:\/\/york.biz.pl\/","name":"YORK","description":"Hurtownia tkanin na odzie\u017c robocz\u0105 - tkaniny robocze","publisher":{"@id":"https:\/\/york.biz.pl\/#organization"},"potentialAction":[{"@type":"SearchAction","target":{"@type":"EntryPoint","urlTemplate":"https:\/\/york.biz.pl\/?s={search_term_string}"},"query-input":{"@type":"PropertyValueSpecification","valueRequired":true,"valueName":"search_term_string"}}],"inLanguage":"en-US"},{"@type":"Organization","@id":"https:\/\/york.biz.pl\/#organization","name":"YORK","url":"https:\/\/york.biz.pl\/","logo":{"@type":"ImageObject","inLanguage":"en-US","@id":"https:\/\/york.biz.pl\/#\/schema\/logo\/image\/","url":"","contentUrl":"","caption":"YORK"},"image":{"@id":"https:\/\/york.biz.pl\/#\/schema\/logo\/image\/"}}]}},"_links":{"self":[{"href":"https:\/\/york.biz.pl\/en\/wp-json\/wp\/v2\/product\/95126"}],"collection":[{"href":"https:\/\/york.biz.pl\/en\/wp-json\/wp\/v2\/product"}],"about":[{"href":"https:\/\/york.biz.pl\/en\/wp-json\/wp\/v2\/types\/product"}],"version-history":[{"count":3,"href":"https:\/\/york.biz.pl\/en\/wp-json\/wp\/v2\/product\/95126\/revisions"}],"predecessor-version":[{"id":96654,"href":"https:\/\/york.biz.pl\/en\/wp-json\/wp\/v2\/product\/95126\/revisions\/96654"}],"wp:featuredmedia":[{"embeddable":true,"href":"https:\/\/york.biz.pl\/en\/wp-json\/wp\/v2\/media\/95127"}],"wp:attachment":[{"href":"https:\/\/york.biz.pl\/en\/wp-json\/wp\/v2\/media?parent=95126"}],"wp:term":[{"taxonomy":"product_cat","embeddable":true,"href":"https:\/\/york.biz.pl\/en\/wp-json\/wp\/v2\/product_cat?post=95126"},{"taxonomy":"product_tag","embeddable":true,"href":"https:\/\/york.biz.pl\/en\/wp-json\/wp\/v2\/product_tag?post=95126"}],"curies":[{"name":"wp","href":"https:\/\/api.w.org\/{rel}","templated":true}]}}