{"id":95093,"date":"2024-05-06T12:46:25","date_gmt":"2024-05-06T10:46:25","guid":{"rendered":"https:\/\/york.biz.pl\/nowa\/?post_type=product&#038;p=95093"},"modified":"2025-02-07T13:19:20","modified_gmt":"2025-02-07T12:19:20","slug":"tkanina-everest-basic-240-g-m2","status":"publish","type":"product","link":"https:\/\/york.biz.pl\/en\/product\/tkanina-everest-basic-240-g-m2\/","title":{"rendered":"EVEREST Fabric 240 g\/m2"},"content":{"rendered":"<div class=\"row product-page\">\n<div class=\"span4\">\n<div class=\"main-data\">\n<p>This is a versatile fabric designed for workwear. Garments made from this fabric are highly resistant to damage and durable in use.<\/p>\n<p class=\"name-1\">Usage Benefits:<\/p>\n<p class=\" translation-block\">\u2013 resistance to friction and mechanical damage,<br>\n\u2013 low shrinkage in water washing at 60\u00b0C,<br>\n\u2013 color fastness,<br>\n\u2013 possibility of combining colors without the risk of color change,<br>\n\u2013 comfort in use.<\/p>\n<p class=\"name-1\">The fabric meets the standards:<\/p>\n<p><b>PN-P-84525,<br \/>\nPN-EN ISO 13688<\/b><\/p>\n<\/div>\n<\/div>\n<\/div>","protected":false},"excerpt":{"rendered":"<p>Jest to tkanina uniwersalna z przeznaczeniem na odzie\u017c robocz\u0105. Ubrania z tej tkaniny charakteryzuj\u0105 si\u0119 du\u017c\u0105 wytrzyma\u0142o\u015bci\u0105 na uszkodzenia oraz trwa\u0142o\u015bci\u0105 w u\u017cytkowaniu. Walory u\u017cytkowe: &#8211; wytrzyma\u0142o\u015b\u0107 na tarcie i uszkodzenia mechaniczne, &#8211; niska kurczliwo\u015b\u0107 w praniu wodnym o temperaturze 60\u00b0C, &#8211; trwa\u0142o\u015b\u0107 barw, &#8211; mo\u017cliwo\u015b\u0107 \u0142\u0105czenia kolor\u00f3w bez obawy zmiany barwy, &#8211; komfort w&hellip;<\/p>","protected":false},"featured_media":95094,"template":"","meta":{"_acf_changed":false},"product_cat":[296,297],"product_tag":[],"class_list":{"0":"post-95093","1":"product","2":"type-product","3":"status-publish","4":"has-post-thumbnail","6":"product_cat-tkaniny-na-odziez-robocza","7":"product_cat-poliester-bawelna-tkaniny-na-odziez-robocza","8":"description-off","10":"first","11":"instock","12":"shipping-taxable","13":"product-type-simple"},"acf":[],"yoast_head":"<!-- This site is optimized with the Yoast SEO Premium plugin v23.9 (Yoast SEO v23.9) - https:\/\/yoast.com\/wordpress\/plugins\/seo\/ -->\n<title>Tkanina EVEREST BASIC 240 g\/m2 - YORK<\/title>\n<meta name=\"robots\" content=\"index, follow, max-snippet:-1, max-image-preview:large, max-video-preview:-1\" \/>\n<link rel=\"canonical\" href=\"https:\/\/york.biz.pl\/en\/product\/tkanina-everest-basic-240-g-m2\/\" \/>\n<meta property=\"og:locale\" content=\"en_US\" \/>\n<meta property=\"og:type\" content=\"article\" \/>\n<meta property=\"og:title\" content=\"Tkanina EVEREST BASIC 240 g\/m2\" \/>\n<meta property=\"og:description\" content=\"Jest to tkanina uniwersalna z przeznaczeniem na odzie\u017c robocz\u0105. Ubrania z tej tkaniny charakteryzuj\u0105 si\u0119 du\u017c\u0105 wytrzyma\u0142o\u015bci\u0105 na uszkodzenia oraz trwa\u0142o\u015bci\u0105 w u\u017cytkowaniu. Walory u\u017cytkowe: &#8211; wytrzyma\u0142o\u015b\u0107 na tarcie i uszkodzenia mechaniczne, &#8211; niska kurczliwo\u015b\u0107 w praniu wodnym o temperaturze 60\u00b0C, &#8211; trwa\u0142o\u015b\u0107 barw, &#8211; mo\u017cliwo\u015b\u0107 \u0142\u0105czenia kolor\u00f3w bez obawy zmiany barwy, &#8211; komfort w&hellip;\" \/>\n<meta property=\"og:url\" content=\"https:\/\/york.biz.pl\/en\/product\/tkanina-everest-basic-240-g-m2\/\" \/>\n<meta property=\"og:site_name\" content=\"YORK\" \/>\n<meta property=\"article:modified_time\" content=\"2025-02-07T12:19:20+00:00\" \/>\n<meta property=\"og:image\" content=\"https:\/\/york.biz.pl\/wp-content\/uploads\/2024\/05\/pc240-1.jpg\" \/>\n\t<meta property=\"og:image:width\" content=\"638\" \/>\n\t<meta property=\"og:image:height\" content=\"600\" \/>\n\t<meta property=\"og:image:type\" content=\"image\/jpeg\" \/>\n<meta name=\"twitter:card\" content=\"summary_large_image\" \/>\n<meta name=\"twitter:label1\" content=\"Est. reading time\" \/>\n\t<meta name=\"twitter:data1\" content=\"1 minute\" \/>\n<script type=\"application\/ld+json\" class=\"yoast-schema-graph\">{\"@context\":\"https:\/\/schema.org\",\"@graph\":[{\"@type\":\"WebPage\",\"@id\":\"https:\/\/york.biz.pl\/produkt\/tkanina-everest-basic-240-g-m2\/\",\"url\":\"https:\/\/york.biz.pl\/produkt\/tkanina-everest-basic-240-g-m2\/\",\"name\":\"Tkanina EVEREST BASIC 240 g\/m2 - YORK\",\"isPartOf\":{\"@id\":\"https:\/\/york.biz.pl\/#website\"},\"primaryImageOfPage\":{\"@id\":\"https:\/\/york.biz.pl\/produkt\/tkanina-everest-basic-240-g-m2\/#primaryimage\"},\"image\":{\"@id\":\"https:\/\/york.biz.pl\/produkt\/tkanina-everest-basic-240-g-m2\/#primaryimage\"},\"thumbnailUrl\":\"https:\/\/york.biz.pl\/wp-content\/uploads\/2024\/05\/pc240-1.jpg\",\"datePublished\":\"2024-05-06T10:46:25+00:00\",\"dateModified\":\"2025-02-07T12:19:20+00:00\",\"breadcrumb\":{\"@id\":\"https:\/\/york.biz.pl\/produkt\/tkanina-everest-basic-240-g-m2\/#breadcrumb\"},\"inLanguage\":\"en-US\",\"potentialAction\":[{\"@type\":\"ReadAction\",\"target\":[\"https:\/\/york.biz.pl\/produkt\/tkanina-everest-basic-240-g-m2\/\"]}]},{\"@type\":\"ImageObject\",\"inLanguage\":\"en-US\",\"@id\":\"https:\/\/york.biz.pl\/produkt\/tkanina-everest-basic-240-g-m2\/#primaryimage\",\"url\":\"https:\/\/york.biz.pl\/wp-content\/uploads\/2024\/05\/pc240-1.jpg\",\"contentUrl\":\"https:\/\/york.biz.pl\/wp-content\/uploads\/2024\/05\/pc240-1.jpg\",\"width\":638,\"height\":600},{\"@type\":\"BreadcrumbList\",\"@id\":\"https:\/\/york.biz.pl\/produkt\/tkanina-everest-basic-240-g-m2\/#breadcrumb\",\"itemListElement\":[{\"@type\":\"ListItem\",\"position\":1,\"name\":\"Strona g\u0142\u00f3wna\",\"item\":\"https:\/\/york.biz.pl\/\"},{\"@type\":\"ListItem\",\"position\":2,\"name\":\"Pe\u0142na oferta\",\"item\":\"https:\/\/york.biz.pl\/pelna-oferta\/\"},{\"@type\":\"ListItem\",\"position\":3,\"name\":\"Tkanina EVEREST BASIC 240 g\/m2\"}]},{\"@type\":\"WebSite\",\"@id\":\"https:\/\/york.biz.pl\/#website\",\"url\":\"https:\/\/york.biz.pl\/\",\"name\":\"YORK\",\"description\":\"Hurtownia tkanin na odzie\u017c robocz\u0105 - tkaniny robocze\",\"publisher\":{\"@id\":\"https:\/\/york.biz.pl\/#organization\"},\"potentialAction\":[{\"@type\":\"SearchAction\",\"target\":{\"@type\":\"EntryPoint\",\"urlTemplate\":\"https:\/\/york.biz.pl\/?s={search_term_string}\"},\"query-input\":{\"@type\":\"PropertyValueSpecification\",\"valueRequired\":true,\"valueName\":\"search_term_string\"}}],\"inLanguage\":\"en-US\"},{\"@type\":\"Organization\",\"@id\":\"https:\/\/york.biz.pl\/#organization\",\"name\":\"YORK\",\"url\":\"https:\/\/york.biz.pl\/\",\"logo\":{\"@type\":\"ImageObject\",\"inLanguage\":\"en-US\",\"@id\":\"https:\/\/york.biz.pl\/#\/schema\/logo\/image\/\",\"url\":\"\",\"contentUrl\":\"\",\"caption\":\"YORK\"},\"image\":{\"@id\":\"https:\/\/york.biz.pl\/#\/schema\/logo\/image\/\"}}]}<\/script>\n<!-- \/ Yoast SEO Premium plugin. -->","yoast_head_json":{"title":"Tkanina EVEREST BASIC 240 g\/m2 - YORK","robots":{"index":"index","follow":"follow","max-snippet":"max-snippet:-1","max-image-preview":"max-image-preview:large","max-video-preview":"max-video-preview:-1"},"canonical":"https:\/\/york.biz.pl\/en\/product\/tkanina-everest-basic-240-g-m2\/","og_locale":"en_US","og_type":"article","og_title":"Tkanina EVEREST BASIC 240 g\/m2","og_description":"Jest to tkanina uniwersalna z przeznaczeniem na odzie\u017c robocz\u0105. Ubrania z tej tkaniny charakteryzuj\u0105 si\u0119 du\u017c\u0105 wytrzyma\u0142o\u015bci\u0105 na uszkodzenia oraz trwa\u0142o\u015bci\u0105 w u\u017cytkowaniu. Walory u\u017cytkowe: &#8211; wytrzyma\u0142o\u015b\u0107 na tarcie i uszkodzenia mechaniczne, &#8211; niska kurczliwo\u015b\u0107 w praniu wodnym o temperaturze 60\u00b0C, &#8211; trwa\u0142o\u015b\u0107 barw, &#8211; mo\u017cliwo\u015b\u0107 \u0142\u0105czenia kolor\u00f3w bez obawy zmiany barwy, &#8211; komfort w&hellip;","og_url":"https:\/\/york.biz.pl\/en\/product\/tkanina-everest-basic-240-g-m2\/","og_site_name":"YORK","article_modified_time":"2025-02-07T12:19:20+00:00","og_image":[{"width":638,"height":600,"url":"https:\/\/york.biz.pl\/wp-content\/uploads\/2024\/05\/pc240-1.jpg","type":"image\/jpeg"}],"twitter_card":"summary_large_image","twitter_misc":{"Est. reading time":"1 minute"},"schema":{"@context":"https:\/\/schema.org","@graph":[{"@type":"WebPage","@id":"https:\/\/york.biz.pl\/produkt\/tkanina-everest-basic-240-g-m2\/","url":"https:\/\/york.biz.pl\/produkt\/tkanina-everest-basic-240-g-m2\/","name":"Tkanina EVEREST BASIC 240 g\/m2 - YORK","isPartOf":{"@id":"https:\/\/york.biz.pl\/#website"},"primaryImageOfPage":{"@id":"https:\/\/york.biz.pl\/produkt\/tkanina-everest-basic-240-g-m2\/#primaryimage"},"image":{"@id":"https:\/\/york.biz.pl\/produkt\/tkanina-everest-basic-240-g-m2\/#primaryimage"},"thumbnailUrl":"https:\/\/york.biz.pl\/wp-content\/uploads\/2024\/05\/pc240-1.jpg","datePublished":"2024-05-06T10:46:25+00:00","dateModified":"2025-02-07T12:19:20+00:00","breadcrumb":{"@id":"https:\/\/york.biz.pl\/produkt\/tkanina-everest-basic-240-g-m2\/#breadcrumb"},"inLanguage":"en-US","potentialAction":[{"@type":"ReadAction","target":["https:\/\/york.biz.pl\/produkt\/tkanina-everest-basic-240-g-m2\/"]}]},{"@type":"ImageObject","inLanguage":"en-US","@id":"https:\/\/york.biz.pl\/produkt\/tkanina-everest-basic-240-g-m2\/#primaryimage","url":"https:\/\/york.biz.pl\/wp-content\/uploads\/2024\/05\/pc240-1.jpg","contentUrl":"https:\/\/york.biz.pl\/wp-content\/uploads\/2024\/05\/pc240-1.jpg","width":638,"height":600},{"@type":"BreadcrumbList","@id":"https:\/\/york.biz.pl\/produkt\/tkanina-everest-basic-240-g-m2\/#breadcrumb","itemListElement":[{"@type":"ListItem","position":1,"name":"Strona g\u0142\u00f3wna","item":"https:\/\/york.biz.pl\/"},{"@type":"ListItem","position":2,"name":"Pe\u0142na oferta","item":"https:\/\/york.biz.pl\/pelna-oferta\/"},{"@type":"ListItem","position":3,"name":"Tkanina EVEREST BASIC 240 g\/m2"}]},{"@type":"WebSite","@id":"https:\/\/york.biz.pl\/#website","url":"https:\/\/york.biz.pl\/","name":"YORK","description":"Hurtownia tkanin na odzie\u017c robocz\u0105 - tkaniny robocze","publisher":{"@id":"https:\/\/york.biz.pl\/#organization"},"potentialAction":[{"@type":"SearchAction","target":{"@type":"EntryPoint","urlTemplate":"https:\/\/york.biz.pl\/?s={search_term_string}"},"query-input":{"@type":"PropertyValueSpecification","valueRequired":true,"valueName":"search_term_string"}}],"inLanguage":"en-US"},{"@type":"Organization","@id":"https:\/\/york.biz.pl\/#organization","name":"YORK","url":"https:\/\/york.biz.pl\/","logo":{"@type":"ImageObject","inLanguage":"en-US","@id":"https:\/\/york.biz.pl\/#\/schema\/logo\/image\/","url":"","contentUrl":"","caption":"YORK"},"image":{"@id":"https:\/\/york.biz.pl\/#\/schema\/logo\/image\/"}}]}},"_links":{"self":[{"href":"https:\/\/york.biz.pl\/en\/wp-json\/wp\/v2\/product\/95093"}],"collection":[{"href":"https:\/\/york.biz.pl\/en\/wp-json\/wp\/v2\/product"}],"about":[{"href":"https:\/\/york.biz.pl\/en\/wp-json\/wp\/v2\/types\/product"}],"version-history":[{"count":7,"href":"https:\/\/york.biz.pl\/en\/wp-json\/wp\/v2\/product\/95093\/revisions"}],"predecessor-version":[{"id":97059,"href":"https:\/\/york.biz.pl\/en\/wp-json\/wp\/v2\/product\/95093\/revisions\/97059"}],"wp:featuredmedia":[{"embeddable":true,"href":"https:\/\/york.biz.pl\/en\/wp-json\/wp\/v2\/media\/95094"}],"wp:attachment":[{"href":"https:\/\/york.biz.pl\/en\/wp-json\/wp\/v2\/media?parent=95093"}],"wp:term":[{"taxonomy":"product_cat","embeddable":true,"href":"https:\/\/york.biz.pl\/en\/wp-json\/wp\/v2\/product_cat?post=95093"},{"taxonomy":"product_tag","embeddable":true,"href":"https:\/\/york.biz.pl\/en\/wp-json\/wp\/v2\/product_tag?post=95093"}],"curies":[{"name":"wp","href":"https:\/\/api.w.org\/{rel}","templated":true}]}}