{"id":95090,"date":"2024-05-06T12:24:58","date_gmt":"2024-05-06T10:24:58","guid":{"rendered":"https:\/\/york.biz.pl\/nowa\/?post_type=product&#038;p=95090"},"modified":"2025-07-28T08:23:02","modified_gmt":"2025-07-28T06:23:02","slug":"tkanina-alfa-230-g-m2","status":"publish","type":"product","link":"https:\/\/york.biz.pl\/en\/product\/tkanina-alfa-230-g-m2\/","title":{"rendered":"ALFA Fabric 230 g\/m2"},"content":{"rendered":"<h2>Universal and durable fabric for workwear<\/h2>\n<p>ALFA 230 g\/m\u00b2 fabric is a versatile material perfectly suited for workwear production. Garments made from this fabric stand out for their high resistance to mechanical damage and durability, making them an ideal choice for daily use in various working conditions.<\/p>\n<h3>Key Advantages of ALFA 230 g\/m\u00b2 Fabric:<\/h3>\n<ul>\n<li><strong>Durability against friction and mechanical damage<\/strong> \u2013 ensures long-lasting use, even in intense working conditions.<\/li>\n<li><strong>Low Shrinkage<\/strong> \u2013 the fabric retains its dimensions and shape after washing at temperatures up to 60\u00b0C, ensuring the durability of the clothing.<\/li>\n<li><strong>Color Fastness<\/strong> \u2013 the colors remain vibrant and resistant to fading, allowing for long-term preservation of the garment's aesthetics.<\/li>\n<li><strong>Possibility of Combining Colors<\/strong> \u2013 without the risk of color change, allowing for the creation of cohesive and attractive clothing designs.<\/li>\n<li><strong>Comfort in Use<\/strong> \u2013 the fabric is comfortable and ensures ease of wear throughout the entire workday.<\/li>\n<\/ul>\n<h3>Compliance with standards:<\/h3>\n<p>ALFA 230 g\/m\u00b2 fabric meets all key standards for protective clothing:<\/p>\n<ul>\n<li><strong>PN-P-84525<\/strong> - guaranteeing the appropriate quality of the material.<\/li>\n<li><strong>PN-EN ISO 13688<\/strong> - protective clothing \u2013 general requirements.<\/li>\n<\/ul>\n<p>By choosing ALFA 230 g\/m\u00b2 fabric, you are investing in a material that combines durability, longevity, and comfort, making it ideal for producing high-quality workwear.<\/p>","protected":false},"excerpt":{"rendered":"<p>Uniwersalna i trwa\u0142a tkanina na odzie\u017c robocz\u0105 Tkanina ALFA 230 g\/m\u00b2 to wszechstronny materia\u0142, kt\u00f3ry doskonale nadaje si\u0119 do produkcji odzie\u017cy roboczej. Ubrania wykonane z tej tkaniny wyr\u00f3\u017cniaj\u0105 si\u0119 wysok\u0105 wytrzyma\u0142o\u015bci\u0105 na uszkodzenia mechaniczne oraz trwa\u0142o\u015bci\u0105, co czyni je idealnym wyborem do codziennego u\u017cytkowania w r\u00f3\u017cnych warunkach pracy. Kluczowe zalety tkaniny ALFA 230 g\/m\u00b2: Wytrzyma\u0142o\u015b\u0107&hellip;<\/p>","protected":false},"featured_media":95091,"template":"","meta":{"_acf_changed":false},"product_cat":[296,297],"product_tag":[],"class_list":{"0":"post-95090","1":"product","2":"type-product","3":"status-publish","4":"has-post-thumbnail","6":"product_cat-tkaniny-na-odziez-robocza","7":"product_cat-poliester-bawelna-tkaniny-na-odziez-robocza","8":"description-off","10":"first","11":"instock","12":"shipping-taxable","13":"product-type-simple"},"acf":[],"yoast_head":"<!-- This site is optimized with the Yoast SEO Premium plugin v23.9 (Yoast SEO v23.9) - https:\/\/yoast.com\/wordpress\/plugins\/seo\/ -->\n<title>Tkanina ALFA 230 g\/m2 - YORK<\/title>\n<meta name=\"robots\" content=\"index, follow, max-snippet:-1, max-image-preview:large, max-video-preview:-1\" \/>\n<link rel=\"canonical\" href=\"https:\/\/york.biz.pl\/en\/product\/tkanina-alfa-230-g-m2\/\" \/>\n<meta property=\"og:locale\" content=\"en_US\" \/>\n<meta property=\"og:type\" content=\"article\" \/>\n<meta property=\"og:title\" content=\"Tkanina ALFA 230 g\/m2\" \/>\n<meta property=\"og:description\" content=\"Uniwersalna i trwa\u0142a tkanina na odzie\u017c robocz\u0105 Tkanina ALFA 230 g\/m\u00b2 to wszechstronny materia\u0142, kt\u00f3ry doskonale nadaje si\u0119 do produkcji odzie\u017cy roboczej. Ubrania wykonane z tej tkaniny wyr\u00f3\u017cniaj\u0105 si\u0119 wysok\u0105 wytrzyma\u0142o\u015bci\u0105 na uszkodzenia mechaniczne oraz trwa\u0142o\u015bci\u0105, co czyni je idealnym wyborem do codziennego u\u017cytkowania w r\u00f3\u017cnych warunkach pracy. Kluczowe zalety tkaniny ALFA 230 g\/m\u00b2: Wytrzyma\u0142o\u015b\u0107&hellip;\" \/>\n<meta property=\"og:url\" content=\"https:\/\/york.biz.pl\/en\/product\/tkanina-alfa-230-g-m2\/\" \/>\n<meta property=\"og:site_name\" content=\"YORK\" \/>\n<meta property=\"article:modified_time\" content=\"2025-07-28T06:23:02+00:00\" \/>\n<meta property=\"og:image\" content=\"https:\/\/york.biz.pl\/wp-content\/uploads\/2024\/05\/aspen-1.jpg\" \/>\n\t<meta property=\"og:image:width\" content=\"638\" \/>\n\t<meta property=\"og:image:height\" content=\"600\" \/>\n\t<meta property=\"og:image:type\" content=\"image\/jpeg\" \/>\n<meta name=\"twitter:card\" content=\"summary_large_image\" \/>\n<meta name=\"twitter:label1\" content=\"Est. reading time\" \/>\n\t<meta name=\"twitter:data1\" content=\"2 minutes\" \/>\n<script type=\"application\/ld+json\" class=\"yoast-schema-graph\">{\"@context\":\"https:\/\/schema.org\",\"@graph\":[{\"@type\":\"WebPage\",\"@id\":\"https:\/\/york.biz.pl\/produkt\/tkanina-alfa-230-g-m2\/\",\"url\":\"https:\/\/york.biz.pl\/produkt\/tkanina-alfa-230-g-m2\/\",\"name\":\"Tkanina ALFA 230 g\/m2 - YORK\",\"isPartOf\":{\"@id\":\"https:\/\/york.biz.pl\/#website\"},\"primaryImageOfPage\":{\"@id\":\"https:\/\/york.biz.pl\/produkt\/tkanina-alfa-230-g-m2\/#primaryimage\"},\"image\":{\"@id\":\"https:\/\/york.biz.pl\/produkt\/tkanina-alfa-230-g-m2\/#primaryimage\"},\"thumbnailUrl\":\"https:\/\/york.biz.pl\/wp-content\/uploads\/2024\/05\/aspen-1.jpg\",\"datePublished\":\"2024-05-06T10:24:58+00:00\",\"dateModified\":\"2025-07-28T06:23:02+00:00\",\"breadcrumb\":{\"@id\":\"https:\/\/york.biz.pl\/produkt\/tkanina-alfa-230-g-m2\/#breadcrumb\"},\"inLanguage\":\"en-US\",\"potentialAction\":[{\"@type\":\"ReadAction\",\"target\":[\"https:\/\/york.biz.pl\/produkt\/tkanina-alfa-230-g-m2\/\"]}]},{\"@type\":\"ImageObject\",\"inLanguage\":\"en-US\",\"@id\":\"https:\/\/york.biz.pl\/produkt\/tkanina-alfa-230-g-m2\/#primaryimage\",\"url\":\"https:\/\/york.biz.pl\/wp-content\/uploads\/2024\/05\/aspen-1.jpg\",\"contentUrl\":\"https:\/\/york.biz.pl\/wp-content\/uploads\/2024\/05\/aspen-1.jpg\",\"width\":638,\"height\":600,\"caption\":\"230 g\/m2 ALFA\"},{\"@type\":\"BreadcrumbList\",\"@id\":\"https:\/\/york.biz.pl\/produkt\/tkanina-alfa-230-g-m2\/#breadcrumb\",\"itemListElement\":[{\"@type\":\"ListItem\",\"position\":1,\"name\":\"Strona g\u0142\u00f3wna\",\"item\":\"https:\/\/york.biz.pl\/\"},{\"@type\":\"ListItem\",\"position\":2,\"name\":\"Pe\u0142na oferta\",\"item\":\"https:\/\/york.biz.pl\/pelna-oferta\/\"},{\"@type\":\"ListItem\",\"position\":3,\"name\":\"Tkanina ALFA 230 g\/m2\"}]},{\"@type\":\"WebSite\",\"@id\":\"https:\/\/york.biz.pl\/#website\",\"url\":\"https:\/\/york.biz.pl\/\",\"name\":\"YORK\",\"description\":\"Hurtownia tkanin na odzie\u017c robocz\u0105 - tkaniny robocze\",\"publisher\":{\"@id\":\"https:\/\/york.biz.pl\/#organization\"},\"potentialAction\":[{\"@type\":\"SearchAction\",\"target\":{\"@type\":\"EntryPoint\",\"urlTemplate\":\"https:\/\/york.biz.pl\/?s={search_term_string}\"},\"query-input\":{\"@type\":\"PropertyValueSpecification\",\"valueRequired\":true,\"valueName\":\"search_term_string\"}}],\"inLanguage\":\"en-US\"},{\"@type\":\"Organization\",\"@id\":\"https:\/\/york.biz.pl\/#organization\",\"name\":\"YORK\",\"url\":\"https:\/\/york.biz.pl\/\",\"logo\":{\"@type\":\"ImageObject\",\"inLanguage\":\"en-US\",\"@id\":\"https:\/\/york.biz.pl\/#\/schema\/logo\/image\/\",\"url\":\"\",\"contentUrl\":\"\",\"caption\":\"YORK\"},\"image\":{\"@id\":\"https:\/\/york.biz.pl\/#\/schema\/logo\/image\/\"}}]}<\/script>\n<!-- \/ Yoast SEO Premium plugin. -->","yoast_head_json":{"title":"Tkanina ALFA 230 g\/m2 - YORK","robots":{"index":"index","follow":"follow","max-snippet":"max-snippet:-1","max-image-preview":"max-image-preview:large","max-video-preview":"max-video-preview:-1"},"canonical":"https:\/\/york.biz.pl\/en\/product\/tkanina-alfa-230-g-m2\/","og_locale":"en_US","og_type":"article","og_title":"Tkanina ALFA 230 g\/m2","og_description":"Uniwersalna i trwa\u0142a tkanina na odzie\u017c robocz\u0105 Tkanina ALFA 230 g\/m\u00b2 to wszechstronny materia\u0142, kt\u00f3ry doskonale nadaje si\u0119 do produkcji odzie\u017cy roboczej. Ubrania wykonane z tej tkaniny wyr\u00f3\u017cniaj\u0105 si\u0119 wysok\u0105 wytrzyma\u0142o\u015bci\u0105 na uszkodzenia mechaniczne oraz trwa\u0142o\u015bci\u0105, co czyni je idealnym wyborem do codziennego u\u017cytkowania w r\u00f3\u017cnych warunkach pracy. Kluczowe zalety tkaniny ALFA 230 g\/m\u00b2: Wytrzyma\u0142o\u015b\u0107&hellip;","og_url":"https:\/\/york.biz.pl\/en\/product\/tkanina-alfa-230-g-m2\/","og_site_name":"YORK","article_modified_time":"2025-07-28T06:23:02+00:00","og_image":[{"width":638,"height":600,"url":"https:\/\/york.biz.pl\/wp-content\/uploads\/2024\/05\/aspen-1.jpg","type":"image\/jpeg"}],"twitter_card":"summary_large_image","twitter_misc":{"Est. reading time":"2 minutes"},"schema":{"@context":"https:\/\/schema.org","@graph":[{"@type":"WebPage","@id":"https:\/\/york.biz.pl\/produkt\/tkanina-alfa-230-g-m2\/","url":"https:\/\/york.biz.pl\/produkt\/tkanina-alfa-230-g-m2\/","name":"Tkanina ALFA 230 g\/m2 - YORK","isPartOf":{"@id":"https:\/\/york.biz.pl\/#website"},"primaryImageOfPage":{"@id":"https:\/\/york.biz.pl\/produkt\/tkanina-alfa-230-g-m2\/#primaryimage"},"image":{"@id":"https:\/\/york.biz.pl\/produkt\/tkanina-alfa-230-g-m2\/#primaryimage"},"thumbnailUrl":"https:\/\/york.biz.pl\/wp-content\/uploads\/2024\/05\/aspen-1.jpg","datePublished":"2024-05-06T10:24:58+00:00","dateModified":"2025-07-28T06:23:02+00:00","breadcrumb":{"@id":"https:\/\/york.biz.pl\/produkt\/tkanina-alfa-230-g-m2\/#breadcrumb"},"inLanguage":"en-US","potentialAction":[{"@type":"ReadAction","target":["https:\/\/york.biz.pl\/produkt\/tkanina-alfa-230-g-m2\/"]}]},{"@type":"ImageObject","inLanguage":"en-US","@id":"https:\/\/york.biz.pl\/produkt\/tkanina-alfa-230-g-m2\/#primaryimage","url":"https:\/\/york.biz.pl\/wp-content\/uploads\/2024\/05\/aspen-1.jpg","contentUrl":"https:\/\/york.biz.pl\/wp-content\/uploads\/2024\/05\/aspen-1.jpg","width":638,"height":600,"caption":"230 g\/m2 ALFA"},{"@type":"BreadcrumbList","@id":"https:\/\/york.biz.pl\/produkt\/tkanina-alfa-230-g-m2\/#breadcrumb","itemListElement":[{"@type":"ListItem","position":1,"name":"Strona g\u0142\u00f3wna","item":"https:\/\/york.biz.pl\/"},{"@type":"ListItem","position":2,"name":"Pe\u0142na oferta","item":"https:\/\/york.biz.pl\/pelna-oferta\/"},{"@type":"ListItem","position":3,"name":"Tkanina ALFA 230 g\/m2"}]},{"@type":"WebSite","@id":"https:\/\/york.biz.pl\/#website","url":"https:\/\/york.biz.pl\/","name":"YORK","description":"Hurtownia tkanin na odzie\u017c robocz\u0105 - tkaniny robocze","publisher":{"@id":"https:\/\/york.biz.pl\/#organization"},"potentialAction":[{"@type":"SearchAction","target":{"@type":"EntryPoint","urlTemplate":"https:\/\/york.biz.pl\/?s={search_term_string}"},"query-input":{"@type":"PropertyValueSpecification","valueRequired":true,"valueName":"search_term_string"}}],"inLanguage":"en-US"},{"@type":"Organization","@id":"https:\/\/york.biz.pl\/#organization","name":"YORK","url":"https:\/\/york.biz.pl\/","logo":{"@type":"ImageObject","inLanguage":"en-US","@id":"https:\/\/york.biz.pl\/#\/schema\/logo\/image\/","url":"","contentUrl":"","caption":"YORK"},"image":{"@id":"https:\/\/york.biz.pl\/#\/schema\/logo\/image\/"}}]}},"_links":{"self":[{"href":"https:\/\/york.biz.pl\/en\/wp-json\/wp\/v2\/product\/95090"}],"collection":[{"href":"https:\/\/york.biz.pl\/en\/wp-json\/wp\/v2\/product"}],"about":[{"href":"https:\/\/york.biz.pl\/en\/wp-json\/wp\/v2\/types\/product"}],"version-history":[{"count":4,"href":"https:\/\/york.biz.pl\/en\/wp-json\/wp\/v2\/product\/95090\/revisions"}],"predecessor-version":[{"id":96724,"href":"https:\/\/york.biz.pl\/en\/wp-json\/wp\/v2\/product\/95090\/revisions\/96724"}],"wp:featuredmedia":[{"embeddable":true,"href":"https:\/\/york.biz.pl\/en\/wp-json\/wp\/v2\/media\/95091"}],"wp:attachment":[{"href":"https:\/\/york.biz.pl\/en\/wp-json\/wp\/v2\/media?parent=95090"}],"wp:term":[{"taxonomy":"product_cat","embeddable":true,"href":"https:\/\/york.biz.pl\/en\/wp-json\/wp\/v2\/product_cat?post=95090"},{"taxonomy":"product_tag","embeddable":true,"href":"https:\/\/york.biz.pl\/en\/wp-json\/wp\/v2\/product_tag?post=95090"}],"curies":[{"name":"wp","href":"https:\/\/api.w.org\/{rel}","templated":true}]}}