{"id":95084,"date":"2024-05-06T12:08:10","date_gmt":"2024-05-06T10:08:10","guid":{"rendered":"https:\/\/york.biz.pl\/nowa\/?post_type=product&#038;p=95084"},"modified":"2024-12-02T02:50:32","modified_gmt":"2024-12-02T01:50:32","slug":"tkanina-kansas-205-g-m2","status":"publish","type":"product","link":"https:\/\/york.biz.pl\/en\/product\/tkanina-kansas-205-g-m2\/","title":{"rendered":"KANSAS Fabric 205 g\/m2"},"content":{"rendered":"<h2>Versatile fabric for workwear and medical clothing<\/h2>\n<p>KANSAS 205 g\/m\u00b2 fabric is a proven material designed for the production of workwear with a wide range of applications. It is perfect for summer clothing, aprons, and insulated garments. In its white version, thanks to its soft finish and high washing temperature resistance, it is ideal for the food industry and medical clothing.<\/p>\n<h3>Key Advantages of KANSAS 205 g\/m\u00b2 Fabric:<\/h3>\n<ul>\n<li><strong>Durability against friction and mechanical damage<\/strong> \u2013 ensures durability and long-lasting use, even in demanding work conditions.<\/li>\n<li><strong>Low Shrinkage<\/strong> \u2013 the fabric in white color retains its dimensions and shape after washing at temperatures up to 95\u00b0C, which is especially important in the food and medical industries.<\/li>\n<li><strong>Color Fastness<\/strong> \u2013 the colors remain vibrant and resistant to fading, ensuring the long-lasting aesthetics of the clothing.<\/li>\n<li><strong>Possibility of Combining Colors<\/strong> \u2013 without the risk of shade variation, allowing for the creation of cohesive and attractive clothing designs.<\/li>\n<li><strong>Comfort in Use<\/strong> \u2013 the material ensures all-day wearing comfort, which is crucial for work.<\/li>\n<\/ul>\n<h3>Compliance with standards:<\/h3>\n<p>KANSAS 205 g\/m\u00b2 fabric meets the most important standards for protective clothing:<\/p>\n<ul>\n<li><strong>PN-P-84525<\/strong> - guaranteeing the appropriate quality of the material.<\/li>\n<li><strong>PN-EN ISO 13688<\/strong> - protective clothing \u2013 general requirements.<\/li>\n<\/ul>\n<p>By choosing KANSAS 205 g\/m\u00b2 fabric, you are investing in a material that combines durability, comfort, and aesthetics, making it ideal for producing workwear, medical, and industrial clothing.<\/p>","protected":false},"excerpt":{"rendered":"<p>Wszechstronna tkanina na odzie\u017c robocz\u0105 i medyczn\u0105 Tkanina KANSAS 205 g\/m\u00b2 to sprawdzony materia\u0142 przeznaczony do produkcji odzie\u017cy roboczej o szerokim zastosowaniu. Doskonale sprawdza si\u0119 w odzie\u017cy letniej, fartuchach oraz ubraniach ocieplanych. W wersji bia\u0142ej, dzi\u0119ki zmi\u0119kczeniu i wysokiej temperaturze prania, jest idealna dla przemys\u0142u spo\u017cywczego oraz na odzie\u017c medyczn\u0105. Kluczowe zalety tkaniny KANSAS 205&hellip;<\/p>","protected":false},"featured_media":95085,"template":"","meta":{"_acf_changed":false},"product_cat":[296,297],"product_tag":[],"class_list":{"0":"post-95084","1":"product","2":"type-product","3":"status-publish","4":"has-post-thumbnail","6":"product_cat-tkaniny-na-odziez-robocza","7":"product_cat-poliester-bawelna-tkaniny-na-odziez-robocza","8":"description-off","10":"first","11":"instock","12":"shipping-taxable","13":"product-type-simple"},"acf":[],"yoast_head":"<!-- This site is optimized with the Yoast SEO Premium plugin v23.9 (Yoast SEO v23.9) - https:\/\/yoast.com\/wordpress\/plugins\/seo\/ -->\n<title>Tkanina KANSAS 205 g\/m2 - YORK<\/title>\n<meta name=\"robots\" content=\"index, follow, max-snippet:-1, max-image-preview:large, max-video-preview:-1\" \/>\n<link rel=\"canonical\" href=\"https:\/\/york.biz.pl\/en\/product\/tkanina-kansas-205-g-m2\/\" \/>\n<meta property=\"og:locale\" content=\"en_US\" \/>\n<meta property=\"og:type\" content=\"article\" \/>\n<meta property=\"og:title\" content=\"Tkanina KANSAS 205 g\/m2\" \/>\n<meta property=\"og:description\" content=\"Wszechstronna tkanina na odzie\u017c robocz\u0105 i medyczn\u0105 Tkanina KANSAS 205 g\/m\u00b2 to sprawdzony materia\u0142 przeznaczony do produkcji odzie\u017cy roboczej o szerokim zastosowaniu. Doskonale sprawdza si\u0119 w odzie\u017cy letniej, fartuchach oraz ubraniach ocieplanych. W wersji bia\u0142ej, dzi\u0119ki zmi\u0119kczeniu i wysokiej temperaturze prania, jest idealna dla przemys\u0142u spo\u017cywczego oraz na odzie\u017c medyczn\u0105. Kluczowe zalety tkaniny KANSAS 205&hellip;\" \/>\n<meta property=\"og:url\" content=\"https:\/\/york.biz.pl\/en\/product\/tkanina-kansas-205-g-m2\/\" \/>\n<meta property=\"og:site_name\" content=\"YORK\" \/>\n<meta property=\"article:modified_time\" content=\"2024-12-02T01:50:32+00:00\" \/>\n<meta property=\"og:image\" content=\"https:\/\/york.biz.pl\/wp-content\/uploads\/2024\/05\/kansas.jpg\" \/>\n\t<meta property=\"og:image:width\" content=\"638\" \/>\n\t<meta property=\"og:image:height\" content=\"600\" \/>\n\t<meta property=\"og:image:type\" content=\"image\/jpeg\" \/>\n<meta name=\"twitter:card\" content=\"summary_large_image\" \/>\n<meta name=\"twitter:label1\" content=\"Est. reading time\" \/>\n\t<meta name=\"twitter:data1\" content=\"1 minute\" \/>\n<script type=\"application\/ld+json\" class=\"yoast-schema-graph\">{\"@context\":\"https:\/\/schema.org\",\"@graph\":[{\"@type\":\"WebPage\",\"@id\":\"https:\/\/york.biz.pl\/produkt\/tkanina-kansas-205-g-m2\/\",\"url\":\"https:\/\/york.biz.pl\/produkt\/tkanina-kansas-205-g-m2\/\",\"name\":\"Tkanina KANSAS 205 g\/m2 - YORK\",\"isPartOf\":{\"@id\":\"https:\/\/york.biz.pl\/#website\"},\"primaryImageOfPage\":{\"@id\":\"https:\/\/york.biz.pl\/produkt\/tkanina-kansas-205-g-m2\/#primaryimage\"},\"image\":{\"@id\":\"https:\/\/york.biz.pl\/produkt\/tkanina-kansas-205-g-m2\/#primaryimage\"},\"thumbnailUrl\":\"https:\/\/york.biz.pl\/wp-content\/uploads\/2024\/05\/kansas.jpg\",\"datePublished\":\"2024-05-06T10:08:10+00:00\",\"dateModified\":\"2024-12-02T01:50:32+00:00\",\"breadcrumb\":{\"@id\":\"https:\/\/york.biz.pl\/produkt\/tkanina-kansas-205-g-m2\/#breadcrumb\"},\"inLanguage\":\"en-US\",\"potentialAction\":[{\"@type\":\"ReadAction\",\"target\":[\"https:\/\/york.biz.pl\/produkt\/tkanina-kansas-205-g-m2\/\"]}]},{\"@type\":\"ImageObject\",\"inLanguage\":\"en-US\",\"@id\":\"https:\/\/york.biz.pl\/produkt\/tkanina-kansas-205-g-m2\/#primaryimage\",\"url\":\"https:\/\/york.biz.pl\/wp-content\/uploads\/2024\/05\/kansas.jpg\",\"contentUrl\":\"https:\/\/york.biz.pl\/wp-content\/uploads\/2024\/05\/kansas.jpg\",\"width\":638,\"height\":600,\"caption\":\"205 g\/m2 KANSAS\"},{\"@type\":\"BreadcrumbList\",\"@id\":\"https:\/\/york.biz.pl\/produkt\/tkanina-kansas-205-g-m2\/#breadcrumb\",\"itemListElement\":[{\"@type\":\"ListItem\",\"position\":1,\"name\":\"Strona g\u0142\u00f3wna\",\"item\":\"https:\/\/york.biz.pl\/\"},{\"@type\":\"ListItem\",\"position\":2,\"name\":\"Pe\u0142na oferta\",\"item\":\"https:\/\/york.biz.pl\/pelna-oferta\/\"},{\"@type\":\"ListItem\",\"position\":3,\"name\":\"Tkanina KANSAS 205 g\/m2\"}]},{\"@type\":\"WebSite\",\"@id\":\"https:\/\/york.biz.pl\/#website\",\"url\":\"https:\/\/york.biz.pl\/\",\"name\":\"YORK\",\"description\":\"Hurtownia tkanin na odzie\u017c robocz\u0105 - tkaniny robocze\",\"publisher\":{\"@id\":\"https:\/\/york.biz.pl\/#organization\"},\"potentialAction\":[{\"@type\":\"SearchAction\",\"target\":{\"@type\":\"EntryPoint\",\"urlTemplate\":\"https:\/\/york.biz.pl\/?s={search_term_string}\"},\"query-input\":{\"@type\":\"PropertyValueSpecification\",\"valueRequired\":true,\"valueName\":\"search_term_string\"}}],\"inLanguage\":\"en-US\"},{\"@type\":\"Organization\",\"@id\":\"https:\/\/york.biz.pl\/#organization\",\"name\":\"YORK\",\"url\":\"https:\/\/york.biz.pl\/\",\"logo\":{\"@type\":\"ImageObject\",\"inLanguage\":\"en-US\",\"@id\":\"https:\/\/york.biz.pl\/#\/schema\/logo\/image\/\",\"url\":\"\",\"contentUrl\":\"\",\"caption\":\"YORK\"},\"image\":{\"@id\":\"https:\/\/york.biz.pl\/#\/schema\/logo\/image\/\"}}]}<\/script>\n<!-- \/ Yoast SEO Premium plugin. -->","yoast_head_json":{"title":"Tkanina KANSAS 205 g\/m2 - YORK","robots":{"index":"index","follow":"follow","max-snippet":"max-snippet:-1","max-image-preview":"max-image-preview:large","max-video-preview":"max-video-preview:-1"},"canonical":"https:\/\/york.biz.pl\/en\/product\/tkanina-kansas-205-g-m2\/","og_locale":"en_US","og_type":"article","og_title":"Tkanina KANSAS 205 g\/m2","og_description":"Wszechstronna tkanina na odzie\u017c robocz\u0105 i medyczn\u0105 Tkanina KANSAS 205 g\/m\u00b2 to sprawdzony materia\u0142 przeznaczony do produkcji odzie\u017cy roboczej o szerokim zastosowaniu. Doskonale sprawdza si\u0119 w odzie\u017cy letniej, fartuchach oraz ubraniach ocieplanych. W wersji bia\u0142ej, dzi\u0119ki zmi\u0119kczeniu i wysokiej temperaturze prania, jest idealna dla przemys\u0142u spo\u017cywczego oraz na odzie\u017c medyczn\u0105. Kluczowe zalety tkaniny KANSAS 205&hellip;","og_url":"https:\/\/york.biz.pl\/en\/product\/tkanina-kansas-205-g-m2\/","og_site_name":"YORK","article_modified_time":"2024-12-02T01:50:32+00:00","og_image":[{"width":638,"height":600,"url":"https:\/\/york.biz.pl\/wp-content\/uploads\/2024\/05\/kansas.jpg","type":"image\/jpeg"}],"twitter_card":"summary_large_image","twitter_misc":{"Est. reading time":"1 minute"},"schema":{"@context":"https:\/\/schema.org","@graph":[{"@type":"WebPage","@id":"https:\/\/york.biz.pl\/produkt\/tkanina-kansas-205-g-m2\/","url":"https:\/\/york.biz.pl\/produkt\/tkanina-kansas-205-g-m2\/","name":"Tkanina KANSAS 205 g\/m2 - YORK","isPartOf":{"@id":"https:\/\/york.biz.pl\/#website"},"primaryImageOfPage":{"@id":"https:\/\/york.biz.pl\/produkt\/tkanina-kansas-205-g-m2\/#primaryimage"},"image":{"@id":"https:\/\/york.biz.pl\/produkt\/tkanina-kansas-205-g-m2\/#primaryimage"},"thumbnailUrl":"https:\/\/york.biz.pl\/wp-content\/uploads\/2024\/05\/kansas.jpg","datePublished":"2024-05-06T10:08:10+00:00","dateModified":"2024-12-02T01:50:32+00:00","breadcrumb":{"@id":"https:\/\/york.biz.pl\/produkt\/tkanina-kansas-205-g-m2\/#breadcrumb"},"inLanguage":"en-US","potentialAction":[{"@type":"ReadAction","target":["https:\/\/york.biz.pl\/produkt\/tkanina-kansas-205-g-m2\/"]}]},{"@type":"ImageObject","inLanguage":"en-US","@id":"https:\/\/york.biz.pl\/produkt\/tkanina-kansas-205-g-m2\/#primaryimage","url":"https:\/\/york.biz.pl\/wp-content\/uploads\/2024\/05\/kansas.jpg","contentUrl":"https:\/\/york.biz.pl\/wp-content\/uploads\/2024\/05\/kansas.jpg","width":638,"height":600,"caption":"205 g\/m2 KANSAS"},{"@type":"BreadcrumbList","@id":"https:\/\/york.biz.pl\/produkt\/tkanina-kansas-205-g-m2\/#breadcrumb","itemListElement":[{"@type":"ListItem","position":1,"name":"Strona g\u0142\u00f3wna","item":"https:\/\/york.biz.pl\/"},{"@type":"ListItem","position":2,"name":"Pe\u0142na oferta","item":"https:\/\/york.biz.pl\/pelna-oferta\/"},{"@type":"ListItem","position":3,"name":"Tkanina KANSAS 205 g\/m2"}]},{"@type":"WebSite","@id":"https:\/\/york.biz.pl\/#website","url":"https:\/\/york.biz.pl\/","name":"YORK","description":"Hurtownia tkanin na odzie\u017c robocz\u0105 - tkaniny robocze","publisher":{"@id":"https:\/\/york.biz.pl\/#organization"},"potentialAction":[{"@type":"SearchAction","target":{"@type":"EntryPoint","urlTemplate":"https:\/\/york.biz.pl\/?s={search_term_string}"},"query-input":{"@type":"PropertyValueSpecification","valueRequired":true,"valueName":"search_term_string"}}],"inLanguage":"en-US"},{"@type":"Organization","@id":"https:\/\/york.biz.pl\/#organization","name":"YORK","url":"https:\/\/york.biz.pl\/","logo":{"@type":"ImageObject","inLanguage":"en-US","@id":"https:\/\/york.biz.pl\/#\/schema\/logo\/image\/","url":"","contentUrl":"","caption":"YORK"},"image":{"@id":"https:\/\/york.biz.pl\/#\/schema\/logo\/image\/"}}]}},"_links":{"self":[{"href":"https:\/\/york.biz.pl\/en\/wp-json\/wp\/v2\/product\/95084"}],"collection":[{"href":"https:\/\/york.biz.pl\/en\/wp-json\/wp\/v2\/product"}],"about":[{"href":"https:\/\/york.biz.pl\/en\/wp-json\/wp\/v2\/types\/product"}],"version-history":[{"count":4,"href":"https:\/\/york.biz.pl\/en\/wp-json\/wp\/v2\/product\/95084\/revisions"}],"predecessor-version":[{"id":96721,"href":"https:\/\/york.biz.pl\/en\/wp-json\/wp\/v2\/product\/95084\/revisions\/96721"}],"wp:featuredmedia":[{"embeddable":true,"href":"https:\/\/york.biz.pl\/en\/wp-json\/wp\/v2\/media\/95085"}],"wp:attachment":[{"href":"https:\/\/york.biz.pl\/en\/wp-json\/wp\/v2\/media?parent=95084"}],"wp:term":[{"taxonomy":"product_cat","embeddable":true,"href":"https:\/\/york.biz.pl\/en\/wp-json\/wp\/v2\/product_cat?post=95084"},{"taxonomy":"product_tag","embeddable":true,"href":"https:\/\/york.biz.pl\/en\/wp-json\/wp\/v2\/product_tag?post=95084"}],"curies":[{"name":"wp","href":"https:\/\/api.w.org\/{rel}","templated":true}]}}