{"id":95081,"date":"2024-05-06T12:00:53","date_gmt":"2024-05-06T10:00:53","guid":{"rendered":"https:\/\/york.biz.pl\/nowa\/?post_type=product&#038;p=95081"},"modified":"2025-02-07T12:00:52","modified_gmt":"2025-02-07T11:00:52","slug":"tkanina-costa-170-g-m2","status":"publish","type":"product","link":"https:\/\/york.biz.pl\/en\/product\/tkanina-costa-170-g-m2\/","title":{"rendered":"COSTA Fabric 170 g\/m2"},"content":{"rendered":"<h2>Elastic and durable fabric for the medical and hospitality sectors<\/h2>\n<p>COSTA 170 g\/m\u00b2 fabric is a cotton-polyester material with added elastane, designed for clothing in the medical, hospitality, catering, and cosmetics sectors. Thanks to its elasticity, durability, and color fastness, this fabric ensures exceptional wearing comfort and ease of maintenance.<\/p>\n<h3>Key Advantages of COSTA 170 g\/m\u00b2 Fabric:<\/h3>\n<ul>\n<li><strong>Elasticity<\/strong> \u2013 the addition of elastane ensures an excellent fit to the body's shape, enhancing wearing comfort.<\/li>\n<li><strong>Durability<\/strong> \u2013 the material is resistant to mechanical damage, ensuring long-lasting use.<\/li>\n<li><strong>Color Fastness<\/strong> \u2013 the colors remain vibrant and resistant to fading, ensuring an aesthetic appearance of the clothing for a long time.<\/li>\n<li><strong>Comfort in Use<\/strong> \u2013 the fabric is soft and comfortable, making garments made from this material pleasant to wear throughout the day.<\/li>\n<li><strong>Ease of Maintenance<\/strong> \u2013 the fabric is easy to maintain, which is essential in sectors that require frequent washing and cleaning.<\/li>\n<\/ul>\n<h3>Compliance with standards:<\/h3>\n<p>COSTA 170 g\/m\u00b2 fabric meets the most important standards for protective clothing:<\/p>\n<ul>\n<li><strong>PN-P-84525<\/strong> - guaranteeing the appropriate quality of the material.<\/li>\n<li><strong>PN-EN ISO 13688<\/strong> - protective clothing \u2013 general requirements.<\/li>\n<\/ul>\n<p>By choosing COSTA 170 g\/m\u00b2 fabric, you are investing in a material that combines elasticity, durability, and comfort, making it ideal for producing clothing for the medical, hospitality, catering, and cosmetics industries.<\/p>","protected":false},"excerpt":{"rendered":"<p>Elastyczna i wytrzyma\u0142a tkanina dla sektora medycznego i hotelarskiego Tkanina COSTA 170 g\/m\u00b2 to bawe\u0142niano-poliestrowy materia\u0142 z dodatkiem elastanu, stworzony z my\u015bl\u0105 o odzie\u017cy w sektorze medycznym, hotelarskim, gastronomicznym oraz kosmetycznym. Dzi\u0119ki swojej elastyczno\u015bci, wytrzyma\u0142o\u015bci i trwa\u0142o\u015bci kolor\u00f3w, tkanina ta zapewnia wyj\u0105tkowy komfort noszenia oraz \u0142atwo\u015b\u0107 w utrzymaniu odzie\u017cy. Kluczowe zalety tkaniny COSTA 170 g\/m\u00b2:&hellip;<\/p>","protected":false},"featured_media":95082,"template":"","meta":{"_acf_changed":false},"product_cat":[289,295],"product_tag":[],"class_list":{"0":"post-95081","1":"product","2":"type-product","3":"status-publish","4":"has-post-thumbnail","6":"product_cat-tkaniny-medyczne-gastronomia-reklama","7":"product_cat-bawelna-poliester-elastan","8":"description-off","10":"first","11":"instock","12":"shipping-taxable","13":"product-type-simple"},"acf":[],"yoast_head":"<!-- This site is optimized with the Yoast SEO Premium plugin v23.9 (Yoast SEO v23.9) - https:\/\/yoast.com\/wordpress\/plugins\/seo\/ -->\n<title>Tkanina COSTA 170 g\/m2 - YORK<\/title>\n<meta name=\"robots\" content=\"index, follow, max-snippet:-1, max-image-preview:large, max-video-preview:-1\" \/>\n<link rel=\"canonical\" href=\"https:\/\/york.biz.pl\/en\/product\/tkanina-costa-170-g-m2\/\" \/>\n<meta property=\"og:locale\" content=\"en_US\" \/>\n<meta property=\"og:type\" content=\"article\" \/>\n<meta property=\"og:title\" content=\"Tkanina COSTA 170 g\/m2\" \/>\n<meta property=\"og:description\" content=\"Elastyczna i wytrzyma\u0142a tkanina dla sektora medycznego i hotelarskiego Tkanina COSTA 170 g\/m\u00b2 to bawe\u0142niano-poliestrowy materia\u0142 z dodatkiem elastanu, stworzony z my\u015bl\u0105 o odzie\u017cy w sektorze medycznym, hotelarskim, gastronomicznym oraz kosmetycznym. Dzi\u0119ki swojej elastyczno\u015bci, wytrzyma\u0142o\u015bci i trwa\u0142o\u015bci kolor\u00f3w, tkanina ta zapewnia wyj\u0105tkowy komfort noszenia oraz \u0142atwo\u015b\u0107 w utrzymaniu odzie\u017cy. Kluczowe zalety tkaniny COSTA 170 g\/m\u00b2:&hellip;\" \/>\n<meta property=\"og:url\" content=\"https:\/\/york.biz.pl\/en\/product\/tkanina-costa-170-g-m2\/\" \/>\n<meta property=\"og:site_name\" content=\"YORK\" \/>\n<meta property=\"article:modified_time\" content=\"2025-02-07T11:00:52+00:00\" \/>\n<meta property=\"og:image\" content=\"https:\/\/york.biz.pl\/wp-content\/uploads\/2024\/05\/costa.jpg\" \/>\n\t<meta property=\"og:image:width\" content=\"638\" \/>\n\t<meta property=\"og:image:height\" content=\"600\" \/>\n\t<meta property=\"og:image:type\" content=\"image\/jpeg\" \/>\n<meta name=\"twitter:card\" content=\"summary_large_image\" \/>\n<meta name=\"twitter:label1\" content=\"Est. reading time\" \/>\n\t<meta name=\"twitter:data1\" content=\"2 minutes\" \/>\n<script type=\"application\/ld+json\" class=\"yoast-schema-graph\">{\"@context\":\"https:\/\/schema.org\",\"@graph\":[{\"@type\":\"WebPage\",\"@id\":\"https:\/\/york.biz.pl\/produkt\/tkanina-costa-170-g-m2\/\",\"url\":\"https:\/\/york.biz.pl\/produkt\/tkanina-costa-170-g-m2\/\",\"name\":\"Tkanina COSTA 170 g\/m2 - YORK\",\"isPartOf\":{\"@id\":\"https:\/\/york.biz.pl\/#website\"},\"primaryImageOfPage\":{\"@id\":\"https:\/\/york.biz.pl\/produkt\/tkanina-costa-170-g-m2\/#primaryimage\"},\"image\":{\"@id\":\"https:\/\/york.biz.pl\/produkt\/tkanina-costa-170-g-m2\/#primaryimage\"},\"thumbnailUrl\":\"https:\/\/york.biz.pl\/wp-content\/uploads\/2024\/05\/costa.jpg\",\"datePublished\":\"2024-05-06T10:00:53+00:00\",\"dateModified\":\"2025-02-07T11:00:52+00:00\",\"breadcrumb\":{\"@id\":\"https:\/\/york.biz.pl\/produkt\/tkanina-costa-170-g-m2\/#breadcrumb\"},\"inLanguage\":\"en-US\",\"potentialAction\":[{\"@type\":\"ReadAction\",\"target\":[\"https:\/\/york.biz.pl\/produkt\/tkanina-costa-170-g-m2\/\"]}]},{\"@type\":\"ImageObject\",\"inLanguage\":\"en-US\",\"@id\":\"https:\/\/york.biz.pl\/produkt\/tkanina-costa-170-g-m2\/#primaryimage\",\"url\":\"https:\/\/york.biz.pl\/wp-content\/uploads\/2024\/05\/costa.jpg\",\"contentUrl\":\"https:\/\/york.biz.pl\/wp-content\/uploads\/2024\/05\/costa.jpg\",\"width\":638,\"height\":600,\"caption\":\"170 g\/m2 COSTA\"},{\"@type\":\"BreadcrumbList\",\"@id\":\"https:\/\/york.biz.pl\/produkt\/tkanina-costa-170-g-m2\/#breadcrumb\",\"itemListElement\":[{\"@type\":\"ListItem\",\"position\":1,\"name\":\"Strona g\u0142\u00f3wna\",\"item\":\"https:\/\/york.biz.pl\/\"},{\"@type\":\"ListItem\",\"position\":2,\"name\":\"Pe\u0142na oferta\",\"item\":\"https:\/\/york.biz.pl\/pelna-oferta\/\"},{\"@type\":\"ListItem\",\"position\":3,\"name\":\"Tkanina COSTA 170 g\/m2\"}]},{\"@type\":\"WebSite\",\"@id\":\"https:\/\/york.biz.pl\/#website\",\"url\":\"https:\/\/york.biz.pl\/\",\"name\":\"YORK\",\"description\":\"Hurtownia tkanin na odzie\u017c robocz\u0105 - tkaniny robocze\",\"publisher\":{\"@id\":\"https:\/\/york.biz.pl\/#organization\"},\"potentialAction\":[{\"@type\":\"SearchAction\",\"target\":{\"@type\":\"EntryPoint\",\"urlTemplate\":\"https:\/\/york.biz.pl\/?s={search_term_string}\"},\"query-input\":{\"@type\":\"PropertyValueSpecification\",\"valueRequired\":true,\"valueName\":\"search_term_string\"}}],\"inLanguage\":\"en-US\"},{\"@type\":\"Organization\",\"@id\":\"https:\/\/york.biz.pl\/#organization\",\"name\":\"YORK\",\"url\":\"https:\/\/york.biz.pl\/\",\"logo\":{\"@type\":\"ImageObject\",\"inLanguage\":\"en-US\",\"@id\":\"https:\/\/york.biz.pl\/#\/schema\/logo\/image\/\",\"url\":\"\",\"contentUrl\":\"\",\"caption\":\"YORK\"},\"image\":{\"@id\":\"https:\/\/york.biz.pl\/#\/schema\/logo\/image\/\"}}]}<\/script>\n<!-- \/ Yoast SEO Premium plugin. -->","yoast_head_json":{"title":"Tkanina COSTA 170 g\/m2 - YORK","robots":{"index":"index","follow":"follow","max-snippet":"max-snippet:-1","max-image-preview":"max-image-preview:large","max-video-preview":"max-video-preview:-1"},"canonical":"https:\/\/york.biz.pl\/en\/product\/tkanina-costa-170-g-m2\/","og_locale":"en_US","og_type":"article","og_title":"Tkanina COSTA 170 g\/m2","og_description":"Elastyczna i wytrzyma\u0142a tkanina dla sektora medycznego i hotelarskiego Tkanina COSTA 170 g\/m\u00b2 to bawe\u0142niano-poliestrowy materia\u0142 z dodatkiem elastanu, stworzony z my\u015bl\u0105 o odzie\u017cy w sektorze medycznym, hotelarskim, gastronomicznym oraz kosmetycznym. Dzi\u0119ki swojej elastyczno\u015bci, wytrzyma\u0142o\u015bci i trwa\u0142o\u015bci kolor\u00f3w, tkanina ta zapewnia wyj\u0105tkowy komfort noszenia oraz \u0142atwo\u015b\u0107 w utrzymaniu odzie\u017cy. Kluczowe zalety tkaniny COSTA 170 g\/m\u00b2:&hellip;","og_url":"https:\/\/york.biz.pl\/en\/product\/tkanina-costa-170-g-m2\/","og_site_name":"YORK","article_modified_time":"2025-02-07T11:00:52+00:00","og_image":[{"width":638,"height":600,"url":"https:\/\/york.biz.pl\/wp-content\/uploads\/2024\/05\/costa.jpg","type":"image\/jpeg"}],"twitter_card":"summary_large_image","twitter_misc":{"Est. reading time":"2 minutes"},"schema":{"@context":"https:\/\/schema.org","@graph":[{"@type":"WebPage","@id":"https:\/\/york.biz.pl\/produkt\/tkanina-costa-170-g-m2\/","url":"https:\/\/york.biz.pl\/produkt\/tkanina-costa-170-g-m2\/","name":"Tkanina COSTA 170 g\/m2 - YORK","isPartOf":{"@id":"https:\/\/york.biz.pl\/#website"},"primaryImageOfPage":{"@id":"https:\/\/york.biz.pl\/produkt\/tkanina-costa-170-g-m2\/#primaryimage"},"image":{"@id":"https:\/\/york.biz.pl\/produkt\/tkanina-costa-170-g-m2\/#primaryimage"},"thumbnailUrl":"https:\/\/york.biz.pl\/wp-content\/uploads\/2024\/05\/costa.jpg","datePublished":"2024-05-06T10:00:53+00:00","dateModified":"2025-02-07T11:00:52+00:00","breadcrumb":{"@id":"https:\/\/york.biz.pl\/produkt\/tkanina-costa-170-g-m2\/#breadcrumb"},"inLanguage":"en-US","potentialAction":[{"@type":"ReadAction","target":["https:\/\/york.biz.pl\/produkt\/tkanina-costa-170-g-m2\/"]}]},{"@type":"ImageObject","inLanguage":"en-US","@id":"https:\/\/york.biz.pl\/produkt\/tkanina-costa-170-g-m2\/#primaryimage","url":"https:\/\/york.biz.pl\/wp-content\/uploads\/2024\/05\/costa.jpg","contentUrl":"https:\/\/york.biz.pl\/wp-content\/uploads\/2024\/05\/costa.jpg","width":638,"height":600,"caption":"170 g\/m2 COSTA"},{"@type":"BreadcrumbList","@id":"https:\/\/york.biz.pl\/produkt\/tkanina-costa-170-g-m2\/#breadcrumb","itemListElement":[{"@type":"ListItem","position":1,"name":"Strona g\u0142\u00f3wna","item":"https:\/\/york.biz.pl\/"},{"@type":"ListItem","position":2,"name":"Pe\u0142na oferta","item":"https:\/\/york.biz.pl\/pelna-oferta\/"},{"@type":"ListItem","position":3,"name":"Tkanina COSTA 170 g\/m2"}]},{"@type":"WebSite","@id":"https:\/\/york.biz.pl\/#website","url":"https:\/\/york.biz.pl\/","name":"YORK","description":"Hurtownia tkanin na odzie\u017c robocz\u0105 - tkaniny robocze","publisher":{"@id":"https:\/\/york.biz.pl\/#organization"},"potentialAction":[{"@type":"SearchAction","target":{"@type":"EntryPoint","urlTemplate":"https:\/\/york.biz.pl\/?s={search_term_string}"},"query-input":{"@type":"PropertyValueSpecification","valueRequired":true,"valueName":"search_term_string"}}],"inLanguage":"en-US"},{"@type":"Organization","@id":"https:\/\/york.biz.pl\/#organization","name":"YORK","url":"https:\/\/york.biz.pl\/","logo":{"@type":"ImageObject","inLanguage":"en-US","@id":"https:\/\/york.biz.pl\/#\/schema\/logo\/image\/","url":"","contentUrl":"","caption":"YORK"},"image":{"@id":"https:\/\/york.biz.pl\/#\/schema\/logo\/image\/"}}]}},"_links":{"self":[{"href":"https:\/\/york.biz.pl\/en\/wp-json\/wp\/v2\/product\/95081"}],"collection":[{"href":"https:\/\/york.biz.pl\/en\/wp-json\/wp\/v2\/product"}],"about":[{"href":"https:\/\/york.biz.pl\/en\/wp-json\/wp\/v2\/types\/product"}],"version-history":[{"count":3,"href":"https:\/\/york.biz.pl\/en\/wp-json\/wp\/v2\/product\/95081\/revisions"}],"predecessor-version":[{"id":96674,"href":"https:\/\/york.biz.pl\/en\/wp-json\/wp\/v2\/product\/95081\/revisions\/96674"}],"wp:featuredmedia":[{"embeddable":true,"href":"https:\/\/york.biz.pl\/en\/wp-json\/wp\/v2\/media\/95082"}],"wp:attachment":[{"href":"https:\/\/york.biz.pl\/en\/wp-json\/wp\/v2\/media?parent=95081"}],"wp:term":[{"taxonomy":"product_cat","embeddable":true,"href":"https:\/\/york.biz.pl\/en\/wp-json\/wp\/v2\/product_cat?post=95081"},{"taxonomy":"product_tag","embeddable":true,"href":"https:\/\/york.biz.pl\/en\/wp-json\/wp\/v2\/product_tag?post=95081"}],"curies":[{"name":"wp","href":"https:\/\/api.w.org\/{rel}","templated":true}]}}