{"id":95078,"date":"2024-05-06T11:54:11","date_gmt":"2024-05-06T09:54:11","guid":{"rendered":"https:\/\/york.biz.pl\/nowa\/?post_type=product&#038;p=95078"},"modified":"2025-01-20T15:23:56","modified_gmt":"2025-01-20T14:23:56","slug":"tkanina-karo-175-g-m2","status":"publish","type":"product","link":"https:\/\/york.biz.pl\/en\/product\/tkanina-karo-175-g-m2\/","title":{"rendered":"KARO Fabric 175 g\/m2"},"content":{"rendered":"<h2>Elegance and comfort for professionals<\/h2>\n<p>The KARO 175 g\/m\u00b2 fabric combines an elegant appearance with exceptional comfort and durability, making it an ideal choice for medical personnel as well as the food and bakery industries. It also performs excellently in hairdressing and beauty salons, as well as in the catering and hospitality sectors, where practicality and aesthetics are essential.<\/p>\n<h3>Key Advantages of KARO 175 g\/m\u00b2 Fabric:<\/h3>\n<ul>\n<li><strong>Durability against friction and mechanical damage<\/strong> \u2013 ensures long-lasting use, even in intense working conditions.<\/li>\n<li><strong>Low Shrinkage<\/strong> \u2013 the fabric retains its dimensions and shape after washing at temperatures up to 95\u00b0C, which is crucial for industries that require frequent laundering.<\/li>\n<li class=\" translation-block\"><strong>Color Fastness<\/strong> \u2013 the colors remain vibrant and resistant to fading, ensuring the garment's aesthetics are maintained over time.<\/li>\n<li><strong>Possibility of Combining Colors<\/strong> \u2013 without the risk of color change, which enables the creation of cohesive and elegant clothing designs.<\/li>\n<li><strong>Comfort in Use<\/strong> \u2013 the soft finish of the fabric ensures comfort during a full day of work.<\/li>\n<\/ul>\n<h3>Compliance with standards:<\/h3>\n<p>The KARO 175 g\/m\u00b2 fabric meets all the key standards for protective clothing:<\/p>\n<ul>\n<li><strong>PN-P-84525<\/strong> - guaranteeing the appropriate quality of the material.<\/li>\n<li><strong>PN-EN ISO 13688<\/strong> - protective clothing \u2013 general requirements.<\/li>\n<\/ul>\n<p>By choosing KARO 175 g\/m\u00b2 fabric, you are investing in a material that combines elegance, durability, and comfort, making it ideal for producing clothing for the medical, catering, hospitality, and cosmetics industries.<\/p>","protected":false},"excerpt":{"rendered":"<p>Elegancja i komfort dla profesjonalist\u00f3w Tkanina KARO 175 g\/m\u00b2 \u0142\u0105czy w sobie elegancki wygl\u0105d z wyj\u0105tkowym komfortem i trwa\u0142o\u015bci\u0105, co sprawia, \u017ce jest idealnym wyborem dla personelu medycznego oraz przemys\u0142u spo\u017cywczego i piekarniczego. Doskonale sprawdza si\u0119 r\u00f3wnie\u017c w salonach fryzjerskich, kosmetycznych, gastronomii oraz hotelarstwie, gdzie praktyczno\u015b\u0107 i estetyka s\u0105 kluczowe. Kluczowe zalety tkaniny KARO 175&hellip;<\/p>","protected":false},"featured_media":95079,"template":"","meta":{"_acf_changed":false},"product_cat":[289,294],"product_tag":[],"class_list":{"0":"post-95078","1":"product","2":"type-product","3":"status-publish","4":"has-post-thumbnail","6":"product_cat-tkaniny-medyczne-gastronomia-reklama","7":"product_cat-poliester-wiskoza","8":"description-off","10":"first","11":"instock","12":"shipping-taxable","13":"product-type-simple"},"acf":[],"yoast_head":"<!-- This site is optimized with the Yoast SEO Premium plugin v23.9 (Yoast SEO v23.9) - https:\/\/yoast.com\/wordpress\/plugins\/seo\/ -->\n<title>Tkanina KARO 175 g\/m2 - YORK<\/title>\n<meta name=\"robots\" content=\"index, follow, max-snippet:-1, max-image-preview:large, max-video-preview:-1\" \/>\n<link rel=\"canonical\" href=\"https:\/\/york.biz.pl\/en\/product\/tkanina-karo-175-g-m2\/\" \/>\n<meta property=\"og:locale\" content=\"en_US\" \/>\n<meta property=\"og:type\" content=\"article\" \/>\n<meta property=\"og:title\" content=\"Tkanina KARO 175 g\/m2\" \/>\n<meta property=\"og:description\" content=\"Elegancja i komfort dla profesjonalist\u00f3w Tkanina KARO 175 g\/m\u00b2 \u0142\u0105czy w sobie elegancki wygl\u0105d z wyj\u0105tkowym komfortem i trwa\u0142o\u015bci\u0105, co sprawia, \u017ce jest idealnym wyborem dla personelu medycznego oraz przemys\u0142u spo\u017cywczego i piekarniczego. Doskonale sprawdza si\u0119 r\u00f3wnie\u017c w salonach fryzjerskich, kosmetycznych, gastronomii oraz hotelarstwie, gdzie praktyczno\u015b\u0107 i estetyka s\u0105 kluczowe. Kluczowe zalety tkaniny KARO 175&hellip;\" \/>\n<meta property=\"og:url\" content=\"https:\/\/york.biz.pl\/en\/product\/tkanina-karo-175-g-m2\/\" \/>\n<meta property=\"og:site_name\" content=\"YORK\" \/>\n<meta property=\"article:modified_time\" content=\"2025-01-20T14:23:56+00:00\" \/>\n<meta property=\"og:image\" content=\"https:\/\/york.biz.pl\/wp-content\/uploads\/2024\/05\/karo.jpg\" \/>\n\t<meta property=\"og:image:width\" content=\"638\" \/>\n\t<meta property=\"og:image:height\" content=\"600\" \/>\n\t<meta property=\"og:image:type\" content=\"image\/jpeg\" \/>\n<meta name=\"twitter:card\" content=\"summary_large_image\" \/>\n<meta name=\"twitter:label1\" content=\"Est. reading time\" \/>\n\t<meta name=\"twitter:data1\" content=\"2 minutes\" \/>\n<script type=\"application\/ld+json\" class=\"yoast-schema-graph\">{\"@context\":\"https:\/\/schema.org\",\"@graph\":[{\"@type\":\"WebPage\",\"@id\":\"https:\/\/york.biz.pl\/produkt\/tkanina-karo-175-g-m2\/\",\"url\":\"https:\/\/york.biz.pl\/produkt\/tkanina-karo-175-g-m2\/\",\"name\":\"Tkanina KARO 175 g\/m2 - YORK\",\"isPartOf\":{\"@id\":\"https:\/\/york.biz.pl\/#website\"},\"primaryImageOfPage\":{\"@id\":\"https:\/\/york.biz.pl\/produkt\/tkanina-karo-175-g-m2\/#primaryimage\"},\"image\":{\"@id\":\"https:\/\/york.biz.pl\/produkt\/tkanina-karo-175-g-m2\/#primaryimage\"},\"thumbnailUrl\":\"https:\/\/york.biz.pl\/wp-content\/uploads\/2024\/05\/karo.jpg\",\"datePublished\":\"2024-05-06T09:54:11+00:00\",\"dateModified\":\"2025-01-20T14:23:56+00:00\",\"breadcrumb\":{\"@id\":\"https:\/\/york.biz.pl\/produkt\/tkanina-karo-175-g-m2\/#breadcrumb\"},\"inLanguage\":\"en-US\",\"potentialAction\":[{\"@type\":\"ReadAction\",\"target\":[\"https:\/\/york.biz.pl\/produkt\/tkanina-karo-175-g-m2\/\"]}]},{\"@type\":\"ImageObject\",\"inLanguage\":\"en-US\",\"@id\":\"https:\/\/york.biz.pl\/produkt\/tkanina-karo-175-g-m2\/#primaryimage\",\"url\":\"https:\/\/york.biz.pl\/wp-content\/uploads\/2024\/05\/karo.jpg\",\"contentUrl\":\"https:\/\/york.biz.pl\/wp-content\/uploads\/2024\/05\/karo.jpg\",\"width\":638,\"height\":600},{\"@type\":\"BreadcrumbList\",\"@id\":\"https:\/\/york.biz.pl\/produkt\/tkanina-karo-175-g-m2\/#breadcrumb\",\"itemListElement\":[{\"@type\":\"ListItem\",\"position\":1,\"name\":\"Strona g\u0142\u00f3wna\",\"item\":\"https:\/\/york.biz.pl\/\"},{\"@type\":\"ListItem\",\"position\":2,\"name\":\"Pe\u0142na oferta\",\"item\":\"https:\/\/york.biz.pl\/pelna-oferta\/\"},{\"@type\":\"ListItem\",\"position\":3,\"name\":\"Tkanina KARO 175 g\/m2\"}]},{\"@type\":\"WebSite\",\"@id\":\"https:\/\/york.biz.pl\/#website\",\"url\":\"https:\/\/york.biz.pl\/\",\"name\":\"YORK\",\"description\":\"Hurtownia tkanin na odzie\u017c robocz\u0105 - tkaniny robocze\",\"publisher\":{\"@id\":\"https:\/\/york.biz.pl\/#organization\"},\"potentialAction\":[{\"@type\":\"SearchAction\",\"target\":{\"@type\":\"EntryPoint\",\"urlTemplate\":\"https:\/\/york.biz.pl\/?s={search_term_string}\"},\"query-input\":{\"@type\":\"PropertyValueSpecification\",\"valueRequired\":true,\"valueName\":\"search_term_string\"}}],\"inLanguage\":\"en-US\"},{\"@type\":\"Organization\",\"@id\":\"https:\/\/york.biz.pl\/#organization\",\"name\":\"YORK\",\"url\":\"https:\/\/york.biz.pl\/\",\"logo\":{\"@type\":\"ImageObject\",\"inLanguage\":\"en-US\",\"@id\":\"https:\/\/york.biz.pl\/#\/schema\/logo\/image\/\",\"url\":\"\",\"contentUrl\":\"\",\"caption\":\"YORK\"},\"image\":{\"@id\":\"https:\/\/york.biz.pl\/#\/schema\/logo\/image\/\"}}]}<\/script>\n<!-- \/ Yoast SEO Premium plugin. -->","yoast_head_json":{"title":"Tkanina KARO 175 g\/m2 - YORK","robots":{"index":"index","follow":"follow","max-snippet":"max-snippet:-1","max-image-preview":"max-image-preview:large","max-video-preview":"max-video-preview:-1"},"canonical":"https:\/\/york.biz.pl\/en\/product\/tkanina-karo-175-g-m2\/","og_locale":"en_US","og_type":"article","og_title":"Tkanina KARO 175 g\/m2","og_description":"Elegancja i komfort dla profesjonalist\u00f3w Tkanina KARO 175 g\/m\u00b2 \u0142\u0105czy w sobie elegancki wygl\u0105d z wyj\u0105tkowym komfortem i trwa\u0142o\u015bci\u0105, co sprawia, \u017ce jest idealnym wyborem dla personelu medycznego oraz przemys\u0142u spo\u017cywczego i piekarniczego. Doskonale sprawdza si\u0119 r\u00f3wnie\u017c w salonach fryzjerskich, kosmetycznych, gastronomii oraz hotelarstwie, gdzie praktyczno\u015b\u0107 i estetyka s\u0105 kluczowe. Kluczowe zalety tkaniny KARO 175&hellip;","og_url":"https:\/\/york.biz.pl\/en\/product\/tkanina-karo-175-g-m2\/","og_site_name":"YORK","article_modified_time":"2025-01-20T14:23:56+00:00","og_image":[{"width":638,"height":600,"url":"https:\/\/york.biz.pl\/wp-content\/uploads\/2024\/05\/karo.jpg","type":"image\/jpeg"}],"twitter_card":"summary_large_image","twitter_misc":{"Est. reading time":"2 minutes"},"schema":{"@context":"https:\/\/schema.org","@graph":[{"@type":"WebPage","@id":"https:\/\/york.biz.pl\/produkt\/tkanina-karo-175-g-m2\/","url":"https:\/\/york.biz.pl\/produkt\/tkanina-karo-175-g-m2\/","name":"Tkanina KARO 175 g\/m2 - YORK","isPartOf":{"@id":"https:\/\/york.biz.pl\/#website"},"primaryImageOfPage":{"@id":"https:\/\/york.biz.pl\/produkt\/tkanina-karo-175-g-m2\/#primaryimage"},"image":{"@id":"https:\/\/york.biz.pl\/produkt\/tkanina-karo-175-g-m2\/#primaryimage"},"thumbnailUrl":"https:\/\/york.biz.pl\/wp-content\/uploads\/2024\/05\/karo.jpg","datePublished":"2024-05-06T09:54:11+00:00","dateModified":"2025-01-20T14:23:56+00:00","breadcrumb":{"@id":"https:\/\/york.biz.pl\/produkt\/tkanina-karo-175-g-m2\/#breadcrumb"},"inLanguage":"en-US","potentialAction":[{"@type":"ReadAction","target":["https:\/\/york.biz.pl\/produkt\/tkanina-karo-175-g-m2\/"]}]},{"@type":"ImageObject","inLanguage":"en-US","@id":"https:\/\/york.biz.pl\/produkt\/tkanina-karo-175-g-m2\/#primaryimage","url":"https:\/\/york.biz.pl\/wp-content\/uploads\/2024\/05\/karo.jpg","contentUrl":"https:\/\/york.biz.pl\/wp-content\/uploads\/2024\/05\/karo.jpg","width":638,"height":600},{"@type":"BreadcrumbList","@id":"https:\/\/york.biz.pl\/produkt\/tkanina-karo-175-g-m2\/#breadcrumb","itemListElement":[{"@type":"ListItem","position":1,"name":"Strona g\u0142\u00f3wna","item":"https:\/\/york.biz.pl\/"},{"@type":"ListItem","position":2,"name":"Pe\u0142na oferta","item":"https:\/\/york.biz.pl\/pelna-oferta\/"},{"@type":"ListItem","position":3,"name":"Tkanina KARO 175 g\/m2"}]},{"@type":"WebSite","@id":"https:\/\/york.biz.pl\/#website","url":"https:\/\/york.biz.pl\/","name":"YORK","description":"Hurtownia tkanin na odzie\u017c robocz\u0105 - tkaniny robocze","publisher":{"@id":"https:\/\/york.biz.pl\/#organization"},"potentialAction":[{"@type":"SearchAction","target":{"@type":"EntryPoint","urlTemplate":"https:\/\/york.biz.pl\/?s={search_term_string}"},"query-input":{"@type":"PropertyValueSpecification","valueRequired":true,"valueName":"search_term_string"}}],"inLanguage":"en-US"},{"@type":"Organization","@id":"https:\/\/york.biz.pl\/#organization","name":"YORK","url":"https:\/\/york.biz.pl\/","logo":{"@type":"ImageObject","inLanguage":"en-US","@id":"https:\/\/york.biz.pl\/#\/schema\/logo\/image\/","url":"","contentUrl":"","caption":"YORK"},"image":{"@id":"https:\/\/york.biz.pl\/#\/schema\/logo\/image\/"}}]}},"_links":{"self":[{"href":"https:\/\/york.biz.pl\/en\/wp-json\/wp\/v2\/product\/95078"}],"collection":[{"href":"https:\/\/york.biz.pl\/en\/wp-json\/wp\/v2\/product"}],"about":[{"href":"https:\/\/york.biz.pl\/en\/wp-json\/wp\/v2\/types\/product"}],"version-history":[{"count":3,"href":"https:\/\/york.biz.pl\/en\/wp-json\/wp\/v2\/product\/95078\/revisions"}],"predecessor-version":[{"id":96676,"href":"https:\/\/york.biz.pl\/en\/wp-json\/wp\/v2\/product\/95078\/revisions\/96676"}],"wp:featuredmedia":[{"embeddable":true,"href":"https:\/\/york.biz.pl\/en\/wp-json\/wp\/v2\/media\/95079"}],"wp:attachment":[{"href":"https:\/\/york.biz.pl\/en\/wp-json\/wp\/v2\/media?parent=95078"}],"wp:term":[{"taxonomy":"product_cat","embeddable":true,"href":"https:\/\/york.biz.pl\/en\/wp-json\/wp\/v2\/product_cat?post=95078"},{"taxonomy":"product_tag","embeddable":true,"href":"https:\/\/york.biz.pl\/en\/wp-json\/wp\/v2\/product_tag?post=95078"}],"curies":[{"name":"wp","href":"https:\/\/api.w.org\/{rel}","templated":true}]}}