{"id":95075,"date":"2024-05-06T11:48:42","date_gmt":"2024-05-06T09:48:42","guid":{"rendered":"https:\/\/york.biz.pl\/nowa\/?post_type=product&#038;p=95075"},"modified":"2025-02-14T22:28:22","modified_gmt":"2025-02-14T21:28:22","slug":"tkanina-panama-160-g-m2","status":"publish","type":"product","link":"https:\/\/york.biz.pl\/en\/product\/tkanina-panama-160-g-m2\/","title":{"rendered":"PANAMA Fabric 160 g\/m2"},"content":{"rendered":"<h2>Versatile material with an elastic weave<\/h2>\n<p>PANAMA 160 g\/m\u00b2 fabric is a versatile material with wide applications, offering an elasticity effect similar to lycra. This unique weave makes the fabric not only comfortable but also functional, performing excellently in various types of clothing and decorative applications.<\/p>\n<h3>Applications of PANAMA 160 g\/m\u00b2 fabric:<\/h3>\n<ul>\n<li><strong>Medical clothing<\/strong> \u2013 ideal for producing comfortable and functional garments for medical personnel.<\/li>\n<li><strong>Hairdressing and retail aprons<\/strong> \u2013 ensures comfort and durability during daily use.<\/li>\n<li><strong>Albs, surplices, cassocks<\/strong> \u2013 ideal for producing liturgical garments, combining aesthetics with practicality.<\/li>\n<li><strong>Blazers, skirts, trousers<\/strong> \u2013 works well in both elegant and casual clothing, offering comfort thanks to its elasticity.<\/li>\n<li><strong>Tablecloths, covers, room decor<\/strong> \u2013 ideal for creating elegant and durable decorative elements.<\/li>\n<\/ul>\n<h3>Key Advantages of PANAMA 160 g\/m\u00b2 fabric:<\/h3>\n<ul>\n<li><strong>Elasticity<\/strong> \u2013 thanks to its special weave, the fabric is supple, which enhances wearing comfort.<\/li>\n<li><strong>Versatility<\/strong> \u2013 suitable for a wide range of applications, from clothing to decorations.<\/li>\n<li><strong>Durability<\/strong> \u2013 the fabric is durable and resistant to damage, ensuring long-lasting use.<\/li>\n<li><strong>Ease of care<\/strong> \u2013 the fabric is easy to maintain, which is key in products that are intensively used.<\/li>\n<\/ul>\n<h3>Compliance with standards:<\/h3>\n<p>PANAMA 160 g\/m\u00b2 fabric meets all the key standards for clothing and utilitarian textiles:<\/p>\n<ul>\n<li><strong>PN-P-84525<\/strong> - guaranteeing the appropriate quality of the material.<\/li>\n<li><strong>PN-EN ISO 13688<\/strong> - protective clothing \u2013 general requirements.<\/li>\n<\/ul>\n<p>By choosing PANAMA 160 g\/m\u00b2 fabric, you are investing in a material that combines elasticity, durability, and versatility, making it ideal for producing both clothing and decorations.<\/p>","protected":false},"excerpt":{"rendered":"<p>Wszechstronny materia\u0142 o elastycznym splocie Tkanina PANAMA 160 g\/m\u00b2 to uniwersalny materia\u0142 o szerokim zastosowaniu, dzi\u0119ki kt\u00f3remu mo\u017cna uzyska\u0107 efekt elastyczno\u015bci podobny do lycry. Ten wyj\u0105tkowy splot sprawia, \u017ce tkanina jest nie tylko wygodna, ale r\u00f3wnie\u017c funkcjonalna, doskonale sprawdzaj\u0105c si\u0119 w r\u00f3\u017cnych typach odzie\u017cy i dekoracjach. Zastosowanie tkaniny PANAMA 160 g\/m\u00b2: Odzie\u017c medyczna \u2013 idealna&hellip;<\/p>","protected":false},"featured_media":95076,"template":"","meta":{"_acf_changed":false},"product_cat":[15,289,293],"product_tag":[],"class_list":{"0":"post-95075","1":"product","2":"type-product","3":"status-publish","4":"has-post-thumbnail","6":"product_cat-uncategorized","7":"product_cat-tkaniny-medyczne-gastronomia-reklama","8":"product_cat-poliester","9":"description-off","11":"first","12":"instock","13":"shipping-taxable","14":"product-type-simple"},"acf":[],"yoast_head":"<!-- This site is optimized with the Yoast SEO Premium plugin v23.9 (Yoast SEO v23.9) - https:\/\/yoast.com\/wordpress\/plugins\/seo\/ -->\n<title>Tkanina PANAMA 160 g\/m2 - YORK<\/title>\n<meta name=\"robots\" content=\"index, follow, max-snippet:-1, max-image-preview:large, max-video-preview:-1\" \/>\n<link rel=\"canonical\" href=\"https:\/\/york.biz.pl\/en\/product\/tkanina-panama-160-g-m2\/\" \/>\n<meta property=\"og:locale\" content=\"en_US\" \/>\n<meta property=\"og:type\" content=\"article\" \/>\n<meta property=\"og:title\" content=\"Tkanina PANAMA 160 g\/m2\" \/>\n<meta property=\"og:description\" content=\"Wszechstronny materia\u0142 o elastycznym splocie Tkanina PANAMA 160 g\/m\u00b2 to uniwersalny materia\u0142 o szerokim zastosowaniu, dzi\u0119ki kt\u00f3remu mo\u017cna uzyska\u0107 efekt elastyczno\u015bci podobny do lycry. Ten wyj\u0105tkowy splot sprawia, \u017ce tkanina jest nie tylko wygodna, ale r\u00f3wnie\u017c funkcjonalna, doskonale sprawdzaj\u0105c si\u0119 w r\u00f3\u017cnych typach odzie\u017cy i dekoracjach. Zastosowanie tkaniny PANAMA 160 g\/m\u00b2: Odzie\u017c medyczna \u2013 idealna&hellip;\" \/>\n<meta property=\"og:url\" content=\"https:\/\/york.biz.pl\/en\/product\/tkanina-panama-160-g-m2\/\" \/>\n<meta property=\"og:site_name\" content=\"YORK\" \/>\n<meta property=\"article:modified_time\" content=\"2025-02-14T21:28:22+00:00\" \/>\n<meta property=\"og:image\" content=\"https:\/\/york.biz.pl\/wp-content\/uploads\/2024\/05\/panama.jpg\" \/>\n\t<meta property=\"og:image:width\" content=\"638\" \/>\n\t<meta property=\"og:image:height\" content=\"600\" \/>\n\t<meta property=\"og:image:type\" content=\"image\/jpeg\" \/>\n<meta name=\"twitter:card\" content=\"summary_large_image\" \/>\n<meta name=\"twitter:label1\" content=\"Est. reading time\" \/>\n\t<meta name=\"twitter:data1\" content=\"2 minutes\" \/>\n<script type=\"application\/ld+json\" class=\"yoast-schema-graph\">{\"@context\":\"https:\/\/schema.org\",\"@graph\":[{\"@type\":\"WebPage\",\"@id\":\"https:\/\/york.biz.pl\/produkt\/tkanina-panama-160-g-m2\/\",\"url\":\"https:\/\/york.biz.pl\/produkt\/tkanina-panama-160-g-m2\/\",\"name\":\"Tkanina PANAMA 160 g\/m2 - YORK\",\"isPartOf\":{\"@id\":\"https:\/\/york.biz.pl\/#website\"},\"primaryImageOfPage\":{\"@id\":\"https:\/\/york.biz.pl\/produkt\/tkanina-panama-160-g-m2\/#primaryimage\"},\"image\":{\"@id\":\"https:\/\/york.biz.pl\/produkt\/tkanina-panama-160-g-m2\/#primaryimage\"},\"thumbnailUrl\":\"https:\/\/york.biz.pl\/wp-content\/uploads\/2024\/05\/panama.jpg\",\"datePublished\":\"2024-05-06T09:48:42+00:00\",\"dateModified\":\"2025-02-14T21:28:22+00:00\",\"breadcrumb\":{\"@id\":\"https:\/\/york.biz.pl\/produkt\/tkanina-panama-160-g-m2\/#breadcrumb\"},\"inLanguage\":\"en-US\",\"potentialAction\":[{\"@type\":\"ReadAction\",\"target\":[\"https:\/\/york.biz.pl\/produkt\/tkanina-panama-160-g-m2\/\"]}]},{\"@type\":\"ImageObject\",\"inLanguage\":\"en-US\",\"@id\":\"https:\/\/york.biz.pl\/produkt\/tkanina-panama-160-g-m2\/#primaryimage\",\"url\":\"https:\/\/york.biz.pl\/wp-content\/uploads\/2024\/05\/panama.jpg\",\"contentUrl\":\"https:\/\/york.biz.pl\/wp-content\/uploads\/2024\/05\/panama.jpg\",\"width\":638,\"height\":600,\"caption\":\"160 g\/m2 PANAMA\"},{\"@type\":\"BreadcrumbList\",\"@id\":\"https:\/\/york.biz.pl\/produkt\/tkanina-panama-160-g-m2\/#breadcrumb\",\"itemListElement\":[{\"@type\":\"ListItem\",\"position\":1,\"name\":\"Strona g\u0142\u00f3wna\",\"item\":\"https:\/\/york.biz.pl\/\"},{\"@type\":\"ListItem\",\"position\":2,\"name\":\"Pe\u0142na oferta\",\"item\":\"https:\/\/york.biz.pl\/pelna-oferta\/\"},{\"@type\":\"ListItem\",\"position\":3,\"name\":\"Tkanina PANAMA 160 g\/m2\"}]},{\"@type\":\"WebSite\",\"@id\":\"https:\/\/york.biz.pl\/#website\",\"url\":\"https:\/\/york.biz.pl\/\",\"name\":\"YORK\",\"description\":\"Hurtownia tkanin na odzie\u017c robocz\u0105 - tkaniny robocze\",\"publisher\":{\"@id\":\"https:\/\/york.biz.pl\/#organization\"},\"potentialAction\":[{\"@type\":\"SearchAction\",\"target\":{\"@type\":\"EntryPoint\",\"urlTemplate\":\"https:\/\/york.biz.pl\/?s={search_term_string}\"},\"query-input\":{\"@type\":\"PropertyValueSpecification\",\"valueRequired\":true,\"valueName\":\"search_term_string\"}}],\"inLanguage\":\"en-US\"},{\"@type\":\"Organization\",\"@id\":\"https:\/\/york.biz.pl\/#organization\",\"name\":\"YORK\",\"url\":\"https:\/\/york.biz.pl\/\",\"logo\":{\"@type\":\"ImageObject\",\"inLanguage\":\"en-US\",\"@id\":\"https:\/\/york.biz.pl\/#\/schema\/logo\/image\/\",\"url\":\"\",\"contentUrl\":\"\",\"caption\":\"YORK\"},\"image\":{\"@id\":\"https:\/\/york.biz.pl\/#\/schema\/logo\/image\/\"}}]}<\/script>\n<!-- \/ Yoast SEO Premium plugin. -->","yoast_head_json":{"title":"Tkanina PANAMA 160 g\/m2 - YORK","robots":{"index":"index","follow":"follow","max-snippet":"max-snippet:-1","max-image-preview":"max-image-preview:large","max-video-preview":"max-video-preview:-1"},"canonical":"https:\/\/york.biz.pl\/en\/product\/tkanina-panama-160-g-m2\/","og_locale":"en_US","og_type":"article","og_title":"Tkanina PANAMA 160 g\/m2","og_description":"Wszechstronny materia\u0142 o elastycznym splocie Tkanina PANAMA 160 g\/m\u00b2 to uniwersalny materia\u0142 o szerokim zastosowaniu, dzi\u0119ki kt\u00f3remu mo\u017cna uzyska\u0107 efekt elastyczno\u015bci podobny do lycry. Ten wyj\u0105tkowy splot sprawia, \u017ce tkanina jest nie tylko wygodna, ale r\u00f3wnie\u017c funkcjonalna, doskonale sprawdzaj\u0105c si\u0119 w r\u00f3\u017cnych typach odzie\u017cy i dekoracjach. Zastosowanie tkaniny PANAMA 160 g\/m\u00b2: Odzie\u017c medyczna \u2013 idealna&hellip;","og_url":"https:\/\/york.biz.pl\/en\/product\/tkanina-panama-160-g-m2\/","og_site_name":"YORK","article_modified_time":"2025-02-14T21:28:22+00:00","og_image":[{"width":638,"height":600,"url":"https:\/\/york.biz.pl\/wp-content\/uploads\/2024\/05\/panama.jpg","type":"image\/jpeg"}],"twitter_card":"summary_large_image","twitter_misc":{"Est. reading time":"2 minutes"},"schema":{"@context":"https:\/\/schema.org","@graph":[{"@type":"WebPage","@id":"https:\/\/york.biz.pl\/produkt\/tkanina-panama-160-g-m2\/","url":"https:\/\/york.biz.pl\/produkt\/tkanina-panama-160-g-m2\/","name":"Tkanina PANAMA 160 g\/m2 - YORK","isPartOf":{"@id":"https:\/\/york.biz.pl\/#website"},"primaryImageOfPage":{"@id":"https:\/\/york.biz.pl\/produkt\/tkanina-panama-160-g-m2\/#primaryimage"},"image":{"@id":"https:\/\/york.biz.pl\/produkt\/tkanina-panama-160-g-m2\/#primaryimage"},"thumbnailUrl":"https:\/\/york.biz.pl\/wp-content\/uploads\/2024\/05\/panama.jpg","datePublished":"2024-05-06T09:48:42+00:00","dateModified":"2025-02-14T21:28:22+00:00","breadcrumb":{"@id":"https:\/\/york.biz.pl\/produkt\/tkanina-panama-160-g-m2\/#breadcrumb"},"inLanguage":"en-US","potentialAction":[{"@type":"ReadAction","target":["https:\/\/york.biz.pl\/produkt\/tkanina-panama-160-g-m2\/"]}]},{"@type":"ImageObject","inLanguage":"en-US","@id":"https:\/\/york.biz.pl\/produkt\/tkanina-panama-160-g-m2\/#primaryimage","url":"https:\/\/york.biz.pl\/wp-content\/uploads\/2024\/05\/panama.jpg","contentUrl":"https:\/\/york.biz.pl\/wp-content\/uploads\/2024\/05\/panama.jpg","width":638,"height":600,"caption":"160 g\/m2 PANAMA"},{"@type":"BreadcrumbList","@id":"https:\/\/york.biz.pl\/produkt\/tkanina-panama-160-g-m2\/#breadcrumb","itemListElement":[{"@type":"ListItem","position":1,"name":"Strona g\u0142\u00f3wna","item":"https:\/\/york.biz.pl\/"},{"@type":"ListItem","position":2,"name":"Pe\u0142na oferta","item":"https:\/\/york.biz.pl\/pelna-oferta\/"},{"@type":"ListItem","position":3,"name":"Tkanina PANAMA 160 g\/m2"}]},{"@type":"WebSite","@id":"https:\/\/york.biz.pl\/#website","url":"https:\/\/york.biz.pl\/","name":"YORK","description":"Hurtownia tkanin na odzie\u017c robocz\u0105 - tkaniny robocze","publisher":{"@id":"https:\/\/york.biz.pl\/#organization"},"potentialAction":[{"@type":"SearchAction","target":{"@type":"EntryPoint","urlTemplate":"https:\/\/york.biz.pl\/?s={search_term_string}"},"query-input":{"@type":"PropertyValueSpecification","valueRequired":true,"valueName":"search_term_string"}}],"inLanguage":"en-US"},{"@type":"Organization","@id":"https:\/\/york.biz.pl\/#organization","name":"YORK","url":"https:\/\/york.biz.pl\/","logo":{"@type":"ImageObject","inLanguage":"en-US","@id":"https:\/\/york.biz.pl\/#\/schema\/logo\/image\/","url":"","contentUrl":"","caption":"YORK"},"image":{"@id":"https:\/\/york.biz.pl\/#\/schema\/logo\/image\/"}}]}},"_links":{"self":[{"href":"https:\/\/york.biz.pl\/en\/wp-json\/wp\/v2\/product\/95075"}],"collection":[{"href":"https:\/\/york.biz.pl\/en\/wp-json\/wp\/v2\/product"}],"about":[{"href":"https:\/\/york.biz.pl\/en\/wp-json\/wp\/v2\/types\/product"}],"version-history":[{"count":3,"href":"https:\/\/york.biz.pl\/en\/wp-json\/wp\/v2\/product\/95075\/revisions"}],"predecessor-version":[{"id":96678,"href":"https:\/\/york.biz.pl\/en\/wp-json\/wp\/v2\/product\/95075\/revisions\/96678"}],"wp:featuredmedia":[{"embeddable":true,"href":"https:\/\/york.biz.pl\/en\/wp-json\/wp\/v2\/media\/95076"}],"wp:attachment":[{"href":"https:\/\/york.biz.pl\/en\/wp-json\/wp\/v2\/media?parent=95075"}],"wp:term":[{"taxonomy":"product_cat","embeddable":true,"href":"https:\/\/york.biz.pl\/en\/wp-json\/wp\/v2\/product_cat?post=95075"},{"taxonomy":"product_tag","embeddable":true,"href":"https:\/\/york.biz.pl\/en\/wp-json\/wp\/v2\/product_tag?post=95075"}],"curies":[{"name":"wp","href":"https:\/\/api.w.org\/{rel}","templated":true}]}}