{"id":95049,"date":"2024-04-22T13:30:11","date_gmt":"2024-04-22T11:30:11","guid":{"rendered":"https:\/\/york.biz.pl\/nowa\/?post_type=product&#038;p=95049"},"modified":"2025-02-12T22:19:36","modified_gmt":"2025-02-12T21:19:36","slug":"tkanina-selene-115-g-m2","status":"publish","type":"product","link":"https:\/\/york.biz.pl\/en\/product\/tkanina-selene-115-g-m2\/","title":{"rendered":"SELENE Fabric 115 g\/m2"},"content":{"rendered":"<h2>Light and versatile fabric for dress shirts and business attire<\/h2>\n<p>SELENE 115 g\/m\u00b2 fabric is a light and elegant material, ideal for producing dress shirts, business attire, and everyday wear. Thanks to its versatility, it also works perfectly for manufacturing aprons and other light garments, offering both comfort and an aesthetic appearance.<\/p>\n<h3>Applications of SELENE 115 g\/m\u00b2 Fabric:<\/h3>\n<ul>\n<li><strong>Formal and Business Shirts<\/strong> \u2013 a perfect choice for clothing that requires elegance and comfort.<\/li>\n<li><strong>Everyday wear<\/strong> \u2013 provides comfort and style in everyday use.<\/li>\n<li><strong>Aprons and light clothing<\/strong> \u2013 ideal for producing clothing that is light, breathable, and comfortable to wear.<\/li>\n<\/ul>\n<h3>Zalety tkaniny SELENE 115 g\/m\u00b2:<\/h3>\n<ul>\n<li><strong>Lightness and Comfort<\/strong> \u2013 the fabric is pleasant to the touch and comfortable to wear all day.<\/li>\n<li><strong>Aesthetic appearance<\/strong> \u2013 excellent for producing elegant and stylish garments.<\/li>\n<li><strong>Versatility<\/strong> \u2013 suitable for both formal and everyday clothing.<\/li>\n<li><strong>Durability<\/strong> <strong>Durability<\/strong>\u2013 despite its light structure, the fabric is characterized by good durability.<\/li>\n<\/ul>\n<h3>Compliance with standards:<\/h3>\n<p>SELENE 115 g\/m\u00b2 fabric meets all the key standards concerning clothing:<\/p>\n<ul>\n<li><strong>PN-P-84525<\/strong> - guaranteeing the appropriate quality of the material.<\/li>\n<li><strong>PN-EN ISO 13688<\/strong> - protective clothing \u2013 general requirements.<\/li>\n<\/ul>\n<p>By choosing SELENE 115 g\/m\u00b2 fabric, you are investing in a material that combines lightness, elegance, and versatility, making it ideal for producing dress shirts and light clothing.<\/p>","protected":false},"excerpt":{"rendered":"<p>Lekka i wszechstronna tkanina na koszule i odzie\u017c wizytow\u0105 Tkanina SELENE 115 g\/m\u00b2 to lekki i elegancki materia\u0142, idealny do produkcji koszul wizytowych, s\u0142u\u017cbowych oraz odzie\u017cy codziennego u\u017cytku. Dzi\u0119ki swojej wszechstronno\u015bci, doskonale sprawdza si\u0119 r\u00f3wnie\u017c w produkcji fartuch\u00f3w oraz innej odzie\u017cy lekkiej, oferuj\u0105c zar\u00f3wno komfort, jak i estetyczny wygl\u0105d. Zastosowania tkaniny SELENE 115 g\/m\u00b2: Koszule&hellip;<\/p>","protected":false},"featured_media":95050,"template":"","meta":{"_acf_changed":false},"product_cat":[289,291],"product_tag":[],"class_list":{"0":"post-95049","1":"product","2":"type-product","3":"status-publish","4":"has-post-thumbnail","6":"product_cat-tkaniny-medyczne-gastronomia-reklama","7":"product_cat-bawelna-poliester","8":"description-off","10":"first","11":"instock","12":"shipping-taxable","13":"product-type-simple"},"acf":[],"yoast_head":"<!-- This site is optimized with the Yoast SEO Premium plugin v23.9 (Yoast SEO v23.9) - https:\/\/yoast.com\/wordpress\/plugins\/seo\/ -->\n<title>Tkanina SELENE 115 g\/m2 - YORK<\/title>\n<meta name=\"robots\" content=\"index, follow, max-snippet:-1, max-image-preview:large, max-video-preview:-1\" \/>\n<link rel=\"canonical\" href=\"https:\/\/york.biz.pl\/en\/product\/tkanina-selene-115-g-m2\/\" \/>\n<meta property=\"og:locale\" content=\"en_US\" \/>\n<meta property=\"og:type\" content=\"article\" \/>\n<meta property=\"og:title\" content=\"Tkanina SELENE 115 g\/m2\" \/>\n<meta property=\"og:description\" content=\"Lekka i wszechstronna tkanina na koszule i odzie\u017c wizytow\u0105 Tkanina SELENE 115 g\/m\u00b2 to lekki i elegancki materia\u0142, idealny do produkcji koszul wizytowych, s\u0142u\u017cbowych oraz odzie\u017cy codziennego u\u017cytku. Dzi\u0119ki swojej wszechstronno\u015bci, doskonale sprawdza si\u0119 r\u00f3wnie\u017c w produkcji fartuch\u00f3w oraz innej odzie\u017cy lekkiej, oferuj\u0105c zar\u00f3wno komfort, jak i estetyczny wygl\u0105d. Zastosowania tkaniny SELENE 115 g\/m\u00b2: Koszule&hellip;\" \/>\n<meta property=\"og:url\" content=\"https:\/\/york.biz.pl\/en\/product\/tkanina-selene-115-g-m2\/\" \/>\n<meta property=\"og:site_name\" content=\"YORK\" \/>\n<meta property=\"article:modified_time\" content=\"2025-02-12T21:19:36+00:00\" \/>\n<meta property=\"og:image\" content=\"https:\/\/york.biz.pl\/wp-content\/uploads\/2024\/04\/selene.jpg\" \/>\n\t<meta property=\"og:image:width\" content=\"638\" \/>\n\t<meta property=\"og:image:height\" content=\"600\" \/>\n\t<meta property=\"og:image:type\" content=\"image\/jpeg\" \/>\n<meta name=\"twitter:card\" content=\"summary_large_image\" \/>\n<meta name=\"twitter:label1\" content=\"Est. reading time\" \/>\n\t<meta name=\"twitter:data1\" content=\"2 minutes\" \/>\n<script type=\"application\/ld+json\" class=\"yoast-schema-graph\">{\"@context\":\"https:\/\/schema.org\",\"@graph\":[{\"@type\":\"WebPage\",\"@id\":\"https:\/\/york.biz.pl\/produkt\/tkanina-selene-115-g-m2\/\",\"url\":\"https:\/\/york.biz.pl\/produkt\/tkanina-selene-115-g-m2\/\",\"name\":\"Tkanina SELENE 115 g\/m2 - YORK\",\"isPartOf\":{\"@id\":\"https:\/\/york.biz.pl\/#website\"},\"primaryImageOfPage\":{\"@id\":\"https:\/\/york.biz.pl\/produkt\/tkanina-selene-115-g-m2\/#primaryimage\"},\"image\":{\"@id\":\"https:\/\/york.biz.pl\/produkt\/tkanina-selene-115-g-m2\/#primaryimage\"},\"thumbnailUrl\":\"https:\/\/york.biz.pl\/wp-content\/uploads\/2024\/04\/selene.jpg\",\"datePublished\":\"2024-04-22T11:30:11+00:00\",\"dateModified\":\"2025-02-12T21:19:36+00:00\",\"breadcrumb\":{\"@id\":\"https:\/\/york.biz.pl\/produkt\/tkanina-selene-115-g-m2\/#breadcrumb\"},\"inLanguage\":\"en-US\",\"potentialAction\":[{\"@type\":\"ReadAction\",\"target\":[\"https:\/\/york.biz.pl\/produkt\/tkanina-selene-115-g-m2\/\"]}]},{\"@type\":\"ImageObject\",\"inLanguage\":\"en-US\",\"@id\":\"https:\/\/york.biz.pl\/produkt\/tkanina-selene-115-g-m2\/#primaryimage\",\"url\":\"https:\/\/york.biz.pl\/wp-content\/uploads\/2024\/04\/selene.jpg\",\"contentUrl\":\"https:\/\/york.biz.pl\/wp-content\/uploads\/2024\/04\/selene.jpg\",\"width\":638,\"height\":600},{\"@type\":\"BreadcrumbList\",\"@id\":\"https:\/\/york.biz.pl\/produkt\/tkanina-selene-115-g-m2\/#breadcrumb\",\"itemListElement\":[{\"@type\":\"ListItem\",\"position\":1,\"name\":\"Strona g\u0142\u00f3wna\",\"item\":\"https:\/\/york.biz.pl\/\"},{\"@type\":\"ListItem\",\"position\":2,\"name\":\"Pe\u0142na oferta\",\"item\":\"https:\/\/york.biz.pl\/pelna-oferta\/\"},{\"@type\":\"ListItem\",\"position\":3,\"name\":\"Tkanina SELENE 115 g\/m2\"}]},{\"@type\":\"WebSite\",\"@id\":\"https:\/\/york.biz.pl\/#website\",\"url\":\"https:\/\/york.biz.pl\/\",\"name\":\"YORK\",\"description\":\"Hurtownia tkanin na odzie\u017c robocz\u0105 - tkaniny robocze\",\"publisher\":{\"@id\":\"https:\/\/york.biz.pl\/#organization\"},\"potentialAction\":[{\"@type\":\"SearchAction\",\"target\":{\"@type\":\"EntryPoint\",\"urlTemplate\":\"https:\/\/york.biz.pl\/?s={search_term_string}\"},\"query-input\":{\"@type\":\"PropertyValueSpecification\",\"valueRequired\":true,\"valueName\":\"search_term_string\"}}],\"inLanguage\":\"en-US\"},{\"@type\":\"Organization\",\"@id\":\"https:\/\/york.biz.pl\/#organization\",\"name\":\"YORK\",\"url\":\"https:\/\/york.biz.pl\/\",\"logo\":{\"@type\":\"ImageObject\",\"inLanguage\":\"en-US\",\"@id\":\"https:\/\/york.biz.pl\/#\/schema\/logo\/image\/\",\"url\":\"\",\"contentUrl\":\"\",\"caption\":\"YORK\"},\"image\":{\"@id\":\"https:\/\/york.biz.pl\/#\/schema\/logo\/image\/\"}}]}<\/script>\n<!-- \/ Yoast SEO Premium plugin. -->","yoast_head_json":{"title":"Tkanina SELENE 115 g\/m2 - YORK","robots":{"index":"index","follow":"follow","max-snippet":"max-snippet:-1","max-image-preview":"max-image-preview:large","max-video-preview":"max-video-preview:-1"},"canonical":"https:\/\/york.biz.pl\/en\/product\/tkanina-selene-115-g-m2\/","og_locale":"en_US","og_type":"article","og_title":"Tkanina SELENE 115 g\/m2","og_description":"Lekka i wszechstronna tkanina na koszule i odzie\u017c wizytow\u0105 Tkanina SELENE 115 g\/m\u00b2 to lekki i elegancki materia\u0142, idealny do produkcji koszul wizytowych, s\u0142u\u017cbowych oraz odzie\u017cy codziennego u\u017cytku. Dzi\u0119ki swojej wszechstronno\u015bci, doskonale sprawdza si\u0119 r\u00f3wnie\u017c w produkcji fartuch\u00f3w oraz innej odzie\u017cy lekkiej, oferuj\u0105c zar\u00f3wno komfort, jak i estetyczny wygl\u0105d. Zastosowania tkaniny SELENE 115 g\/m\u00b2: Koszule&hellip;","og_url":"https:\/\/york.biz.pl\/en\/product\/tkanina-selene-115-g-m2\/","og_site_name":"YORK","article_modified_time":"2025-02-12T21:19:36+00:00","og_image":[{"width":638,"height":600,"url":"https:\/\/york.biz.pl\/wp-content\/uploads\/2024\/04\/selene.jpg","type":"image\/jpeg"}],"twitter_card":"summary_large_image","twitter_misc":{"Est. reading time":"2 minutes"},"schema":{"@context":"https:\/\/schema.org","@graph":[{"@type":"WebPage","@id":"https:\/\/york.biz.pl\/produkt\/tkanina-selene-115-g-m2\/","url":"https:\/\/york.biz.pl\/produkt\/tkanina-selene-115-g-m2\/","name":"Tkanina SELENE 115 g\/m2 - YORK","isPartOf":{"@id":"https:\/\/york.biz.pl\/#website"},"primaryImageOfPage":{"@id":"https:\/\/york.biz.pl\/produkt\/tkanina-selene-115-g-m2\/#primaryimage"},"image":{"@id":"https:\/\/york.biz.pl\/produkt\/tkanina-selene-115-g-m2\/#primaryimage"},"thumbnailUrl":"https:\/\/york.biz.pl\/wp-content\/uploads\/2024\/04\/selene.jpg","datePublished":"2024-04-22T11:30:11+00:00","dateModified":"2025-02-12T21:19:36+00:00","breadcrumb":{"@id":"https:\/\/york.biz.pl\/produkt\/tkanina-selene-115-g-m2\/#breadcrumb"},"inLanguage":"en-US","potentialAction":[{"@type":"ReadAction","target":["https:\/\/york.biz.pl\/produkt\/tkanina-selene-115-g-m2\/"]}]},{"@type":"ImageObject","inLanguage":"en-US","@id":"https:\/\/york.biz.pl\/produkt\/tkanina-selene-115-g-m2\/#primaryimage","url":"https:\/\/york.biz.pl\/wp-content\/uploads\/2024\/04\/selene.jpg","contentUrl":"https:\/\/york.biz.pl\/wp-content\/uploads\/2024\/04\/selene.jpg","width":638,"height":600},{"@type":"BreadcrumbList","@id":"https:\/\/york.biz.pl\/produkt\/tkanina-selene-115-g-m2\/#breadcrumb","itemListElement":[{"@type":"ListItem","position":1,"name":"Strona g\u0142\u00f3wna","item":"https:\/\/york.biz.pl\/"},{"@type":"ListItem","position":2,"name":"Pe\u0142na oferta","item":"https:\/\/york.biz.pl\/pelna-oferta\/"},{"@type":"ListItem","position":3,"name":"Tkanina SELENE 115 g\/m2"}]},{"@type":"WebSite","@id":"https:\/\/york.biz.pl\/#website","url":"https:\/\/york.biz.pl\/","name":"YORK","description":"Hurtownia tkanin na odzie\u017c robocz\u0105 - tkaniny robocze","publisher":{"@id":"https:\/\/york.biz.pl\/#organization"},"potentialAction":[{"@type":"SearchAction","target":{"@type":"EntryPoint","urlTemplate":"https:\/\/york.biz.pl\/?s={search_term_string}"},"query-input":{"@type":"PropertyValueSpecification","valueRequired":true,"valueName":"search_term_string"}}],"inLanguage":"en-US"},{"@type":"Organization","@id":"https:\/\/york.biz.pl\/#organization","name":"YORK","url":"https:\/\/york.biz.pl\/","logo":{"@type":"ImageObject","inLanguage":"en-US","@id":"https:\/\/york.biz.pl\/#\/schema\/logo\/image\/","url":"","contentUrl":"","caption":"YORK"},"image":{"@id":"https:\/\/york.biz.pl\/#\/schema\/logo\/image\/"}}]}},"_links":{"self":[{"href":"https:\/\/york.biz.pl\/en\/wp-json\/wp\/v2\/product\/95049"}],"collection":[{"href":"https:\/\/york.biz.pl\/en\/wp-json\/wp\/v2\/product"}],"about":[{"href":"https:\/\/york.biz.pl\/en\/wp-json\/wp\/v2\/types\/product"}],"version-history":[{"count":5,"href":"https:\/\/york.biz.pl\/en\/wp-json\/wp\/v2\/product\/95049\/revisions"}],"predecessor-version":[{"id":97076,"href":"https:\/\/york.biz.pl\/en\/wp-json\/wp\/v2\/product\/95049\/revisions\/97076"}],"wp:featuredmedia":[{"embeddable":true,"href":"https:\/\/york.biz.pl\/en\/wp-json\/wp\/v2\/media\/95050"}],"wp:attachment":[{"href":"https:\/\/york.biz.pl\/en\/wp-json\/wp\/v2\/media?parent=95049"}],"wp:term":[{"taxonomy":"product_cat","embeddable":true,"href":"https:\/\/york.biz.pl\/en\/wp-json\/wp\/v2\/product_cat?post=95049"},{"taxonomy":"product_tag","embeddable":true,"href":"https:\/\/york.biz.pl\/en\/wp-json\/wp\/v2\/product_tag?post=95049"}],"curies":[{"name":"wp","href":"https:\/\/api.w.org\/{rel}","templated":true}]}}