{"id":95043,"date":"2024-04-22T13:26:03","date_gmt":"2024-04-22T11:26:03","guid":{"rendered":"https:\/\/york.biz.pl\/nowa\/?post_type=product&#038;p=95043"},"modified":"2025-01-21T10:18:46","modified_gmt":"2025-01-21T09:18:46","slug":"tkanina-montana-185-g-m2","status":"publish","type":"product","link":"https:\/\/york.biz.pl\/en\/product\/tkanina-montana-185-g-m2\/","title":{"rendered":"MONTANA Fabric 185 g\/m2"},"content":{"rendered":"<div class=\"main-data\">\n<h2>Durable fabric for professional clothing for the medical and industrial sectors<\/h2>\n<p>MONTANA 185 g\/m\u00b2 fabric is a versatile material designed for the production of professional clothing, particularly for the medical sector, the food industry, bakeries, as well as the catering and hospitality industries. Thanks to its exceptional properties, this fabric is an ideal choice for summer apparel, aprons, and medical garments, ensuring durability, comfort, and aesthetics.<\/p>\n<h3>Key Advantages of MONTANA 185 g\/m\u00b2 fabric:<\/h3>\n<ul>\n<li class=\" translation-block\"><strong>Durability against friction and mechanical damage<\/strong> \u2013 ensures long-lasting use, even in high-intensity work environments.<\/li>\n<li><strong>Low Shrinkage<\/strong> <strong>Low Shrinkage<\/strong>- the fabric retains its dimensions and shape after washing at temperatures up to 95\u00b0C, which is crucial in industries that require frequent washing.<\/li>\n<li class=\" translation-block\"><strong>Color Fastness<\/strong> \u2013 the colors remain vibrant and resistant to fading, ensuring the garment's aesthetics are maintained over time.<\/li>\n<li class=\" translation-block\"><strong>Possibility of Combining Colors<\/strong> \u2013 allows for combining colors without the risk of color change, enabling the creation of cohesive and attractive clothing designs.<\/li>\n<li class=\" translation-block\"><strong>Comfort in Use<\/strong> \u2013 the fabric is lightweight and comfortable, ensuring ease of wear throughout the workday.<\/li>\n<\/ul>\n<h3>Compliance with standards:<\/h3>\n<p>MONTANA 185 g\/m\u00b2 fabric meets all the key standards for protective and utilitarian clothing:<\/p>\n<ul>\n<li><strong>PN-P-84525<\/strong> - guaranteeing the appropriate quality of the material.<\/li>\n<li><strong>PN-EN ISO 13688<\/strong> - protective clothing \u2013 general requirements.<\/li>\n<li><strong>CEN\/TS 14237<\/strong> \u2013 standards for clothing used in the food industry.<\/li>\n<\/ul>\n<p>By choosing MONTANA 185 g\/m\u00b2 fabric, you are investing in a material that combines strength, durability, and comfort, making it ideal for producing professional, medical, as well as catering and hospitality clothing.<\/p>\n<\/div>\n<p class=\"name-1\">III wydanie certyfikatu nr ITT.46.25.5.2.139:<\/p>\n<p><img fetchpriority=\"high\" decoding=\"async\" class=\"alignnone size-full wp-image-95044\" src=\"https:\/\/york.biz.pl\/nowa\/wp-content\/uploads\/2024\/04\/ITT_46_25_5_2_139.jpg\" alt=\"\" width=\"248\" height=\"248\" srcset=\"https:\/\/york.biz.pl\/wp-content\/uploads\/2024\/04\/ITT_46_25_5_2_139.jpg 248w, https:\/\/york.biz.pl\/wp-content\/uploads\/2024\/04\/ITT_46_25_5_2_139-150x150.jpg 150w, https:\/\/york.biz.pl\/wp-content\/uploads\/2024\/04\/ITT_46_25_5_2_139-200x200.jpg 200w\" sizes=\"(max-width: 248px) 100vw, 248px\" \/><\/p>","protected":false},"excerpt":{"rendered":"<p>Wytrzyma\u0142a tkanina na odzie\u017c zawodow\u0105 dla sektor\u00f3w medycznych i przemys\u0142owych Tkanina MONTANA 185 g\/m\u00b2 to wszechstronny materia\u0142 stworzony z my\u015bl\u0105 o produkcji odzie\u017cy zawodowej, w szczeg\u00f3lno\u015bci dla sektora medycznego, przemys\u0142u spo\u017cywczego, piekarniczego, a tak\u017ce gastronomii i hotelarstwa. Dzi\u0119ki swoim wyj\u0105tkowym w\u0142a\u015bciwo\u015bciom, tkanina ta jest idealnym wyborem na odzie\u017c letni\u0105, fartuchy oraz ubrania lekarskie, zapewniaj\u0105c trwa\u0142o\u015b\u0107,&hellip;<\/p>","protected":false},"featured_media":95047,"template":"","meta":{"_acf_changed":false},"product_cat":[289,290],"product_tag":[],"class_list":{"0":"post-95043","1":"product","2":"type-product","3":"status-publish","4":"has-post-thumbnail","6":"product_cat-tkaniny-medyczne-gastronomia-reklama","7":"product_cat-poliester-bawelna","8":"description-off","10":"first","11":"instock","12":"shipping-taxable","13":"product-type-simple"},"acf":[],"yoast_head":"<!-- This site is optimized with the Yoast SEO Premium plugin v23.9 (Yoast SEO v23.9) - https:\/\/yoast.com\/wordpress\/plugins\/seo\/ -->\n<title>Tkanina MONTANA 185 g\/m2 - YORK<\/title>\n<meta name=\"robots\" content=\"index, follow, max-snippet:-1, max-image-preview:large, max-video-preview:-1\" \/>\n<link rel=\"canonical\" href=\"https:\/\/york.biz.pl\/en\/product\/tkanina-montana-185-g-m2\/\" \/>\n<meta property=\"og:locale\" content=\"en_US\" \/>\n<meta property=\"og:type\" content=\"article\" \/>\n<meta property=\"og:title\" content=\"Tkanina MONTANA 185 g\/m2\" \/>\n<meta property=\"og:description\" content=\"Wytrzyma\u0142a tkanina na odzie\u017c zawodow\u0105 dla sektor\u00f3w medycznych i przemys\u0142owych Tkanina MONTANA 185 g\/m\u00b2 to wszechstronny materia\u0142 stworzony z my\u015bl\u0105 o produkcji odzie\u017cy zawodowej, w szczeg\u00f3lno\u015bci dla sektora medycznego, przemys\u0142u spo\u017cywczego, piekarniczego, a tak\u017ce gastronomii i hotelarstwa. Dzi\u0119ki swoim wyj\u0105tkowym w\u0142a\u015bciwo\u015bciom, tkanina ta jest idealnym wyborem na odzie\u017c letni\u0105, fartuchy oraz ubrania lekarskie, zapewniaj\u0105c trwa\u0142o\u015b\u0107,&hellip;\" \/>\n<meta property=\"og:url\" content=\"https:\/\/york.biz.pl\/en\/product\/tkanina-montana-185-g-m2\/\" \/>\n<meta property=\"og:site_name\" content=\"YORK\" \/>\n<meta property=\"article:modified_time\" content=\"2025-01-21T09:18:46+00:00\" \/>\n<meta property=\"og:image\" content=\"https:\/\/york.biz.pl\/wp-content\/uploads\/2024\/04\/montana.jpg\" \/>\n\t<meta property=\"og:image:width\" content=\"638\" \/>\n\t<meta property=\"og:image:height\" content=\"600\" \/>\n\t<meta property=\"og:image:type\" content=\"image\/jpeg\" \/>\n<meta name=\"twitter:card\" content=\"summary_large_image\" \/>\n<meta name=\"twitter:label1\" content=\"Est. reading time\" \/>\n\t<meta name=\"twitter:data1\" content=\"2 minutes\" \/>\n<script type=\"application\/ld+json\" class=\"yoast-schema-graph\">{\"@context\":\"https:\/\/schema.org\",\"@graph\":[{\"@type\":\"WebPage\",\"@id\":\"https:\/\/york.biz.pl\/produkt\/tkanina-montana-185-g-m2\/\",\"url\":\"https:\/\/york.biz.pl\/produkt\/tkanina-montana-185-g-m2\/\",\"name\":\"Tkanina MONTANA 185 g\/m2 - YORK\",\"isPartOf\":{\"@id\":\"https:\/\/york.biz.pl\/#website\"},\"primaryImageOfPage\":{\"@id\":\"https:\/\/york.biz.pl\/produkt\/tkanina-montana-185-g-m2\/#primaryimage\"},\"image\":{\"@id\":\"https:\/\/york.biz.pl\/produkt\/tkanina-montana-185-g-m2\/#primaryimage\"},\"thumbnailUrl\":\"https:\/\/york.biz.pl\/wp-content\/uploads\/2024\/04\/montana.jpg\",\"datePublished\":\"2024-04-22T11:26:03+00:00\",\"dateModified\":\"2025-01-21T09:18:46+00:00\",\"breadcrumb\":{\"@id\":\"https:\/\/york.biz.pl\/produkt\/tkanina-montana-185-g-m2\/#breadcrumb\"},\"inLanguage\":\"en-US\",\"potentialAction\":[{\"@type\":\"ReadAction\",\"target\":[\"https:\/\/york.biz.pl\/produkt\/tkanina-montana-185-g-m2\/\"]}]},{\"@type\":\"ImageObject\",\"inLanguage\":\"en-US\",\"@id\":\"https:\/\/york.biz.pl\/produkt\/tkanina-montana-185-g-m2\/#primaryimage\",\"url\":\"https:\/\/york.biz.pl\/wp-content\/uploads\/2024\/04\/montana.jpg\",\"contentUrl\":\"https:\/\/york.biz.pl\/wp-content\/uploads\/2024\/04\/montana.jpg\",\"width\":638,\"height\":600},{\"@type\":\"BreadcrumbList\",\"@id\":\"https:\/\/york.biz.pl\/produkt\/tkanina-montana-185-g-m2\/#breadcrumb\",\"itemListElement\":[{\"@type\":\"ListItem\",\"position\":1,\"name\":\"Strona g\u0142\u00f3wna\",\"item\":\"https:\/\/york.biz.pl\/\"},{\"@type\":\"ListItem\",\"position\":2,\"name\":\"Pe\u0142na oferta\",\"item\":\"https:\/\/york.biz.pl\/pelna-oferta\/\"},{\"@type\":\"ListItem\",\"position\":3,\"name\":\"Tkanina MONTANA 185 g\/m2\"}]},{\"@type\":\"WebSite\",\"@id\":\"https:\/\/york.biz.pl\/#website\",\"url\":\"https:\/\/york.biz.pl\/\",\"name\":\"YORK\",\"description\":\"Hurtownia tkanin na odzie\u017c robocz\u0105 - tkaniny robocze\",\"publisher\":{\"@id\":\"https:\/\/york.biz.pl\/#organization\"},\"potentialAction\":[{\"@type\":\"SearchAction\",\"target\":{\"@type\":\"EntryPoint\",\"urlTemplate\":\"https:\/\/york.biz.pl\/?s={search_term_string}\"},\"query-input\":{\"@type\":\"PropertyValueSpecification\",\"valueRequired\":true,\"valueName\":\"search_term_string\"}}],\"inLanguage\":\"en-US\"},{\"@type\":\"Organization\",\"@id\":\"https:\/\/york.biz.pl\/#organization\",\"name\":\"YORK\",\"url\":\"https:\/\/york.biz.pl\/\",\"logo\":{\"@type\":\"ImageObject\",\"inLanguage\":\"en-US\",\"@id\":\"https:\/\/york.biz.pl\/#\/schema\/logo\/image\/\",\"url\":\"\",\"contentUrl\":\"\",\"caption\":\"YORK\"},\"image\":{\"@id\":\"https:\/\/york.biz.pl\/#\/schema\/logo\/image\/\"}}]}<\/script>\n<!-- \/ Yoast SEO Premium plugin. -->","yoast_head_json":{"title":"Tkanina MONTANA 185 g\/m2 - YORK","robots":{"index":"index","follow":"follow","max-snippet":"max-snippet:-1","max-image-preview":"max-image-preview:large","max-video-preview":"max-video-preview:-1"},"canonical":"https:\/\/york.biz.pl\/en\/product\/tkanina-montana-185-g-m2\/","og_locale":"en_US","og_type":"article","og_title":"Tkanina MONTANA 185 g\/m2","og_description":"Wytrzyma\u0142a tkanina na odzie\u017c zawodow\u0105 dla sektor\u00f3w medycznych i przemys\u0142owych Tkanina MONTANA 185 g\/m\u00b2 to wszechstronny materia\u0142 stworzony z my\u015bl\u0105 o produkcji odzie\u017cy zawodowej, w szczeg\u00f3lno\u015bci dla sektora medycznego, przemys\u0142u spo\u017cywczego, piekarniczego, a tak\u017ce gastronomii i hotelarstwa. Dzi\u0119ki swoim wyj\u0105tkowym w\u0142a\u015bciwo\u015bciom, tkanina ta jest idealnym wyborem na odzie\u017c letni\u0105, fartuchy oraz ubrania lekarskie, zapewniaj\u0105c trwa\u0142o\u015b\u0107,&hellip;","og_url":"https:\/\/york.biz.pl\/en\/product\/tkanina-montana-185-g-m2\/","og_site_name":"YORK","article_modified_time":"2025-01-21T09:18:46+00:00","og_image":[{"width":638,"height":600,"url":"https:\/\/york.biz.pl\/wp-content\/uploads\/2024\/04\/montana.jpg","type":"image\/jpeg"}],"twitter_card":"summary_large_image","twitter_misc":{"Est. reading time":"2 minutes"},"schema":{"@context":"https:\/\/schema.org","@graph":[{"@type":"WebPage","@id":"https:\/\/york.biz.pl\/produkt\/tkanina-montana-185-g-m2\/","url":"https:\/\/york.biz.pl\/produkt\/tkanina-montana-185-g-m2\/","name":"Tkanina MONTANA 185 g\/m2 - YORK","isPartOf":{"@id":"https:\/\/york.biz.pl\/#website"},"primaryImageOfPage":{"@id":"https:\/\/york.biz.pl\/produkt\/tkanina-montana-185-g-m2\/#primaryimage"},"image":{"@id":"https:\/\/york.biz.pl\/produkt\/tkanina-montana-185-g-m2\/#primaryimage"},"thumbnailUrl":"https:\/\/york.biz.pl\/wp-content\/uploads\/2024\/04\/montana.jpg","datePublished":"2024-04-22T11:26:03+00:00","dateModified":"2025-01-21T09:18:46+00:00","breadcrumb":{"@id":"https:\/\/york.biz.pl\/produkt\/tkanina-montana-185-g-m2\/#breadcrumb"},"inLanguage":"en-US","potentialAction":[{"@type":"ReadAction","target":["https:\/\/york.biz.pl\/produkt\/tkanina-montana-185-g-m2\/"]}]},{"@type":"ImageObject","inLanguage":"en-US","@id":"https:\/\/york.biz.pl\/produkt\/tkanina-montana-185-g-m2\/#primaryimage","url":"https:\/\/york.biz.pl\/wp-content\/uploads\/2024\/04\/montana.jpg","contentUrl":"https:\/\/york.biz.pl\/wp-content\/uploads\/2024\/04\/montana.jpg","width":638,"height":600},{"@type":"BreadcrumbList","@id":"https:\/\/york.biz.pl\/produkt\/tkanina-montana-185-g-m2\/#breadcrumb","itemListElement":[{"@type":"ListItem","position":1,"name":"Strona g\u0142\u00f3wna","item":"https:\/\/york.biz.pl\/"},{"@type":"ListItem","position":2,"name":"Pe\u0142na oferta","item":"https:\/\/york.biz.pl\/pelna-oferta\/"},{"@type":"ListItem","position":3,"name":"Tkanina MONTANA 185 g\/m2"}]},{"@type":"WebSite","@id":"https:\/\/york.biz.pl\/#website","url":"https:\/\/york.biz.pl\/","name":"YORK","description":"Hurtownia tkanin na odzie\u017c robocz\u0105 - tkaniny robocze","publisher":{"@id":"https:\/\/york.biz.pl\/#organization"},"potentialAction":[{"@type":"SearchAction","target":{"@type":"EntryPoint","urlTemplate":"https:\/\/york.biz.pl\/?s={search_term_string}"},"query-input":{"@type":"PropertyValueSpecification","valueRequired":true,"valueName":"search_term_string"}}],"inLanguage":"en-US"},{"@type":"Organization","@id":"https:\/\/york.biz.pl\/#organization","name":"YORK","url":"https:\/\/york.biz.pl\/","logo":{"@type":"ImageObject","inLanguage":"en-US","@id":"https:\/\/york.biz.pl\/#\/schema\/logo\/image\/","url":"","contentUrl":"","caption":"YORK"},"image":{"@id":"https:\/\/york.biz.pl\/#\/schema\/logo\/image\/"}}]}},"_links":{"self":[{"href":"https:\/\/york.biz.pl\/en\/wp-json\/wp\/v2\/product\/95043"}],"collection":[{"href":"https:\/\/york.biz.pl\/en\/wp-json\/wp\/v2\/product"}],"about":[{"href":"https:\/\/york.biz.pl\/en\/wp-json\/wp\/v2\/types\/product"}],"version-history":[{"count":5,"href":"https:\/\/york.biz.pl\/en\/wp-json\/wp\/v2\/product\/95043\/revisions"}],"predecessor-version":[{"id":96684,"href":"https:\/\/york.biz.pl\/en\/wp-json\/wp\/v2\/product\/95043\/revisions\/96684"}],"wp:featuredmedia":[{"embeddable":true,"href":"https:\/\/york.biz.pl\/en\/wp-json\/wp\/v2\/media\/95047"}],"wp:attachment":[{"href":"https:\/\/york.biz.pl\/en\/wp-json\/wp\/v2\/media?parent=95043"}],"wp:term":[{"taxonomy":"product_cat","embeddable":true,"href":"https:\/\/york.biz.pl\/en\/wp-json\/wp\/v2\/product_cat?post=95043"},{"taxonomy":"product_tag","embeddable":true,"href":"https:\/\/york.biz.pl\/en\/wp-json\/wp\/v2\/product_tag?post=95043"}],"curies":[{"name":"wp","href":"https:\/\/api.w.org\/{rel}","templated":true}]}}