{"id":95034,"date":"2024-04-22T13:09:11","date_gmt":"2024-04-22T11:09:11","guid":{"rendered":"https:\/\/york.biz.pl\/nowa\/?post_type=product&#038;p=95034"},"modified":"2025-02-12T22:18:53","modified_gmt":"2025-02-12T21:18:53","slug":"tkanina-luna-115-g-m2","status":"publish","type":"product","link":"https:\/\/york.biz.pl\/en\/product\/tkanina-luna-115-g-m2\/","title":{"rendered":"LUNA Fabric 115 g\/m2"},"content":{"rendered":"<h2>Light and Elegant Fabric for Shirts and Business Attire<\/h2>\n<p>LUNA 115 g\/m\u00b2 fabric is a delicate and versatile material, ideal for manufacturing formal and business shirts as well as everyday clothing. Due to its lightness and elegance, this fabric is also excellent for producing aprons and other light garments, combining functionality with aesthetics.<\/p>\n<h3>Applications of LUNA 115 g\/m\u00b2 Fabric:<\/h3>\n<ul>\n<li><strong>Formal and Business Shirts<\/strong> \u2013 A perfect choice for elegant and comfortable attire.<\/li>\n<li class=\" translation-block\"><strong>Everyday Clothing<\/strong>\n\u2013 Provides style and comfort for daily wear.<\/li>\n<li class=\" translation-block\"><strong>Aprons and Light Garments<\/strong>\n\u2013 Ideal for producing garments that are both practical and aesthetically pleasing.<\/li>\n<\/ul>\n<h3>Advantages of LUNA 115 g\/m\u00b2 Fabric:<\/h3>\n<ul>\n<li class=\" translation-block\"><strong>Lightness and Comfort<\/strong> \u2013 the fabric is pleasant to the touch and comfortable to wear all day.<\/li>\n<li class=\" translation-block\"><strong>Aesthetic Appearance<\/strong> \u2013 ideal for creating elegant and stylish clothing.<\/li>\n<li class=\" translation-block\"><strong>Versatility<\/strong> \u2013 suitable for both formal and everyday clothing.<\/li>\n<li class=\" translation-block\"><strong>Durability<\/strong> \u2013 despite its lightness, the fabric is characterized by good durability.<\/li>\n<\/ul>\n<h3>Compliance with standards:<\/h3>\n<p>LUNA 115 g\/m\u00b2 fabric meets all the key standards concerning clothing:<\/p>\n<ul>\n<li><strong>PN-P-84525<\/strong> - guaranteeing the appropriate quality of the material.<\/li>\n<li><strong>PN-EN ISO 13688<\/strong> - protective clothing \u2013 general requirements.<\/li>\n<\/ul>\n<p>By choosing LUNA 115 g\/m\u00b2 fabric, you are investing in a material that combines elegance, lightness, and versatility, making it ideal for producing shirts as well as light everyday and business wear.<\/p>","protected":false},"excerpt":{"rendered":"<p>Lekka i elegancka tkanina na koszule i odzie\u017c wizytow\u0105 Tkanina LUNA 115 g\/m\u00b2 to delikatny i wszechstronny materia\u0142, idealny do produkcji koszul wizytowych, s\u0142u\u017cbowych oraz odzie\u017cy codziennego u\u017cytku. Ze wzgl\u0119du na swoj\u0105 lekko\u015b\u0107 i elegancj\u0119, tkanina ta jest r\u00f3wnie\u017c doskona\u0142a do produkcji fartuch\u00f3w oraz innej lekkiej odzie\u017cy, \u0142\u0105cz\u0105c funkcjonalno\u015b\u0107 z estetyk\u0105. Zastosowania tkaniny LUNA 115&hellip;<\/p>","protected":false},"featured_media":95035,"template":"","meta":{"_acf_changed":false},"product_cat":[289,290],"product_tag":[],"class_list":{"0":"post-95034","1":"product","2":"type-product","3":"status-publish","4":"has-post-thumbnail","6":"product_cat-tkaniny-medyczne-gastronomia-reklama","7":"product_cat-poliester-bawelna","8":"description-off","10":"first","11":"instock","12":"shipping-taxable","13":"product-type-simple"},"acf":[],"yoast_head":"<!-- This site is optimized with the Yoast SEO Premium plugin v23.9 (Yoast SEO v23.9) - https:\/\/yoast.com\/wordpress\/plugins\/seo\/ -->\n<title>Tkanina LUNA 115 g\/m2 - YORK<\/title>\n<meta name=\"robots\" content=\"index, follow, max-snippet:-1, max-image-preview:large, max-video-preview:-1\" \/>\n<link rel=\"canonical\" href=\"https:\/\/york.biz.pl\/en\/product\/tkanina-luna-115-g-m2\/\" \/>\n<meta property=\"og:locale\" content=\"en_US\" \/>\n<meta property=\"og:type\" content=\"article\" \/>\n<meta property=\"og:title\" content=\"Tkanina LUNA 115 g\/m2\" \/>\n<meta property=\"og:description\" content=\"Lekka i elegancka tkanina na koszule i odzie\u017c wizytow\u0105 Tkanina LUNA 115 g\/m\u00b2 to delikatny i wszechstronny materia\u0142, idealny do produkcji koszul wizytowych, s\u0142u\u017cbowych oraz odzie\u017cy codziennego u\u017cytku. Ze wzgl\u0119du na swoj\u0105 lekko\u015b\u0107 i elegancj\u0119, tkanina ta jest r\u00f3wnie\u017c doskona\u0142a do produkcji fartuch\u00f3w oraz innej lekkiej odzie\u017cy, \u0142\u0105cz\u0105c funkcjonalno\u015b\u0107 z estetyk\u0105. Zastosowania tkaniny LUNA 115&hellip;\" \/>\n<meta property=\"og:url\" content=\"https:\/\/york.biz.pl\/en\/product\/tkanina-luna-115-g-m2\/\" \/>\n<meta property=\"og:site_name\" content=\"YORK\" \/>\n<meta property=\"article:modified_time\" content=\"2025-02-12T21:18:53+00:00\" \/>\n<meta property=\"og:image\" content=\"https:\/\/york.biz.pl\/wp-content\/uploads\/2024\/04\/luna.jpg\" \/>\n\t<meta property=\"og:image:width\" content=\"638\" \/>\n\t<meta property=\"og:image:height\" content=\"600\" \/>\n\t<meta property=\"og:image:type\" content=\"image\/jpeg\" \/>\n<meta name=\"twitter:card\" content=\"summary_large_image\" \/>\n<meta name=\"twitter:label1\" content=\"Est. reading time\" \/>\n\t<meta name=\"twitter:data1\" content=\"2 minutes\" \/>\n<script type=\"application\/ld+json\" class=\"yoast-schema-graph\">{\"@context\":\"https:\/\/schema.org\",\"@graph\":[{\"@type\":\"WebPage\",\"@id\":\"https:\/\/york.biz.pl\/produkt\/tkanina-luna-115-g-m2\/\",\"url\":\"https:\/\/york.biz.pl\/produkt\/tkanina-luna-115-g-m2\/\",\"name\":\"Tkanina LUNA 115 g\/m2 - YORK\",\"isPartOf\":{\"@id\":\"https:\/\/york.biz.pl\/#website\"},\"primaryImageOfPage\":{\"@id\":\"https:\/\/york.biz.pl\/produkt\/tkanina-luna-115-g-m2\/#primaryimage\"},\"image\":{\"@id\":\"https:\/\/york.biz.pl\/produkt\/tkanina-luna-115-g-m2\/#primaryimage\"},\"thumbnailUrl\":\"https:\/\/york.biz.pl\/wp-content\/uploads\/2024\/04\/luna.jpg\",\"datePublished\":\"2024-04-22T11:09:11+00:00\",\"dateModified\":\"2025-02-12T21:18:53+00:00\",\"breadcrumb\":{\"@id\":\"https:\/\/york.biz.pl\/produkt\/tkanina-luna-115-g-m2\/#breadcrumb\"},\"inLanguage\":\"en-US\",\"potentialAction\":[{\"@type\":\"ReadAction\",\"target\":[\"https:\/\/york.biz.pl\/produkt\/tkanina-luna-115-g-m2\/\"]}]},{\"@type\":\"ImageObject\",\"inLanguage\":\"en-US\",\"@id\":\"https:\/\/york.biz.pl\/produkt\/tkanina-luna-115-g-m2\/#primaryimage\",\"url\":\"https:\/\/york.biz.pl\/wp-content\/uploads\/2024\/04\/luna.jpg\",\"contentUrl\":\"https:\/\/york.biz.pl\/wp-content\/uploads\/2024\/04\/luna.jpg\",\"width\":638,\"height\":600},{\"@type\":\"BreadcrumbList\",\"@id\":\"https:\/\/york.biz.pl\/produkt\/tkanina-luna-115-g-m2\/#breadcrumb\",\"itemListElement\":[{\"@type\":\"ListItem\",\"position\":1,\"name\":\"Strona g\u0142\u00f3wna\",\"item\":\"https:\/\/york.biz.pl\/\"},{\"@type\":\"ListItem\",\"position\":2,\"name\":\"Pe\u0142na oferta\",\"item\":\"https:\/\/york.biz.pl\/pelna-oferta\/\"},{\"@type\":\"ListItem\",\"position\":3,\"name\":\"Tkanina LUNA 115 g\/m2\"}]},{\"@type\":\"WebSite\",\"@id\":\"https:\/\/york.biz.pl\/#website\",\"url\":\"https:\/\/york.biz.pl\/\",\"name\":\"YORK\",\"description\":\"Hurtownia tkanin na odzie\u017c robocz\u0105 - tkaniny robocze\",\"publisher\":{\"@id\":\"https:\/\/york.biz.pl\/#organization\"},\"potentialAction\":[{\"@type\":\"SearchAction\",\"target\":{\"@type\":\"EntryPoint\",\"urlTemplate\":\"https:\/\/york.biz.pl\/?s={search_term_string}\"},\"query-input\":{\"@type\":\"PropertyValueSpecification\",\"valueRequired\":true,\"valueName\":\"search_term_string\"}}],\"inLanguage\":\"en-US\"},{\"@type\":\"Organization\",\"@id\":\"https:\/\/york.biz.pl\/#organization\",\"name\":\"YORK\",\"url\":\"https:\/\/york.biz.pl\/\",\"logo\":{\"@type\":\"ImageObject\",\"inLanguage\":\"en-US\",\"@id\":\"https:\/\/york.biz.pl\/#\/schema\/logo\/image\/\",\"url\":\"\",\"contentUrl\":\"\",\"caption\":\"YORK\"},\"image\":{\"@id\":\"https:\/\/york.biz.pl\/#\/schema\/logo\/image\/\"}}]}<\/script>\n<!-- \/ Yoast SEO Premium plugin. -->","yoast_head_json":{"title":"Tkanina LUNA 115 g\/m2 - YORK","robots":{"index":"index","follow":"follow","max-snippet":"max-snippet:-1","max-image-preview":"max-image-preview:large","max-video-preview":"max-video-preview:-1"},"canonical":"https:\/\/york.biz.pl\/en\/product\/tkanina-luna-115-g-m2\/","og_locale":"en_US","og_type":"article","og_title":"Tkanina LUNA 115 g\/m2","og_description":"Lekka i elegancka tkanina na koszule i odzie\u017c wizytow\u0105 Tkanina LUNA 115 g\/m\u00b2 to delikatny i wszechstronny materia\u0142, idealny do produkcji koszul wizytowych, s\u0142u\u017cbowych oraz odzie\u017cy codziennego u\u017cytku. Ze wzgl\u0119du na swoj\u0105 lekko\u015b\u0107 i elegancj\u0119, tkanina ta jest r\u00f3wnie\u017c doskona\u0142a do produkcji fartuch\u00f3w oraz innej lekkiej odzie\u017cy, \u0142\u0105cz\u0105c funkcjonalno\u015b\u0107 z estetyk\u0105. Zastosowania tkaniny LUNA 115&hellip;","og_url":"https:\/\/york.biz.pl\/en\/product\/tkanina-luna-115-g-m2\/","og_site_name":"YORK","article_modified_time":"2025-02-12T21:18:53+00:00","og_image":[{"width":638,"height":600,"url":"https:\/\/york.biz.pl\/wp-content\/uploads\/2024\/04\/luna.jpg","type":"image\/jpeg"}],"twitter_card":"summary_large_image","twitter_misc":{"Est. reading time":"2 minutes"},"schema":{"@context":"https:\/\/schema.org","@graph":[{"@type":"WebPage","@id":"https:\/\/york.biz.pl\/produkt\/tkanina-luna-115-g-m2\/","url":"https:\/\/york.biz.pl\/produkt\/tkanina-luna-115-g-m2\/","name":"Tkanina LUNA 115 g\/m2 - YORK","isPartOf":{"@id":"https:\/\/york.biz.pl\/#website"},"primaryImageOfPage":{"@id":"https:\/\/york.biz.pl\/produkt\/tkanina-luna-115-g-m2\/#primaryimage"},"image":{"@id":"https:\/\/york.biz.pl\/produkt\/tkanina-luna-115-g-m2\/#primaryimage"},"thumbnailUrl":"https:\/\/york.biz.pl\/wp-content\/uploads\/2024\/04\/luna.jpg","datePublished":"2024-04-22T11:09:11+00:00","dateModified":"2025-02-12T21:18:53+00:00","breadcrumb":{"@id":"https:\/\/york.biz.pl\/produkt\/tkanina-luna-115-g-m2\/#breadcrumb"},"inLanguage":"en-US","potentialAction":[{"@type":"ReadAction","target":["https:\/\/york.biz.pl\/produkt\/tkanina-luna-115-g-m2\/"]}]},{"@type":"ImageObject","inLanguage":"en-US","@id":"https:\/\/york.biz.pl\/produkt\/tkanina-luna-115-g-m2\/#primaryimage","url":"https:\/\/york.biz.pl\/wp-content\/uploads\/2024\/04\/luna.jpg","contentUrl":"https:\/\/york.biz.pl\/wp-content\/uploads\/2024\/04\/luna.jpg","width":638,"height":600},{"@type":"BreadcrumbList","@id":"https:\/\/york.biz.pl\/produkt\/tkanina-luna-115-g-m2\/#breadcrumb","itemListElement":[{"@type":"ListItem","position":1,"name":"Strona g\u0142\u00f3wna","item":"https:\/\/york.biz.pl\/"},{"@type":"ListItem","position":2,"name":"Pe\u0142na oferta","item":"https:\/\/york.biz.pl\/pelna-oferta\/"},{"@type":"ListItem","position":3,"name":"Tkanina LUNA 115 g\/m2"}]},{"@type":"WebSite","@id":"https:\/\/york.biz.pl\/#website","url":"https:\/\/york.biz.pl\/","name":"YORK","description":"Hurtownia tkanin na odzie\u017c robocz\u0105 - tkaniny robocze","publisher":{"@id":"https:\/\/york.biz.pl\/#organization"},"potentialAction":[{"@type":"SearchAction","target":{"@type":"EntryPoint","urlTemplate":"https:\/\/york.biz.pl\/?s={search_term_string}"},"query-input":{"@type":"PropertyValueSpecification","valueRequired":true,"valueName":"search_term_string"}}],"inLanguage":"en-US"},{"@type":"Organization","@id":"https:\/\/york.biz.pl\/#organization","name":"YORK","url":"https:\/\/york.biz.pl\/","logo":{"@type":"ImageObject","inLanguage":"en-US","@id":"https:\/\/york.biz.pl\/#\/schema\/logo\/image\/","url":"","contentUrl":"","caption":"YORK"},"image":{"@id":"https:\/\/york.biz.pl\/#\/schema\/logo\/image\/"}}]}},"_links":{"self":[{"href":"https:\/\/york.biz.pl\/en\/wp-json\/wp\/v2\/product\/95034"}],"collection":[{"href":"https:\/\/york.biz.pl\/en\/wp-json\/wp\/v2\/product"}],"about":[{"href":"https:\/\/york.biz.pl\/en\/wp-json\/wp\/v2\/types\/product"}],"version-history":[{"count":3,"href":"https:\/\/york.biz.pl\/en\/wp-json\/wp\/v2\/product\/95034\/revisions"}],"predecessor-version":[{"id":97074,"href":"https:\/\/york.biz.pl\/en\/wp-json\/wp\/v2\/product\/95034\/revisions\/97074"}],"wp:featuredmedia":[{"embeddable":true,"href":"https:\/\/york.biz.pl\/en\/wp-json\/wp\/v2\/media\/95035"}],"wp:attachment":[{"href":"https:\/\/york.biz.pl\/en\/wp-json\/wp\/v2\/media?parent=95034"}],"wp:term":[{"taxonomy":"product_cat","embeddable":true,"href":"https:\/\/york.biz.pl\/en\/wp-json\/wp\/v2\/product_cat?post=95034"},{"taxonomy":"product_tag","embeddable":true,"href":"https:\/\/york.biz.pl\/en\/wp-json\/wp\/v2\/product_tag?post=95034"}],"curies":[{"name":"wp","href":"https:\/\/api.w.org\/{rel}","templated":true}]}}