{"id":7609,"date":"2020-11-06T14:07:01","date_gmt":"2020-11-06T14:07:01","guid":{"rendered":"https:\/\/the7.io\/elementor-main\/?page_id=7609"},"modified":"2025-10-22T10:22:02","modified_gmt":"2025-10-22T08:22:02","slug":"o-firmie","status":"publish","type":"page","link":"https:\/\/york.biz.pl\/en\/o-firmie\/","title":{"rendered":"O firmie"},"content":{"rendered":"<div data-elementor-type=\"wp-page\" data-elementor-id=\"7609\" class=\"elementor elementor-7609\" data-elementor-post-type=\"page\">\n\t\t\t\t<div class=\"elementor-element elementor-element-3f3486a e-flex e-con-boxed e-con e-parent\" data-id=\"3f3486a\" data-element_type=\"container\" data-core-v316-plus=\"true\">\n\t\t\t\t\t<div class=\"e-con-inner\">\n\t\t\t\t<div class=\"elementor-element elementor-element-1e49ad1 elementor-widget elementor-widget-heading\" data-id=\"1e49ad1\" data-element_type=\"widget\" data-widget_type=\"heading.default\">\n\t\t\t\t<div class=\"elementor-widget-container\">\n\t\t\t<h2 class=\"elementor-heading-title elementor-size-default\">About the company - our history<\/h2>\t\t<\/div>\n\t\t\t\t<\/div>\n\t\t\t\t<div class=\"elementor-element elementor-element-578b13f elementor-widget-divider--view-line elementor-widget elementor-widget-divider\" data-id=\"578b13f\" data-element_type=\"widget\" data-widget_type=\"divider.default\">\n\t\t\t\t<div class=\"elementor-widget-container\">\n\t\t\t\t\t<div class=\"elementor-divider\">\n\t\t\t<span class=\"elementor-divider-separator\">\n\t\t\t\t\t\t<\/span>\n\t\t<\/div>\n\t\t\t\t<\/div>\n\t\t\t\t<\/div>\n\t\t\t\t<div class=\"elementor-element elementor-element-1e22f92 elementor-widget elementor-widget-heading\" data-id=\"1e22f92\" data-element_type=\"widget\" data-widget_type=\"heading.default\">\n\t\t\t\t<div class=\"elementor-widget-container\">\n\t\t\t<h2 class=\"elementor-heading-title elementor-size-default\">1998 \u203a Founding of the Company<\/h2>\t\t<\/div>\n\t\t\t\t<\/div>\n\t\t\t\t\t<\/div>\n\t\t\t\t<\/div>\n\t\t<div class=\"elementor-element elementor-element-c868bb4 e-flex e-con-boxed e-con e-parent\" data-id=\"c868bb4\" data-element_type=\"container\" data-core-v316-plus=\"true\">\n\t\t\t\t\t<div class=\"e-con-inner\">\n\t\t\t\t<div class=\"elementor-element elementor-element-050e4a9 elementor-widget elementor-widget-timeline-widget-addon\" data-id=\"050e4a9\" data-element_type=\"widget\" data-widget_type=\"timeline-widget-addon.default\">\n\t\t\t\t<div class=\"elementor-widget-container\">\n\t\t\t<!-- ========= Timeline Widget Addon For Elementor 1.5.8 ========= -->\r\n<div id=\"twae-wrapper-050e4a9\" class=\"twae-vertical twae-wrapper  twae-both-sided\">   \r\n    <div class=\"twae-start\"><\/div>    \r\n    <div id=\"twea-timeline-050e4a9\" class=\"twae-timeline\" ><!-- Start of Story Repeater Content --><div id=\"story-f039707\" class=\"twae-story twae-repeater-item twae-story-right twae-story-no-icon\"><!-- Story Label --><div class=\"twae-labels\"><div class=\"twae-label-big\">2003<\/div><\/div><!-- Story Icon Dot --><div class=\"twae-icondot\"><\/div><!-- Story Arrow --><div class=\"twae-arrow\"><\/div><!-- Start of Story Content --><div class=\"twae-content\"><!-- Story Title --><div class=\"twae-title\">Fabric Distribution<\/div><!-- Story Description --><div class=\"twae-description\">From the very beginning, we have focused on quality and professional service. Thanks to our many years of experience, we strive to respond immediately to emerging market needs, thereby tailoring our offerings to our customers\u2019 requirements. Our clients are clothing manufacturers from Poland and Europe. We provide you with friendly and professional service, as well as expert assistance in fabric selection. <\/div><\/div><\/div><!-- Start of Story Repeater Content --><div id=\"story-4191956\" class=\"twae-story twae-repeater-item twae-story-left twae-story-no-icon\"><!-- Story Label --><div class=\"twae-labels\"><div class=\"twae-label-big\">2004<\/div><\/div><!-- Story Icon Dot --><div class=\"twae-icondot\"><\/div><!-- Story Arrow --><div class=\"twae-arrow\"><\/div><!-- Start of Story Content --><div class=\"twae-content\"><!-- Story Title --><div class=\"twae-title\">Continuous Expansion of the Product Range<\/div><!-- Story Description --><div class=\"twae-description\">The offer has been expanded to include the water and oil-resistant fabric NEVADA, as well as fabrics for medical apparel \u2013 MONTANA <\/div><\/div><\/div><!-- Start of Story Repeater Content --><div id=\"story-eb7e88b\" class=\"twae-story twae-repeater-item twae-story-right twae-story-no-icon\"><!-- Story Label --><div class=\"twae-labels\"><div class=\"twae-label-big\">2005<\/div><\/div><!-- Story Icon Dot --><div class=\"twae-icondot\"><\/div><!-- Story Arrow --><div class=\"twae-arrow\"><\/div><!-- Start of Story Content --><div class=\"twae-content\"><!-- Story Title --><div class=\"twae-title\">Steady Growth<\/div><!-- Story Description --><div class=\"twae-description\">Our team now consists of 5 people. A catalog featuring 4 types of fabrics in 50 colors is being developed. <\/div><\/div><\/div><!-- Start of Story Repeater Content --><div id=\"story-df7a8fd\" class=\"twae-story twae-repeater-item twae-story-left twae-story-no-icon\"><!-- Story Label --><div class=\"twae-labels\"><div class=\"twae-label-big\">2006<\/div><\/div><!-- Story Icon Dot --><div class=\"twae-icondot\"><\/div><!-- Story Arrow --><div class=\"twae-arrow\"><\/div><!-- Start of Story Content --><div class=\"twae-content\"><!-- Story Title --><div class=\"twae-title\">New Arrivals<\/div><!-- Story Description --><div class=\"twae-description\"><p>BOSTON and CLASSIC are new fabrics on sale starting this year.<\/p><\/div><\/div><\/div><!-- Start of Story Repeater Content --><div id=\"story-2bf720c\" class=\"twae-story twae-repeater-item twae-story-right twae-story-no-icon\"><!-- Story Label --><div class=\"twae-labels\"><div class=\"twae-label-big\">2008<\/div><\/div><!-- Story Icon Dot --><div class=\"twae-icondot\"><\/div><!-- Story Arrow --><div class=\"twae-arrow\"><\/div><!-- Start of Story Content --><div class=\"twae-content\"><!-- Story Title --><div class=\"twae-title\">10th Anniversary of the Company<\/div><!-- Story Description --><div class=\"twae-description\">On the company's 10th anniversary, ARGON \u2013 the first technical, flame-retardant fabric with certification \u2013 is introduced, along with the launch of a shirt flannel fabric. <\/div><\/div><\/div><!-- Start of Story Repeater Content --><div id=\"story-8a87ccc\" class=\"twae-story twae-repeater-item twae-story-left twae-story-no-icon\"><!-- Story Label --><div class=\"twae-labels\"><div class=\"twae-label-big\">2009<\/div><\/div><!-- Story Icon Dot --><div class=\"twae-icondot\"><\/div><!-- Story Arrow --><div class=\"twae-arrow\"><\/div><!-- Start of Story Content --><div class=\"twae-content\"><!-- Story Title --><div class=\"twae-title\">Continuous Expansion of the Product Range<\/div><!-- Story Description --><div class=\"twae-description\">New, larger catalog in the form of a binder; sales of the next new products\u2014HAWANY and ASPEN\u2014are launching. Our offer consists of 10 types of fabrics and over 150 colors. <\/div><\/div><\/div><!-- Start of Story Repeater Content --><div id=\"story-852bfe7\" class=\"twae-story twae-repeater-item twae-story-right twae-story-no-icon\"><!-- Story Label --><div class=\"twae-labels\"><div class=\"twae-label-big\">2010<\/div><\/div><!-- Story Icon Dot --><div class=\"twae-icondot\"><\/div><!-- Story Arrow --><div class=\"twae-arrow\"><\/div><!-- Start of Story Content --><div class=\"twae-content\"><!-- Story Title --><div class=\"twae-title\">New Arrivals<\/div><!-- Story Description --><div class=\"twae-description\">The range of technical fabrics is expanding with a fabric for medical rescue\u2014Ratownik 250\u2014and an antistatic, flame-retardant fabric\u2014GROM. <\/div><\/div><\/div><!-- Start of Story Repeater Content --><div id=\"story-e1134b8\" class=\"twae-story twae-repeater-item twae-story-left twae-story-no-icon\"><!-- Story Label --><div class=\"twae-labels\"><div class=\"twae-label-big\">2013<\/div><\/div><!-- Story Icon Dot --><div class=\"twae-icondot\"><\/div><!-- Story Arrow --><div class=\"twae-arrow\"><\/div><!-- Start of Story Content --><div class=\"twae-content\"><!-- Story Title --><div class=\"twae-title\">15 Years in the Market<\/div><!-- Story Description --><div class=\"twae-description\">We have been in business for 15 years!! Since autumn, we have been introducing an entirely new product\u2014TOWELS. Our catalog is expanding, now featuring over 40 types of fabrics in nearly 450 colors.<\/div><\/div><\/div><!-- Start of Story Repeater Content --><div id=\"story-fede756\" class=\"twae-story twae-repeater-item twae-story-right twae-story-no-icon\"><!-- Story Label --><div class=\"twae-labels\"><div class=\"twae-label-big\">2014<\/div><\/div><!-- Story Icon Dot --><div class=\"twae-icondot\"><\/div><!-- Story Arrow --><div class=\"twae-arrow\"><\/div><!-- Start of Story Content --><div class=\"twae-content\"><!-- Story Title --><div class=\"twae-title\">New Arrivals<\/div><!-- Story Description --><div class=\"twae-description\">Relocation to a new, modern headquarters. We have gained even more warehouse space. The new additions to our offer are BIVER, Alfa, and P\/C 240. Our product range now covers over 90%, and we are continually growing in our assortment. <\/div><\/div><\/div><!-- Start of Story Repeater Content --><div id=\"story-5a5be64\" class=\"twae-story twae-repeater-item twae-story-left twae-story-no-icon\"><!-- Story Label --><div class=\"twae-labels\"><div class=\"twae-label-big\">2016<\/div><\/div><!-- Story Icon Dot --><div class=\"twae-icondot\"><\/div><!-- Story Arrow --><div class=\"twae-arrow\"><\/div><!-- Start of Story Content --><div class=\"twae-content\"><!-- Story Title --><div class=\"twae-title\">MTP SAWO<\/div><!-- Story Description --><div class=\"twae-description\">We are participating in MTP SAWO for the first time!!! The interest has exceeded our expectations. Our team is steadily growing, as is our product offer. We have introduced \u201cHotel Towels\u201d and a new family of cotton fabrics \u2013 flame-retardant MAGNUM 275 and MAGNUM 320. <\/div><\/div><\/div><!-- Start of Story Repeater Content --><div id=\"story-fff3704\" class=\"twae-story twae-repeater-item twae-story-right twae-story-no-icon\"><!-- Story Label --><div class=\"twae-labels\"><div class=\"twae-label-big\">2017<\/div><\/div><!-- Story Icon Dot --><div class=\"twae-icondot\"><\/div><!-- Story Arrow --><div class=\"twae-arrow\"><\/div><!-- Start of Story Content --><div class=\"twae-content\"><!-- Story Title --><div class=\"twae-title\">It has been a very busy year.<\/div><!-- Story Description --><div class=\"twae-description\">Since January, work has been underway to implement a computerized warehouse management system. In August, every beam and package received its individual barcode. A complete success. We have finished constructing a new warehouse and now have over 3,000 m\u00b2 of high-storage space. Our product range now includes Woven Flannel and Microfiber. <\/div><\/div><\/div><!-- Start of Story Repeater Content --><div id=\"story-201e7b9\" class=\"twae-story twae-repeater-item twae-story-left twae-story-no-icon\"><!-- Story Label --><div class=\"twae-labels\"><div class=\"twae-label-big\">2018<\/div><\/div><!-- Story Icon Dot --><div class=\"twae-icondot\"><\/div><!-- Story Arrow --><div class=\"twae-arrow\"><\/div><!-- Start of Story Content --><div class=\"twae-content\"><!-- Story Title --><div class=\"twae-title\">20th Anniversary of York Company<\/div><!-- Story Description --><div class=\"twae-description\">We are celebrating the 20th anniversary of York\u2019s operations.\n<br><br>\nAnd the word became flesh. Our range now includes multi-protective fabrics: SAURON and TAURON in weights of 250, 280, and 350 g\/m\u00b2. The hotel towel range has been expanded with the BELLO towel featuring an embossed HOTEL inscription. The LUXUS fabric has \u201creceived\u201d a higher weight \u2013 270 g\/m\u00b2. The ALFA 210 fabric has joined the ranks of polyester-cotton fabrics. <\/div><\/div><\/div><!-- Start of Story Repeater Content --><div id=\"story-24acf65\" class=\"twae-story twae-repeater-item twae-story-right twae-story-no-icon\"><!-- Story Label --><div class=\"twae-labels\"><div class=\"twae-label-big\">2019<\/div><\/div><!-- Story Icon Dot --><div class=\"twae-icondot\"><\/div><!-- Story Arrow --><div class=\"twae-arrow\"><\/div><!-- Start of Story Content --><div class=\"twae-content\"><!-- Story Title --><div class=\"twae-title\">New Arrivals<\/div><!-- Story Description --><div class=\"twae-description\">We are starting 2019 with the launch of anti-static flannel for sale.<\/div><\/div><\/div><!-- Start of Story Repeater Content --><div id=\"story-67777b8\" class=\"twae-story twae-repeater-item twae-story-left twae-story-no-icon\"><!-- Story Label --><div class=\"twae-labels\"><div class=\"twae-label-big\">2020<\/div><\/div><!-- Story Icon Dot --><div class=\"twae-icondot\"><\/div><!-- Story Arrow --><div class=\"twae-arrow\"><\/div><!-- Start of Story Content --><div class=\"twae-content\"><!-- Story Title --><div class=\"twae-title\">Expansion of the Product Range<\/div><!-- Story Description --><div class=\"twae-description\">Among the first, we are introducing a hybrid fabric.\n<br><br>\nKeeping pace with market needs and despite the pandemic, we have launched fabrics for sublimation. These include SUBLIMA 120, 170, 205, and a double-sided \u201chybrid\u201d fabric that features 100% looped cotton on one side and 100% polyester on the other, designed for sublimation. <\/div><\/div><\/div><!-- Start of Story Repeater Content --><div id=\"story-c1823df\" class=\"twae-story twae-repeater-item twae-story-right twae-story-no-icon\"><!-- Story Label --><div class=\"twae-labels\"><div class=\"twae-label-big\">2022<\/div><\/div><!-- Story Icon Dot --><div class=\"twae-icondot\"><\/div><!-- Story Arrow --><div class=\"twae-arrow\"><\/div><!-- Start of Story Content --><div class=\"twae-content\"><!-- Story Title --><div class=\"twae-title\">New Arrivals<\/div><!-- Story Description --><div class=\"twae-description\">Spandex fabrics are long-awaited new additions to our product range. MOKKA, COSTA, and EVEREST FLEX have joined our sales lineup. More to come...<\/div><\/div><\/div><!-- Start of Story Repeater Content --><div id=\"story-e59173b\" class=\"twae-story twae-repeater-item twae-story-left twae-story-no-icon\"><!-- Story Label --><div class=\"twae-labels\"><div class=\"twae-label-big\">2023<\/div><\/div><!-- Story Icon Dot --><div class=\"twae-icondot\"><\/div><!-- Story Arrow --><div class=\"twae-arrow\"><\/div><!-- Start of Story Content --><div class=\"twae-content\"><!-- Story Title --><div class=\"twae-title\">Expansion of the Product Range<\/div><!-- Story Description --><div class=\"twae-description\">York Company's 25th Anniversary. A special year for us. We have been providing you with support and advice for 25 YEARS!!! Thank you for being with us. <\/div><\/div><\/div><!-- Start of Story Repeater Content --><div id=\"story-e40dac3\" class=\"twae-story twae-repeater-item twae-story-right twae-story-no-icon\"><!-- Story Label --><div class=\"twae-labels\"><div class=\"twae-label-big\">2023<\/div><\/div><!-- Story Icon --><div class=\"twae-icon\"><i aria-hidden=\"true\" class=\"far fa-clock\"><\/i><\/div><!-- Story Arrow --><div class=\"twae-arrow\"><\/div><!-- Start of Story Content --><div class=\"twae-content\"><!-- Story Title --><div class=\"twae-title\">R\u0119czniki i stopki hotelowe<\/div><!-- Story Description --><div class=\"twae-description\"><p>Wychodz\u0105c na przeciw potrzebom rynku wprowadzili\u015bmy do sprzeda\u017cy r\u0119cznik i stopki hotelowe o gramaturze 400 gram, oraz satynowe tkaniny po\u015bcielowe<\/p><\/div><\/div><\/div><!-- Start of Story Repeater Content --><div id=\"story-4c1b207\" class=\"twae-story twae-repeater-item twae-story-left twae-story-no-icon\"><!-- Story Label --><div class=\"twae-labels\"><div class=\"twae-label-big\">2024<\/div><\/div><!-- Story Icon --><div class=\"twae-icon\"><i aria-hidden=\"true\" class=\"far fa-clock\"><\/i><\/div><!-- Story Arrow --><div class=\"twae-arrow\"><\/div><!-- Start of Story Content --><div class=\"twae-content\"><!-- Story Title --><div class=\"twae-title\">Targi SAWO i nowo\u015bci w r\u0119cznikach<\/div><!-- Story Description --><div class=\"twae-description\">Ten rok to nasze uczestnictwo w targach SAWO w Poznaniu i ....\n\nNowo\u015bci w r\u0119cznikach. R\u0119cznik\u00a0 600 gram -POPCORN i r\u0119cznik z recyklingu GEKON<\/div><\/div><\/div><!-- Start of Story Repeater Content --><div id=\"story-6a441da\" class=\"twae-story twae-repeater-item twae-story-right twae-story-no-icon\"><!-- Story Label --><div class=\"twae-labels\"><div class=\"twae-label-big\">2025<\/div><\/div><!-- Story Icon --><div class=\"twae-icon\"><i aria-hidden=\"true\" class=\"far fa-clock\"><\/i><\/div><!-- Story Arrow --><div class=\"twae-arrow\"><\/div><!-- Start of Story Content --><div class=\"twae-content\"><!-- Story Title --><div class=\"twae-title\">New Arrivals<\/div><!-- Story Description --><div class=\"twae-description\">Tkanina z RipStopem - Dakar , oraz tkanina INES i Everest Basic to nowo\u015bci na pocz\u0105tek roku.\n\nI nie jest to nasze ostatnie s\u0142owo.\u00a0\n\nW ofercie r\u0119cznik\u00f3w pojawia si\u0119 inna propozycja r\u0119cznika LARISA.\n\nA to dopiero pocz\u0105tek....<\/div><\/div><\/div><\/div>\r\n    <div class=\"twae-end\"><\/div>\r\n    <\/div>\t\t<\/div>\n\t\t\t\t<\/div>\n\t\t\t\t<div class=\"elementor-element elementor-element-3580ed1 elementor-widget elementor-widget-heading\" data-id=\"3580ed1\" data-element_type=\"widget\" data-widget_type=\"heading.default\">\n\t\t\t\t<div class=\"elementor-widget-container\">\n\t\t\t<h2 class=\"elementor-heading-title elementor-size-default\">PRESENT<\/h2>\t\t<\/div>\n\t\t\t\t<\/div>\n\t\t\t\t\t<\/div>\n\t\t\t\t<\/div>\n\t\t\t\t<\/div>","protected":false},"excerpt":{"rendered":"<p>O firmie &#8211; nasza historia 1998 \u203a POWSTANIE FIRMY 2003Dystrybucja tkaninOd pocz\u0105tku dzia\u0142alno\u015bci stawiamy na jako\u015b\u0107 i&nbsp;profesjonaln\u0105 obs\u0142ug\u0119. Dzi\u0119ki wieloletniemu do\u015bwiadczeniu staramy si\u0119 natychmiast reagowa\u0107 na pojawiaj\u0105ce si\u0119 potrzeby rynku i&nbsp;tym samym dostosowywa\u0107 ofert\u0119 do potrzeb naszych klient\u00f3w. Naszymi klientami s\u0105 producenci odzie\u017cy z&nbsp;Polski i&nbsp;Europy. S\u0142u\u017cymy Pa\u0144stwu mi\u0142\u0105 i&nbsp;profesjonaln\u0105 obs\u0142ug\u0105, oraz fachow\u0105 pomoc\u0105 przy doborze&hellip;<\/p>","protected":false},"author":1,"featured_media":0,"parent":0,"menu_order":21,"comment_status":"closed","ping_status":"closed","template":"elementor_header_footer","meta":{"_acf_changed":false,"footnotes":""},"class_list":["post-7609","page","type-page","status-publish","hentry"],"acf":[],"yoast_head":"<!-- This site is optimized with the Yoast SEO Premium plugin v23.9 (Yoast SEO v23.9) - https:\/\/yoast.com\/wordpress\/plugins\/seo\/ -->\n<title>O firmie - YORK<\/title>\n<meta name=\"robots\" content=\"index, follow, max-snippet:-1, max-image-preview:large, max-video-preview:-1\" \/>\n<link rel=\"canonical\" href=\"https:\/\/york.biz.pl\/en\/o-firmie\/\" \/>\n<meta property=\"og:locale\" content=\"en_US\" \/>\n<meta property=\"og:type\" content=\"article\" \/>\n<meta property=\"og:title\" content=\"O firmie\" \/>\n<meta property=\"og:description\" content=\"O firmie &#8211; nasza historia 1998 \u203a POWSTANIE FIRMY 2003Dystrybucja tkaninOd pocz\u0105tku dzia\u0142alno\u015bci stawiamy na jako\u015b\u0107 i&nbsp;profesjonaln\u0105 obs\u0142ug\u0119. Dzi\u0119ki wieloletniemu do\u015bwiadczeniu staramy si\u0119 natychmiast reagowa\u0107 na pojawiaj\u0105ce si\u0119 potrzeby rynku i&nbsp;tym samym dostosowywa\u0107 ofert\u0119 do potrzeb naszych klient\u00f3w. Naszymi klientami s\u0105 producenci odzie\u017cy z&nbsp;Polski i&nbsp;Europy. S\u0142u\u017cymy Pa\u0144stwu mi\u0142\u0105 i&nbsp;profesjonaln\u0105 obs\u0142ug\u0105, oraz fachow\u0105 pomoc\u0105 przy doborze&hellip;\" \/>\n<meta property=\"og:url\" content=\"https:\/\/york.biz.pl\/en\/o-firmie\/\" \/>\n<meta property=\"og:site_name\" content=\"YORK\" \/>\n<meta property=\"article:modified_time\" content=\"2025-10-22T08:22:02+00:00\" \/>\n<meta name=\"twitter:card\" content=\"summary_large_image\" \/>\n<meta name=\"twitter:label1\" content=\"Est. reading time\" \/>\n\t<meta name=\"twitter:data1\" content=\"4 minutes\" \/>\n<script type=\"application\/ld+json\" class=\"yoast-schema-graph\">{\"@context\":\"https:\/\/schema.org\",\"@graph\":[{\"@type\":\"WebPage\",\"@id\":\"https:\/\/york.biz.pl\/o-firmie\/\",\"url\":\"https:\/\/york.biz.pl\/o-firmie\/\",\"name\":\"O firmie - YORK\",\"isPartOf\":{\"@id\":\"https:\/\/york.biz.pl\/#website\"},\"datePublished\":\"2020-11-06T14:07:01+00:00\",\"dateModified\":\"2025-10-22T08:22:02+00:00\",\"breadcrumb\":{\"@id\":\"https:\/\/york.biz.pl\/o-firmie\/#breadcrumb\"},\"inLanguage\":\"en-US\",\"potentialAction\":[{\"@type\":\"ReadAction\",\"target\":[\"https:\/\/york.biz.pl\/o-firmie\/\"]}]},{\"@type\":\"BreadcrumbList\",\"@id\":\"https:\/\/york.biz.pl\/o-firmie\/#breadcrumb\",\"itemListElement\":[{\"@type\":\"ListItem\",\"position\":1,\"name\":\"Strona g\u0142\u00f3wna\",\"item\":\"https:\/\/york.biz.pl\/\"},{\"@type\":\"ListItem\",\"position\":2,\"name\":\"O firmie\"}]},{\"@type\":\"WebSite\",\"@id\":\"https:\/\/york.biz.pl\/#website\",\"url\":\"https:\/\/york.biz.pl\/\",\"name\":\"YORK\",\"description\":\"Hurtownia tkanin na odzie\u017c robocz\u0105 - tkaniny robocze\",\"publisher\":{\"@id\":\"https:\/\/york.biz.pl\/#organization\"},\"potentialAction\":[{\"@type\":\"SearchAction\",\"target\":{\"@type\":\"EntryPoint\",\"urlTemplate\":\"https:\/\/york.biz.pl\/?s={search_term_string}\"},\"query-input\":{\"@type\":\"PropertyValueSpecification\",\"valueRequired\":true,\"valueName\":\"search_term_string\"}}],\"inLanguage\":\"en-US\"},{\"@type\":\"Organization\",\"@id\":\"https:\/\/york.biz.pl\/#organization\",\"name\":\"YORK\",\"url\":\"https:\/\/york.biz.pl\/\",\"logo\":{\"@type\":\"ImageObject\",\"inLanguage\":\"en-US\",\"@id\":\"https:\/\/york.biz.pl\/#\/schema\/logo\/image\/\",\"url\":\"\",\"contentUrl\":\"\",\"caption\":\"YORK\"},\"image\":{\"@id\":\"https:\/\/york.biz.pl\/#\/schema\/logo\/image\/\"}}]}<\/script>\n<!-- \/ Yoast SEO Premium plugin. -->","yoast_head_json":{"title":"O firmie - YORK","robots":{"index":"index","follow":"follow","max-snippet":"max-snippet:-1","max-image-preview":"max-image-preview:large","max-video-preview":"max-video-preview:-1"},"canonical":"https:\/\/york.biz.pl\/en\/o-firmie\/","og_locale":"en_US","og_type":"article","og_title":"O firmie","og_description":"O firmie &#8211; nasza historia 1998 \u203a POWSTANIE FIRMY 2003Dystrybucja tkaninOd pocz\u0105tku dzia\u0142alno\u015bci stawiamy na jako\u015b\u0107 i&nbsp;profesjonaln\u0105 obs\u0142ug\u0119. Dzi\u0119ki wieloletniemu do\u015bwiadczeniu staramy si\u0119 natychmiast reagowa\u0107 na pojawiaj\u0105ce si\u0119 potrzeby rynku i&nbsp;tym samym dostosowywa\u0107 ofert\u0119 do potrzeb naszych klient\u00f3w. Naszymi klientami s\u0105 producenci odzie\u017cy z&nbsp;Polski i&nbsp;Europy. S\u0142u\u017cymy Pa\u0144stwu mi\u0142\u0105 i&nbsp;profesjonaln\u0105 obs\u0142ug\u0105, oraz fachow\u0105 pomoc\u0105 przy doborze&hellip;","og_url":"https:\/\/york.biz.pl\/en\/o-firmie\/","og_site_name":"YORK","article_modified_time":"2025-10-22T08:22:02+00:00","twitter_card":"summary_large_image","twitter_misc":{"Est. reading time":"4 minutes"},"schema":{"@context":"https:\/\/schema.org","@graph":[{"@type":"WebPage","@id":"https:\/\/york.biz.pl\/o-firmie\/","url":"https:\/\/york.biz.pl\/o-firmie\/","name":"O firmie - YORK","isPartOf":{"@id":"https:\/\/york.biz.pl\/#website"},"datePublished":"2020-11-06T14:07:01+00:00","dateModified":"2025-10-22T08:22:02+00:00","breadcrumb":{"@id":"https:\/\/york.biz.pl\/o-firmie\/#breadcrumb"},"inLanguage":"en-US","potentialAction":[{"@type":"ReadAction","target":["https:\/\/york.biz.pl\/o-firmie\/"]}]},{"@type":"BreadcrumbList","@id":"https:\/\/york.biz.pl\/o-firmie\/#breadcrumb","itemListElement":[{"@type":"ListItem","position":1,"name":"Strona g\u0142\u00f3wna","item":"https:\/\/york.biz.pl\/"},{"@type":"ListItem","position":2,"name":"O firmie"}]},{"@type":"WebSite","@id":"https:\/\/york.biz.pl\/#website","url":"https:\/\/york.biz.pl\/","name":"YORK","description":"Hurtownia tkanin na odzie\u017c robocz\u0105 - tkaniny robocze","publisher":{"@id":"https:\/\/york.biz.pl\/#organization"},"potentialAction":[{"@type":"SearchAction","target":{"@type":"EntryPoint","urlTemplate":"https:\/\/york.biz.pl\/?s={search_term_string}"},"query-input":{"@type":"PropertyValueSpecification","valueRequired":true,"valueName":"search_term_string"}}],"inLanguage":"en-US"},{"@type":"Organization","@id":"https:\/\/york.biz.pl\/#organization","name":"YORK","url":"https:\/\/york.biz.pl\/","logo":{"@type":"ImageObject","inLanguage":"en-US","@id":"https:\/\/york.biz.pl\/#\/schema\/logo\/image\/","url":"","contentUrl":"","caption":"YORK"},"image":{"@id":"https:\/\/york.biz.pl\/#\/schema\/logo\/image\/"}}]}},"_links":{"self":[{"href":"https:\/\/york.biz.pl\/en\/wp-json\/wp\/v2\/pages\/7609"}],"collection":[{"href":"https:\/\/york.biz.pl\/en\/wp-json\/wp\/v2\/pages"}],"about":[{"href":"https:\/\/york.biz.pl\/en\/wp-json\/wp\/v2\/types\/page"}],"author":[{"embeddable":true,"href":"https:\/\/york.biz.pl\/en\/wp-json\/wp\/v2\/users\/1"}],"replies":[{"embeddable":true,"href":"https:\/\/york.biz.pl\/en\/wp-json\/wp\/v2\/comments?post=7609"}],"version-history":[{"count":61,"href":"https:\/\/york.biz.pl\/en\/wp-json\/wp\/v2\/pages\/7609\/revisions"}],"predecessor-version":[{"id":97191,"href":"https:\/\/york.biz.pl\/en\/wp-json\/wp\/v2\/pages\/7609\/revisions\/97191"}],"wp:attachment":[{"href":"https:\/\/york.biz.pl\/en\/wp-json\/wp\/v2\/media?parent=7609"}],"curies":[{"name":"wp","href":"https:\/\/api.w.org\/{rel}","templated":true}]}}